{"id":38756,"date":"2025-08-21T12:31:12","date_gmt":"2025-08-21T09:31:12","guid":{"rendered":"https:\/\/keluvo.com\/no\/produkt\/plantedekke\/"},"modified":"2025-09-12T16:35:29","modified_gmt":"2025-09-12T13:35:29","slug":"plantedekke","status":"publish","type":"product","link":"https:\/\/keluvo.com\/no\/produkt\/plantedekke\/","title":{"rendered":"Plantedekke"},"content":{"rendered":"<p style=\"text-align: center\" data-start=\"0\" data-end=\"85\"><strong data-start=\"0\" data-end=\"83\">Hagefolie Med Plantehull &#8211; Beskytt Plantene Dine Og \u00d8k Veksten \ud83c\udf31<\/strong><\/p>\n<p style=\"text-align: center\" data-start=\"87\" data-end=\"379\">Gj\u00f8r hagearbeidet enklere og mer produktivt med dette slitesterke plantedekket. Det er designet med forh\u00e5ndskuttede plantehull, noe som sparer deg for tid samtidig som det hjelper deg med \u00e5 kontrollere ugress, holde p\u00e5 jordfuktigheten og regulere jordtemperaturen for sunnere, raskere voksende planter. Perfekt for gr\u00f8nnsaker, blomster og urter.<\/p>\n<p data-start=\"87\" data-end=\"379\"><img decoding=\"async\" class=\"size-full wp-image-32023 aligncenter\" src=\"https:\/\/keluvo.com\/template\/wp-content\/uploads\/sites\/5\/2025\/08\/5Ul8x0eSg80Tt3ePHTZg.jpg\" alt=\"\" \/><\/p>\n<h2 style=\"text-align: center\" data-start=\"386\" data-end=\"408\">\ud83c\udf1f Hovedfordeler<\/h2>\n<p data-start=\"411\" data-end=\"460\">\ud83c\udf3f Blokkerer ugress uten bruk av skadelige kjemikalier<\/p>\n<p data-start=\"463\" data-end=\"521\">\ud83d\udca7 Hjelper jorden med \u00e5 holde p\u00e5 fuktigheten og reduserer vanningsbehovet<\/p>\n<p data-start=\"524\" data-end=\"574\">\ud83c\udf21 Regulerer jordtemperaturen for optimal vekst<\/p>\n<p data-start=\"577\" data-end=\"632\">\ud83d\udd73 Forh\u00e5ndsutsk\u00e5rne plantehull for rask og enkel planting<\/p>\n<p data-start=\"635\" data-end=\"692\">\ud83d\udee1 Sterkt, rivefast materiale for langvarig bruk<\/p>\n<p data-start=\"635\" data-end=\"692\"><img decoding=\"async\" class=\"size-full wp-image-32027 aligncenter\" src=\"https:\/\/keluvo.com\/template\/wp-content\/uploads\/sites\/5\/2025\/08\/Sdab5d11f878540b9bb285f49144fa15d9.jpg_960x960q75.jpg_.jpg\" alt=\"\" \/><\/p>\n<h2 style=\"text-align: center\" data-start=\"699\" data-end=\"720\">\ud83d\udccc Slik Bruker Du Det<\/h2>\n<ol data-start=\"721\" data-end=\"946\">\n<li data-start=\"721\" data-end=\"774\">\n<p data-start=\"724\" data-end=\"774\">Legg plantedekselet over planteomr\u00e5det ditt.<\/p>\n<\/li>\n<li data-start=\"775\" data-end=\"830\">\n<p data-start=\"778\" data-end=\"830\">Juster de forh\u00e5ndssk\u00e5rne hullene med plantene eller fr\u00f8ene dine.<\/p>\n<\/li>\n<li data-start=\"831\" data-end=\"880\">\n<p data-start=\"834\" data-end=\"880\">fest kantene med jord, p\u00e5ler eller pinner.<\/p>\n<\/li>\n<li data-start=\"881\" data-end=\"946\">\n<p data-start=\"884\" data-end=\"946\">vanne plantene som vanlig og nyt en renere og sunnere hage.<\/p>\n<\/li>\n<\/ol>\n<h2 style=\"text-align: center\" data-start=\"953\" data-end=\"977\">\ud83d\udccf Produktdetaljer<\/h2>\n<ul data-start=\"978\" data-end=\"1115\">\n<li data-start=\"978\" data-end=\"1015\">\n<p data-start=\"980\" data-end=\"1015\">Materiale: PE-plast av h\u00f8y kvalitet<\/p>\n<\/li>\n<li data-start=\"1016\" data-end=\"1032\">\n<p data-start=\"1018\" data-end=\"1032\">Farge: svart<\/p>\n<\/li>\n<li data-start=\"1033\" data-end=\"1080\">\n<p data-start=\"1035\" data-end=\"1080\">St\u00f8rrelsesalternativer: 0,95 m x 10 m og 1,35 m x 10 m<\/p>\n<\/li>\n<li data-start=\"1081\" data-end=\"1115\">\n<p data-start=\"1083\" data-end=\"1115\">Hullavstand: ca. 15-20 cm<\/p>\n<\/li>\n<\/ul>\n<h2 style=\"text-align: center\" data-start=\"1122\" data-end=\"1147\">\ud83d\udce6 Pakken Inneholder<\/h2>\n<ul data-start=\"1148\" data-end=\"1187\">\n<li data-start=\"1148\" data-end=\"1187\">\n<p data-start=\"1150\" data-end=\"1187\">1x plantedeksel.<\/p>\n<\/li>\n<\/ul>\n","protected":false},"excerpt":{"rendered":"<p>Hagefolie Med Plantehull &#8211; Beskytt Plantene Dine Og \u00d8k Veksten \ud83c\udf31 Gj\u00f8r hagearbeidet enklere og mer produktivt med dette slitesterke [&hellip;]<\/p>\n","protected":false},"featured_media":38752,"comment_status":"open","ping_status":"closed","template":"","meta":{"site-sidebar-layout":"default","site-content-layout":"","ast-site-content-layout":"default","site-content-style":"default","site-sidebar-style":"default","ast-global-header-display":"","ast-banner-title-visibility":"","ast-main-header-display":"","ast-hfb-above-header-display":"","ast-hfb-below-header-display":"","ast-hfb-mobile-header-display":"","site-post-title":"","ast-breadcrumbs-content":"","ast-featured-img":"","footer-sml-layout":"","theme-transparent-header-meta":"default","adv-header-id-meta":"","stick-header-meta":"","header-above-stick-meta":"","header-main-stick-meta":"","header-below-stick-meta":"","astra-migrate-meta-layouts":"set","ast-page-background-enabled":"default","ast-page-background-meta":{"desktop":{"background-color":"var(--ast-global-color-4)","background-image":"","background-repeat":"repeat","background-position":"center center","background-size":"auto","background-attachment":"scroll","background-type":"","background-media":"","overlay-type":"","overlay-color":"","overlay-opacity":"","overlay-gradient":""},"tablet":{"background-color":"","background-image":"","background-repeat":"repeat","background-position":"center center","background-size":"auto","background-attachment":"scroll","background-type":"","background-media":"","overlay-type":"","overlay-color":"","overlay-opacity":"","overlay-gradient":""},"mobile":{"background-color":"","background-image":"","background-repeat":"repeat","background-position":"center center","background-size":"auto","background-attachment":"scroll","background-type":"","background-media":"","overlay-type":"","overlay-color":"","overlay-opacity":"","overlay-gradient":""}},"ast-content-background-meta":{"desktop":{"background-color":"var(--ast-global-color-5)","background-image":"","background-repeat":"repeat","background-position":"center center","background-size":"auto","background-attachment":"scroll","background-type":"","background-media":"","overlay-type":"","overlay-color":"","overlay-opacity":"","overlay-gradient":""},"tablet":{"background-color":"var(--ast-global-color-5)","background-image":"","background-repeat":"repeat","background-position":"center center","background-size":"auto","background-attachment":"scroll","background-type":"","background-media":"","overlay-type":"","overlay-color":"","overlay-opacity":"","overlay-gradient":""},"mobile":{"background-color":"var(--ast-global-color-5)","background-image":"","background-repeat":"repeat","background-position":"center center","background-size":"auto","background-attachment":"scroll","background-type":"","background-media":"","overlay-type":"","overlay-color":"","overlay-opacity":"","overlay-gradient":""}}},"product_brand":[],"product_cat":[1001],"product_tag":[],"class_list":{"0":"post-38756","1":"product","2":"type-product","3":"status-publish","4":"has-post-thumbnail","6":"product_cat-husholdningsartikler","7":"pa_42474_bjnhh1z2-095-m-x-10-m","8":"pa_42474_bjnhh1z2-135-m-x-10-m","9":"desktop-align-left","10":"tablet-align-left","11":"mobile-align-left","13":"first","14":"instock","15":"shipping-taxable","16":"purchasable","17":"product-type-variable"},"_links":{"self":[{"href":"https:\/\/keluvo.com\/no\/wp-json\/wp\/v2\/product\/38756","targetHints":{"allow":["GET"]}}],"collection":[{"href":"https:\/\/keluvo.com\/no\/wp-json\/wp\/v2\/product"}],"about":[{"href":"https:\/\/keluvo.com\/no\/wp-json\/wp\/v2\/types\/product"}],"replies":[{"embeddable":true,"href":"https:\/\/keluvo.com\/no\/wp-json\/wp\/v2\/comments?post=38756"}],"wp:featuredmedia":[{"embeddable":true,"href":"https:\/\/keluvo.com\/no\/wp-json\/wp\/v2\/media\/38752"}],"wp:attachment":[{"href":"https:\/\/keluvo.com\/no\/wp-json\/wp\/v2\/media?parent=38756"}],"wp:term":[{"taxonomy":"product_brand","embeddable":true,"href":"https:\/\/keluvo.com\/no\/wp-json\/wp\/v2\/product_brand?post=38756"},{"taxonomy":"product_cat","embeddable":true,"href":"https:\/\/keluvo.com\/no\/wp-json\/wp\/v2\/product_cat?post=38756"},{"taxonomy":"product_tag","embeddable":true,"href":"https:\/\/keluvo.com\/no\/wp-json\/wp\/v2\/product_tag?post=38756"}],"curies":[{"name":"wp","href":"https:\/\/api.w.org\/{rel}","templated":true}]}}