{"id":38423,"date":"2025-08-19T18:22:56","date_gmt":"2025-08-19T15:22:56","guid":{"rendered":"https:\/\/keluvo.com\/no\/produkt\/sommerfuglkolleksjon\/"},"modified":"2025-08-20T16:16:49","modified_gmt":"2025-08-20T13:16:49","slug":"sommerfuglkolleksjon","status":"publish","type":"product","link":"https:\/\/keluvo.com\/no\/produkt\/sommerfuglkolleksjon\/","title":{"rendered":"Sommerfuglkolleksjon"},"content":{"rendered":"<p style=\"text-align: center\" data-start=\"107\" data-end=\"148\"><strong>Ta Med Deg Et Snev Av Magi \ud83e\udd8b\u2728<\/strong><\/p>\n<p style=\"text-align: center\" data-start=\"149\" data-end=\"410\">Denne <span data-sheets-root=\"1\">sommerfuglkolleksjonen<\/span> er mer enn bare smykker &#8211; det er et kunstverk som lyser mykt i m\u00f8rket og tilf\u00f8rer stilen din en dr\u00f8mmende sjarm.<span style=\"font-size: 16px\">\u00a0<\/span><span style=\"font-size: 16px\">Perfekt for romantiske kvelder, spesielle anledninger eller bare for \u00e5 gj\u00f8re hverdagsantrekket ditt uforglemmelig.<\/span><\/p>\n<p data-start=\"149\" data-end=\"410\"><img decoding=\"async\" class=\"size-full wp-image-31086 aligncenter\" src=\"https:\/\/keluvo.com\/template\/wp-content\/uploads\/sites\/5\/2025\/08\/20250729_2146_Glowing_Butterfly_Necklace_remix_01k1bqwd4we1tvw6ykkdz8ndp6.webp\" alt=\"\" \/><\/p>\n<h2 style=\"text-align: center\" data-start=\"521\" data-end=\"543\"><strong>Hovedfordeler<\/strong><\/h2>\n<p data-start=\"546\" data-end=\"606\">\ud83e\udd8b Unik sommerfugldesign med gl\u00f8dende effekt i m\u00f8rket<\/p>\n<p data-start=\"609\" data-end=\"667\">\u2728 Elegant og allsidig for b\u00e5de uformelle og formelle looks<\/p>\n<p data-start=\"609\" data-end=\"667\">\ud83c\udf19 Absorberer lys om dagen for \u00e5 gl\u00f8de vakkert om natten<\/p>\n<p data-start=\"670\" data-end=\"732\">\ud83d\udc8e Lett og behagelig \u00e5 ha p\u00e5 seg hele dagen<\/p>\n<p data-start=\"786\" data-end=\"823\">\ud83c\udf81 Perfekt gave til en spesiell person<\/p>\n<p data-start=\"786\" data-end=\"823\"><img decoding=\"async\" class=\"size-full wp-image-31085 aligncenter\" src=\"https:\/\/keluvo.com\/template\/wp-content\/uploads\/sites\/5\/2025\/08\/WhatsApp_Image_2025-01-16_at_11.59.51.webp\" alt=\"\" \/><\/p>\n<h2 style=\"text-align: center\" data-start=\"830\" data-end=\"849\"><strong>Hvordan Bruke<\/strong><\/h2>\n<ol data-start=\"850\" data-end=\"1074\">\n<li data-start=\"850\" data-end=\"929\">\n<p data-start=\"853\" data-end=\"929\">B\u00e6r om dagen for \u00e5 la smykkene absorbere naturlig eller kunstig lys.<\/p>\n<\/li>\n<li data-start=\"930\" data-end=\"977\">\n<p data-start=\"933\" data-end=\"977\">Oppbevar smykket i et smykkeskrin for \u00e5 beskytte det mot riper.<\/p>\n<\/li>\n<li data-start=\"978\" data-end=\"1037\">\n<p data-start=\"981\" data-end=\"1037\">Rengj\u00f8r det forsiktig med en myk klut.<\/p>\n<\/li>\n<\/ol>\n<h2 style=\"text-align: center\" data-start=\"1081\" data-end=\"1105\"><strong>Produktdetaljer<\/strong><\/h2>\n<ul data-start=\"1106\" data-end=\"1347\">\n<li data-start=\"1106\" data-end=\"1160\">\n<p data-start=\"1108\" data-end=\"1160\">Materiale: Legering av h\u00f8y kvalitet med lysende belegg<\/p>\n<\/li>\n<li data-start=\"1161\" data-end=\"1207\">\n<p data-start=\"1163\" data-end=\"1207\">Kjedelengde: Justerbar for perfekt passform<\/p>\n<\/li>\n<li data-start=\"1243\" data-end=\"1293\">\n<p data-start=\"1245\" data-end=\"1293\">Farger: S\u00f8lvkjede med lysebl\u00e5 sommerfugl<\/p>\n<\/li>\n<li data-start=\"1294\" data-end=\"1347\">\n<p data-start=\"1296\" data-end=\"1347\">Lysvarighet: Flere timer etter lyseksponering<\/p>\n<\/li>\n<\/ul>\n<h2 style=\"text-align: center\" data-start=\"1354\" data-end=\"1379\"><strong>Pakken Inneholder<\/strong><\/h2>\n<ul data-start=\"1380\" data-end=\"1433\">\n<li data-start=\"1380\" data-end=\"1414\">\n<p data-start=\"1382\" data-end=\"1414\">1x sommerfuglhalskjede\/armb\u00e5nd\/ring eller \u00f8reringer.<\/p>\n<\/li>\n<li data-start=\"1415\" data-end=\"1433\">\n<p data-start=\"1417\" data-end=\"1433\">1x smykkeskrin.<\/p>\n<\/li>\n<\/ul>\n","protected":false},"excerpt":{"rendered":"<p>Ta Med Deg Et Snev Av Magi \ud83e\udd8b\u2728 Denne sommerfuglkolleksjonen er mer enn bare smykker &#8211; det er et kunstverk [&hellip;]<\/p>\n","protected":false},"featured_media":38419,"comment_status":"open","ping_status":"closed","template":"","meta":{"site-sidebar-layout":"default","site-content-layout":"","ast-site-content-layout":"default","site-content-style":"default","site-sidebar-style":"default","ast-global-header-display":"","ast-banner-title-visibility":"","ast-main-header-display":"","ast-hfb-above-header-display":"","ast-hfb-below-header-display":"","ast-hfb-mobile-header-display":"","site-post-title":"","ast-breadcrumbs-content":"","ast-featured-img":"","footer-sml-layout":"","theme-transparent-header-meta":"default","adv-header-id-meta":"","stick-header-meta":"","header-above-stick-meta":"","header-main-stick-meta":"","header-below-stick-meta":"","astra-migrate-meta-layouts":"set","ast-page-background-enabled":"default","ast-page-background-meta":{"desktop":{"background-color":"var(--ast-global-color-4)","background-image":"","background-repeat":"repeat","background-position":"center center","background-size":"auto","background-attachment":"scroll","background-type":"","background-media":"","overlay-type":"","overlay-color":"","overlay-opacity":"","overlay-gradient":""},"tablet":{"background-color":"","background-image":"","background-repeat":"repeat","background-position":"center center","background-size":"auto","background-attachment":"scroll","background-type":"","background-media":"","overlay-type":"","overlay-color":"","overlay-opacity":"","overlay-gradient":""},"mobile":{"background-color":"","background-image":"","background-repeat":"repeat","background-position":"center center","background-size":"auto","background-attachment":"scroll","background-type":"","background-media":"","overlay-type":"","overlay-color":"","overlay-opacity":"","overlay-gradient":""}},"ast-content-background-meta":{"desktop":{"background-color":"var(--ast-global-color-5)","background-image":"","background-repeat":"repeat","background-position":"center center","background-size":"auto","background-attachment":"scroll","background-type":"","background-media":"","overlay-type":"","overlay-color":"","overlay-opacity":"","overlay-gradient":""},"tablet":{"background-color":"var(--ast-global-color-5)","background-image":"","background-repeat":"repeat","background-position":"center center","background-size":"auto","background-attachment":"scroll","background-type":"","background-media":"","overlay-type":"","overlay-color":"","overlay-opacity":"","overlay-gradient":""},"mobile":{"background-color":"var(--ast-global-color-5)","background-image":"","background-repeat":"repeat","background-position":"center center","background-size":"auto","background-attachment":"scroll","background-type":"","background-media":"","overlay-type":"","overlay-color":"","overlay-opacity":"","overlay-gradient":""}}},"product_brand":[],"product_cat":[993],"product_tag":[],"class_list":{"0":"post-38423","1":"product","2":"type-product","3":"status-publish","4":"has-post-thumbnail","6":"product_cat-skotoy-tilbehor","7":"pa_48255_yimolyj1-armband","8":"pa_48255_yimolyj1-halskjede","9":"pa_48255_yimolyj1-oredobber","10":"pa_48255_yimolyj1-ring","11":"desktop-align-left","12":"tablet-align-left","13":"mobile-align-left","15":"first","16":"instock","17":"shipping-taxable","18":"purchasable","19":"product-type-variable"},"_links":{"self":[{"href":"https:\/\/keluvo.com\/no\/wp-json\/wp\/v2\/product\/38423","targetHints":{"allow":["GET"]}}],"collection":[{"href":"https:\/\/keluvo.com\/no\/wp-json\/wp\/v2\/product"}],"about":[{"href":"https:\/\/keluvo.com\/no\/wp-json\/wp\/v2\/types\/product"}],"replies":[{"embeddable":true,"href":"https:\/\/keluvo.com\/no\/wp-json\/wp\/v2\/comments?post=38423"}],"wp:featuredmedia":[{"embeddable":true,"href":"https:\/\/keluvo.com\/no\/wp-json\/wp\/v2\/media\/38419"}],"wp:attachment":[{"href":"https:\/\/keluvo.com\/no\/wp-json\/wp\/v2\/media?parent=38423"}],"wp:term":[{"taxonomy":"product_brand","embeddable":true,"href":"https:\/\/keluvo.com\/no\/wp-json\/wp\/v2\/product_brand?post=38423"},{"taxonomy":"product_cat","embeddable":true,"href":"https:\/\/keluvo.com\/no\/wp-json\/wp\/v2\/product_cat?post=38423"},{"taxonomy":"product_tag","embeddable":true,"href":"https:\/\/keluvo.com\/no\/wp-json\/wp\/v2\/product_tag?post=38423"}],"curies":[{"name":"wp","href":"https:\/\/api.w.org\/{rel}","templated":true}]}}