{"id":38383,"date":"2025-08-19T18:12:45","date_gmt":"2025-08-19T15:12:45","guid":{"rendered":"https:\/\/keluvo.com\/no\/produkt\/seleveske\/"},"modified":"2025-08-20T16:15:54","modified_gmt":"2025-08-20T13:15:54","slug":"seleveske","status":"publish","type":"product","link":"https:\/\/keluvo.com\/no\/produkt\/seleveske\/","title":{"rendered":"Seleveske"},"content":{"rendered":"<p style=\"text-align: center\" data-start=\"187\" data-end=\"219\"><strong data-start=\"187\" data-end=\"219\">B\u00e6r Smart, Reis Lett \ud83c\udf92<\/strong><\/p>\n<p style=\"text-align: center\" data-start=\"221\" data-end=\"472\">Slyngevesken er den perfekte hverdagsl\u00f8sningen for folk som \u00f8nsker stil, sikkerhet og praktiske l\u00f8sninger i en kompakt design. Med flere rom, vanntett beskyttelse og tyverisikring er den ideell for reise, jobb og daglig bruk.<\/p>\n<p data-start=\"221\" data-end=\"472\"><img decoding=\"async\" class=\"size-full wp-image-29858 aligncenter\" src=\"https:\/\/keluvo.com\/template\/wp-content\/uploads\/sites\/5\/2025\/08\/07219-ezgif.com-video-to-webp-converter.webp\" alt=\"\" \/><\/p>\n<h2 style=\"text-align: center\" data-start=\"474\" data-end=\"493\">Hovedfordeler \u2728<\/h2>\n<p data-start=\"496\" data-end=\"544\">\ud83c\udfaf Kompakt design med god oppbevaringsplass<\/p>\n<p data-start=\"547\" data-end=\"606\">\ud83d\udca7 Vanntett stoff holder tingene dine trygge i all slags v\u00e6r<\/p>\n<p data-start=\"609\" data-end=\"669\">\ud83d\udd12 Tyverisikring gir ekstra sikkerhet n\u00e5r du er p\u00e5 reise<\/p>\n<p data-start=\"672\" data-end=\"741\">\ud83d\udcf1 Passer perfekt til viktige ting som telefon, lommebok, pass og n\u00f8kler<\/p>\n<p data-start=\"744\" data-end=\"793\">\ud83d\udc4c Komfortabel stropp for bruk hele dagen<\/p>\n<p data-start=\"744\" data-end=\"793\"><img decoding=\"async\" class=\"size-full wp-image-29860 aligncenter\" src=\"https:\/\/keluvo.com\/template\/wp-content\/uploads\/sites\/5\/2025\/08\/Waterproof.webp\" alt=\"&quot;\" \/><\/p>\n<h2 style=\"text-align: center\" data-start=\"795\" data-end=\"814\">Slik Bruker Du Den \ud83e\udded<\/h2>\n<ol data-start=\"815\" data-end=\"978\">\n<li data-start=\"815\" data-end=\"867\">\n<p data-start=\"818\" data-end=\"867\">Juster stroppen for en tettsittende og behagelig passform.<\/p>\n<\/li>\n<li data-start=\"868\" data-end=\"923\">\n<p data-start=\"871\" data-end=\"923\">Pakk det viktigste i de organiserte rommene.<\/p>\n<\/li>\n<li data-start=\"924\" data-end=\"978\">\n<p data-start=\"927\" data-end=\"978\">Bruk den tyverisikrede spennen n\u00e5r du b\u00e6rer verdisaker.<\/p>\n<\/li>\n<\/ol>\n<h2 style=\"text-align: center\" data-start=\"980\" data-end=\"1004\"><strong>Produktdetaljer \ud83d\udccb<\/strong><\/h2>\n<ul data-start=\"1005\" data-end=\"1293\">\n<li data-start=\"1005\" data-end=\"1043\">\n<p data-start=\"1007\" data-end=\"1043\">Materiale: Vanntett \u041exford-stoff<\/p>\n<\/li>\n<li data-start=\"1044\" data-end=\"1074\">\n<p data-start=\"1046\" data-end=\"1074\">St\u00f8rrelse: Medium (19 cm x 13,5 cm) og Large (21 cm x 15,5 cm)<\/p>\n<\/li>\n<li data-start=\"1075\" data-end=\"1117\">\n<p data-start=\"1077\" data-end=\"1117\">Vekt: 310 g (lett og slitesterk)<\/p>\n<\/li>\n<li data-start=\"1118\" data-end=\"1184\">\n<p data-start=\"1120\" data-end=\"1184\">Rom: Flere glidel\u00e5sseksjoner med smart organisering<\/p>\n<\/li>\n<li data-start=\"1185\" data-end=\"1253\">\n<p data-start=\"1187\" data-end=\"1253\">Funksjoner: Tyverisikring, vanntett overflate, slitesterke glidel\u00e5ser<\/p>\n<\/li>\n<\/ul>\n<h2 style=\"text-align: center\" data-start=\"1295\" data-end=\"1320\">Pakken Inkluderer \ud83d\udce6<\/h2>\n<ul data-start=\"1321\" data-end=\"1360\">\n<li data-start=\"1321\" data-end=\"1360\">\n<p data-start=\"1323\" data-end=\"1360\">1x slyngeveske.<\/p>\n<\/li>\n<\/ul>\n","protected":false},"excerpt":{"rendered":"<p>B\u00e6r Smart, Reis Lett \ud83c\udf92 Slyngevesken er den perfekte hverdagsl\u00f8sningen for folk som \u00f8nsker stil, sikkerhet og praktiske l\u00f8sninger i [&hellip;]<\/p>\n","protected":false},"featured_media":38379,"comment_status":"open","ping_status":"closed","template":"","meta":{"site-sidebar-layout":"default","site-content-layout":"","ast-site-content-layout":"default","site-content-style":"default","site-sidebar-style":"default","ast-global-header-display":"","ast-banner-title-visibility":"","ast-main-header-display":"","ast-hfb-above-header-display":"","ast-hfb-below-header-display":"","ast-hfb-mobile-header-display":"","site-post-title":"","ast-breadcrumbs-content":"","ast-featured-img":"","footer-sml-layout":"","theme-transparent-header-meta":"default","adv-header-id-meta":"","stick-header-meta":"","header-above-stick-meta":"","header-main-stick-meta":"","header-below-stick-meta":"","astra-migrate-meta-layouts":"set","ast-page-background-enabled":"default","ast-page-background-meta":{"desktop":{"background-color":"var(--ast-global-color-4)","background-image":"","background-repeat":"repeat","background-position":"center center","background-size":"auto","background-attachment":"scroll","background-type":"","background-media":"","overlay-type":"","overlay-color":"","overlay-opacity":"","overlay-gradient":""},"tablet":{"background-color":"","background-image":"","background-repeat":"repeat","background-position":"center center","background-size":"auto","background-attachment":"scroll","background-type":"","background-media":"","overlay-type":"","overlay-color":"","overlay-opacity":"","overlay-gradient":""},"mobile":{"background-color":"","background-image":"","background-repeat":"repeat","background-position":"center center","background-size":"auto","background-attachment":"scroll","background-type":"","background-media":"","overlay-type":"","overlay-color":"","overlay-opacity":"","overlay-gradient":""}},"ast-content-background-meta":{"desktop":{"background-color":"var(--ast-global-color-5)","background-image":"","background-repeat":"repeat","background-position":"center center","background-size":"auto","background-attachment":"scroll","background-type":"","background-media":"","overlay-type":"","overlay-color":"","overlay-opacity":"","overlay-gradient":""},"tablet":{"background-color":"var(--ast-global-color-5)","background-image":"","background-repeat":"repeat","background-position":"center center","background-size":"auto","background-attachment":"scroll","background-type":"","background-media":"","overlay-type":"","overlay-color":"","overlay-opacity":"","overlay-gradient":""},"mobile":{"background-color":"var(--ast-global-color-5)","background-image":"","background-repeat":"repeat","background-position":"center center","background-size":"auto","background-attachment":"scroll","background-type":"","background-media":"","overlay-type":"","overlay-color":"","overlay-opacity":"","overlay-gradient":""}}},"product_brand":[],"product_cat":[995,993],"product_tag":[],"class_list":{"0":"post-38383","1":"product","2":"type-product","3":"status-publish","4":"has-post-thumbnail","6":"product_cat-klaer-til-menn","7":"product_cat-skotoy-tilbehor","8":"pa_48252_62avgno6-bla","9":"pa_48252_62avgno6-gra","10":"pa_48252_62avgno6-svart","11":"pa_48252_xc06vfhs-medium","12":"pa_48252_xc06vfhs-stor","13":"desktop-align-left","14":"tablet-align-left","15":"mobile-align-left","17":"first","18":"instock","19":"shipping-taxable","20":"purchasable","21":"product-type-variable","22":"has-default-attributes"},"_links":{"self":[{"href":"https:\/\/keluvo.com\/no\/wp-json\/wp\/v2\/product\/38383","targetHints":{"allow":["GET"]}}],"collection":[{"href":"https:\/\/keluvo.com\/no\/wp-json\/wp\/v2\/product"}],"about":[{"href":"https:\/\/keluvo.com\/no\/wp-json\/wp\/v2\/types\/product"}],"replies":[{"embeddable":true,"href":"https:\/\/keluvo.com\/no\/wp-json\/wp\/v2\/comments?post=38383"}],"wp:featuredmedia":[{"embeddable":true,"href":"https:\/\/keluvo.com\/no\/wp-json\/wp\/v2\/media\/38379"}],"wp:attachment":[{"href":"https:\/\/keluvo.com\/no\/wp-json\/wp\/v2\/media?parent=38383"}],"wp:term":[{"taxonomy":"product_brand","embeddable":true,"href":"https:\/\/keluvo.com\/no\/wp-json\/wp\/v2\/product_brand?post=38383"},{"taxonomy":"product_cat","embeddable":true,"href":"https:\/\/keluvo.com\/no\/wp-json\/wp\/v2\/product_cat?post=38383"},{"taxonomy":"product_tag","embeddable":true,"href":"https:\/\/keluvo.com\/no\/wp-json\/wp\/v2\/product_tag?post=38383"}],"curies":[{"name":"wp","href":"https:\/\/api.w.org\/{rel}","templated":true}]}}