{"id":37974,"date":"2025-08-14T17:53:06","date_gmt":"2025-08-14T15:53:06","guid":{"rendered":"https:\/\/keluvo.com\/no\/produkt\/avgiftningsplaster\/"},"modified":"2025-10-16T19:51:04","modified_gmt":"2025-10-16T16:51:04","slug":"avgiftningsplaster","status":"publish","type":"product","link":"https:\/\/keluvo.com\/no\/produkt\/avgiftningsplaster\/","title":{"rendered":"Detox-plaster"},"content":{"rendered":"<p style=\"text-align: center;\" data-start=\"0\" data-end=\"72\"><strong>Detox-fotplaster &#8211; rens kroppen din mens du sover \ud83c\udf3f<\/strong><\/p>\n<p style=\"text-align: center;\" data-start=\"74\" data-end=\"317\">V\u00e5kn opp og f\u00f8l deg lettere, uthvilt og mer energisk med disse naturlige detox-fotplastrene. De er designet for \u00e5 trekke ut giftstoffer og urenheter over natten, og bidrar til bedre s\u00f8vn, bedre sirkulasjon og generelt velv\u00e6re &#8211; alt mens du hviler.<\/p>\n<p data-start=\"74\" data-end=\"317\"><img decoding=\"async\" class=\"size-full wp-image-31984 aligncenter\" src=\"https:\/\/keluvo.com\/template\/wp-content\/uploads\/sites\/5\/2025\/08\/Patch.gif\" alt=\"\" \/><\/p>\n<h2 style=\"text-align: center;\" data-start=\"324\" data-end=\"346\">Hovedfordeler<\/h2>\n<p data-start=\"349\" data-end=\"394\">\ud83c\udf19 Fungerer mens du sover &#8211; ingen anstrengelse n\u00f8dvendig<\/p>\n<p data-start=\"349\" data-end=\"394\">\ud83c\udf43 Laget med naturlige ingredienser som bambuseddik og ingef\u00e6rekstrakt<\/p>\n<p data-start=\"349\" data-end=\"394\">\ud83d\udc86 Hjelper med \u00e5 fremme avslapning og dypere s\u00f8vn<\/p>\n<p data-start=\"349\" data-end=\"394\">\ud83e\ude78 St\u00f8tter sirkulasjon og naturlig avgiftning<\/p>\n<p data-start=\"349\" data-end=\"394\">\ud83e\uddfc Enkelt, problemfritt og ikke-invasivt<\/p>\n<p data-start=\"577\" data-end=\"615\"><img decoding=\"async\" class=\"size-full wp-image-31981 aligncenter\" src=\"https:\/\/keluvo.com\/template\/wp-content\/uploads\/sites\/5\/2025\/08\/Druga-slika-LT-2-1.jpg\" alt=\"\" \/><\/p>\n<h2 style=\"text-align: center;\" data-start=\"622\" data-end=\"641\">Slik bruker du dem<\/h2>\n<ol data-start=\"642\" data-end=\"892\">\n<li data-start=\"642\" data-end=\"686\">Rengj\u00f8r og t\u00f8rk f\u00f8ttene f\u00f8r leggetid.<\/li>\n<li data-start=\"642\" data-end=\"686\">Ta plasteret ut av emballasjen og trekk av limet.<\/li>\n<li data-start=\"642\" data-end=\"686\">Plasser plasteret p\u00e5 fots\u00e5len.<\/li>\n<li data-start=\"642\" data-end=\"686\">Sov med plasteret p\u00e5 i 6-8 timer.<\/li>\n<li data-start=\"642\" data-end=\"686\">Fjern plasteret om morgenen og vask f\u00f8ttene.<\/li>\n<\/ol>\n<h2 style=\"text-align: center;\" data-start=\"899\" data-end=\"923\">Produktdetaljer<\/h2>\n<ul data-start=\"924\" data-end=\"1066\">\n<li data-start=\"924\" data-end=\"959\">Kvantitet: 10 plaster<\/li>\n<li data-start=\"924\" data-end=\"959\">Ingredienser: bambuseddik, turmalin, ingef\u00e6rekstrakt, andre naturlige urter<\/li>\n<li data-start=\"924\" data-end=\"959\">Kun til utvortes bruk<\/li>\n<\/ul>\n<h2 style=\"text-align: center;\" data-start=\"1073\" data-end=\"1098\">Pakken inneholder<\/h2>\n<ul data-start=\"1099\" data-end=\"1162\">\n<li data-start=\"1099\" data-end=\"1126\">\n<p data-start=\"1101\" data-end=\"1126\">10x detox-fotplaster.<\/p>\n<\/li>\n<\/ul>\n","protected":false},"excerpt":{"rendered":"<p>Detox-fotplaster &#8211; rens kroppen din mens du sover \ud83c\udf3f V\u00e5kn opp og f\u00f8l deg lettere, uthvilt og mer energisk med [&hellip;]<\/p>\n","protected":false},"featured_media":37970,"comment_status":"open","ping_status":"closed","template":"","meta":{"site-sidebar-layout":"default","site-content-layout":"","ast-site-content-layout":"default","site-content-style":"default","site-sidebar-style":"default","ast-global-header-display":"","ast-banner-title-visibility":"","ast-main-header-display":"","ast-hfb-above-header-display":"","ast-hfb-below-header-display":"","ast-hfb-mobile-header-display":"","site-post-title":"","ast-breadcrumbs-content":"","ast-featured-img":"","footer-sml-layout":"","theme-transparent-header-meta":"default","adv-header-id-meta":"","stick-header-meta":"","header-above-stick-meta":"","header-main-stick-meta":"","header-below-stick-meta":"","astra-migrate-meta-layouts":"set","ast-page-background-enabled":"default","ast-page-background-meta":{"desktop":{"background-color":"var(--ast-global-color-4)","background-image":"","background-repeat":"repeat","background-position":"center center","background-size":"auto","background-attachment":"scroll","background-type":"","background-media":"","overlay-type":"","overlay-color":"","overlay-opacity":"","overlay-gradient":""},"tablet":{"background-color":"","background-image":"","background-repeat":"repeat","background-position":"center center","background-size":"auto","background-attachment":"scroll","background-type":"","background-media":"","overlay-type":"","overlay-color":"","overlay-opacity":"","overlay-gradient":""},"mobile":{"background-color":"","background-image":"","background-repeat":"repeat","background-position":"center center","background-size":"auto","background-attachment":"scroll","background-type":"","background-media":"","overlay-type":"","overlay-color":"","overlay-opacity":"","overlay-gradient":""}},"ast-content-background-meta":{"desktop":{"background-color":"var(--ast-global-color-5)","background-image":"","background-repeat":"repeat","background-position":"center center","background-size":"auto","background-attachment":"scroll","background-type":"","background-media":"","overlay-type":"","overlay-color":"","overlay-opacity":"","overlay-gradient":""},"tablet":{"background-color":"var(--ast-global-color-5)","background-image":"","background-repeat":"repeat","background-position":"center center","background-size":"auto","background-attachment":"scroll","background-type":"","background-media":"","overlay-type":"","overlay-color":"","overlay-opacity":"","overlay-gradient":""},"mobile":{"background-color":"var(--ast-global-color-5)","background-image":"","background-repeat":"repeat","background-position":"center center","background-size":"auto","background-attachment":"scroll","background-type":"","background-media":"","overlay-type":"","overlay-color":"","overlay-opacity":"","overlay-gradient":""}}},"product_brand":[],"product_cat":[991,992,7247],"product_tag":[],"class_list":{"0":"post-37974","1":"product","2":"type-product","3":"status-publish","4":"has-post-thumbnail","6":"product_cat-helseprodukter","7":"product_cat-skjonnhets-og-hygieneprodukter","8":"product_cat-at","9":"desktop-align-left","10":"tablet-align-left","11":"mobile-align-left","13":"first","14":"instock","15":"shipping-taxable","16":"purchasable","17":"product-type-simple"},"_links":{"self":[{"href":"https:\/\/keluvo.com\/no\/wp-json\/wp\/v2\/product\/37974","targetHints":{"allow":["GET"]}}],"collection":[{"href":"https:\/\/keluvo.com\/no\/wp-json\/wp\/v2\/product"}],"about":[{"href":"https:\/\/keluvo.com\/no\/wp-json\/wp\/v2\/types\/product"}],"replies":[{"embeddable":true,"href":"https:\/\/keluvo.com\/no\/wp-json\/wp\/v2\/comments?post=37974"}],"wp:featuredmedia":[{"embeddable":true,"href":"https:\/\/keluvo.com\/no\/wp-json\/wp\/v2\/media\/37970"}],"wp:attachment":[{"href":"https:\/\/keluvo.com\/no\/wp-json\/wp\/v2\/media?parent=37974"}],"wp:term":[{"taxonomy":"product_brand","embeddable":true,"href":"https:\/\/keluvo.com\/no\/wp-json\/wp\/v2\/product_brand?post=37974"},{"taxonomy":"product_cat","embeddable":true,"href":"https:\/\/keluvo.com\/no\/wp-json\/wp\/v2\/product_cat?post=37974"},{"taxonomy":"product_tag","embeddable":true,"href":"https:\/\/keluvo.com\/no\/wp-json\/wp\/v2\/product_tag?post=37974"}],"curies":[{"name":"wp","href":"https:\/\/api.w.org\/{rel}","templated":true}]}}