{"id":37965,"date":"2025-08-14T17:52:30","date_gmt":"2025-08-14T15:52:30","guid":{"rendered":"https:\/\/keluvo.com\/no\/produkt\/oredobber-4\/"},"modified":"2025-08-15T11:51:22","modified_gmt":"2025-08-15T09:51:22","slug":"oredobber-4","status":"publish","type":"product","link":"https:\/\/keluvo.com\/no\/produkt\/oredobber-4\/","title":{"rendered":"\u00d8redobber"},"content":{"rendered":"<p style=\"text-align: center\" data-start=\"0\" data-end=\"75\"><strong data-start=\"0\" data-end=\"73\">Elegante \u00d8redobber Med Tekstur &#8211; Tidl\u00f8s Stil Med En Moderne Vri \u2728<\/strong><\/p>\n<p style=\"text-align: center\" data-start=\"77\" data-end=\"342\">F\u00f8y til et streif av raffinement til ethvert antrekk med disse vakkert utformede \u00f8redobbene med tekstur. De er designet for \u00e5 fange lyset fra alle vinkler og gir eleganse og sjarm, enten du kler deg opp til en spesiell anledning eller tilf\u00f8rer stil til hverdagslooken din.<\/p>\n<p data-start=\"77\" data-end=\"342\"><img decoding=\"async\" class=\"size-full wp-image-31968 aligncenter\" src=\"https:\/\/keluvo.com\/template\/wp-content\/uploads\/sites\/5\/2025\/08\/072115-ezgif.com-video-to-webp-converter-1.webp\" alt=\"\" \/><\/p>\n<h2 style=\"text-align: center\" data-start=\"349\" data-end=\"371\">Hovedfordeler<\/h2>\n<p data-start=\"374\" data-end=\"418\">\ud83d\udc8e Stilig teksturert design som skiller seg ut<\/p>\n<p data-start=\"421\" data-end=\"470\">\ud83e\udeb6 Lett og behagelig \u00e5 ha p\u00e5 hele dagen<\/p>\n<p data-start=\"473\" data-end=\"522\">\ud83c\udf19 Perfekt til hverdags-, jobb- eller kveldsantrekk<\/p>\n<p data-start=\"525\" data-end=\"594\">\ud83c\udf81 Flott gaveid\u00e9 til bursdager, jubileer eller spesielle anledninger<\/p>\n<p data-start=\"597\" data-end=\"637\">\ud83d\udee1 Slitesterke og motstandsdyktige mot misfarging<\/p>\n<p data-start=\"597\" data-end=\"637\"><img decoding=\"async\" class=\"size-full wp-image-31975 aligncenter\" src=\"https:\/\/keluvo.com\/template\/wp-content\/uploads\/sites\/5\/2025\/08\/35ec252b0b40f3a24f0d96be59d61f8.webp\" alt=\"\" \/><\/p>\n<h2 style=\"text-align: center\" data-start=\"644\" data-end=\"664\">Hvordan Bruke Dem<\/h2>\n<ol data-start=\"665\" data-end=\"839\">\n<li data-start=\"665\" data-end=\"722\">\n<p data-start=\"668\" data-end=\"722\">Par dem med favorittkjolen din eller et uformelt antrekk.<\/p>\n<\/li>\n<li data-start=\"723\" data-end=\"780\">\n<p data-start=\"726\" data-end=\"780\">Fest dem komfortabelt i \u00f8rene med l\u00e5sen.<\/p>\n<\/li>\n<li data-start=\"781\" data-end=\"839\">\n<p data-start=\"784\" data-end=\"839\">Nyt komplimentene for din elegante og elegante stil.<\/p>\n<\/li>\n<\/ol>\n<h2 style=\"text-align: center\" data-start=\"846\" data-end=\"870\">Produktdetaljer<\/h2>\n<ul data-start=\"871\" data-end=\"982\">\n<li data-start=\"871\" data-end=\"890\">\n<p data-start=\"873\" data-end=\"890\">Materiale: legering<\/p>\n<\/li>\n<li data-start=\"891\" data-end=\"923\">\n<p data-start=\"893\" data-end=\"923\">Farger: gull\/s\u00f8lv<\/p>\n<\/li>\n<li data-start=\"924\" data-end=\"948\">\n<p data-start=\"926\" data-end=\"948\">Stil: teksturert b\u00f8yle<\/p>\n<\/li>\n<li data-start=\"949\" data-end=\"982\">\n<p data-start=\"951\" data-end=\"982\">St\u00f8rrelse: ca. 3,3 cm i diameter<\/p>\n<\/li>\n<\/ul>\n<h2 style=\"text-align: center\" data-start=\"989\" data-end=\"1014\">Pakken Inneholder<\/h2>\n<ul data-start=\"1015\" data-end=\"1051\">\n<li data-start=\"1015\" data-end=\"1051\">\n<p data-start=\"1017\" data-end=\"1051\">1x par \u00f8redobber.<\/p>\n<\/li>\n<\/ul>\n","protected":false},"excerpt":{"rendered":"<p>Elegante \u00d8redobber Med Tekstur &#8211; Tidl\u00f8s Stil Med En Moderne Vri \u2728 F\u00f8y til et streif av raffinement til ethvert [&hellip;]<\/p>\n","protected":false},"featured_media":37961,"comment_status":"open","ping_status":"closed","template":"","meta":{"site-sidebar-layout":"default","site-content-layout":"","ast-site-content-layout":"default","site-content-style":"default","site-sidebar-style":"default","ast-global-header-display":"","ast-banner-title-visibility":"","ast-main-header-display":"","ast-hfb-above-header-display":"","ast-hfb-below-header-display":"","ast-hfb-mobile-header-display":"","site-post-title":"","ast-breadcrumbs-content":"","ast-featured-img":"","footer-sml-layout":"","theme-transparent-header-meta":"default","adv-header-id-meta":"","stick-header-meta":"","header-above-stick-meta":"","header-main-stick-meta":"","header-below-stick-meta":"","astra-migrate-meta-layouts":"set","ast-page-background-enabled":"default","ast-page-background-meta":{"desktop":{"background-color":"var(--ast-global-color-4)","background-image":"","background-repeat":"repeat","background-position":"center center","background-size":"auto","background-attachment":"scroll","background-type":"","background-media":"","overlay-type":"","overlay-color":"","overlay-opacity":"","overlay-gradient":""},"tablet":{"background-color":"","background-image":"","background-repeat":"repeat","background-position":"center center","background-size":"auto","background-attachment":"scroll","background-type":"","background-media":"","overlay-type":"","overlay-color":"","overlay-opacity":"","overlay-gradient":""},"mobile":{"background-color":"","background-image":"","background-repeat":"repeat","background-position":"center center","background-size":"auto","background-attachment":"scroll","background-type":"","background-media":"","overlay-type":"","overlay-color":"","overlay-opacity":"","overlay-gradient":""}},"ast-content-background-meta":{"desktop":{"background-color":"var(--ast-global-color-5)","background-image":"","background-repeat":"repeat","background-position":"center center","background-size":"auto","background-attachment":"scroll","background-type":"","background-media":"","overlay-type":"","overlay-color":"","overlay-opacity":"","overlay-gradient":""},"tablet":{"background-color":"var(--ast-global-color-5)","background-image":"","background-repeat":"repeat","background-position":"center center","background-size":"auto","background-attachment":"scroll","background-type":"","background-media":"","overlay-type":"","overlay-color":"","overlay-opacity":"","overlay-gradient":""},"mobile":{"background-color":"var(--ast-global-color-5)","background-image":"","background-repeat":"repeat","background-position":"center center","background-size":"auto","background-attachment":"scroll","background-type":"","background-media":"","overlay-type":"","overlay-color":"","overlay-opacity":"","overlay-gradient":""}}},"product_brand":[],"product_cat":[994,993],"product_tag":[],"class_list":{"0":"post-37965","1":"product","2":"type-product","3":"status-publish","4":"has-post-thumbnail","6":"product_cat-klaer-til-kvinner","7":"product_cat-skotoy-tilbehor","8":"pa_29050_w8md71mc-gull","9":"pa_29050_w8md71mc-svart","10":"desktop-align-left","11":"tablet-align-left","12":"mobile-align-left","14":"first","15":"instock","16":"shipping-taxable","17":"purchasable","18":"product-type-variable"},"_links":{"self":[{"href":"https:\/\/keluvo.com\/no\/wp-json\/wp\/v2\/product\/37965","targetHints":{"allow":["GET"]}}],"collection":[{"href":"https:\/\/keluvo.com\/no\/wp-json\/wp\/v2\/product"}],"about":[{"href":"https:\/\/keluvo.com\/no\/wp-json\/wp\/v2\/types\/product"}],"replies":[{"embeddable":true,"href":"https:\/\/keluvo.com\/no\/wp-json\/wp\/v2\/comments?post=37965"}],"wp:featuredmedia":[{"embeddable":true,"href":"https:\/\/keluvo.com\/no\/wp-json\/wp\/v2\/media\/37961"}],"wp:attachment":[{"href":"https:\/\/keluvo.com\/no\/wp-json\/wp\/v2\/media?parent=37965"}],"wp:term":[{"taxonomy":"product_brand","embeddable":true,"href":"https:\/\/keluvo.com\/no\/wp-json\/wp\/v2\/product_brand?post=37965"},{"taxonomy":"product_cat","embeddable":true,"href":"https:\/\/keluvo.com\/no\/wp-json\/wp\/v2\/product_cat?post=37965"},{"taxonomy":"product_tag","embeddable":true,"href":"https:\/\/keluvo.com\/no\/wp-json\/wp\/v2\/product_tag?post=37965"}],"curies":[{"name":"wp","href":"https:\/\/api.w.org\/{rel}","templated":true}]}}