{"id":37937,"date":"2025-08-14T17:50:50","date_gmt":"2025-08-14T15:50:50","guid":{"rendered":"https:\/\/keluvo.com\/no\/produkt\/solcellelampe\/"},"modified":"2025-08-15T11:49:01","modified_gmt":"2025-08-15T09:49:01","slug":"solcellelampe","status":"publish","type":"product","link":"https:\/\/keluvo.com\/no\/produkt\/solcellelampe\/","title":{"rendered":"Solcellelampe"},"content":{"rendered":"<p style=\"text-align: center\" data-start=\"0\" data-end=\"73\"><strong data-start=\"0\" data-end=\"71\">Solcellelamper &#8211; lys opp hagen din med gratis solenergi \ud83c\udf1e<\/strong><\/p>\n<p style=\"text-align: center\" data-start=\"75\" data-end=\"395\">Lys opp uterommet ditt uten problemer med disse energibesparende solcellelampene. De drives av solen, lades opp om dagen og lyser automatisk om natten, noe som skaper en varm og innbydende atmosf\u00e6re i hagen, p\u00e5 gangstien eller p\u00e5 g\u00e5rdsplassen. De er bygget for \u00e5 t\u00e5le alle v\u00e6rforhold og er perfekte for bruk \u00e5ret rundt.<\/p>\n<p data-start=\"75\" data-end=\"395\"><img decoding=\"async\" class=\"size-full wp-image-31940 aligncenter\" src=\"https:\/\/keluvo.com\/template\/wp-content\/uploads\/sites\/5\/2025\/08\/072114-ezgif.com-video-to-webp-converter-1.webp\" alt=\"\" \/><\/p>\n<h2 style=\"text-align: center\" data-start=\"402\" data-end=\"424\">Hovedfordeler<\/h2>\n<p data-start=\"427\" data-end=\"491\">\u2600\ufe0f Lader med solenergi &#8211; ingen ledninger eller str\u00f8m trengs<\/p>\n<p data-start=\"494\" data-end=\"549\">\ud83d\udca1 Sl\u00e5r seg automatisk p\u00e5 om natten og av ved soloppgang<\/p>\n<p data-start=\"552\" data-end=\"605\">\ud83c\udf27 Vanntett og v\u00e6rbestandig for alle \u00e5rstider<\/p>\n<p data-start=\"608\" data-end=\"666\">\ud83c\udfe1 Gir en stilig touch til hager, gangveier og uteplasser<\/p>\n<p data-start=\"669\" data-end=\"731\">\ud83d\udd0b Langvarige LED-lys for sterk og p\u00e5litelig belysning<\/p>\n<p data-start=\"669\" data-end=\"731\"><img decoding=\"async\" class=\"size-full wp-image-31939 aligncenter\" src=\"https:\/\/keluvo.com\/template\/wp-content\/uploads\/sites\/5\/2025\/08\/Sff01485be18c4640b25c4fabd48ced98R.jpg\" alt=\"\" \/><\/p>\n<h2 style=\"text-align: center\" data-start=\"738\" data-end=\"759\">Slik Bruker Du Lyset<\/h2>\n<ol data-start=\"760\" data-end=\"929\">\n<li data-start=\"760\" data-end=\"807\">\n<p data-start=\"763\" data-end=\"807\">Monter lyset ved \u00e5 feste pinnen.<\/p>\n<\/li>\n<li data-start=\"808\" data-end=\"847\">\n<p data-start=\"811\" data-end=\"847\">Plasser den p\u00e5 et solfylt sted utend\u00f8rs.<\/p>\n<\/li>\n<li data-start=\"848\" data-end=\"882\">\n<p data-start=\"851\" data-end=\"882\">la den lade i l\u00f8pet av dagen.<\/p>\n<\/li>\n<li data-start=\"883\" data-end=\"929\">\n<p data-start=\"886\" data-end=\"929\">se den automatisk lyse opp om natten.<\/p>\n<\/li>\n<\/ol>\n<h2 style=\"text-align: center\" data-start=\"936\" data-end=\"960\">Produktdetaljer<\/h2>\n<ul data-start=\"961\" data-end=\"1236\">\n<li data-start=\"961\" data-end=\"996\">\n<p data-start=\"963\" data-end=\"996\">Materiale: rustfritt st\u00e5l + ABS<\/p>\n<\/li>\n<li data-start=\"997\" data-end=\"1062\">\n<p data-start=\"999\" data-end=\"1062\">Lysfarge: varmhvit \/ kaldhvit (avhengig av valg)<\/p>\n<\/li>\n<li data-start=\"1063\" data-end=\"1111\">\n<p data-start=\"1065\" data-end=\"1111\">Ladetid: ca. 6-8 timer i sollys<\/p>\n<\/li>\n<li data-start=\"1112\" data-end=\"1155\">\n<p data-start=\"1114\" data-end=\"1155\">Arbeidstid: opptil 8-10 timer om natten<\/p>\n<\/li>\n<li data-start=\"1156\" data-end=\"1183\">\n<p data-start=\"1158\" data-end=\"1183\">Vanntetthetsgrad: IP65<\/p>\n<\/li>\n<li data-start=\"1184\" data-end=\"1236\">\n<p data-start=\"1186\" data-end=\"1236\">St\u00f8rrelse: 12 cm diameter x 13 cm h\u00f8yde (med pinne)<\/p>\n<\/li>\n<\/ul>\n<h2 style=\"text-align: center\" data-start=\"1243\" data-end=\"1268\">Pakken Inneholder<\/h2>\n<ul data-start=\"1269\" data-end=\"1356\">\n<li data-start=\"1269\" data-end=\"1322\">\n<p data-start=\"1271\" data-end=\"1322\">2, 4, 8x solcellelamper p\u00e5 bakken<\/p>\n<\/li>\n<li data-start=\"1323\" data-end=\"1340\">\n<p data-start=\"1325\" data-end=\"1340\">2, 4, 8x jordpinner<\/p>\n<\/li>\n<li data-start=\"1341\" data-end=\"1356\">\n<p data-start=\"1343\" data-end=\"1356\">Brukerveiledning.<\/p>\n<\/li>\n<\/ul>\n","protected":false},"excerpt":{"rendered":"<p>Solcellelamper &#8211; lys opp hagen din med gratis solenergi \ud83c\udf1e Lys opp uterommet ditt uten problemer med disse energibesparende solcellelampene. [&hellip;]<\/p>\n","protected":false},"featured_media":37933,"comment_status":"open","ping_status":"closed","template":"","meta":{"site-sidebar-layout":"default","site-content-layout":"","ast-site-content-layout":"default","site-content-style":"default","site-sidebar-style":"default","ast-global-header-display":"","ast-banner-title-visibility":"","ast-main-header-display":"","ast-hfb-above-header-display":"","ast-hfb-below-header-display":"","ast-hfb-mobile-header-display":"","site-post-title":"","ast-breadcrumbs-content":"","ast-featured-img":"","footer-sml-layout":"","theme-transparent-header-meta":"default","adv-header-id-meta":"","stick-header-meta":"","header-above-stick-meta":"","header-main-stick-meta":"","header-below-stick-meta":"","astra-migrate-meta-layouts":"set","ast-page-background-enabled":"default","ast-page-background-meta":{"desktop":{"background-color":"var(--ast-global-color-4)","background-image":"","background-repeat":"repeat","background-position":"center center","background-size":"auto","background-attachment":"scroll","background-type":"","background-media":"","overlay-type":"","overlay-color":"","overlay-opacity":"","overlay-gradient":""},"tablet":{"background-color":"","background-image":"","background-repeat":"repeat","background-position":"center center","background-size":"auto","background-attachment":"scroll","background-type":"","background-media":"","overlay-type":"","overlay-color":"","overlay-opacity":"","overlay-gradient":""},"mobile":{"background-color":"","background-image":"","background-repeat":"repeat","background-position":"center center","background-size":"auto","background-attachment":"scroll","background-type":"","background-media":"","overlay-type":"","overlay-color":"","overlay-opacity":"","overlay-gradient":""}},"ast-content-background-meta":{"desktop":{"background-color":"var(--ast-global-color-5)","background-image":"","background-repeat":"repeat","background-position":"center center","background-size":"auto","background-attachment":"scroll","background-type":"","background-media":"","overlay-type":"","overlay-color":"","overlay-opacity":"","overlay-gradient":""},"tablet":{"background-color":"var(--ast-global-color-5)","background-image":"","background-repeat":"repeat","background-position":"center center","background-size":"auto","background-attachment":"scroll","background-type":"","background-media":"","overlay-type":"","overlay-color":"","overlay-opacity":"","overlay-gradient":""},"mobile":{"background-color":"var(--ast-global-color-5)","background-image":"","background-repeat":"repeat","background-position":"center center","background-size":"auto","background-attachment":"scroll","background-type":"","background-media":"","overlay-type":"","overlay-color":"","overlay-opacity":"","overlay-gradient":""}}},"product_brand":[],"product_cat":[1001],"product_tag":[],"class_list":{"0":"post-37937","1":"product","2":"type-product","3":"status-publish","4":"has-post-thumbnail","6":"product_cat-husholdningsartikler","7":"pa_42472_0nf5g07p-2-stk","8":"pa_42472_0nf5g07p-4-stk","9":"pa_42472_0nf5g07p-8-stk","10":"pa_42472_e5ev1cfh-hvit","11":"pa_42472_e5ev1cfh-varm-hvit","12":"desktop-align-left","13":"tablet-align-left","14":"mobile-align-left","16":"first","17":"instock","18":"shipping-taxable","19":"purchasable","20":"product-type-variable","21":"has-default-attributes"},"_links":{"self":[{"href":"https:\/\/keluvo.com\/no\/wp-json\/wp\/v2\/product\/37937","targetHints":{"allow":["GET"]}}],"collection":[{"href":"https:\/\/keluvo.com\/no\/wp-json\/wp\/v2\/product"}],"about":[{"href":"https:\/\/keluvo.com\/no\/wp-json\/wp\/v2\/types\/product"}],"replies":[{"embeddable":true,"href":"https:\/\/keluvo.com\/no\/wp-json\/wp\/v2\/comments?post=37937"}],"wp:featuredmedia":[{"embeddable":true,"href":"https:\/\/keluvo.com\/no\/wp-json\/wp\/v2\/media\/37933"}],"wp:attachment":[{"href":"https:\/\/keluvo.com\/no\/wp-json\/wp\/v2\/media?parent=37937"}],"wp:term":[{"taxonomy":"product_brand","embeddable":true,"href":"https:\/\/keluvo.com\/no\/wp-json\/wp\/v2\/product_brand?post=37937"},{"taxonomy":"product_cat","embeddable":true,"href":"https:\/\/keluvo.com\/no\/wp-json\/wp\/v2\/product_cat?post=37937"},{"taxonomy":"product_tag","embeddable":true,"href":"https:\/\/keluvo.com\/no\/wp-json\/wp\/v2\/product_tag?post=37937"}],"curies":[{"name":"wp","href":"https:\/\/api.w.org\/{rel}","templated":true}]}}