{"id":37768,"date":"2025-08-14T17:41:29","date_gmt":"2025-08-14T15:41:29","guid":{"rendered":"https:\/\/keluvo.com\/no\/produkt\/skulderveske-6\/"},"modified":"2025-09-12T16:37:20","modified_gmt":"2025-09-12T13:37:20","slug":"skulderveske-6","status":"publish","type":"product","link":"https:\/\/keluvo.com\/no\/produkt\/skulderveske-6\/","title":{"rendered":"Skulderveske"},"content":{"rendered":"<p style=\"text-align: center\" data-start=\"149\" data-end=\"199\"><strong data-start=\"149\" data-end=\"194\">G\u00e5 Ut Med Stil Og Tidl\u00f8s Eleganse!<\/strong> \ud83d\udc5c<\/p>\n<p style=\"text-align: center\" data-start=\"201\" data-end=\"449\">Denne vesken kombinerer luksus og praktisk funksjonalitet, noe som gj\u00f8r den til det perfekte tilbeh\u00f8ret for enhver anledning. De f\u00f8rsteklasses materialene og den raffinerte designen gj\u00f8r den til et allsidig valg &#8211; enten du skal p\u00e5 jobb, shoppe eller g\u00e5 ut.<span style=\"font-size: 16px;font-style: normal;font-weight: 400\">\u2728<\/span><\/p>\n<p data-start=\"201\" data-end=\"449\"><img decoding=\"async\" class=\"size-full wp-image-31706 aligncenter\" src=\"https:\/\/keluvo.com\/template\/wp-content\/uploads\/sites\/5\/2025\/08\/SMWNrwV6fhmtmLk3jVlh.jpg\" alt=\"\" \/><\/p>\n<h2 style=\"text-align: center\" data-start=\"451\" data-end=\"473\">Hovedfordeler \ud83c\udf1f<\/h2>\n<p data-start=\"476\" data-end=\"547\">\ud83d\udcbc Elegant design &#8211; tilf\u00f8rer et snev av raffinement til ethvert antrekk<\/p>\n<p data-start=\"550\" data-end=\"624\">\ud83e\uddf5 Materialer av h\u00f8y kvalitet &#8211; laget for \u00e5 vare med f\u00f8rsteklasses h\u00e5ndverk<\/p>\n<p data-start=\"627\" data-end=\"713\">\ud83c\udfaf Praktisk og stilig &#8211; romslig nok til det viktigste, samtidig som den er kompakt<\/p>\n<p data-start=\"716\" data-end=\"774\">\ud83c\udf80 Komfortabel stropp &#8211; justerbar for perfekt passform<\/p>\n<p data-start=\"777\" data-end=\"846\">\ud83e\uddf3 Allsidig bruk &#8211; ideell for fritid, jobb eller kveldsbruk<\/p>\n<p data-start=\"777\" data-end=\"846\"><img decoding=\"async\" class=\"size-full wp-image-31711 aligncenter\" src=\"https:\/\/keluvo.com\/template\/wp-content\/uploads\/sites\/5\/2025\/08\/Sc2ce0ad63cba4ecd9c83ca27f4be1c72M.jpg_960x960q75.jpg_.avif\" alt=\"\" \/><\/p>\n<h2 style=\"text-align: center\" data-start=\"848\" data-end=\"867\">Slik Bruker Du Den \ud83e\ude84<\/h2>\n<ol data-start=\"868\" data-end=\"1045\">\n<li data-start=\"868\" data-end=\"915\">\n<p data-start=\"871\" data-end=\"915\">Juster stroppen til \u00f8nsket lengde.<\/p>\n<\/li>\n<li data-start=\"916\" data-end=\"979\">\n<p data-start=\"919\" data-end=\"979\">Oppbevar det viktigste som telefon, lommebok og n\u00f8kler i.<\/p>\n<\/li>\n<li data-start=\"980\" data-end=\"1045\">\n<p data-start=\"983\" data-end=\"1045\">B\u00e6r den p\u00e5 skulderen eller p\u00e5 tvers av kroppen for uanstrengt stil.<\/p>\n<\/li>\n<\/ol>\n<h2 style=\"text-align: center\" data-start=\"1047\" data-end=\"1071\">Produktdetaljer \ud83d\udccb<\/h2>\n<ul data-start=\"1072\" data-end=\"1233\">\n<li data-start=\"1072\" data-end=\"1101\">\n<p data-start=\"1074\" data-end=\"1101\">Materiale: Premium skinn<\/p>\n<\/li>\n<li data-start=\"1102\" data-end=\"1118\">\n<p data-start=\"1104\" data-end=\"1118\">Farge: Kaffe og beige<\/p>\n<\/li>\n<li data-start=\"1119\" data-end=\"1152\">\n<p data-start=\"1121\" data-end=\"1152\">Stil: Skulder-\/crossbody-veske<\/p>\n<\/li>\n<li data-start=\"1153\" data-end=\"1233\">\n<p data-start=\"1155\" data-end=\"1233\">Funksjoner: Justerbar stropp, romslig hovedrom, sikker glidel\u00e5slukking<\/p>\n<\/li>\n<li data-start=\"1153\" data-end=\"1233\">St\u00f8rrelse: 22 x 14 x 5 cm.<\/li>\n<\/ul>\n<h2 style=\"text-align: center\" data-start=\"1235\" data-end=\"1260\">Pakken Inkluderer \ud83c\udf81<\/h2>\n<ul data-start=\"1261\" data-end=\"1321\">\n<li data-start=\"1261\" data-end=\"1321\">\n<p data-start=\"1263\" data-end=\"1321\">1x skulder-\/crossbody-veske.<\/p>\n<\/li>\n<\/ul>\n","protected":false},"excerpt":{"rendered":"<p>G\u00e5 Ut Med Stil Og Tidl\u00f8s Eleganse! \ud83d\udc5c Denne vesken kombinerer luksus og praktisk funksjonalitet, noe som gj\u00f8r den til [&hellip;]<\/p>\n","protected":false},"featured_media":37764,"comment_status":"open","ping_status":"closed","template":"","meta":{"site-sidebar-layout":"default","site-content-layout":"","ast-site-content-layout":"default","site-content-style":"default","site-sidebar-style":"default","ast-global-header-display":"","ast-banner-title-visibility":"","ast-main-header-display":"","ast-hfb-above-header-display":"","ast-hfb-below-header-display":"","ast-hfb-mobile-header-display":"","site-post-title":"","ast-breadcrumbs-content":"","ast-featured-img":"","footer-sml-layout":"","theme-transparent-header-meta":"default","adv-header-id-meta":"","stick-header-meta":"","header-above-stick-meta":"","header-main-stick-meta":"","header-below-stick-meta":"","astra-migrate-meta-layouts":"set","ast-page-background-enabled":"default","ast-page-background-meta":{"desktop":{"background-color":"var(--ast-global-color-4)","background-image":"","background-repeat":"repeat","background-position":"center center","background-size":"auto","background-attachment":"scroll","background-type":"","background-media":"","overlay-type":"","overlay-color":"","overlay-opacity":"","overlay-gradient":""},"tablet":{"background-color":"","background-image":"","background-repeat":"repeat","background-position":"center center","background-size":"auto","background-attachment":"scroll","background-type":"","background-media":"","overlay-type":"","overlay-color":"","overlay-opacity":"","overlay-gradient":""},"mobile":{"background-color":"","background-image":"","background-repeat":"repeat","background-position":"center center","background-size":"auto","background-attachment":"scroll","background-type":"","background-media":"","overlay-type":"","overlay-color":"","overlay-opacity":"","overlay-gradient":""}},"ast-content-background-meta":{"desktop":{"background-color":"var(--ast-global-color-5)","background-image":"","background-repeat":"repeat","background-position":"center center","background-size":"auto","background-attachment":"scroll","background-type":"","background-media":"","overlay-type":"","overlay-color":"","overlay-opacity":"","overlay-gradient":""},"tablet":{"background-color":"var(--ast-global-color-5)","background-image":"","background-repeat":"repeat","background-position":"center center","background-size":"auto","background-attachment":"scroll","background-type":"","background-media":"","overlay-type":"","overlay-color":"","overlay-opacity":"","overlay-gradient":""},"mobile":{"background-color":"var(--ast-global-color-5)","background-image":"","background-repeat":"repeat","background-position":"center center","background-size":"auto","background-attachment":"scroll","background-type":"","background-media":"","overlay-type":"","overlay-color":"","overlay-opacity":"","overlay-gradient":""}}},"product_brand":[],"product_cat":[994,993],"product_tag":[],"class_list":{"0":"post-37768","1":"product","2":"type-product","3":"status-publish","4":"has-post-thumbnail","6":"product_cat-klaer-til-kvinner","7":"product_cat-skotoy-tilbehor","8":"pa_35091_sv4tzgkz-beige","9":"pa_35091_sv4tzgkz-kaffe","10":"desktop-align-left","11":"tablet-align-left","12":"mobile-align-left","14":"first","15":"instock","16":"shipping-taxable","17":"purchasable","18":"product-type-variable"},"_links":{"self":[{"href":"https:\/\/keluvo.com\/no\/wp-json\/wp\/v2\/product\/37768","targetHints":{"allow":["GET"]}}],"collection":[{"href":"https:\/\/keluvo.com\/no\/wp-json\/wp\/v2\/product"}],"about":[{"href":"https:\/\/keluvo.com\/no\/wp-json\/wp\/v2\/types\/product"}],"replies":[{"embeddable":true,"href":"https:\/\/keluvo.com\/no\/wp-json\/wp\/v2\/comments?post=37768"}],"wp:featuredmedia":[{"embeddable":true,"href":"https:\/\/keluvo.com\/no\/wp-json\/wp\/v2\/media\/37764"}],"wp:attachment":[{"href":"https:\/\/keluvo.com\/no\/wp-json\/wp\/v2\/media?parent=37768"}],"wp:term":[{"taxonomy":"product_brand","embeddable":true,"href":"https:\/\/keluvo.com\/no\/wp-json\/wp\/v2\/product_brand?post=37768"},{"taxonomy":"product_cat","embeddable":true,"href":"https:\/\/keluvo.com\/no\/wp-json\/wp\/v2\/product_cat?post=37768"},{"taxonomy":"product_tag","embeddable":true,"href":"https:\/\/keluvo.com\/no\/wp-json\/wp\/v2\/product_tag?post=37768"}],"curies":[{"name":"wp","href":"https:\/\/api.w.org\/{rel}","templated":true}]}}