{"id":37728,"date":"2025-08-14T17:37:45","date_gmt":"2025-08-14T15:37:45","guid":{"rendered":"https:\/\/keluvo.com\/no\/produkt\/leketoy\/"},"modified":"2025-08-14T17:37:56","modified_gmt":"2025-08-14T15:37:56","slug":"leketoy","status":"publish","type":"product","link":"https:\/\/keluvo.com\/no\/produkt\/leketoy\/","title":{"rendered":"Leket\u00f8y"},"content":{"rendered":"<p style=\"text-align: center\" data-start=\"121\" data-end=\"176\"><strong data-start=\"121\" data-end=\"171\">Gj\u00f8r L\u00e6ring Morsomt Og Spennende For Barnet Ditt!<\/strong> \ud83e\uddf8<\/p>\n<p style=\"text-align: center\" data-start=\"178\" data-end=\"431\">Denne bj\u00f8rneform-matchende leken hjelper barn \u00e5 l\u00e6re former, farger og h\u00e5nd-\u00f8ye-koordinasjon gjennom engasjerende og interaktiv lek. Den er perfekt for sm\u00e5barn og oppmuntrer til fokus, probleml\u00f8sning og kreativitet, samtidig som den holder dem underholdt i timevis.<span style=\"font-size: 16px;font-style: normal;font-weight: 400\">\ud83c\udfaf<\/span><\/p>\n<p data-start=\"178\" data-end=\"431\"><img decoding=\"async\" class=\"size-full wp-image-31638 aligncenter\" src=\"https:\/\/keluvo.com\/template\/wp-content\/uploads\/sites\/5\/2025\/08\/ahrtv-pgtxq_480x480.webp\" alt=\"\" \/><\/p>\n<h2 style=\"text-align: center\" data-start=\"433\" data-end=\"455\">Hovedfordeler \ud83c\udf1f<\/h2>\n<p data-start=\"458\" data-end=\"531\">\ud83c\udfa8 L\u00e6rer former og farger &#8211; bidrar til \u00e5 utvikle tidlige l\u00e6ringsferdigheter<\/p>\n<p data-start=\"534\" data-end=\"615\">\ud83d\udd90 Forbedrer h\u00e5nd-\u00f8ye-koordinasjon &#8211; morsomme aktiviteter som styrker motoriske ferdigheter<\/p>\n<p data-start=\"618\" data-end=\"699\">\ud83e\udde0 Oppmuntrer til probleml\u00f8sning &#8211; barn matcher former til de riktige sporene<\/p>\n<p data-start=\"702\" data-end=\"775\">\ud83e\udeb5 Trygt og holdbart &#8211; laget av h\u00f8y kvalitet, materials<\/p>\n<p data-start=\"778\" data-end=\"861\">\ud83d\udc68\u200d\ud83d\udc69\u200d\ud83d\udc67 Perfekt familiespill &#8211; perfekt for \u00e5 knytte b\u00e5nd og dele l\u00e6rings\u00f8yeblikk<\/p>\n<p data-start=\"778\" data-end=\"861\"><img decoding=\"async\" class=\"size-full wp-image-31637 aligncenter\" src=\"https:\/\/keluvo.com\/template\/wp-content\/uploads\/sites\/5\/2025\/08\/0001__2_1e4a2fcc-a0c7-4006-9380-a84e51ddf76a_480x480.webp\" alt=\"\" \/><\/p>\n<h2 style=\"text-align: center\" data-start=\"863\" data-end=\"882\">Slik Bruker Du Det \ud83e\ude84<\/h2>\n<ol data-start=\"883\" data-end=\"1064\">\n<li data-start=\"883\" data-end=\"932\">\n<p data-start=\"886\" data-end=\"932\">Plasser bj\u00f8rnebrettet foran barnet ditt.<\/p>\n<\/li>\n<li data-start=\"933\" data-end=\"1000\">\n<p data-start=\"936\" data-end=\"1000\">Gi dem de fargerike figurene som de skal sette inn i de riktige sporene som vist p\u00e5 kortet.<\/p>\n<\/li>\n<li data-start=\"1001\" data-end=\"1064\">\n<p data-start=\"1004\" data-end=\"1064\">Oppfordre dem til \u00e5 navngi figurene og fargene mens de spiller.<\/p>\n<\/li>\n<\/ol>\n<h2 style=\"text-align: center\" data-start=\"1066\" data-end=\"1090\">Produktdetaljer \ud83d\udccb<\/h2>\n<ul data-start=\"1091\" data-end=\"1232\">\n<li data-start=\"1091\" data-end=\"1109\">\n<p data-start=\"1093\" data-end=\"1109\">Materiale: tre<\/p>\n<\/li>\n<li data-start=\"1110\" data-end=\"1135\">\n<p data-start=\"1112\" data-end=\"1135\">Vekt: ca. 380 g<\/p>\n<\/li>\n<li data-start=\"1136\" data-end=\"1186\">\n<p data-start=\"1138\" data-end=\"1186\">Design: bj\u00f8rneformet brett med fargerike former<\/p>\n<\/li>\n<li data-start=\"1187\" data-end=\"1232\">\n<p data-start=\"1189\" data-end=\"1232\">Egnet for: sm\u00e5barn og sm\u00e5 barn<\/p>\n<\/li>\n<\/ul>\n<h2 style=\"text-align: center\" data-start=\"1234\" data-end=\"1259\">Pakken Inkluderer \ud83c\udf81<\/h2>\n<ul data-start=\"1260\" data-end=\"1320\">\n<li data-start=\"1260\" data-end=\"1293\">Alternativ A: 1x bj\u00f8rneformet matchende brett, 16x fargerike former og 15x kort<\/li>\n<li data-start=\"1260\" data-end=\"1293\">Alternativ B: 2x bj\u00f8rneformet matchende brett, 32x fargerike former og 30x kort<\/li>\n<li data-start=\"1260\" data-end=\"1293\">Alternativ C: 2x bj\u00f8rneformet matchende brett, 32x fargerike former og 30x kort, 1x bjelle.<\/li>\n<\/ul>\n","protected":false},"excerpt":{"rendered":"<p>Gj\u00f8r L\u00e6ring Morsomt Og Spennende For Barnet Ditt! \ud83e\uddf8 Denne bj\u00f8rneform-matchende leken hjelper barn \u00e5 l\u00e6re former, farger og h\u00e5nd-\u00f8ye-koordinasjon [&hellip;]<\/p>\n","protected":false},"featured_media":37724,"comment_status":"open","ping_status":"closed","template":"","meta":{"site-sidebar-layout":"default","site-content-layout":"","ast-site-content-layout":"default","site-content-style":"default","site-sidebar-style":"default","ast-global-header-display":"","ast-banner-title-visibility":"","ast-main-header-display":"","ast-hfb-above-header-display":"","ast-hfb-below-header-display":"","ast-hfb-mobile-header-display":"","site-post-title":"","ast-breadcrumbs-content":"","ast-featured-img":"","footer-sml-layout":"","theme-transparent-header-meta":"default","adv-header-id-meta":"","stick-header-meta":"","header-above-stick-meta":"","header-main-stick-meta":"","header-below-stick-meta":"","astra-migrate-meta-layouts":"set","ast-page-background-enabled":"default","ast-page-background-meta":{"desktop":{"background-color":"var(--ast-global-color-4)","background-image":"","background-repeat":"repeat","background-position":"center center","background-size":"auto","background-attachment":"scroll","background-type":"","background-media":"","overlay-type":"","overlay-color":"","overlay-opacity":"","overlay-gradient":""},"tablet":{"background-color":"","background-image":"","background-repeat":"repeat","background-position":"center center","background-size":"auto","background-attachment":"scroll","background-type":"","background-media":"","overlay-type":"","overlay-color":"","overlay-opacity":"","overlay-gradient":""},"mobile":{"background-color":"","background-image":"","background-repeat":"repeat","background-position":"center center","background-size":"auto","background-attachment":"scroll","background-type":"","background-media":"","overlay-type":"","overlay-color":"","overlay-opacity":"","overlay-gradient":""}},"ast-content-background-meta":{"desktop":{"background-color":"var(--ast-global-color-5)","background-image":"","background-repeat":"repeat","background-position":"center center","background-size":"auto","background-attachment":"scroll","background-type":"","background-media":"","overlay-type":"","overlay-color":"","overlay-opacity":"","overlay-gradient":""},"tablet":{"background-color":"var(--ast-global-color-5)","background-image":"","background-repeat":"repeat","background-position":"center center","background-size":"auto","background-attachment":"scroll","background-type":"","background-media":"","overlay-type":"","overlay-color":"","overlay-opacity":"","overlay-gradient":""},"mobile":{"background-color":"var(--ast-global-color-5)","background-image":"","background-repeat":"repeat","background-position":"center center","background-size":"auto","background-attachment":"scroll","background-type":"","background-media":"","overlay-type":"","overlay-color":"","overlay-opacity":"","overlay-gradient":""}}},"product_brand":[],"product_cat":[990],"product_tag":[],"class_list":{"0":"post-37728","1":"product","2":"type-product","3":"status-publish","4":"has-post-thumbnail","6":"product_cat-leker-barne-og-babyprodukter","7":"pa_18859_g6n5xnf1-a","8":"pa_18859_g6n5xnf1-b","9":"pa_18859_g6n5xnf1-c","10":"desktop-align-left","11":"tablet-align-left","12":"mobile-align-left","14":"first","15":"instock","16":"shipping-taxable","17":"purchasable","18":"product-type-variable"},"_links":{"self":[{"href":"https:\/\/keluvo.com\/no\/wp-json\/wp\/v2\/product\/37728","targetHints":{"allow":["GET"]}}],"collection":[{"href":"https:\/\/keluvo.com\/no\/wp-json\/wp\/v2\/product"}],"about":[{"href":"https:\/\/keluvo.com\/no\/wp-json\/wp\/v2\/types\/product"}],"replies":[{"embeddable":true,"href":"https:\/\/keluvo.com\/no\/wp-json\/wp\/v2\/comments?post=37728"}],"wp:featuredmedia":[{"embeddable":true,"href":"https:\/\/keluvo.com\/no\/wp-json\/wp\/v2\/media\/37724"}],"wp:attachment":[{"href":"https:\/\/keluvo.com\/no\/wp-json\/wp\/v2\/media?parent=37728"}],"wp:term":[{"taxonomy":"product_brand","embeddable":true,"href":"https:\/\/keluvo.com\/no\/wp-json\/wp\/v2\/product_brand?post=37728"},{"taxonomy":"product_cat","embeddable":true,"href":"https:\/\/keluvo.com\/no\/wp-json\/wp\/v2\/product_cat?post=37728"},{"taxonomy":"product_tag","embeddable":true,"href":"https:\/\/keluvo.com\/no\/wp-json\/wp\/v2\/product_tag?post=37728"}],"curies":[{"name":"wp","href":"https:\/\/api.w.org\/{rel}","templated":true}]}}