{"id":37715,"date":"2025-08-14T17:36:41","date_gmt":"2025-08-14T15:36:41","guid":{"rendered":"https:\/\/keluvo.com\/no\/produkt\/flaskeapner\/"},"modified":"2025-09-12T16:32:28","modified_gmt":"2025-09-12T13:32:28","slug":"flaskeapner","status":"publish","type":"product","link":"https:\/\/keluvo.com\/no\/produkt\/flaskeapner\/","title":{"rendered":"Flaske\u00e5pner"},"content":{"rendered":"<p style=\"text-align: center\" data-start=\"123\" data-end=\"175\"><strong data-start=\"123\" data-end=\"170\">\u00c5pne Krukker Og Bokser Uten Problemer Hver Gang!<\/strong> \ud83e\udd6b<\/p>\n<p style=\"text-align: center\" data-start=\"177\" data-end=\"411\">Denne multifunksjonelle flaske\u00e5pneren er den perfekte kj\u00f8kkenhjelperen for alle som sliter med tette lokk. Den smarte designen gj\u00f8r det enkelt \u00e5 \u00e5pne krukker, bokser og flasker uten anstrengelse &#8211; og sparer hender og h\u00e5ndledd for ubehag. <span style=\"font-size: 16px;font-style: normal;font-weight: 400\">\ud83d\udee0<\/span><\/p>\n<p data-start=\"177\" data-end=\"411\"><img decoding=\"async\" class=\"size-full wp-image-31620 aligncenter\" src=\"https:\/\/keluvo.com\/template\/wp-content\/uploads\/sites\/5\/2025\/08\/giphy_4bc2d185-5811-4079-918e-ff307f4b8a7b_480x480.webp\" alt=\"\" \/><\/p>\n<h2 style=\"text-align: center\" data-start=\"413\" data-end=\"435\">Hovedfordeler \ud83c\udf1f<\/h2>\n<p data-start=\"438\" data-end=\"509\">\ud83d\udcaa \u00c5pner tette lokk enkelt \u2013 perfekt for krukker, bokser, og flasker<\/p>\n<p data-start=\"512\" data-end=\"597\">\ud83c\udfe0 Ideell for alle aldre \u2013 perfekt for eldre eller personer med redusert gripestyrke<\/p>\n<p data-start=\"600\" data-end=\"667\">\ud83c\udfaf Flerbruksdesign \u2013 fungerer p\u00e5 forskjellige lokkst\u00f8rrelser og -typer<\/p>\n<p data-start=\"670\" data-end=\"728\">\ud83e\uddfc Enkel \u00e5 rengj\u00f8re \u2013 bare skyll under vann etter bruk<\/p>\n<p data-start=\"731\" data-end=\"802\">\ud83d\udee1 Slitesterk og robust \u2013 laget for \u00e5 vare med materialer av h\u00f8y kvalitet<\/p>\n<p data-start=\"731\" data-end=\"802\"><img decoding=\"async\" class=\"size-full wp-image-31623 aligncenter\" src=\"https:\/\/keluvo.com\/template\/wp-content\/uploads\/sites\/5\/2025\/08\/giphy-2_ec73fc15-f118-4667-b7db-83f0409aff65_480x480.webp\" alt=\"\" \/><\/p>\n<h2 style=\"text-align: center\" data-start=\"804\" data-end=\"823\">Slik Bruker Du Den \ud83e\ude84<\/h2>\n<ol data-start=\"824\" data-end=\"927\">\n<li data-start=\"824\" data-end=\"857\">\n<p data-start=\"827\" data-end=\"857\">Plasser \u00e5pneren p\u00e5 lokket.<\/p>\n<\/li>\n<li data-start=\"858\" data-end=\"886\">\n<p data-start=\"861\" data-end=\"886\">Juster for \u00e5 passe sikkert.<\/p>\n<\/li>\n<li data-start=\"887\" data-end=\"927\">\n<p data-start=\"890\" data-end=\"927\">Vri for \u00e5 l\u00f8sne og ta av lokket.<\/p>\n<\/li>\n<\/ol>\n<h2 style=\"text-align: center\" data-start=\"929\" data-end=\"953\">Produktdetaljer \ud83d\udccb<\/h2>\n<ul data-start=\"954\" data-end=\"1105\">\n<li data-start=\"954\" data-end=\"989\">\n<p data-start=\"956\" data-end=\"989\">Materiale: Plast + rustfritt st\u00e5l<\/p>\n<\/li>\n<li data-start=\"990\" data-end=\"1035\">\n<p data-start=\"992\" data-end=\"1035\">St\u00f8rrelse: Justerbar for \u00e5 passe til forskjellige lokkst\u00f8rrelser<\/p>\n<\/li>\n<li data-start=\"1036\" data-end=\"1070\">\n<p data-start=\"1038\" data-end=\"1070\">Bruk: Krukker, bokser og flasker<\/p>\n<\/li>\n<li data-start=\"1071\" data-end=\"1105\">\n<p data-start=\"1073\" data-end=\"1105\">M\u00e5l:  21 x 6 x 3 cm<\/p>\n<\/li>\n<li data-start=\"1071\" data-end=\"1105\">Vekt: 250 g.<\/li>\n<\/ul>\n<h2 style=\"text-align: center\" data-start=\"1107\" data-end=\"1132\">Pakken Inkluderer \ud83c\udf81<\/h2>\n<ul data-start=\"1133\" data-end=\"1167\">\n<li data-start=\"1133\" data-end=\"1167\">\n<p data-start=\"1135\" data-end=\"1167\">1x multifunksjonell flaske\u00e5pner.<\/p>\n<\/li>\n<\/ul>\n","protected":false},"excerpt":{"rendered":"<p>\u00c5pne Krukker Og Bokser Uten Problemer Hver Gang! \ud83e\udd6b Denne multifunksjonelle flaske\u00e5pneren er den perfekte kj\u00f8kkenhjelperen for alle som sliter [&hellip;]<\/p>\n","protected":false},"featured_media":37711,"comment_status":"open","ping_status":"closed","template":"","meta":{"site-sidebar-layout":"default","site-content-layout":"","ast-site-content-layout":"default","site-content-style":"default","site-sidebar-style":"default","ast-global-header-display":"","ast-banner-title-visibility":"","ast-main-header-display":"","ast-hfb-above-header-display":"","ast-hfb-below-header-display":"","ast-hfb-mobile-header-display":"","site-post-title":"","ast-breadcrumbs-content":"","ast-featured-img":"","footer-sml-layout":"","theme-transparent-header-meta":"default","adv-header-id-meta":"","stick-header-meta":"","header-above-stick-meta":"","header-main-stick-meta":"","header-below-stick-meta":"","astra-migrate-meta-layouts":"set","ast-page-background-enabled":"default","ast-page-background-meta":{"desktop":{"background-color":"var(--ast-global-color-4)","background-image":"","background-repeat":"repeat","background-position":"center center","background-size":"auto","background-attachment":"scroll","background-type":"","background-media":"","overlay-type":"","overlay-color":"","overlay-opacity":"","overlay-gradient":""},"tablet":{"background-color":"","background-image":"","background-repeat":"repeat","background-position":"center center","background-size":"auto","background-attachment":"scroll","background-type":"","background-media":"","overlay-type":"","overlay-color":"","overlay-opacity":"","overlay-gradient":""},"mobile":{"background-color":"","background-image":"","background-repeat":"repeat","background-position":"center center","background-size":"auto","background-attachment":"scroll","background-type":"","background-media":"","overlay-type":"","overlay-color":"","overlay-opacity":"","overlay-gradient":""}},"ast-content-background-meta":{"desktop":{"background-color":"var(--ast-global-color-5)","background-image":"","background-repeat":"repeat","background-position":"center center","background-size":"auto","background-attachment":"scroll","background-type":"","background-media":"","overlay-type":"","overlay-color":"","overlay-opacity":"","overlay-gradient":""},"tablet":{"background-color":"var(--ast-global-color-5)","background-image":"","background-repeat":"repeat","background-position":"center center","background-size":"auto","background-attachment":"scroll","background-type":"","background-media":"","overlay-type":"","overlay-color":"","overlay-opacity":"","overlay-gradient":""},"mobile":{"background-color":"var(--ast-global-color-5)","background-image":"","background-repeat":"repeat","background-position":"center center","background-size":"auto","background-attachment":"scroll","background-type":"","background-media":"","overlay-type":"","overlay-color":"","overlay-opacity":"","overlay-gradient":""}}},"product_brand":[],"product_cat":[1001],"product_tag":[],"class_list":{"0":"post-37715","1":"product","2":"type-product","3":"status-publish","4":"has-post-thumbnail","6":"product_cat-husholdningsartikler","7":"pa_23608_atfs7e86-bla","8":"pa_23608_atfs7e86-hvit","9":"pa_23608_atfs7e86-rod","10":"pa_23608_atfs7e86-svart","11":"desktop-align-left","12":"tablet-align-left","13":"mobile-align-left","15":"first","16":"instock","17":"shipping-taxable","18":"purchasable","19":"product-type-variable"},"_links":{"self":[{"href":"https:\/\/keluvo.com\/no\/wp-json\/wp\/v2\/product\/37715","targetHints":{"allow":["GET"]}}],"collection":[{"href":"https:\/\/keluvo.com\/no\/wp-json\/wp\/v2\/product"}],"about":[{"href":"https:\/\/keluvo.com\/no\/wp-json\/wp\/v2\/types\/product"}],"replies":[{"embeddable":true,"href":"https:\/\/keluvo.com\/no\/wp-json\/wp\/v2\/comments?post=37715"}],"wp:featuredmedia":[{"embeddable":true,"href":"https:\/\/keluvo.com\/no\/wp-json\/wp\/v2\/media\/37711"}],"wp:attachment":[{"href":"https:\/\/keluvo.com\/no\/wp-json\/wp\/v2\/media?parent=37715"}],"wp:term":[{"taxonomy":"product_brand","embeddable":true,"href":"https:\/\/keluvo.com\/no\/wp-json\/wp\/v2\/product_brand?post=37715"},{"taxonomy":"product_cat","embeddable":true,"href":"https:\/\/keluvo.com\/no\/wp-json\/wp\/v2\/product_cat?post=37715"},{"taxonomy":"product_tag","embeddable":true,"href":"https:\/\/keluvo.com\/no\/wp-json\/wp\/v2\/product_tag?post=37715"}],"curies":[{"name":"wp","href":"https:\/\/api.w.org\/{rel}","templated":true}]}}