{"id":37640,"date":"2025-08-14T17:31:55","date_gmt":"2025-08-14T15:31:55","guid":{"rendered":"https:\/\/keluvo.com\/no\/produkt\/ryggsekk-for-kjaeledyr\/"},"modified":"2025-08-15T11:33:50","modified_gmt":"2025-08-15T09:33:50","slug":"ryggsekk-for-kjaeledyr","status":"publish","type":"product","link":"https:\/\/keluvo.com\/no\/produkt\/ryggsekk-for-kjaeledyr\/","title":{"rendered":"Ryggsekk for kj\u00e6ledyr"},"content":{"rendered":"<p style=\"text-align: center\" data-start=\"117\" data-end=\"179\"><strong data-start=\"117\" data-end=\"174\">Ta Med Deg Din Pelskledde Venn Hvor Som Helst I Komfort Og Stil!<\/strong> \ud83d\udc3e<\/p>\n<p style=\"text-align: center\" data-start=\"181\" data-end=\"429\">Denne ryggsekken for kj\u00e6ledyr er designet for \u00e5 holde kj\u00e6ledyret ditt n\u00e6r, samtidig som den gir dem en trygg og koselig tur. Enten du er p\u00e5 fottur, shopping eller spasertur gjennom parken, er det den perfekte m\u00e5ten \u00e5 nyte eventyr sammen uten \u00e5 slite ut kj\u00e6ledyret ditt.<span style=\"font-size: 16px;font-style: normal;font-weight: 400\">\ud83c\udf92<\/span><\/p>\n<p data-start=\"181\" data-end=\"429\"><img decoding=\"async\" class=\"size-full wp-image-31534 aligncenter\" src=\"https:\/\/keluvo.com\/template\/wp-content\/uploads\/sites\/5\/2025\/08\/sac-a-dos-pour-chien-transport-presentation-ezgif.com-optimize.webp\" alt=\"\" \/><\/p>\n<h2 style=\"text-align: center\" data-start=\"431\" data-end=\"453\">Hovedfordeler \ud83c\udf1f<\/h2>\n<p data-start=\"456\" data-end=\"528\">\ud83d\udc36 Holder kj\u00e6ledyret ditt i n\u00e6rheten &#8211; ideell for sm\u00e5 hunder, valper og katter<\/p>\n<p data-start=\"531\" data-end=\"611\">\ud83c\udfaf Trygg og sikker &#8211; justerbare stropper og sikkerhetskrok for \u00e5 forhindre hopping<\/p>\n<p data-start=\"614\" data-end=\"690\">\ud83c\udf2c Pustende design &#8211; nettingpaneler holder kj\u00e6ledyret kj\u00f8lig og komfortabelt<\/p>\n<p data-start=\"693\" data-end=\"772\">\ud83d\udcbc H\u00e5ndfri bekvemmelighet &#8211; b\u00e6r kj\u00e6ledyret ditt mens du har begge hendene fri<\/p>\n<p data-start=\"775\" data-end=\"847\">\ud83e\uddf3 Perfekt for reiser &#8211; lett og sammenleggbar for enkel oppbevaring<\/p>\n<p data-start=\"775\" data-end=\"847\"><img decoding=\"async\" class=\"size-full wp-image-31533 aligncenter\" src=\"https:\/\/keluvo.com\/template\/wp-content\/uploads\/sites\/5\/2025\/08\/sac-a-dos-pour-chien-bleu-transport-confortable-ezgif.com-optimize.webp\" alt=\"\" \/><\/p>\n<h2 style=\"text-align: center\" data-start=\"849\" data-end=\"868\">Slik Bruker Du Den \ud83e\ude84<\/h2>\n<ol data-start=\"869\" data-end=\"1042\">\n<li data-start=\"869\" data-end=\"914\">\n<p data-start=\"872\" data-end=\"914\">Juster stroppene for en behagelig passform.<\/p>\n<\/li>\n<li data-start=\"915\" data-end=\"985\">\n<p data-start=\"918\" data-end=\"985\">Plasser kj\u00e6ledyret ditt forsiktig inni, og fest det med sikkerhetskroken.<\/p>\n<\/li>\n<li data-start=\"986\" data-end=\"1042\">\n<p data-start=\"989\" data-end=\"1042\">Lukk glidel\u00e5sen og nyt spaserturen, fotturen eller turen sammen.<\/p>\n<\/li>\n<\/ol>\n<h2 style=\"text-align: center\" data-start=\"1044\" data-end=\"1068\">Produktdetaljer \ud83d\udccb<\/h2>\n<ul data-start=\"1069\" data-end=\"1271\">\n<li data-start=\"1069\" data-end=\"1118\">\n<p data-start=\"1071\" data-end=\"1118\">Materiale: Slitesterkt stoff med pustende netting<\/p>\n<\/li>\n<li data-start=\"1119\" data-end=\"1190\">\n<p data-start=\"1121\" data-end=\"1190\">Tilpasset for: Sm\u00e5 hunder, valper, katter<\/p>\n<\/li>\n<li data-start=\"1119\" data-end=\"1190\">\n<p data-start=\"1121\" data-end=\"1190\">St\u00f8rrelse: S for 1-3 kg, M for 3-7 kg og L for 7-12 kg<\/p>\n<\/li>\n<li data-start=\"1221\" data-end=\"1271\">\n<p data-start=\"1223\" data-end=\"1271\">Bruk: Friluftsturer, reiser, shopping, fotturer<\/p>\n<\/li>\n<\/ul>\n<h2 style=\"text-align: center\" data-start=\"1273\" data-end=\"1298\">Pakken Inkluderer \ud83c\udf81<\/h2>\n<ul data-start=\"1299\" data-end=\"1327\">\n<li data-start=\"1299\" data-end=\"1327\">\n<p data-start=\"1301\" data-end=\"1327\">1x kj\u00e6ledyrryggsekk.<\/p>\n<\/li>\n<\/ul>\n","protected":false},"excerpt":{"rendered":"<p>Ta Med Deg Din Pelskledde Venn Hvor Som Helst I Komfort Og Stil! \ud83d\udc3e Denne ryggsekken for kj\u00e6ledyr er designet [&hellip;]<\/p>\n","protected":false},"featured_media":37636,"comment_status":"open","ping_status":"closed","template":"","meta":{"site-sidebar-layout":"default","site-content-layout":"","ast-site-content-layout":"default","site-content-style":"default","site-sidebar-style":"default","ast-global-header-display":"","ast-banner-title-visibility":"","ast-main-header-display":"","ast-hfb-above-header-display":"","ast-hfb-below-header-display":"","ast-hfb-mobile-header-display":"","site-post-title":"","ast-breadcrumbs-content":"","ast-featured-img":"","footer-sml-layout":"","theme-transparent-header-meta":"default","adv-header-id-meta":"","stick-header-meta":"","header-above-stick-meta":"","header-main-stick-meta":"","header-below-stick-meta":"","astra-migrate-meta-layouts":"set","ast-page-background-enabled":"default","ast-page-background-meta":{"desktop":{"background-color":"var(--ast-global-color-4)","background-image":"","background-repeat":"repeat","background-position":"center center","background-size":"auto","background-attachment":"scroll","background-type":"","background-media":"","overlay-type":"","overlay-color":"","overlay-opacity":"","overlay-gradient":""},"tablet":{"background-color":"","background-image":"","background-repeat":"repeat","background-position":"center center","background-size":"auto","background-attachment":"scroll","background-type":"","background-media":"","overlay-type":"","overlay-color":"","overlay-opacity":"","overlay-gradient":""},"mobile":{"background-color":"","background-image":"","background-repeat":"repeat","background-position":"center center","background-size":"auto","background-attachment":"scroll","background-type":"","background-media":"","overlay-type":"","overlay-color":"","overlay-opacity":"","overlay-gradient":""}},"ast-content-background-meta":{"desktop":{"background-color":"var(--ast-global-color-5)","background-image":"","background-repeat":"repeat","background-position":"center center","background-size":"auto","background-attachment":"scroll","background-type":"","background-media":"","overlay-type":"","overlay-color":"","overlay-opacity":"","overlay-gradient":""},"tablet":{"background-color":"var(--ast-global-color-5)","background-image":"","background-repeat":"repeat","background-position":"center center","background-size":"auto","background-attachment":"scroll","background-type":"","background-media":"","overlay-type":"","overlay-color":"","overlay-opacity":"","overlay-gradient":""},"mobile":{"background-color":"var(--ast-global-color-5)","background-image":"","background-repeat":"repeat","background-position":"center center","background-size":"auto","background-attachment":"scroll","background-type":"","background-media":"","overlay-type":"","overlay-color":"","overlay-opacity":"","overlay-gradient":""}}},"product_brand":[],"product_cat":[997],"product_tag":[],"class_list":{"0":"post-37640","1":"product","2":"type-product","3":"status-publish","4":"has-post-thumbnail","6":"product_cat-husdyrprodukter","7":"pa_21288_qss8a4y5-s","8":"pa_21288_qss8a4y5-m","9":"pa_21288_qss8a4y5-l","10":"pa_21288_wtthpisw-bla","11":"pa_21288_wtthpisw-gronn","12":"pa_21288_wtthpisw-oransje","13":"pa_21288_wtthpisw-rosa","14":"pa_21288_wtthpisw-svart","15":"desktop-align-left","16":"tablet-align-left","17":"mobile-align-left","19":"first","20":"instock","21":"shipping-taxable","22":"purchasable","23":"product-type-variable","24":"has-default-attributes"},"_links":{"self":[{"href":"https:\/\/keluvo.com\/no\/wp-json\/wp\/v2\/product\/37640","targetHints":{"allow":["GET"]}}],"collection":[{"href":"https:\/\/keluvo.com\/no\/wp-json\/wp\/v2\/product"}],"about":[{"href":"https:\/\/keluvo.com\/no\/wp-json\/wp\/v2\/types\/product"}],"replies":[{"embeddable":true,"href":"https:\/\/keluvo.com\/no\/wp-json\/wp\/v2\/comments?post=37640"}],"wp:featuredmedia":[{"embeddable":true,"href":"https:\/\/keluvo.com\/no\/wp-json\/wp\/v2\/media\/37636"}],"wp:attachment":[{"href":"https:\/\/keluvo.com\/no\/wp-json\/wp\/v2\/media?parent=37640"}],"wp:term":[{"taxonomy":"product_brand","embeddable":true,"href":"https:\/\/keluvo.com\/no\/wp-json\/wp\/v2\/product_brand?post=37640"},{"taxonomy":"product_cat","embeddable":true,"href":"https:\/\/keluvo.com\/no\/wp-json\/wp\/v2\/product_cat?post=37640"},{"taxonomy":"product_tag","embeddable":true,"href":"https:\/\/keluvo.com\/no\/wp-json\/wp\/v2\/product_tag?post=37640"}],"curies":[{"name":"wp","href":"https:\/\/api.w.org\/{rel}","templated":true}]}}