{"id":37602,"date":"2025-08-14T17:29:30","date_gmt":"2025-08-14T15:29:30","guid":{"rendered":"https:\/\/keluvo.com\/no\/produkt\/midjeforlenger\/"},"modified":"2025-10-14T18:29:42","modified_gmt":"2025-10-14T15:29:42","slug":"midjeforlenger","status":"publish","type":"product","link":"https:\/\/keluvo.com\/no\/produkt\/midjeforlenger\/","title":{"rendered":"Midjeforlenger"},"content":{"rendered":"<p style=\"text-align: center\" data-start=\"124\" data-end=\"182\"><strong data-start=\"124\" data-end=\"177\">F\u00e5 \u00d8yeblikkelig Komfort Og Ekstra Plass I Jeansene Dine!<\/strong> \ud83d\udc56<\/p>\n<p style=\"text-align: center\" data-start=\"184\" data-end=\"488\">Denne midjeforlengeren er en rask og enkel m\u00e5te \u00e5 f\u00e5 favorittjeansene, -skj\u00f8rtene eller -buksene dine til \u00e5 sitte mer komfortabelt. Enten du har lagt p\u00e5 deg litt, venter barn eller bare vil ha mer fleksibilitet etter et m\u00e5ltid, gir denne midjeforlengeren deg ekstra pusterom uten at du trenger \u00e5 kj\u00f8pe nye kl\u00e6r. \u2728<\/p>\n<p data-start=\"184\" data-end=\"488\"><img decoding=\"async\" class=\"size-full wp-image-31493 aligncenter\" src=\"https:\/\/keluvo.com\/template\/wp-content\/uploads\/sites\/5\/2025\/08\/midjeforlangare-5.jpg\" alt=\"\" \/><\/p>\n<h2 style=\"text-align: center\" data-start=\"490\" data-end=\"512\">Hovedfordeler \ud83c\udf1f<\/h2>\n<p data-start=\"515\" data-end=\"596\">\ud83d\udee0 \u00d8yeblikkelig st\u00f8rrelsesjustering \u2013 gir ekstra plass i linningen p\u00e5 sekunder<\/p>\n<p data-start=\"599\" data-end=\"663\">\ud83d\udc4c Enkel \u00e5 bruke \u2013 bare skyv den over den eksisterende knappen<\/p>\n<p data-start=\"666\" data-end=\"734\">\ud83d\udcaa Slitesterkt denimstoff \u2013 smelter naturlig inn i jeansene dine<\/p>\n<p data-start=\"737\" data-end=\"807\">\ud83e\uddf3 B\u00e6rbar og gjenbrukbar \u2013 ta den med deg og bruk den n\u00e5r som helst<\/p>\n<p data-start=\"810\" data-end=\"887\">\ud83c\udfaf Perfekt til alle anledninger \u2013 jobb, reise, graviditet eller fritidsslitasje<\/p>\n<p data-start=\"810\" data-end=\"887\"><img decoding=\"async\" class=\"size-full wp-image-31491 aligncenter\" src=\"https:\/\/keluvo.com\/template\/wp-content\/uploads\/sites\/5\/2025\/08\/midjeforlangare-12.jpg\" alt=\"\" \/><\/p>\n<h2 style=\"text-align: center\" data-start=\"889\" data-end=\"908\">Slik Bruker Du Den \ud83e\ude84<\/h2>\n<ol data-start=\"909\" data-end=\"1056\">\n<li data-start=\"909\" data-end=\"969\">\n<p data-start=\"912\" data-end=\"969\">Fest forlengerens knapphull til bukseknappen.<\/p>\n<\/li>\n<li data-start=\"970\" data-end=\"1021\">\n<p data-start=\"973\" data-end=\"1021\">Fest buksene ved hjelp av forlengerknappen.<\/p>\n<\/li>\n<li data-start=\"1022\" data-end=\"1056\">\n<p data-start=\"1025\" data-end=\"1056\">Juster etter behov for komfort.<\/p>\n<\/li>\n<\/ol>\n<h2 style=\"text-align: center\" data-start=\"1058\" data-end=\"1082\">Produktdetaljer \ud83d\udccb<\/h2>\n<ul data-start=\"1083\" data-end=\"1268\">\n<li data-start=\"1083\" data-end=\"1119\">\n<p data-start=\"1085\" data-end=\"1119\">Materiale: Denim og metallknapp<\/p>\n<\/li>\n<li data-start=\"1120\" data-end=\"1166\">\n<p data-start=\"1122\" data-end=\"1166\">Farger: svart, m\u00f8rkebl\u00e5, lysebl\u00e5, marinebl\u00e5<\/p>\n<\/li>\n<li data-start=\"1167\" data-end=\"1217\">\n<p data-start=\"1169\" data-end=\"1217\">St\u00f8rrelse: Standard passform for de fleste jeans og bukser<\/p>\n<\/li>\n<li data-start=\"1218\" data-end=\"1268\">\n<p data-start=\"1220\" data-end=\"1268\">Bruk: Jeans, skj\u00f8rt, bukser, mammakl\u00e6r<\/p>\n<\/li>\n<\/ul>\n<h2 style=\"text-align: center\" data-start=\"1270\" data-end=\"1295\">Pakken Inkluderer \ud83c\udf81<\/h2>\n<ul data-start=\"1296\" data-end=\"1331\">\n<li data-start=\"1296\" data-end=\"1331\">\n<p data-start=\"1298\" data-end=\"1331\">1, 2, 4x midjeforlenger.<\/p>\n<\/li>\n<\/ul>\n","protected":false},"excerpt":{"rendered":"<p>F\u00e5 \u00d8yeblikkelig Komfort Og Ekstra Plass I Jeansene Dine! \ud83d\udc56 Denne midjeforlengeren er en rask og enkel m\u00e5te \u00e5 f\u00e5 [&hellip;]<\/p>\n","protected":false},"featured_media":37598,"comment_status":"open","ping_status":"closed","template":"","meta":{"site-sidebar-layout":"default","site-content-layout":"","ast-site-content-layout":"default","site-content-style":"default","site-sidebar-style":"default","ast-global-header-display":"","ast-banner-title-visibility":"","ast-main-header-display":"","ast-hfb-above-header-display":"","ast-hfb-below-header-display":"","ast-hfb-mobile-header-display":"","site-post-title":"","ast-breadcrumbs-content":"","ast-featured-img":"","footer-sml-layout":"","theme-transparent-header-meta":"default","adv-header-id-meta":"","stick-header-meta":"","header-above-stick-meta":"","header-main-stick-meta":"","header-below-stick-meta":"","astra-migrate-meta-layouts":"set","ast-page-background-enabled":"default","ast-page-background-meta":{"desktop":{"background-color":"var(--ast-global-color-4)","background-image":"","background-repeat":"repeat","background-position":"center center","background-size":"auto","background-attachment":"scroll","background-type":"","background-media":"","overlay-type":"","overlay-color":"","overlay-opacity":"","overlay-gradient":""},"tablet":{"background-color":"","background-image":"","background-repeat":"repeat","background-position":"center center","background-size":"auto","background-attachment":"scroll","background-type":"","background-media":"","overlay-type":"","overlay-color":"","overlay-opacity":"","overlay-gradient":""},"mobile":{"background-color":"","background-image":"","background-repeat":"repeat","background-position":"center center","background-size":"auto","background-attachment":"scroll","background-type":"","background-media":"","overlay-type":"","overlay-color":"","overlay-opacity":"","overlay-gradient":""}},"ast-content-background-meta":{"desktop":{"background-color":"var(--ast-global-color-5)","background-image":"","background-repeat":"repeat","background-position":"center center","background-size":"auto","background-attachment":"scroll","background-type":"","background-media":"","overlay-type":"","overlay-color":"","overlay-opacity":"","overlay-gradient":""},"tablet":{"background-color":"var(--ast-global-color-5)","background-image":"","background-repeat":"repeat","background-position":"center center","background-size":"auto","background-attachment":"scroll","background-type":"","background-media":"","overlay-type":"","overlay-color":"","overlay-opacity":"","overlay-gradient":""},"mobile":{"background-color":"var(--ast-global-color-5)","background-image":"","background-repeat":"repeat","background-position":"center center","background-size":"auto","background-attachment":"scroll","background-type":"","background-media":"","overlay-type":"","overlay-color":"","overlay-opacity":"","overlay-gradient":""}}},"product_brand":[],"product_cat":[994,993],"product_tag":[],"class_list":{"0":"post-37602","1":"product","2":"type-product","3":"status-publish","4":"has-post-thumbnail","6":"product_cat-klaer-til-kvinner","7":"product_cat-skotoy-tilbehor","8":"pa_16317_lq1wv0by-1-stk","9":"pa_16317_lq1wv0by-2-stk","10":"pa_16317_lq1wv0by-4-stk","11":"pa_16317_zpvn45ys-lysebla","12":"pa_16317_zpvn45ys-marinen","13":"pa_16317_zpvn45ys-morkebla","14":"pa_16317_zpvn45ys-svart","15":"desktop-align-left","16":"tablet-align-left","17":"mobile-align-left","19":"first","20":"instock","21":"shipping-taxable","22":"purchasable","23":"product-type-variable","24":"has-default-attributes"},"_links":{"self":[{"href":"https:\/\/keluvo.com\/no\/wp-json\/wp\/v2\/product\/37602","targetHints":{"allow":["GET"]}}],"collection":[{"href":"https:\/\/keluvo.com\/no\/wp-json\/wp\/v2\/product"}],"about":[{"href":"https:\/\/keluvo.com\/no\/wp-json\/wp\/v2\/types\/product"}],"replies":[{"embeddable":true,"href":"https:\/\/keluvo.com\/no\/wp-json\/wp\/v2\/comments?post=37602"}],"wp:featuredmedia":[{"embeddable":true,"href":"https:\/\/keluvo.com\/no\/wp-json\/wp\/v2\/media\/37598"}],"wp:attachment":[{"href":"https:\/\/keluvo.com\/no\/wp-json\/wp\/v2\/media?parent=37602"}],"wp:term":[{"taxonomy":"product_brand","embeddable":true,"href":"https:\/\/keluvo.com\/no\/wp-json\/wp\/v2\/product_brand?post=37602"},{"taxonomy":"product_cat","embeddable":true,"href":"https:\/\/keluvo.com\/no\/wp-json\/wp\/v2\/product_cat?post=37602"},{"taxonomy":"product_tag","embeddable":true,"href":"https:\/\/keluvo.com\/no\/wp-json\/wp\/v2\/product_tag?post=37602"}],"curies":[{"name":"wp","href":"https:\/\/api.w.org\/{rel}","templated":true}]}}