{"id":37583,"date":"2025-08-14T17:28:16","date_gmt":"2025-08-14T15:28:16","guid":{"rendered":"https:\/\/keluvo.com\/no\/produkt\/rosenbjorn\/"},"modified":"2025-08-18T10:42:08","modified_gmt":"2025-08-18T08:42:08","slug":"rosenbjorn","status":"publish","type":"product","link":"https:\/\/keluvo.com\/no\/produkt\/rosenbjorn\/","title":{"rendered":"Rosebamse"},"content":{"rendered":"<p style=\"text-align: center\" data-start=\"116\" data-end=\"171\"><strong data-start=\"116\" data-end=\"166\">Vis Din Kj\u00e6rlighet Med En Gave Som Varer Evig!<\/strong> \u2764\ufe0f<\/p>\n<p style=\"text-align: center\" data-start=\"173\" data-end=\"439\">This luksuri\u00f8se rosebj\u00f8rn kombinerer sjarmen til en bamse med elegansen til roser. Hver bamse er n\u00f8ye h\u00e5ndlaget med myke skumroser som aldri visner, noe som gj\u00f8r den til det perfekte romantiske minnesmerket til valentinsdagen, jubileer eller bursdager. \ud83c\udf81<\/p>\n<p data-start=\"173\" data-end=\"439\"><img decoding=\"async\" class=\"size-full wp-image-31472 aligncenter\" src=\"https:\/\/keluvo.com\/template\/wp-content\/uploads\/sites\/5\/2025\/08\/07214-ezgif.com-video-to-webp-converter-1.webp\" alt=\"\" \/><\/p>\n<h2 style=\"text-align: center\" data-start=\"441\" data-end=\"463\">Hovedfordeler \ud83c\udf39<\/h2>\n<p data-start=\"466\" data-end=\"526\">\ud83d\udc96 Symbol p\u00e5 evig kj\u00e6rlighet &#8211; roser som aldri visner<\/p>\n<p data-start=\"529\" data-end=\"609\">\ud83d\udc3b Unik og minneverdig &#8211; en kreativ vri p\u00e5 den klassiske bamsegaven<\/p>\n<p data-start=\"529\" data-end=\"609\">\ud83c\udf80 Vakkert design &#8211; avsluttet med en nydelig sl\u00f8yfe<\/p>\n<p data-start=\"677\" data-end=\"766\">\ud83c\udf89 Perfekt til spesielle anledninger &#8211; Valentinsdag, bryllup, frierier, bursdager<\/p>\n<p data-start=\"769\" data-end=\"830\">\ud83c\udfe1 Dekorativ gjenstand &#8211; ser fantastisk ut i hjemmet<\/p>\n<p data-start=\"769\" data-end=\"830\"><img decoding=\"async\" class=\"size-full wp-image-31470 aligncenter\" src=\"https:\/\/keluvo.com\/template\/wp-content\/uploads\/sites\/5\/2025\/08\/0da6b22c0d882_banner-2.webp\" alt=\"\" \/><\/p>\n<h2 style=\"text-align: center\" data-start=\"832\" data-end=\"851\">Slik Bruker Du Den \ud83e\ude84<\/h2>\n<ol data-start=\"852\" data-end=\"1013\">\n<li data-start=\"852\" data-end=\"903\">\n<p data-start=\"855\" data-end=\"903\">Ta bamsen ut av den beskyttende emballasjen.<\/p>\n<\/li>\n<li data-start=\"904\" data-end=\"948\">\n<p data-start=\"907\" data-end=\"948\">Legg den i en gaveeske eller p\u00e5 et utstillingsomr\u00e5de.<\/p>\n<\/li>\n<li data-start=\"949\" data-end=\"1013\">\n<p data-start=\"952\" data-end=\"1013\">Gi den til en du er glad i og se ansiktet deres lyse opp.<\/p>\n<\/li>\n<\/ol>\n<h2 style=\"text-align: center\" data-start=\"1015\" data-end=\"1039\">Produktdetaljer \ud83d\udccb<\/h2>\n<ul data-start=\"1040\" data-end=\"1174\">\n<li data-start=\"1040\" data-end=\"1064\">\n<p data-start=\"1042\" data-end=\"1064\">Materiale: Skumroser<\/p>\n<\/li>\n<li data-start=\"1065\" data-end=\"1089\">\n<p data-start=\"1067\" data-end=\"1089\">Antall roser: 520<\/p>\n<\/li>\n<li data-start=\"1090\" data-end=\"1105\">\n<p data-start=\"1092\" data-end=\"1105\">St\u00f8rrelse: 25 x 16,5 cm<\/p>\n<\/li>\n<li data-start=\"1106\" data-end=\"1174\">\n<p data-start=\"1108\" data-end=\"1174\">Egnet for: Romantiske gaver, hjemmedekorasjon, overraskelsesbevegelser<\/p>\n<\/li>\n<\/ul>\n<h2 style=\"text-align: center\" data-start=\"1176\" data-end=\"1201\">Pakken Inkluderer \ud83c\udf81<\/h2>\n<ul data-start=\"1202\" data-end=\"1225\">\n<li data-start=\"1202\" data-end=\"1225\">\n<p data-start=\"1204\" data-end=\"1225\">1x rosebj\u00f8rn.<\/p>\n<\/li>\n<\/ul>\n","protected":false},"excerpt":{"rendered":"<p>Vis Din Kj\u00e6rlighet Med En Gave Som Varer Evig! \u2764\ufe0f This luksuri\u00f8se rosebj\u00f8rn kombinerer sjarmen til en bamse med elegansen [&hellip;]<\/p>\n","protected":false},"featured_media":37579,"comment_status":"open","ping_status":"closed","template":"","meta":{"site-sidebar-layout":"default","site-content-layout":"","ast-site-content-layout":"default","site-content-style":"default","site-sidebar-style":"default","ast-global-header-display":"","ast-banner-title-visibility":"","ast-main-header-display":"","ast-hfb-above-header-display":"","ast-hfb-below-header-display":"","ast-hfb-mobile-header-display":"","site-post-title":"","ast-breadcrumbs-content":"","ast-featured-img":"","footer-sml-layout":"","theme-transparent-header-meta":"default","adv-header-id-meta":"","stick-header-meta":"","header-above-stick-meta":"","header-main-stick-meta":"","header-below-stick-meta":"","astra-migrate-meta-layouts":"set","ast-page-background-enabled":"default","ast-page-background-meta":{"desktop":{"background-color":"var(--ast-global-color-4)","background-image":"","background-repeat":"repeat","background-position":"center center","background-size":"auto","background-attachment":"scroll","background-type":"","background-media":"","overlay-type":"","overlay-color":"","overlay-opacity":"","overlay-gradient":""},"tablet":{"background-color":"","background-image":"","background-repeat":"repeat","background-position":"center center","background-size":"auto","background-attachment":"scroll","background-type":"","background-media":"","overlay-type":"","overlay-color":"","overlay-opacity":"","overlay-gradient":""},"mobile":{"background-color":"","background-image":"","background-repeat":"repeat","background-position":"center center","background-size":"auto","background-attachment":"scroll","background-type":"","background-media":"","overlay-type":"","overlay-color":"","overlay-opacity":"","overlay-gradient":""}},"ast-content-background-meta":{"desktop":{"background-color":"var(--ast-global-color-5)","background-image":"","background-repeat":"repeat","background-position":"center center","background-size":"auto","background-attachment":"scroll","background-type":"","background-media":"","overlay-type":"","overlay-color":"","overlay-opacity":"","overlay-gradient":""},"tablet":{"background-color":"var(--ast-global-color-5)","background-image":"","background-repeat":"repeat","background-position":"center center","background-size":"auto","background-attachment":"scroll","background-type":"","background-media":"","overlay-type":"","overlay-color":"","overlay-opacity":"","overlay-gradient":""},"mobile":{"background-color":"var(--ast-global-color-5)","background-image":"","background-repeat":"repeat","background-position":"center center","background-size":"auto","background-attachment":"scroll","background-type":"","background-media":"","overlay-type":"","overlay-color":"","overlay-opacity":"","overlay-gradient":""}}},"product_brand":[],"product_cat":[993],"product_tag":[],"class_list":{"0":"post-37583","1":"product","2":"type-product","3":"status-publish","4":"has-post-thumbnail","6":"product_cat-skotoy-tilbehor","7":"pa_47554_yv3aifgv-bla","8":"pa_47554_yv3aifgv-gul","9":"pa_47554_yv3aifgv-lilla","10":"pa_47554_yv3aifgv-morkebla","11":"pa_47554_yv3aifgv-rod","12":"pa_47554_yv3aifgv-rosa","13":"pa_47554_yv3aifgv-vinrod","14":"desktop-align-left","15":"tablet-align-left","16":"mobile-align-left","18":"first","19":"instock","20":"shipping-taxable","21":"purchasable","22":"product-type-variable"},"_links":{"self":[{"href":"https:\/\/keluvo.com\/no\/wp-json\/wp\/v2\/product\/37583","targetHints":{"allow":["GET"]}}],"collection":[{"href":"https:\/\/keluvo.com\/no\/wp-json\/wp\/v2\/product"}],"about":[{"href":"https:\/\/keluvo.com\/no\/wp-json\/wp\/v2\/types\/product"}],"replies":[{"embeddable":true,"href":"https:\/\/keluvo.com\/no\/wp-json\/wp\/v2\/comments?post=37583"}],"wp:featuredmedia":[{"embeddable":true,"href":"https:\/\/keluvo.com\/no\/wp-json\/wp\/v2\/media\/37579"}],"wp:attachment":[{"href":"https:\/\/keluvo.com\/no\/wp-json\/wp\/v2\/media?parent=37583"}],"wp:term":[{"taxonomy":"product_brand","embeddable":true,"href":"https:\/\/keluvo.com\/no\/wp-json\/wp\/v2\/product_brand?post=37583"},{"taxonomy":"product_cat","embeddable":true,"href":"https:\/\/keluvo.com\/no\/wp-json\/wp\/v2\/product_cat?post=37583"},{"taxonomy":"product_tag","embeddable":true,"href":"https:\/\/keluvo.com\/no\/wp-json\/wp\/v2\/product_tag?post=37583"}],"curies":[{"name":"wp","href":"https:\/\/api.w.org\/{rel}","templated":true}]}}