{"id":37560,"date":"2025-08-14T17:27:06","date_gmt":"2025-08-14T15:27:06","guid":{"rendered":"https:\/\/keluvo.com\/no\/produkt\/belysning-pa-stien\/"},"modified":"2025-08-15T11:27:54","modified_gmt":"2025-08-15T09:27:54","slug":"belysning-pa-stien","status":"publish","type":"product","link":"https:\/\/keluvo.com\/no\/produkt\/belysning-pa-stien\/","title":{"rendered":"Belysning p\u00e5 stien"},"content":{"rendered":"<p style=\"text-align: center\" data-start=\"126\" data-end=\"189\"><strong data-start=\"126\" data-end=\"184\">Lys Opp Hagen Din Med S\u00f8te, Gl\u00f8dende Poteavtrykk!<\/strong> \ud83d\udc3e<\/p>\n<p style=\"text-align: center\" data-start=\"191\" data-end=\"437\">Disse solcelledrevne poteavtrykkslysene gir en varm, leken sjarm til hagen, hagen eller stien din. De drives utelukkende av sollys og tennes automatisk om natten for \u00e5 skape en magisk gl\u00f8d som gj\u00f8r uterommet ditt mer innbydende og unikt.<\/p>\n<p data-start=\"191\" data-end=\"437\"><img decoding=\"async\" class=\"size-full wp-image-31443 aligncenter\" src=\"https:\/\/keluvo.com\/template\/wp-content\/uploads\/sites\/5\/2025\/08\/07213-ezgif.com-video-to-webp-converter-1.webp\" alt=\"\" \/><\/p>\n<h2 style=\"text-align: center\" data-start=\"439\" data-end=\"461\">Hovedfordeler \ud83c\udf1f<\/h2>\n<p data-start=\"464\" data-end=\"518\">\ud83c\udf1e Solcelledrevet \u2013 ingen ledninger eller batterier trengs<\/p>\n<p data-start=\"521\" data-end=\"571\">\ud83d\udc3e S\u00f8t potedesign \u2013 perfekt for dyreelskere<\/p>\n<p data-start=\"574\" data-end=\"647\">\ud83d\udca1 Automatisk belysning \u2013 lades om dagen og tennes om natten<\/p>\n<p data-start=\"650\" data-end=\"702\">\ud83c\udf27 V\u00e6rbestandig \u2013 fungerer i regn eller solskinn<\/p>\n<p data-start=\"705\" data-end=\"768\">\ud83c\udfe1 Enkel montering \u2013 bare sett dem i bakken<\/p>\n<p data-start=\"705\" data-end=\"768\"><img decoding=\"async\" class=\"size-full wp-image-31441 aligncenter\" src=\"https:\/\/keluvo.com\/template\/wp-content\/uploads\/sites\/5\/2025\/08\/f618c492-8b9c-47ba-ac08-99ce4896dab9.webp\" alt=\"\" \/><\/p>\n<h2 style=\"text-align: center\" data-start=\"770\" data-end=\"789\">Slik Bruker Du Dem \ud83e\ude84<\/h2>\n<ol data-start=\"790\" data-end=\"957\">\n<li data-start=\"790\" data-end=\"843\">\n<p data-start=\"793\" data-end=\"843\">Plasser lysene p\u00e5 et solrikt sted om dagen.<\/p>\n<\/li>\n<li data-start=\"844\" data-end=\"888\">\n<p data-start=\"847\" data-end=\"888\">Sett dem i jorden og nyt den varme gl\u00f8den hver kveld n\u00e5r de automatisk tennes.<\/p>\n<\/li>\n<li data-start=\"889\" data-end=\"957\">\n<p data-start=\"892\" data-end=\"957\">Nyt den varme gl\u00f8den hver kveld n\u00e5r de automatisk tennes.<\/p>\n<\/li>\n<\/ol>\n<h2 style=\"text-align: center\" data-start=\"959\" data-end=\"983\">Produktdetaljer \ud83d\udccb<\/h2>\n<ul data-start=\"984\" data-end=\"1239\">\n<li data-start=\"984\" data-end=\"1033\">\n<p data-start=\"986\" data-end=\"1033\">Materiale: Slitesterk ABS + pinne i rustfritt st\u00e5l<\/p>\n<\/li>\n<li data-start=\"1034\" data-end=\"1082\">\n<p data-start=\"1036\" data-end=\"1082\">Kraft: Solcellepanel med oppladbart batteri<\/p>\n<\/li>\n<li data-start=\"1112\" data-end=\"1152\">\n<p data-start=\"1114\" data-end=\"1152\">Ladetid: 6\u20138 timer i sollys<\/p>\n<\/li>\n<li data-start=\"1153\" data-end=\"1196\">\n<p data-start=\"1155\" data-end=\"1196\">Arbeidstid: Opptil 8\u201310 timer om natten<\/p>\n<\/li>\n<li data-start=\"1197\" data-end=\"1239\">\n<p data-start=\"1199\" data-end=\"1239\">Vanntett: IP65-klassifisert for utend\u00f8rs bruk<\/p>\n<\/li>\n<\/ul>\n<h2 style=\"text-align: center\" data-start=\"1241\" data-end=\"1266\">Pakken Inkluderer \ud83c\udf81<\/h2>\n<ul data-start=\"1267\" data-end=\"1304\">\n<li data-start=\"1267\" data-end=\"1304\">\n<p data-start=\"1269\" data-end=\"1304\">4, 8, 12x pakker med poteavtrykkslys.<\/p>\n<\/li>\n<\/ul>\n","protected":false},"excerpt":{"rendered":"<p>Lys Opp Hagen Din Med S\u00f8te, Gl\u00f8dende Poteavtrykk! \ud83d\udc3e Disse solcelledrevne poteavtrykkslysene gir en varm, leken sjarm til hagen, hagen [&hellip;]<\/p>\n","protected":false},"featured_media":37556,"comment_status":"open","ping_status":"closed","template":"","meta":{"site-sidebar-layout":"default","site-content-layout":"","ast-site-content-layout":"default","site-content-style":"default","site-sidebar-style":"default","ast-global-header-display":"","ast-banner-title-visibility":"","ast-main-header-display":"","ast-hfb-above-header-display":"","ast-hfb-below-header-display":"","ast-hfb-mobile-header-display":"","site-post-title":"","ast-breadcrumbs-content":"","ast-featured-img":"","footer-sml-layout":"","theme-transparent-header-meta":"default","adv-header-id-meta":"","stick-header-meta":"","header-above-stick-meta":"","header-main-stick-meta":"","header-below-stick-meta":"","astra-migrate-meta-layouts":"set","ast-page-background-enabled":"default","ast-page-background-meta":{"desktop":{"background-color":"var(--ast-global-color-4)","background-image":"","background-repeat":"repeat","background-position":"center center","background-size":"auto","background-attachment":"scroll","background-type":"","background-media":"","overlay-type":"","overlay-color":"","overlay-opacity":"","overlay-gradient":""},"tablet":{"background-color":"","background-image":"","background-repeat":"repeat","background-position":"center center","background-size":"auto","background-attachment":"scroll","background-type":"","background-media":"","overlay-type":"","overlay-color":"","overlay-opacity":"","overlay-gradient":""},"mobile":{"background-color":"","background-image":"","background-repeat":"repeat","background-position":"center center","background-size":"auto","background-attachment":"scroll","background-type":"","background-media":"","overlay-type":"","overlay-color":"","overlay-opacity":"","overlay-gradient":""}},"ast-content-background-meta":{"desktop":{"background-color":"var(--ast-global-color-5)","background-image":"","background-repeat":"repeat","background-position":"center center","background-size":"auto","background-attachment":"scroll","background-type":"","background-media":"","overlay-type":"","overlay-color":"","overlay-opacity":"","overlay-gradient":""},"tablet":{"background-color":"var(--ast-global-color-5)","background-image":"","background-repeat":"repeat","background-position":"center center","background-size":"auto","background-attachment":"scroll","background-type":"","background-media":"","overlay-type":"","overlay-color":"","overlay-opacity":"","overlay-gradient":""},"mobile":{"background-color":"var(--ast-global-color-5)","background-image":"","background-repeat":"repeat","background-position":"center center","background-size":"auto","background-attachment":"scroll","background-type":"","background-media":"","overlay-type":"","overlay-color":"","overlay-opacity":"","overlay-gradient":""}}},"product_brand":[],"product_cat":[1001],"product_tag":[],"class_list":{"0":"post-37560","1":"product","2":"type-product","3":"status-publish","4":"has-post-thumbnail","6":"product_cat-husholdningsartikler","7":"pa_18591_d4vxb86c-4-stk","8":"pa_18591_d4vxb86c-8-stk","9":"pa_18591_d4vxb86c-12-stk","10":"pa_18591_w1tgqfv2-flerfarget","11":"pa_18591_w1tgqfv2-hvit","12":"pa_18591_w1tgqfv2-varm-hvit","13":"desktop-align-left","14":"tablet-align-left","15":"mobile-align-left","17":"first","18":"instock","19":"shipping-taxable","20":"purchasable","21":"product-type-variable","22":"has-default-attributes"},"_links":{"self":[{"href":"https:\/\/keluvo.com\/no\/wp-json\/wp\/v2\/product\/37560","targetHints":{"allow":["GET"]}}],"collection":[{"href":"https:\/\/keluvo.com\/no\/wp-json\/wp\/v2\/product"}],"about":[{"href":"https:\/\/keluvo.com\/no\/wp-json\/wp\/v2\/types\/product"}],"replies":[{"embeddable":true,"href":"https:\/\/keluvo.com\/no\/wp-json\/wp\/v2\/comments?post=37560"}],"wp:featuredmedia":[{"embeddable":true,"href":"https:\/\/keluvo.com\/no\/wp-json\/wp\/v2\/media\/37556"}],"wp:attachment":[{"href":"https:\/\/keluvo.com\/no\/wp-json\/wp\/v2\/media?parent=37560"}],"wp:term":[{"taxonomy":"product_brand","embeddable":true,"href":"https:\/\/keluvo.com\/no\/wp-json\/wp\/v2\/product_brand?post=37560"},{"taxonomy":"product_cat","embeddable":true,"href":"https:\/\/keluvo.com\/no\/wp-json\/wp\/v2\/product_cat?post=37560"},{"taxonomy":"product_tag","embeddable":true,"href":"https:\/\/keluvo.com\/no\/wp-json\/wp\/v2\/product_tag?post=37560"}],"curies":[{"name":"wp","href":"https:\/\/api.w.org\/{rel}","templated":true}]}}