{"id":37545,"date":"2025-08-14T17:26:04","date_gmt":"2025-08-14T15:26:04","guid":{"rendered":"https:\/\/keluvo.com\/no\/produkt\/utstoppet-dyr\/"},"modified":"2025-08-18T10:41:26","modified_gmt":"2025-08-18T08:41:26","slug":"utstoppet-dyr","status":"publish","type":"product","link":"https:\/\/keluvo.com\/no\/produkt\/utstoppet-dyr\/","title":{"rendered":"Plysj-kosedyr"},"content":{"rendered":"<p style=\"text-align: center\" data-start=\"119\" data-end=\"187\"><strong data-start=\"119\" data-end=\"182\">Gi Den Lille Den Mykeste Og Koseligste Luren Noensinne!<\/strong> \ud83d\udc18<\/p>\n<p style=\"text-align: center\" data-start=\"189\" data-end=\"424\">Dette s\u00f8te kosedyret er laget av ultramykt stoff, noe som gj\u00f8r det perfekt for kos, lur og lek. Den kosete designen og den myke f\u00f8lelsen gir komfort og trygghet, noe som hjelper barn \u00e5 slappe av og sove fredelig.<\/p>\n<p data-start=\"189\" data-end=\"424\"><img decoding=\"async\" class=\"size-full wp-image-31422 aligncenter\" src=\"https:\/\/keluvo.com\/template\/wp-content\/uploads\/sites\/5\/2025\/08\/Se513a71d75a942d7a8b6fd7fa37010c6c.jpg_960x960q75.jpg_.avif\" alt=\"\" \/><\/p>\n<h2 style=\"text-align: center\" data-start=\"426\" data-end=\"448\">Hovedfordeler \ud83c\udf1f<\/h2>\n<p data-start=\"451\" data-end=\"508\">\ud83d\udca4 Ultramyk og plysj \u2013 sk\u00e5nsom mot sensitiv hud<\/p>\n<p data-start=\"511\" data-end=\"569\">\ud83d\udc18 S\u00f8t elefantdesign \u2013 elsket av barn i alle aldre<\/p>\n<p data-start=\"572\" data-end=\"618\">\ud83e\uddfc Lett \u00e5 vaske \u2013 holder seg friskt og rent<\/p>\n<p data-start=\"621\" data-end=\"693\">\ud83c\udf81 Perfekt gave \u2013 flott til bursdager, babyshower og h\u00f8ytider<\/p>\n<p data-start=\"696\" data-end=\"755\">\ud83e\udeb6 Lett og b\u00e6rbar \u2013 lett \u00e5 ta med seg hvor som helst<\/p>\n<p data-start=\"696\" data-end=\"755\"><img decoding=\"async\" class=\"size-full wp-image-31423 aligncenter\" src=\"https:\/\/keluvo.com\/template\/wp-content\/uploads\/sites\/5\/2025\/08\/S5a63b711fc5f4ea4b4c9628e5ba29748y.jpg_960x960q75.jpg_.avif\" alt=\"\" \/><\/p>\n<h2 style=\"text-align: center\" data-start=\"757\" data-end=\"776\">Slik Bruker Du Det \ud83e\ude84<\/h2>\n<ol data-start=\"777\" data-end=\"942\">\n<li data-start=\"777\" data-end=\"834\">\n<p data-start=\"780\" data-end=\"834\">Plasser dynen p\u00e5 sengen, sofaen eller lekeomr\u00e5det.<\/p>\n<\/li>\n<li data-start=\"835\" data-end=\"885\">\n<p data-start=\"838\" data-end=\"885\">La barnet ditt kose, sove eller leke med det.<\/p>\n<\/li>\n<li data-start=\"886\" data-end=\"942\">\n<p data-start=\"889\" data-end=\"942\">Maskinvask ved behov for \u00e5 holde det mykt og rent.<\/p>\n<\/li>\n<\/ol>\n<h2 style=\"text-align: center\" data-start=\"944\" data-end=\"968\">Produktdetaljer \ud83d\udccb<\/h2>\n<ul data-start=\"969\" data-end=\"1153\">\n<li data-start=\"969\" data-end=\"993\">\n<p data-start=\"971\" data-end=\"993\">St\u00f8rrelse: 40 cm<\/p>\n<\/li>\n<li data-start=\"994\" data-end=\"1037\">\n<p data-start=\"996\" data-end=\"1037\">Materiale: Plysjstoff og mykt fyll<\/p>\n<\/li>\n<li data-start=\"1038\" data-end=\"1082\">\n<p data-start=\"1040\" data-end=\"1082\">Farger: bl\u00e5, rosa, gr\u00e5, gul, lilla<\/p>\n<\/li>\n<li data-start=\"1083\" data-end=\"1153\">\n<p data-start=\"1085\" data-end=\"1153\">Egnet for: Sm\u00e5barn, barn og til og med som en koselig pute for voksne<\/p>\n<\/li>\n<\/ul>\n<h2 style=\"text-align: center\" data-start=\"1155\" data-end=\"1180\">Pakken Inkluderer \ud83c\udf81<\/h2>\n<ul data-start=\"1181\" data-end=\"1211\">\n<li data-start=\"1181\" data-end=\"1211\">\n<p data-start=\"1183\" data-end=\"1211\">1x kosedyr.<\/p>\n<\/li>\n<\/ul>\n","protected":false},"excerpt":{"rendered":"<p>Gi Den Lille Den Mykeste Og Koseligste Luren Noensinne! \ud83d\udc18 Dette s\u00f8te kosedyret er laget av ultramykt stoff, noe som [&hellip;]<\/p>\n","protected":false},"featured_media":37541,"comment_status":"open","ping_status":"closed","template":"","meta":{"site-sidebar-layout":"default","site-content-layout":"","ast-site-content-layout":"default","site-content-style":"default","site-sidebar-style":"default","ast-global-header-display":"","ast-banner-title-visibility":"","ast-main-header-display":"","ast-hfb-above-header-display":"","ast-hfb-below-header-display":"","ast-hfb-mobile-header-display":"","site-post-title":"","ast-breadcrumbs-content":"","ast-featured-img":"","footer-sml-layout":"","theme-transparent-header-meta":"default","adv-header-id-meta":"","stick-header-meta":"","header-above-stick-meta":"","header-main-stick-meta":"","header-below-stick-meta":"","astra-migrate-meta-layouts":"set","ast-page-background-enabled":"default","ast-page-background-meta":{"desktop":{"background-color":"var(--ast-global-color-4)","background-image":"","background-repeat":"repeat","background-position":"center center","background-size":"auto","background-attachment":"scroll","background-type":"","background-media":"","overlay-type":"","overlay-color":"","overlay-opacity":"","overlay-gradient":""},"tablet":{"background-color":"","background-image":"","background-repeat":"repeat","background-position":"center center","background-size":"auto","background-attachment":"scroll","background-type":"","background-media":"","overlay-type":"","overlay-color":"","overlay-opacity":"","overlay-gradient":""},"mobile":{"background-color":"","background-image":"","background-repeat":"repeat","background-position":"center center","background-size":"auto","background-attachment":"scroll","background-type":"","background-media":"","overlay-type":"","overlay-color":"","overlay-opacity":"","overlay-gradient":""}},"ast-content-background-meta":{"desktop":{"background-color":"var(--ast-global-color-5)","background-image":"","background-repeat":"repeat","background-position":"center center","background-size":"auto","background-attachment":"scroll","background-type":"","background-media":"","overlay-type":"","overlay-color":"","overlay-opacity":"","overlay-gradient":""},"tablet":{"background-color":"var(--ast-global-color-5)","background-image":"","background-repeat":"repeat","background-position":"center center","background-size":"auto","background-attachment":"scroll","background-type":"","background-media":"","overlay-type":"","overlay-color":"","overlay-opacity":"","overlay-gradient":""},"mobile":{"background-color":"var(--ast-global-color-5)","background-image":"","background-repeat":"repeat","background-position":"center center","background-size":"auto","background-attachment":"scroll","background-type":"","background-media":"","overlay-type":"","overlay-color":"","overlay-opacity":"","overlay-gradient":""}}},"product_brand":[],"product_cat":[990],"product_tag":[],"class_list":{"0":"post-37545","1":"product","2":"type-product","3":"status-publish","4":"has-post-thumbnail","6":"product_cat-leker-barne-og-babyprodukter","7":"pa_38322_vgrsv05u-bla","8":"pa_38322_vgrsv05u-gra","9":"pa_38322_vgrsv05u-gul","10":"pa_38322_vgrsv05u-lilla","11":"pa_38322_vgrsv05u-rosa","12":"desktop-align-left","13":"tablet-align-left","14":"mobile-align-left","16":"first","17":"instock","18":"shipping-taxable","19":"purchasable","20":"product-type-variable"},"_links":{"self":[{"href":"https:\/\/keluvo.com\/no\/wp-json\/wp\/v2\/product\/37545","targetHints":{"allow":["GET"]}}],"collection":[{"href":"https:\/\/keluvo.com\/no\/wp-json\/wp\/v2\/product"}],"about":[{"href":"https:\/\/keluvo.com\/no\/wp-json\/wp\/v2\/types\/product"}],"replies":[{"embeddable":true,"href":"https:\/\/keluvo.com\/no\/wp-json\/wp\/v2\/comments?post=37545"}],"wp:featuredmedia":[{"embeddable":true,"href":"https:\/\/keluvo.com\/no\/wp-json\/wp\/v2\/media\/37541"}],"wp:attachment":[{"href":"https:\/\/keluvo.com\/no\/wp-json\/wp\/v2\/media?parent=37545"}],"wp:term":[{"taxonomy":"product_brand","embeddable":true,"href":"https:\/\/keluvo.com\/no\/wp-json\/wp\/v2\/product_brand?post=37545"},{"taxonomy":"product_cat","embeddable":true,"href":"https:\/\/keluvo.com\/no\/wp-json\/wp\/v2\/product_cat?post=37545"},{"taxonomy":"product_tag","embeddable":true,"href":"https:\/\/keluvo.com\/no\/wp-json\/wp\/v2\/product_tag?post=37545"}],"curies":[{"name":"wp","href":"https:\/\/api.w.org\/{rel}","templated":true}]}}