{"id":37540,"date":"2025-08-14T17:25:16","date_gmt":"2025-08-14T15:25:16","guid":{"rendered":"https:\/\/keluvo.com\/no\/produkt\/gps-lokalisator\/"},"modified":"2025-08-15T11:24:15","modified_gmt":"2025-08-15T09:24:15","slug":"gps-lokalisator","status":"publish","type":"product","link":"https:\/\/keluvo.com\/no\/produkt\/gps-lokalisator\/","title":{"rendered":"GPS-lokalisator"},"content":{"rendered":"<p style=\"text-align: center\" data-start=\"113\" data-end=\"192\"><strong data-start=\"113\" data-end=\"187\">Spor hva som helst, n\u00e5r som helst og hvor som helst med denne kraftige mini-GPS-lokalisatoren!<\/strong> \ud83d\udccd<\/p>\n<p style=\"text-align: center\" data-start=\"194\" data-end=\"491\">Denne kompakte GPS-lokalisatoren lar deg vite n\u00f8yaktig hvor verdisaker, kj\u00e6ledyr, kj\u00f8ret\u00f8y eller dine kj\u00e6re befinner seg til enhver tid. Enten du vil ha ro i sjelen n\u00e5r du er p\u00e5 reise, holde \u00f8ye med bilen din eller s\u00f8rge for barnets sikkerhet, leverer denne sporingsenheten posisjonsoppdateringer i sanntid direkte til telefonen din.<\/p>\n<p data-start=\"194\" data-end=\"491\"><img decoding=\"async\" class=\"size-full wp-image-31414 aligncenter\" src=\"https:\/\/keluvo.com\/template\/wp-content\/uploads\/sites\/5\/2025\/08\/Military-Magnetic-Mini-Gps-Locator-Gif2__d57c1e63-ezgif.com-video-to-webp-converter.webp\" alt=\"\" \/><\/p>\n<h2 style=\"text-align: center\" data-start=\"493\" data-end=\"515\">Hovedfordeler \ud83c\udf1f<\/h2>\n<p data-start=\"518\" data-end=\"592\">\ud83d\udcf1 Sporing i sanntid &#8211; overv\u00e5k n\u00f8yaktig posisjon fra smarttelefonen<\/p>\n<p data-start=\"595\" data-end=\"678\">\ud83d\udeb4 Allsidig bruk &#8211; perfekt for biler, sykler, kj\u00e6ledyr, bagasje og personlig sikkerhet<\/p>\n<p data-start=\"681\" data-end=\"769\">\ud83e\uddf2 Sterk magnetisk base &#8211; festes sikkert til metalloverflater uten \u00e5 falle av<\/p>\n<p data-start=\"772\" data-end=\"835\">\ud83d\udd0b Lang batterilevetid &#8211; fungerer i flere dager p\u00e5 \u00e9n lading<\/p>\n<p data-start=\"838\" data-end=\"906\">\ud83c\udf0d Fungerer hvor som helst &#8211; p\u00e5litelig ytelse innend\u00f8rs og utend\u00f8rs<\/p>\n<p data-start=\"838\" data-end=\"906\"><img decoding=\"async\" class=\"size-full wp-image-31413 aligncenter\" src=\"https:\/\/keluvo.com\/template\/wp-content\/uploads\/sites\/5\/2025\/08\/Military-Magnetic-Mini-Gps-Locator-Gif3__340e686f-1-ezgif.com-video-to-webp-converter.webp\" alt=\"\" \/><\/p>\n<h2 style=\"text-align: center\" data-start=\"908\" data-end=\"927\">Slik bruker du den \ud83e\ude84<\/h2>\n<ol data-start=\"928\" data-end=\"1083\">\n<li data-start=\"928\" data-end=\"968\">\n<p data-start=\"931\" data-end=\"968\">Sett inn et SIM-kort i sporingsenheten.<\/p>\n<\/li>\n<li data-start=\"969\" data-end=\"1024\">\n<p data-start=\"972\" data-end=\"1024\">Plasser eller fest sporingsenheten til det valgte objektet.<\/p>\n<\/li>\n<li data-start=\"1025\" data-end=\"1083\">\n<p data-start=\"1028\" data-end=\"1083\">Bruk telefonen til \u00e5 motta posisjonsoppdateringer i sanntid.<\/p>\n<\/li>\n<\/ol>\n<h2 style=\"text-align: center\" data-start=\"1085\" data-end=\"1109\">Produktdetaljer \ud83d\udccb<\/h2>\n<ul data-start=\"1110\" data-end=\"1292\">\n<li data-start=\"1110\" data-end=\"1135\">\n<p data-start=\"1112\" data-end=\"1135\">Materiale: Slitesterk ABS<\/p>\n<\/li>\n<li data-start=\"1136\" data-end=\"1174\">\n<p data-start=\"1138\" data-end=\"1174\">Dimensjoner: 3,5 cm x 2,0 cm x 1,4 cm<\/p>\n<\/li>\n<li data-start=\"1136\" data-end=\"1174\">\n<p data-start=\"1138\" data-end=\"1174\"><span dir=\"auto\">Batteritype:<\/span><span dir=\"auto\"> Polymerbatteri<\/span><\/p>\n<\/li>\n<li data-start=\"1136\" data-end=\"1174\">\n<p data-start=\"1138\" data-end=\"1174\"><span dir=\"auto\">Arbeidsspenning:<\/span><span dir=\"auto\"> 3,4 &#8211; 4,2 V DC<\/span><\/p>\n<\/li>\n<li data-start=\"1136\" data-end=\"1174\">\n<p data-start=\"1138\" data-end=\"1174\"><span dir=\"auto\">Ladeinngang:<\/span><span dir=\"auto\"> AC 110-220V, 50\/60Hz<\/span><\/p>\n<\/li>\n<li data-start=\"1136\" data-end=\"1174\">\n<p data-start=\"1138\" data-end=\"1174\"><span dir=\"auto\">Nettverksformat:<\/span><span dir=\"auto\">\u00a0GSM \/ GPRS<\/span><\/p>\n<\/li>\n<li data-start=\"1175\" data-end=\"1202\">\n<p data-start=\"1177\" data-end=\"1202\">Tracking: GPS i sanntid<\/p>\n<\/li>\n<li data-start=\"1203\" data-end=\"1242\">\n<p data-start=\"1205\" data-end=\"1242\">Batteri: Oppladbart, lang levetid<\/p>\n<\/li>\n<li data-start=\"1243\" data-end=\"1292\">\n<p data-start=\"1245\" data-end=\"1292\">Funksjoner: Magnetisk feste, SMS-varsler<\/p>\n<\/li>\n<\/ul>\n<h2 style=\"text-align: center\" data-start=\"1294\" data-end=\"1319\">Pakken inkluderer \ud83c\udf81<\/h2>\n<ul data-start=\"1320\" data-end=\"1391\">\n<li data-start=\"1320\" data-end=\"1344\">\n<p data-start=\"1322\" data-end=\"1344\">1x mini GPS-lokalisator<\/p>\n<\/li>\n<li data-start=\"1345\" data-end=\"1371\">\n<p data-start=\"1347\" data-end=\"1371\">1x USB-ladekabel<\/p>\n<\/li>\n<li data-start=\"1372\" data-end=\"1391\">\n<p data-start=\"1374\" data-end=\"1391\">1x brukerh\u00e5ndbok.<\/p>\n<\/li>\n<\/ul>\n","protected":false},"excerpt":{"rendered":"<p>Spor hva som helst, n\u00e5r som helst og hvor som helst med denne kraftige mini-GPS-lokalisatoren! \ud83d\udccd Denne kompakte GPS-lokalisatoren lar [&hellip;]<\/p>\n","protected":false},"featured_media":37536,"comment_status":"open","ping_status":"closed","template":"","meta":{"site-sidebar-layout":"default","site-content-layout":"","ast-site-content-layout":"default","site-content-style":"default","site-sidebar-style":"default","ast-global-header-display":"","ast-banner-title-visibility":"","ast-main-header-display":"","ast-hfb-above-header-display":"","ast-hfb-below-header-display":"","ast-hfb-mobile-header-display":"","site-post-title":"","ast-breadcrumbs-content":"","ast-featured-img":"","footer-sml-layout":"","theme-transparent-header-meta":"default","adv-header-id-meta":"","stick-header-meta":"","header-above-stick-meta":"","header-main-stick-meta":"","header-below-stick-meta":"","astra-migrate-meta-layouts":"set","ast-page-background-enabled":"default","ast-page-background-meta":{"desktop":{"background-color":"var(--ast-global-color-4)","background-image":"","background-repeat":"repeat","background-position":"center center","background-size":"auto","background-attachment":"scroll","background-type":"","background-media":"","overlay-type":"","overlay-color":"","overlay-opacity":"","overlay-gradient":""},"tablet":{"background-color":"","background-image":"","background-repeat":"repeat","background-position":"center center","background-size":"auto","background-attachment":"scroll","background-type":"","background-media":"","overlay-type":"","overlay-color":"","overlay-opacity":"","overlay-gradient":""},"mobile":{"background-color":"","background-image":"","background-repeat":"repeat","background-position":"center center","background-size":"auto","background-attachment":"scroll","background-type":"","background-media":"","overlay-type":"","overlay-color":"","overlay-opacity":"","overlay-gradient":""}},"ast-content-background-meta":{"desktop":{"background-color":"var(--ast-global-color-5)","background-image":"","background-repeat":"repeat","background-position":"center center","background-size":"auto","background-attachment":"scroll","background-type":"","background-media":"","overlay-type":"","overlay-color":"","overlay-opacity":"","overlay-gradient":""},"tablet":{"background-color":"var(--ast-global-color-5)","background-image":"","background-repeat":"repeat","background-position":"center center","background-size":"auto","background-attachment":"scroll","background-type":"","background-media":"","overlay-type":"","overlay-color":"","overlay-opacity":"","overlay-gradient":""},"mobile":{"background-color":"var(--ast-global-color-5)","background-image":"","background-repeat":"repeat","background-position":"center center","background-size":"auto","background-attachment":"scroll","background-type":"","background-media":"","overlay-type":"","overlay-color":"","overlay-opacity":"","overlay-gradient":""}}},"product_brand":[],"product_cat":[15],"product_tag":[],"class_list":{"0":"post-37540","1":"product","2":"type-product","3":"status-publish","4":"has-post-thumbnail","6":"product_cat-uncategorized","7":"desktop-align-left","8":"tablet-align-left","9":"mobile-align-left","11":"first","12":"instock","13":"shipping-taxable","14":"purchasable","15":"product-type-simple"},"_links":{"self":[{"href":"https:\/\/keluvo.com\/no\/wp-json\/wp\/v2\/product\/37540","targetHints":{"allow":["GET"]}}],"collection":[{"href":"https:\/\/keluvo.com\/no\/wp-json\/wp\/v2\/product"}],"about":[{"href":"https:\/\/keluvo.com\/no\/wp-json\/wp\/v2\/types\/product"}],"replies":[{"embeddable":true,"href":"https:\/\/keluvo.com\/no\/wp-json\/wp\/v2\/comments?post=37540"}],"wp:featuredmedia":[{"embeddable":true,"href":"https:\/\/keluvo.com\/no\/wp-json\/wp\/v2\/media\/37536"}],"wp:attachment":[{"href":"https:\/\/keluvo.com\/no\/wp-json\/wp\/v2\/media?parent=37540"}],"wp:term":[{"taxonomy":"product_brand","embeddable":true,"href":"https:\/\/keluvo.com\/no\/wp-json\/wp\/v2\/product_brand?post=37540"},{"taxonomy":"product_cat","embeddable":true,"href":"https:\/\/keluvo.com\/no\/wp-json\/wp\/v2\/product_cat?post=37540"},{"taxonomy":"product_tag","embeddable":true,"href":"https:\/\/keluvo.com\/no\/wp-json\/wp\/v2\/product_tag?post=37540"}],"curies":[{"name":"wp","href":"https:\/\/api.w.org\/{rel}","templated":true}]}}