{"id":37435,"date":"2025-08-14T17:16:11","date_gmt":"2025-08-14T15:16:11","guid":{"rendered":"https:\/\/keluvo.com\/no\/produkt\/vannfontene-for-katter\/"},"modified":"2025-08-15T11:10:23","modified_gmt":"2025-08-15T09:10:23","slug":"vannfontene-for-katter","status":"publish","type":"product","link":"https:\/\/keluvo.com\/no\/produkt\/vannfontene-for-katter\/","title":{"rendered":"Vannfontene for katter"},"content":{"rendered":"<p style=\"text-align: center\" data-start=\"101\" data-end=\"144\"><strong>Hold Katten Din Hydrert Og Lykkelig \ud83d\udc3e\ud83d\udca7<\/strong><\/p>\n<p style=\"text-align: center\" data-start=\"145\" data-end=\"402\">Denne kattevannfontenen er den ultimate vannfontenen i rustfritt st\u00e5l som oppmuntrer katten din til \u00e5 drikke mer, holde seg sunn og f\u00f8le seg energisk. Med sin kontinuerlige vannstr\u00f8m og hygieniske design er det den perfekte m\u00e5ten \u00e5 holde din pelskledde venn hydrert hele dagen.<\/p>\n<p data-start=\"145\" data-end=\"402\"><img decoding=\"async\" class=\"size-full wp-image-31322 aligncenter\" src=\"https:\/\/keluvo.com\/template\/wp-content\/uploads\/sites\/5\/2025\/08\/ezgif-5-9e5d76ea52.webp\" alt=\"\" \/><\/p>\n<h2 style=\"text-align: center\" data-start=\"409\" data-end=\"431\">\ud83d\udc31 Hovedfordeler<\/h2>\n<p data-start=\"434\" data-end=\"483\">\ud83d\udca7 Kontinuerlig ferskvann for \u00e5 oppmuntre til drikking<\/p>\n<p data-start=\"486\" data-end=\"532\">\ud83d\udc31 Forbedrer hydrering og generell kattehelse<\/p>\n<p data-start=\"535\" data-end=\"585\">\ud83e\uddb7 Hjelper med \u00e5 forhindre urinveis- og nyreproblemer<\/p>\n<p data-start=\"588\" data-end=\"627\">\ud83e\uddfc Lett \u00e5 rengj\u00f8re kroppen i rustfritt st\u00e5l<\/p>\n<p data-start=\"630\" data-end=\"671\">\ud83d\udd07 Stille motor for stressfri drikking<\/p>\n<p data-start=\"630\" data-end=\"671\"><img decoding=\"async\" class=\"size-full wp-image-31324 aligncenter\" src=\"https:\/\/keluvo.com\/template\/wp-content\/uploads\/sites\/5\/2025\/08\/katkallan1.webp\" alt=\"\" \/><\/p>\n<h2 style=\"text-align: center\" data-start=\"678\" data-end=\"697\"><strong>\ud83d\udccc <\/strong>Slik Gj\u00f8r Du Det<\/h2>\n<ol data-start=\"698\" data-end=\"909\">\n<li data-start=\"698\" data-end=\"754\">\n<p data-start=\"701\" data-end=\"754\">Sett sammen fontenen ved \u00e5 f\u00f8lge den medf\u00f8lgende veiledningen.<\/p>\n<\/li>\n<li data-start=\"755\" data-end=\"789\">\n<p data-start=\"758\" data-end=\"789\">Fyll fontenen med friskt, rent vann.<\/p>\n<\/li>\n<li data-start=\"790\" data-end=\"850\">\n<p data-start=\"793\" data-end=\"850\">Koble til og la det milde vannet str\u00f8mme og tiltrekke katten din.<\/p>\n<\/li>\n<li data-start=\"851\" data-end=\"909\">\n<p data-start=\"854\" data-end=\"909\">Rengj\u00f8r og bytt filter regelmessig for best mulig resultat.<\/p>\n<\/li>\n<\/ol>\n<h2 style=\"text-align: center\" data-start=\"916\" data-end=\"940\"><strong>\ud83d\udccf <\/strong>Produktdetaljer<\/h2>\n<ul data-start=\"941\" data-end=\"1067\">\n<li data-start=\"941\" data-end=\"970\">\n<p data-start=\"943\" data-end=\"970\">Materiale: Rustfritt st\u00e5l<\/p>\n<\/li>\n<li data-start=\"971\" data-end=\"1022\">\n<p data-start=\"973\" data-end=\"1022\">Kapasitet: Stor nok for husholdninger med flere katter (4 liter)<\/p>\n<\/li>\n<li data-start=\"971\" data-end=\"1022\">\n<p data-start=\"973\" data-end=\"1022\">St\u00f8rrelse: 24 x 16 cm<\/p>\n<\/li>\n<li data-start=\"971\" data-end=\"1022\">Inkluderer utskiftbart vannfiltersystem<\/li>\n<\/ul>\n<h2 style=\"text-align: center\" data-start=\"1074\" data-end=\"1099\"><strong>\ud83d\udce6 <\/strong>Pakken Inneholder<\/h2>\n<ul data-start=\"1100\" data-end=\"1172\">\n<li data-start=\"1100\" data-end=\"1135\">\n<p data-start=\"1102\" data-end=\"1135\">1x vannfontene for katter<\/p>\n<\/li>\n<li data-start=\"1136\" data-end=\"1153\">\n<p data-start=\"1138\" data-end=\"1153\">1x filtersett<\/p>\n<\/li>\n<li data-start=\"1154\" data-end=\"1172\">\n<p data-start=\"1156\" data-end=\"1172\">1x brukerh\u00e5ndbok.<\/p>\n<\/li>\n<\/ul>\n","protected":false},"excerpt":{"rendered":"<p>Hold Katten Din Hydrert Og Lykkelig \ud83d\udc3e\ud83d\udca7 Denne kattevannfontenen er den ultimate vannfontenen i rustfritt st\u00e5l som oppmuntrer katten din [&hellip;]<\/p>\n","protected":false},"featured_media":37431,"comment_status":"open","ping_status":"closed","template":"","meta":{"site-sidebar-layout":"default","site-content-layout":"","ast-site-content-layout":"default","site-content-style":"default","site-sidebar-style":"default","ast-global-header-display":"","ast-banner-title-visibility":"","ast-main-header-display":"","ast-hfb-above-header-display":"","ast-hfb-below-header-display":"","ast-hfb-mobile-header-display":"","site-post-title":"","ast-breadcrumbs-content":"","ast-featured-img":"","footer-sml-layout":"","theme-transparent-header-meta":"default","adv-header-id-meta":"","stick-header-meta":"","header-above-stick-meta":"","header-main-stick-meta":"","header-below-stick-meta":"","astra-migrate-meta-layouts":"set","ast-page-background-enabled":"default","ast-page-background-meta":{"desktop":{"background-color":"var(--ast-global-color-4)","background-image":"","background-repeat":"repeat","background-position":"center center","background-size":"auto","background-attachment":"scroll","background-type":"","background-media":"","overlay-type":"","overlay-color":"","overlay-opacity":"","overlay-gradient":""},"tablet":{"background-color":"","background-image":"","background-repeat":"repeat","background-position":"center center","background-size":"auto","background-attachment":"scroll","background-type":"","background-media":"","overlay-type":"","overlay-color":"","overlay-opacity":"","overlay-gradient":""},"mobile":{"background-color":"","background-image":"","background-repeat":"repeat","background-position":"center center","background-size":"auto","background-attachment":"scroll","background-type":"","background-media":"","overlay-type":"","overlay-color":"","overlay-opacity":"","overlay-gradient":""}},"ast-content-background-meta":{"desktop":{"background-color":"var(--ast-global-color-5)","background-image":"","background-repeat":"repeat","background-position":"center center","background-size":"auto","background-attachment":"scroll","background-type":"","background-media":"","overlay-type":"","overlay-color":"","overlay-opacity":"","overlay-gradient":""},"tablet":{"background-color":"var(--ast-global-color-5)","background-image":"","background-repeat":"repeat","background-position":"center center","background-size":"auto","background-attachment":"scroll","background-type":"","background-media":"","overlay-type":"","overlay-color":"","overlay-opacity":"","overlay-gradient":""},"mobile":{"background-color":"var(--ast-global-color-5)","background-image":"","background-repeat":"repeat","background-position":"center center","background-size":"auto","background-attachment":"scroll","background-type":"","background-media":"","overlay-type":"","overlay-color":"","overlay-opacity":"","overlay-gradient":""}}},"product_brand":[],"product_cat":[997],"product_tag":[],"class_list":{"0":"post-37435","1":"product","2":"type-product","3":"status-publish","4":"has-post-thumbnail","6":"product_cat-husdyrprodukter","7":"desktop-align-left","8":"tablet-align-left","9":"mobile-align-left","11":"first","12":"instock","13":"shipping-taxable","14":"purchasable","15":"product-type-simple"},"_links":{"self":[{"href":"https:\/\/keluvo.com\/no\/wp-json\/wp\/v2\/product\/37435","targetHints":{"allow":["GET"]}}],"collection":[{"href":"https:\/\/keluvo.com\/no\/wp-json\/wp\/v2\/product"}],"about":[{"href":"https:\/\/keluvo.com\/no\/wp-json\/wp\/v2\/types\/product"}],"replies":[{"embeddable":true,"href":"https:\/\/keluvo.com\/no\/wp-json\/wp\/v2\/comments?post=37435"}],"wp:featuredmedia":[{"embeddable":true,"href":"https:\/\/keluvo.com\/no\/wp-json\/wp\/v2\/media\/37431"}],"wp:attachment":[{"href":"https:\/\/keluvo.com\/no\/wp-json\/wp\/v2\/media?parent=37435"}],"wp:term":[{"taxonomy":"product_brand","embeddable":true,"href":"https:\/\/keluvo.com\/no\/wp-json\/wp\/v2\/product_brand?post=37435"},{"taxonomy":"product_cat","embeddable":true,"href":"https:\/\/keluvo.com\/no\/wp-json\/wp\/v2\/product_cat?post=37435"},{"taxonomy":"product_tag","embeddable":true,"href":"https:\/\/keluvo.com\/no\/wp-json\/wp\/v2\/product_tag?post=37435"}],"curies":[{"name":"wp","href":"https:\/\/api.w.org\/{rel}","templated":true}]}}