{"id":37424,"date":"2025-08-14T17:15:19","date_gmt":"2025-08-14T15:15:19","guid":{"rendered":"https:\/\/keluvo.com\/no\/produkt\/spyd\/"},"modified":"2025-08-15T11:08:49","modified_gmt":"2025-08-15T09:08:49","slug":"spyd","status":"publish","type":"product","link":"https:\/\/keluvo.com\/no\/produkt\/spyd\/","title":{"rendered":"Spyd"},"content":{"rendered":"<p style=\"text-align: center\" data-start=\"90\" data-end=\"122\"><strong>Grill Mer, Vend Mindre \ud83c\udf62\ud83d\udd25<\/strong><\/p>\n<p style=\"text-align: center\" data-start=\"123\" data-end=\"320\">Gj\u00f8r grillingen enklere og raskere med grillspydene. F\u00e5 plass til mer mat p\u00e5 en gang, snu alt i ett trekk og nyt perfekt grillet kj\u00f8tt, sj\u00f8mat og gr\u00f8nnsaker uten problemer.<\/p>\n<p data-start=\"123\" data-end=\"320\"><img decoding=\"async\" class=\"size-full wp-image-31305 aligncenter\" src=\"https:\/\/keluvo.com\/template\/wp-content\/uploads\/sites\/5\/2025\/08\/ce6478a79769a3f777c0063344e231a59c83be03.webp\" alt=\"\" \/><\/p>\n<h2 style=\"text-align: center\" data-start=\"327\" data-end=\"349\">\ud83c\udf57\u00a0Hovedfordeler<\/h2>\n<p data-start=\"352\" data-end=\"395\">\ud83c\udf57 Grill flere deler samtidig<\/p>\n<p data-start=\"398\" data-end=\"449\">\ud83d\udd04 Vend all maten p\u00e5 spydet i \u00e9n enkel vending<\/p>\n<p data-start=\"452\" data-end=\"511\">\ud83e\udeb6 Laget av slitesterkt rustfritt st\u00e5l for langvarig bruk<\/p>\n<p data-start=\"514\" data-end=\"552\">\ud83e\uddfd Lett \u00e5 rengj\u00f8re og t\u00e5ler oppvaskmaskin<\/p>\n<p data-start=\"555\" data-end=\"606\">\ud83c\udf92 Leveres med en oppbevaringspose for ryddig organisering<\/p>\n<p data-start=\"555\" data-end=\"606\"><img decoding=\"async\" class=\"size-full wp-image-31306 aligncenter\" src=\"https:\/\/keluvo.com\/template\/wp-content\/uploads\/sites\/5\/2025\/08\/17b5943a1e626c91b15558883969d1d7a1571d0b.webp\" alt=\"\" \/><\/p>\n<h2 style=\"text-align: center\" data-start=\"613\" data-end=\"632\">\ud83d\udccc Slik Bruker Du<\/h2>\n<ol data-start=\"633\" data-end=\"836\">\n<li data-start=\"633\" data-end=\"688\">\n<p data-start=\"636\" data-end=\"688\">Tre favorittingrediensene dine p\u00e5 spydene.<\/p>\n<\/li>\n<li data-start=\"689\" data-end=\"740\">\n<p data-start=\"692\" data-end=\"740\">Plasser spydet p\u00e5 grillen og stek jevnt.<\/p>\n<\/li>\n<li data-start=\"741\" data-end=\"794\">\n<p data-start=\"744\" data-end=\"794\">Snu en gang for perfekt grillet mat hver gang.<\/p>\n<\/li>\n<li data-start=\"795\" data-end=\"836\">\n<p data-start=\"798\" data-end=\"836\">Rengj\u00f8r og oppbevar i den medf\u00f8lgende posen.<\/p>\n<\/li>\n<\/ol>\n<h2 style=\"text-align: center\" data-start=\"843\" data-end=\"867\"><strong>\ud83d\udccf <\/strong>Produktdetaljer<\/h2>\n<ul data-start=\"868\" data-end=\"961\">\n<li data-start=\"868\" data-end=\"897\">\n<p data-start=\"870\" data-end=\"897\">Materiale: Rustfritt st\u00e5l<\/p>\n<\/li>\n<li data-start=\"898\" data-end=\"915\">\n<p data-start=\"900\" data-end=\"915\">Farge: S\u00f8lv<\/p>\n<\/li>\n<li data-start=\"916\" data-end=\"961\">\n<p data-start=\"918\" data-end=\"961\">St\u00f8rrelse: 37,5 x 9,1 cm.<\/p>\n<\/li>\n<\/ul>\n<h2 style=\"text-align: center\" data-start=\"968\" data-end=\"993\"><strong>\ud83d\udce6 <\/strong>Pakken Inneholder<\/h2>\n<ul data-start=\"994\" data-end=\"1099\">\n<li data-start=\"994\" data-end=\"1099\">\n<p data-start=\"996\" data-end=\"1099\">1, 2, 3x grillspyd.<\/p>\n<\/li>\n<\/ul>\n","protected":false},"excerpt":{"rendered":"<p>Grill Mer, Vend Mindre \ud83c\udf62\ud83d\udd25 Gj\u00f8r grillingen enklere og raskere med grillspydene. F\u00e5 plass til mer mat p\u00e5 en gang, [&hellip;]<\/p>\n","protected":false},"featured_media":37420,"comment_status":"open","ping_status":"closed","template":"","meta":{"site-sidebar-layout":"default","site-content-layout":"","ast-site-content-layout":"default","site-content-style":"default","site-sidebar-style":"default","ast-global-header-display":"","ast-banner-title-visibility":"","ast-main-header-display":"","ast-hfb-above-header-display":"","ast-hfb-below-header-display":"","ast-hfb-mobile-header-display":"","site-post-title":"","ast-breadcrumbs-content":"","ast-featured-img":"","footer-sml-layout":"","theme-transparent-header-meta":"default","adv-header-id-meta":"","stick-header-meta":"","header-above-stick-meta":"","header-main-stick-meta":"","header-below-stick-meta":"","astra-migrate-meta-layouts":"set","ast-page-background-enabled":"default","ast-page-background-meta":{"desktop":{"background-color":"var(--ast-global-color-4)","background-image":"","background-repeat":"repeat","background-position":"center center","background-size":"auto","background-attachment":"scroll","background-type":"","background-media":"","overlay-type":"","overlay-color":"","overlay-opacity":"","overlay-gradient":""},"tablet":{"background-color":"","background-image":"","background-repeat":"repeat","background-position":"center center","background-size":"auto","background-attachment":"scroll","background-type":"","background-media":"","overlay-type":"","overlay-color":"","overlay-opacity":"","overlay-gradient":""},"mobile":{"background-color":"","background-image":"","background-repeat":"repeat","background-position":"center center","background-size":"auto","background-attachment":"scroll","background-type":"","background-media":"","overlay-type":"","overlay-color":"","overlay-opacity":"","overlay-gradient":""}},"ast-content-background-meta":{"desktop":{"background-color":"var(--ast-global-color-5)","background-image":"","background-repeat":"repeat","background-position":"center center","background-size":"auto","background-attachment":"scroll","background-type":"","background-media":"","overlay-type":"","overlay-color":"","overlay-opacity":"","overlay-gradient":""},"tablet":{"background-color":"var(--ast-global-color-5)","background-image":"","background-repeat":"repeat","background-position":"center center","background-size":"auto","background-attachment":"scroll","background-type":"","background-media":"","overlay-type":"","overlay-color":"","overlay-opacity":"","overlay-gradient":""},"mobile":{"background-color":"var(--ast-global-color-5)","background-image":"","background-repeat":"repeat","background-position":"center center","background-size":"auto","background-attachment":"scroll","background-type":"","background-media":"","overlay-type":"","overlay-color":"","overlay-opacity":"","overlay-gradient":""}}},"product_brand":[],"product_cat":[1001],"product_tag":[],"class_list":{"0":"post-37424","1":"product","2":"type-product","3":"status-publish","4":"has-post-thumbnail","6":"product_cat-husholdningsartikler","7":"pa_21910_v9kvh2ul-1-stk","8":"pa_21910_v9kvh2ul-2-stk","9":"pa_21910_v9kvh2ul-3-stk","10":"desktop-align-left","11":"tablet-align-left","12":"mobile-align-left","14":"first","15":"instock","16":"shipping-taxable","17":"purchasable","18":"product-type-variable"},"_links":{"self":[{"href":"https:\/\/keluvo.com\/no\/wp-json\/wp\/v2\/product\/37424","targetHints":{"allow":["GET"]}}],"collection":[{"href":"https:\/\/keluvo.com\/no\/wp-json\/wp\/v2\/product"}],"about":[{"href":"https:\/\/keluvo.com\/no\/wp-json\/wp\/v2\/types\/product"}],"replies":[{"embeddable":true,"href":"https:\/\/keluvo.com\/no\/wp-json\/wp\/v2\/comments?post=37424"}],"wp:featuredmedia":[{"embeddable":true,"href":"https:\/\/keluvo.com\/no\/wp-json\/wp\/v2\/media\/37420"}],"wp:attachment":[{"href":"https:\/\/keluvo.com\/no\/wp-json\/wp\/v2\/media?parent=37424"}],"wp:term":[{"taxonomy":"product_brand","embeddable":true,"href":"https:\/\/keluvo.com\/no\/wp-json\/wp\/v2\/product_brand?post=37424"},{"taxonomy":"product_cat","embeddable":true,"href":"https:\/\/keluvo.com\/no\/wp-json\/wp\/v2\/product_cat?post=37424"},{"taxonomy":"product_tag","embeddable":true,"href":"https:\/\/keluvo.com\/no\/wp-json\/wp\/v2\/product_tag?post=37424"}],"curies":[{"name":"wp","href":"https:\/\/api.w.org\/{rel}","templated":true}]}}