{"id":37415,"date":"2025-08-14T17:14:35","date_gmt":"2025-08-14T15:14:35","guid":{"rendered":"https:\/\/keluvo.com\/no\/produkt\/pute-2\/"},"modified":"2025-09-12T16:34:18","modified_gmt":"2025-09-12T13:34:18","slug":"pute-2","status":"publish","type":"product","link":"https:\/\/keluvo.com\/no\/produkt\/pute-2\/","title":{"rendered":"Pute"},"content":{"rendered":"<p style=\"text-align: center\" data-start=\"106\" data-end=\"155\"><strong>Sov Komfortabelt, V\u00e5kn Opp Uten Smerter \ud83d\ude34\u2728<\/strong><\/p>\n<p style=\"text-align: center\" data-start=\"156\" data-end=\"407\">Gled deg over dyp, avslappende s\u00f8vn og v\u00e5kn opp uthvilt med v\u00e5r ortopediske pute. Den er utformet for \u00e5 holde ryggraden p\u00e5 linje, og reduserer trykket p\u00e5 kn\u00e6r, hofter og korsrygg &#8211; perfekt for deg som sover p\u00e5 siden og vil unng\u00e5 morgensmerter.<\/p>\n<p data-start=\"156\" data-end=\"407\"><img decoding=\"async\" class=\"size-full wp-image-31294 aligncenter\" src=\"https:\/\/keluvo.com\/template\/wp-content\/uploads\/sites\/5\/2025\/08\/goodsleep-4.jpg\" alt=\"\" \/><\/p>\n<h2 style=\"text-align: center\" data-start=\"414\" data-end=\"436\">\ud83d\udca4 Hovedfordeler<\/h2>\n<p data-start=\"439\" data-end=\"487\">\ud83d\udee1\ufe0f Avlaster trykk p\u00e5 ledd og korsrygg<\/p>\n<p data-start=\"490\" data-end=\"557\">\ud83d\udca4 Holder kroppen i en naturlig, sunn stilling mens du sleep<\/p>\n<p data-start=\"560\" data-end=\"618\">\ud83c\udf2c\ufe0f Pustende design forhindrer svetting i l\u00f8pet av natten<\/p>\n<p data-start=\"621\" data-end=\"665\">\ud83e\uddf5 Vaskbart trekk med praktisk glidel\u00e5s<\/p>\n<p data-start=\"668\" data-end=\"725\">\ud83e\ude91 Ergonomisk formet for maksimal komfort og st\u00f8tte<\/p>\n<p data-start=\"668\" data-end=\"725\"><img decoding=\"async\" class=\"size-full wp-image-31298 aligncenter\" src=\"https:\/\/keluvo.com\/template\/wp-content\/uploads\/sites\/5\/2025\/08\/goodsleep-2.jpg\" alt=\"\" \/><\/p>\n<h2 style=\"text-align: center\" data-start=\"732\" data-end=\"751\"><strong>\ud83d\udccc<\/strong> Slik Bruker Du Puten<\/h2>\n<ol data-start=\"752\" data-end=\"925\">\n<li data-start=\"752\" data-end=\"821\">\n<p data-start=\"755\" data-end=\"821\">Plasser puten mellom kn\u00e6rne mens du sover p\u00e5 siden.<\/p>\n<\/li>\n<li data-start=\"822\" data-end=\"886\">\n<p data-start=\"825\" data-end=\"886\">Juster til din komfort slik at hoftene og ryggraden holder seg p\u00e5 linje.<\/p>\n<\/li>\n<li data-start=\"887\" data-end=\"925\">\n<p data-start=\"890\" data-end=\"925\">Nyt en avslappende, smertefri natt.<\/p>\n<\/li>\n<\/ol>\n<h2 style=\"text-align: center\" data-start=\"932\" data-end=\"956\"><strong>\ud83d\udccf <\/strong>Produktdetaljer<\/h2>\n<ul data-start=\"957\" data-end=\"1053\">\n<li data-start=\"957\" data-end=\"975\">\n<p data-start=\"959\" data-end=\"975\">Vekt: 0,2 kg<\/p>\n<\/li>\n<li data-start=\"976\" data-end=\"1008\">\n<p data-start=\"978\" data-end=\"1008\">Trekkmateriale: 100 % akryl<\/p>\n<\/li>\n<li data-start=\"1009\" data-end=\"1053\">\n<p data-start=\"1011\" data-end=\"1053\">Fyllmateriale: 100 % polyuretanskum<\/p>\n<\/li>\n<\/ul>\n<h2 style=\"text-align: center\" data-start=\"1060\" data-end=\"1085\"><strong>\ud83d\udce6 <\/strong>Pakken Inneholder<\/h2>\n<ul data-start=\"1086\" data-end=\"1124\">\n<li data-start=\"1086\" data-end=\"1124\">\n<p data-start=\"1088\" data-end=\"1124\">1x ortopedisk pute.<\/p>\n<\/li>\n<\/ul>\n","protected":false},"excerpt":{"rendered":"<p>Sov Komfortabelt, V\u00e5kn Opp Uten Smerter \ud83d\ude34\u2728 Gled deg over dyp, avslappende s\u00f8vn og v\u00e5kn opp uthvilt med v\u00e5r ortopediske [&hellip;]<\/p>\n","protected":false},"featured_media":37411,"comment_status":"open","ping_status":"closed","template":"","meta":{"site-sidebar-layout":"default","site-content-layout":"","ast-site-content-layout":"default","site-content-style":"default","site-sidebar-style":"default","ast-global-header-display":"","ast-banner-title-visibility":"","ast-main-header-display":"","ast-hfb-above-header-display":"","ast-hfb-below-header-display":"","ast-hfb-mobile-header-display":"","site-post-title":"","ast-breadcrumbs-content":"","ast-featured-img":"","footer-sml-layout":"","theme-transparent-header-meta":"default","adv-header-id-meta":"","stick-header-meta":"","header-above-stick-meta":"","header-main-stick-meta":"","header-below-stick-meta":"","astra-migrate-meta-layouts":"set","ast-page-background-enabled":"default","ast-page-background-meta":{"desktop":{"background-color":"var(--ast-global-color-4)","background-image":"","background-repeat":"repeat","background-position":"center center","background-size":"auto","background-attachment":"scroll","background-type":"","background-media":"","overlay-type":"","overlay-color":"","overlay-opacity":"","overlay-gradient":""},"tablet":{"background-color":"","background-image":"","background-repeat":"repeat","background-position":"center center","background-size":"auto","background-attachment":"scroll","background-type":"","background-media":"","overlay-type":"","overlay-color":"","overlay-opacity":"","overlay-gradient":""},"mobile":{"background-color":"","background-image":"","background-repeat":"repeat","background-position":"center center","background-size":"auto","background-attachment":"scroll","background-type":"","background-media":"","overlay-type":"","overlay-color":"","overlay-opacity":"","overlay-gradient":""}},"ast-content-background-meta":{"desktop":{"background-color":"var(--ast-global-color-5)","background-image":"","background-repeat":"repeat","background-position":"center center","background-size":"auto","background-attachment":"scroll","background-type":"","background-media":"","overlay-type":"","overlay-color":"","overlay-opacity":"","overlay-gradient":""},"tablet":{"background-color":"var(--ast-global-color-5)","background-image":"","background-repeat":"repeat","background-position":"center center","background-size":"auto","background-attachment":"scroll","background-type":"","background-media":"","overlay-type":"","overlay-color":"","overlay-opacity":"","overlay-gradient":""},"mobile":{"background-color":"var(--ast-global-color-5)","background-image":"","background-repeat":"repeat","background-position":"center center","background-size":"auto","background-attachment":"scroll","background-type":"","background-media":"","overlay-type":"","overlay-color":"","overlay-opacity":"","overlay-gradient":""}}},"product_brand":[],"product_cat":[991,1001],"product_tag":[],"class_list":{"0":"post-37415","1":"product","2":"type-product","3":"status-publish","4":"has-post-thumbnail","6":"product_cat-helseprodukter","7":"product_cat-husholdningsartikler","8":"pa_41731_8xqipall-bla","9":"pa_41731_8xqipall-hvit","10":"desktop-align-left","11":"tablet-align-left","12":"mobile-align-left","14":"first","15":"instock","16":"shipping-taxable","17":"purchasable","18":"product-type-variable"},"_links":{"self":[{"href":"https:\/\/keluvo.com\/no\/wp-json\/wp\/v2\/product\/37415","targetHints":{"allow":["GET"]}}],"collection":[{"href":"https:\/\/keluvo.com\/no\/wp-json\/wp\/v2\/product"}],"about":[{"href":"https:\/\/keluvo.com\/no\/wp-json\/wp\/v2\/types\/product"}],"replies":[{"embeddable":true,"href":"https:\/\/keluvo.com\/no\/wp-json\/wp\/v2\/comments?post=37415"}],"wp:featuredmedia":[{"embeddable":true,"href":"https:\/\/keluvo.com\/no\/wp-json\/wp\/v2\/media\/37411"}],"wp:attachment":[{"href":"https:\/\/keluvo.com\/no\/wp-json\/wp\/v2\/media?parent=37415"}],"wp:term":[{"taxonomy":"product_brand","embeddable":true,"href":"https:\/\/keluvo.com\/no\/wp-json\/wp\/v2\/product_brand?post=37415"},{"taxonomy":"product_cat","embeddable":true,"href":"https:\/\/keluvo.com\/no\/wp-json\/wp\/v2\/product_cat?post=37415"},{"taxonomy":"product_tag","embeddable":true,"href":"https:\/\/keluvo.com\/no\/wp-json\/wp\/v2\/product_tag?post=37415"}],"curies":[{"name":"wp","href":"https:\/\/api.w.org\/{rel}","templated":true}]}}