{"id":37381,"date":"2025-08-14T17:12:32","date_gmt":"2025-08-14T15:12:32","guid":{"rendered":"https:\/\/keluvo.com\/no\/produkt\/led-bevegelseslys\/"},"modified":"2025-08-15T11:00:54","modified_gmt":"2025-08-15T09:00:54","slug":"led-bevegelseslys","status":"publish","type":"product","link":"https:\/\/keluvo.com\/no\/produkt\/led-bevegelseslys\/","title":{"rendered":"LED-bevegelseslys"},"content":{"rendered":"<p style=\"text-align: center\" data-start=\"103\" data-end=\"157\"><strong>Lys Akkurat N\u00e5r Og Der Du Trenger Det \ud83d\udca1\ud83d\udeb6\u200d\u2642\ufe0f<\/strong><\/p>\n<p style=\"text-align: center\" data-start=\"158\" data-end=\"402\">Denne smarte LED-bevegelseslys sl\u00e5r seg automatisk p\u00e5 n\u00e5r det registrerer bevegelse, noe som gir trygg, h\u00e5ndfri belysning om natten eller i m\u00f8rke rom. Perfekt for ganger, skap, soverom, trapper eller andre steder der du trenger ekstra lys uten \u00e5 m\u00e5tte famle etter en bryter. Milj\u00f8vennlig, enkel \u00e5 installere og energibesparende.<\/p>\n<p data-start=\"158\" data-end=\"402\"><img decoding=\"async\" class=\"size-full wp-image-31256 aligncenter\" src=\"https:\/\/keluvo.com\/template\/wp-content\/uploads\/sites\/5\/2025\/08\/LUMISIGN-IMG1-min_4f8f6b50-ac8d-411d-af0b-249079394197_480x480.webp\" alt=\"\" \/><\/p>\n<h2 style=\"text-align: center\" data-start=\"356\" data-end=\"378\"><strong>\ud83d\udca1 Hovedfordeler\u00a0<\/strong><\/h2>\n<p data-start=\"485\" data-end=\"547\">\ud83d\udeb6\u200d\u2642\ufe0f Bevegelsesaktivert for \u00f8yeblikkelig belysning n\u00e5r du g\u00e5r forbi<\/p>\n<p data-start=\"550\" data-end=\"597\">\ud83d\udca1 Varmt, mildt lys som er sk\u00e5nsomt for \u00f8ynene<\/p>\n<p data-start=\"600\" data-end=\"657\">\ud83c\udf31 Energisparende LED-teknologi for lengre batterilevetid<\/p>\n<p data-start=\"660\" data-end=\"724\">\ud83d\udee0\ufe0f Enkel montering &#8211; fest hvor som helst med lim eller skruer<\/p>\n<p data-start=\"727\" data-end=\"789\">\ud83c\udfe0 Perfekt for ganger, klesskap, trapper, soverom og mye mer<\/p>\n<p data-start=\"727\" data-end=\"789\"><img decoding=\"async\" class=\"size-full wp-image-31255 aligncenter\" src=\"https:\/\/keluvo.com\/template\/wp-content\/uploads\/sites\/5\/2025\/08\/Sf465637c268c4d3ea3f558587ef85bcdN_jpg_26ff92e2-1dcf-40b7-9929-7f4c43e82546_480x480.webp\" alt=\"\" \/><\/p>\n<h2 style=\"text-align: center\" data-start=\"796\" data-end=\"815\"><strong>\u00a0\ud83d\udccc Slik Bruker Du Den<\/strong><\/h2>\n<ol data-start=\"816\" data-end=\"1059\">\n<li data-start=\"816\" data-end=\"871\">\n<p data-start=\"819\" data-end=\"871\">Monter ved hjelp av den medf\u00f8lgende klebeputen eller skruene.<\/p>\n<\/li>\n<li data-start=\"872\" data-end=\"926\">\n<p data-start=\"875\" data-end=\"926\">Plasser den p\u00e5 et sted der den kan oppdage bevegelse.<\/p>\n<\/li>\n<li data-start=\"927\" data-end=\"993\">\n<p data-start=\"930\" data-end=\"993\">Lyset sl\u00e5s p\u00e5 automatisk n\u00e5r bevegelse oppdages.<\/p>\n<\/li>\n<li data-start=\"994\" data-end=\"1059\">\n<p data-start=\"997\" data-end=\"1059\">Sl\u00e5s av etter en kort periode med inaktivitet for \u00e5 spare energi.<\/p>\n<\/li>\n<\/ol>\n<h2 style=\"text-align: center\" data-start=\"1066\" data-end=\"1090\"><strong>\u00a0\ud83d\udccf Produktdetaljer<\/strong><\/h2>\n<ul data-start=\"1091\" data-end=\"1242\">\n<li data-start=\"1091\" data-end=\"1118\">\n<p data-start=\"1093\" data-end=\"1118\">Lysfarge: Varm hvit og hvit<\/p>\n<\/li>\n<li data-start=\"1119\" data-end=\"1158\">\n<p data-start=\"1121\" data-end=\"1158\">Bevegelsesdeteksjonsomr\u00e5de: Opptil 3\u20135 m<\/p>\n<\/li>\n<li data-start=\"1119\" data-end=\"1158\">\n<p data-start=\"1121\" data-end=\"1158\"><span dir=\"auto\">Ladetid:<\/span><span dir=\"auto\">\u00a02 timer<\/span><\/p>\n<\/li>\n<li data-start=\"1119\" data-end=\"1158\">\n<p data-start=\"1121\" data-end=\"1158\">Deteksjonsvinkel: 120\u00b0<\/p>\n<\/li>\n<li data-start=\"1185\" data-end=\"1201\">\n<p data-start=\"1187\" data-end=\"1201\">Effekt: 0,6 W<\/p>\n<\/li>\n<li data-start=\"1202\" data-end=\"1225\">\n<p data-start=\"1204\" data-end=\"1225\">St\u00f8rrelse: 8 cm diameter<\/p>\n<\/li>\n<li data-start=\"1226\" data-end=\"1242\">\n<p data-start=\"1228\" data-end=\"1242\">Vekt: 72 g<\/p>\n<\/li>\n<\/ul>\n<h2 style=\"text-align: center\" data-start=\"1249\" data-end=\"1274\"><strong>\ud83d\udce6 Pakken Inkluderer<\/strong><\/h2>\n<ul data-start=\"1275\" data-end=\"1357\">\n<li data-start=\"1275\" data-end=\"1316\">\n<p data-start=\"1277\" data-end=\"1316\">1, 2, 3x LED bevegelseslys<\/p>\n<\/li>\n<li data-start=\"1317\" data-end=\"1336\">\n<p data-start=\"1319\" data-end=\"1336\"><span style=\"font-size: 16px\">1, 2, 3x USB-ladekabel <\/span><\/p>\n<\/li>\n<li data-start=\"1317\" data-end=\"1336\">\n<p data-start=\"1319\" data-end=\"1336\"><span style=\"font-size: 16px\">1, 2, 3x magnetisk klistremerke.<\/span><\/p>\n<\/li>\n<\/ul>\n","protected":false},"excerpt":{"rendered":"<p>Lys Akkurat N\u00e5r Og Der Du Trenger Det \ud83d\udca1\ud83d\udeb6\u200d\u2642\ufe0f Denne smarte LED-bevegelseslys sl\u00e5r seg automatisk p\u00e5 n\u00e5r det registrerer bevegelse, [&hellip;]<\/p>\n","protected":false},"featured_media":37377,"comment_status":"open","ping_status":"closed","template":"","meta":{"site-sidebar-layout":"default","site-content-layout":"","ast-site-content-layout":"default","site-content-style":"default","site-sidebar-style":"default","ast-global-header-display":"","ast-banner-title-visibility":"","ast-main-header-display":"","ast-hfb-above-header-display":"","ast-hfb-below-header-display":"","ast-hfb-mobile-header-display":"","site-post-title":"","ast-breadcrumbs-content":"","ast-featured-img":"","footer-sml-layout":"","theme-transparent-header-meta":"default","adv-header-id-meta":"","stick-header-meta":"","header-above-stick-meta":"","header-main-stick-meta":"","header-below-stick-meta":"","astra-migrate-meta-layouts":"set","ast-page-background-enabled":"default","ast-page-background-meta":{"desktop":{"background-color":"var(--ast-global-color-4)","background-image":"","background-repeat":"repeat","background-position":"center center","background-size":"auto","background-attachment":"scroll","background-type":"","background-media":"","overlay-type":"","overlay-color":"","overlay-opacity":"","overlay-gradient":""},"tablet":{"background-color":"","background-image":"","background-repeat":"repeat","background-position":"center center","background-size":"auto","background-attachment":"scroll","background-type":"","background-media":"","overlay-type":"","overlay-color":"","overlay-opacity":"","overlay-gradient":""},"mobile":{"background-color":"","background-image":"","background-repeat":"repeat","background-position":"center center","background-size":"auto","background-attachment":"scroll","background-type":"","background-media":"","overlay-type":"","overlay-color":"","overlay-opacity":"","overlay-gradient":""}},"ast-content-background-meta":{"desktop":{"background-color":"var(--ast-global-color-5)","background-image":"","background-repeat":"repeat","background-position":"center center","background-size":"auto","background-attachment":"scroll","background-type":"","background-media":"","overlay-type":"","overlay-color":"","overlay-opacity":"","overlay-gradient":""},"tablet":{"background-color":"var(--ast-global-color-5)","background-image":"","background-repeat":"repeat","background-position":"center center","background-size":"auto","background-attachment":"scroll","background-type":"","background-media":"","overlay-type":"","overlay-color":"","overlay-opacity":"","overlay-gradient":""},"mobile":{"background-color":"var(--ast-global-color-5)","background-image":"","background-repeat":"repeat","background-position":"center center","background-size":"auto","background-attachment":"scroll","background-type":"","background-media":"","overlay-type":"","overlay-color":"","overlay-opacity":"","overlay-gradient":""}}},"product_brand":[],"product_cat":[1001],"product_tag":[],"class_list":{"0":"post-37381","1":"product","2":"type-product","3":"status-publish","4":"has-post-thumbnail","6":"product_cat-husholdningsartikler","7":"pa_24050_9qf2upt8-hvit","8":"pa_24050_9qf2upt8-varm-hvit","9":"pa_24050_9qf2upt8-varm-og-hvit","10":"pa_24050_xy95x4g2-1-stk","11":"pa_24050_xy95x4g2-2-stk","12":"pa_24050_xy95x4g2-3-stk","13":"desktop-align-left","14":"tablet-align-left","15":"mobile-align-left","17":"first","18":"instock","19":"shipping-taxable","20":"purchasable","21":"product-type-variable","22":"has-default-attributes"},"_links":{"self":[{"href":"https:\/\/keluvo.com\/no\/wp-json\/wp\/v2\/product\/37381","targetHints":{"allow":["GET"]}}],"collection":[{"href":"https:\/\/keluvo.com\/no\/wp-json\/wp\/v2\/product"}],"about":[{"href":"https:\/\/keluvo.com\/no\/wp-json\/wp\/v2\/types\/product"}],"replies":[{"embeddable":true,"href":"https:\/\/keluvo.com\/no\/wp-json\/wp\/v2\/comments?post=37381"}],"wp:featuredmedia":[{"embeddable":true,"href":"https:\/\/keluvo.com\/no\/wp-json\/wp\/v2\/media\/37377"}],"wp:attachment":[{"href":"https:\/\/keluvo.com\/no\/wp-json\/wp\/v2\/media?parent=37381"}],"wp:term":[{"taxonomy":"product_brand","embeddable":true,"href":"https:\/\/keluvo.com\/no\/wp-json\/wp\/v2\/product_brand?post=37381"},{"taxonomy":"product_cat","embeddable":true,"href":"https:\/\/keluvo.com\/no\/wp-json\/wp\/v2\/product_cat?post=37381"},{"taxonomy":"product_tag","embeddable":true,"href":"https:\/\/keluvo.com\/no\/wp-json\/wp\/v2\/product_tag?post=37381"}],"curies":[{"name":"wp","href":"https:\/\/api.w.org\/{rel}","templated":true}]}}