{"id":36887,"date":"2025-08-08T11:40:41","date_gmt":"2025-08-08T09:40:41","guid":{"rendered":"https:\/\/keluvo.com\/no\/produkt\/kokesett-for-barn\/"},"modified":"2025-08-08T15:47:45","modified_gmt":"2025-08-08T13:47:45","slug":"kokesett-for-barn","status":"publish","type":"product","link":"https:\/\/keluvo.com\/no\/produkt\/kokesett-for-barn\/","title":{"rendered":"Kokesett for barn"},"content":{"rendered":"<p style=\"text-align: center;\" data-start=\"115\" data-end=\"176\"><strong>La Sm\u00e5rollingen Utforske Matlagingsgleden P\u00e5 En Trygg M\u00e5te \ud83c\udf4e\ud83d\udd2a<\/strong><\/p>\n<p style=\"text-align: center;\" data-start=\"177\" data-end=\"408\">Dette kokkesettet for barn er den perfekte introduksjonen til kj\u00f8kkenet for den lille. Det er spesialdesignet med tanke p\u00e5 sikkerhet, og gj\u00f8r det mulig for sm\u00e5 barn \u00e5 hakke, skj\u00e6re og tilberede mat uten risiko &#8211; alt mens de l\u00e6rer og har det g\u00f8y! Bygg opp motoriske ferdigheter, styrk selvtilliten og f\u00e5 uforglemmelige stunder sammen med familien.<\/p>\n<p data-start=\"177\" data-end=\"408\"><img decoding=\"async\" class=\"size-full wp-image-31066 aligncenter\" src=\"https:\/\/keluvo.com\/template\/wp-content\/uploads\/sites\/5\/2025\/08\/4c5a5bab507846d0ba4ed261053d5ddf.HD-720p-1.6Mbps-37044802-ezgif.com-video-to-webp-converter.webp\" alt=\"\" \/><\/p>\n<h2 style=\"text-align: center;\" data-start=\"503\" data-end=\"525\">\ud83d\udca5 Hovedfordeler<\/h2>\n<p data-start=\"528\" data-end=\"592\">\ud83d\udd90\ufe0f Barnesikre kniver forhindrer kutt, samtidig som de gj\u00f8r det mulig \u00e5 skj\u00e6re i ekte skiver<\/p>\n<p data-start=\"595\" data-end=\"646\">\ud83e\udde0 Fremmer koordinasjon, selvstendighet og fokus<\/p>\n<p data-start=\"649\" data-end=\"700\">\ud83e\udd55 Oppmuntrer til sunn mat gjennom praktisk arbeid fun<\/p>\n<p data-start=\"703\" data-end=\"756\">\ud83d\udc68\u200d\ud83d\udc69\u200d\ud83d\udc67\u200d\ud83d\udc66 Perfekt for samv\u00e6r p\u00e5 kj\u00f8kkenet<\/p>\n<p data-start=\"759\" data-end=\"825\">\ud83c\udf08 Lyse farger og barnevennlig design gj\u00f8r det spennende \u00e5 bruke<\/p>\n<p data-start=\"759\" data-end=\"825\"><img decoding=\"async\" class=\"size-full wp-image-31065 aligncenter\" src=\"https:\/\/keluvo.com\/template\/wp-content\/uploads\/sites\/5\/2025\/08\/96ccdd1e23454dddbbbc1b349aac0cb3.HD-720p-4.5Mbps-33659096-ezgif.com-video-to-webp-converter.webp\" alt=\"\" \/><\/p>\n<h2 style=\"text-align: center;\" data-start=\"832\" data-end=\"851\">\ud83e\uddfc Slik Bruker Du Det<\/h2>\n<ol data-start=\"852\" data-end=\"1087\">\n<li data-start=\"852\" data-end=\"913\">\n<p data-start=\"855\" data-end=\"913\">Sett opp en trygg plass p\u00e5 kj\u00f8kkenet med et skj\u00e6rebrett.<\/p>\n<\/li>\n<li data-start=\"914\" data-end=\"970\">\n<p data-start=\"917\" data-end=\"970\">La barnet velge frukt eller gr\u00f8nnsaker som skal tilberedes.<\/p>\n<\/li>\n<li data-start=\"971\" data-end=\"1031\">\n<p data-start=\"974\" data-end=\"1031\">Instruer dem i hvordan de skal holde og skj\u00e6re ved hjelp av de trygge verkt\u00f8yene.<\/p>\n<\/li>\n<li data-start=\"1032\" data-end=\"1087\">\n<p data-start=\"1035\" data-end=\"1087\">Vask etter bruk og oppbevar for neste familiem\u00e5ltid!<\/p>\n<\/li>\n<\/ol>\n<h2 style=\"text-align: center;\" data-start=\"1094\" data-end=\"1118\">\ud83d\udccf Product Details<\/h2>\n<ul data-start=\"1119\" data-end=\"1342\">\n<li data-start=\"1119\" data-end=\"1177\">\n<p data-start=\"1121\" data-end=\"1177\">Material: BPA-fri plast, sikkerhetskniver med avrundet kant<\/p>\n<\/li>\n<li data-start=\"1178\" data-end=\"1216\">\n<p data-start=\"1180\" data-end=\"1216\">Alder: Passer for barn fra 2 \u00e5r og oppover<\/p>\n<\/li>\n<li data-start=\"1217\" data-end=\"1296\">\n<p data-start=\"1219\" data-end=\"1296\">Utviklingsfokus: Finmotorikk, h\u00e5nd-\u00f8ye-koordinasjon og selvtillit<\/p>\n<\/li>\n<li data-start=\"1297\" data-end=\"1342\">\n<p data-start=\"1299\" data-end=\"1342\">Farger: Flerfargede verkt\u00f8y og tilbeh\u00f8r<\/p>\n<\/li>\n<\/ul>\n<h2 style=\"text-align: center;\" data-start=\"1349\" data-end=\"1374\">\ud83d\udce6 Pakken Inneholder<\/h2>\n<ul data-start=\"1375\" data-end=\"1497\">\n<li data-start=\"1375\" data-end=\"1395\">\n<p data-start=\"1377\" data-end=\"1395\">1x skj\u00e6rebrett<\/p>\n<\/li>\n<li data-start=\"1396\" data-end=\"1415\">\n<p data-start=\"1398\" data-end=\"1415\">1x fingerbeskyttelse<\/p>\n<\/li>\n<li data-start=\"1416\" data-end=\"1429\">\n<p data-start=\"1418\" data-end=\"1429\">1x skreller<\/p>\n<\/li>\n<li data-start=\"1430\" data-end=\"1448\">\n<p data-start=\"1432\" data-end=\"1448\">1x sikker skivekniv.<\/p>\n<\/li>\n<\/ul>\n","protected":false},"excerpt":{"rendered":"<p>La Sm\u00e5rollingen Utforske Matlagingsgleden P\u00e5 En Trygg M\u00e5te \ud83c\udf4e\ud83d\udd2a Dette kokkesettet for barn er den perfekte introduksjonen til kj\u00f8kkenet for [&hellip;]<\/p>\n","protected":false},"featured_media":36883,"comment_status":"open","ping_status":"closed","template":"","meta":{"site-sidebar-layout":"default","site-content-layout":"","ast-site-content-layout":"default","site-content-style":"default","site-sidebar-style":"default","ast-global-header-display":"","ast-banner-title-visibility":"","ast-main-header-display":"","ast-hfb-above-header-display":"","ast-hfb-below-header-display":"","ast-hfb-mobile-header-display":"","site-post-title":"","ast-breadcrumbs-content":"","ast-featured-img":"","footer-sml-layout":"","theme-transparent-header-meta":"default","adv-header-id-meta":"","stick-header-meta":"","header-above-stick-meta":"","header-main-stick-meta":"","header-below-stick-meta":"","astra-migrate-meta-layouts":"set","ast-page-background-enabled":"default","ast-page-background-meta":{"desktop":{"background-color":"var(--ast-global-color-4)","background-image":"","background-repeat":"repeat","background-position":"center center","background-size":"auto","background-attachment":"scroll","background-type":"","background-media":"","overlay-type":"","overlay-color":"","overlay-opacity":"","overlay-gradient":""},"tablet":{"background-color":"","background-image":"","background-repeat":"repeat","background-position":"center center","background-size":"auto","background-attachment":"scroll","background-type":"","background-media":"","overlay-type":"","overlay-color":"","overlay-opacity":"","overlay-gradient":""},"mobile":{"background-color":"","background-image":"","background-repeat":"repeat","background-position":"center center","background-size":"auto","background-attachment":"scroll","background-type":"","background-media":"","overlay-type":"","overlay-color":"","overlay-opacity":"","overlay-gradient":""}},"ast-content-background-meta":{"desktop":{"background-color":"var(--ast-global-color-5)","background-image":"","background-repeat":"repeat","background-position":"center center","background-size":"auto","background-attachment":"scroll","background-type":"","background-media":"","overlay-type":"","overlay-color":"","overlay-opacity":"","overlay-gradient":""},"tablet":{"background-color":"var(--ast-global-color-5)","background-image":"","background-repeat":"repeat","background-position":"center center","background-size":"auto","background-attachment":"scroll","background-type":"","background-media":"","overlay-type":"","overlay-color":"","overlay-opacity":"","overlay-gradient":""},"mobile":{"background-color":"var(--ast-global-color-5)","background-image":"","background-repeat":"repeat","background-position":"center center","background-size":"auto","background-attachment":"scroll","background-type":"","background-media":"","overlay-type":"","overlay-color":"","overlay-opacity":"","overlay-gradient":""}}},"product_brand":[],"product_cat":[15],"product_tag":[],"class_list":{"0":"post-36887","1":"product","2":"type-product","3":"status-publish","4":"has-post-thumbnail","6":"product_cat-uncategorized","7":"desktop-align-left","8":"tablet-align-left","9":"mobile-align-left","11":"first","12":"instock","13":"shipping-taxable","14":"purchasable","15":"product-type-simple"},"_links":{"self":[{"href":"https:\/\/keluvo.com\/no\/wp-json\/wp\/v2\/product\/36887","targetHints":{"allow":["GET"]}}],"collection":[{"href":"https:\/\/keluvo.com\/no\/wp-json\/wp\/v2\/product"}],"about":[{"href":"https:\/\/keluvo.com\/no\/wp-json\/wp\/v2\/types\/product"}],"replies":[{"embeddable":true,"href":"https:\/\/keluvo.com\/no\/wp-json\/wp\/v2\/comments?post=36887"}],"wp:featuredmedia":[{"embeddable":true,"href":"https:\/\/keluvo.com\/no\/wp-json\/wp\/v2\/media\/36883"}],"wp:attachment":[{"href":"https:\/\/keluvo.com\/no\/wp-json\/wp\/v2\/media?parent=36887"}],"wp:term":[{"taxonomy":"product_brand","embeddable":true,"href":"https:\/\/keluvo.com\/no\/wp-json\/wp\/v2\/product_brand?post=36887"},{"taxonomy":"product_cat","embeddable":true,"href":"https:\/\/keluvo.com\/no\/wp-json\/wp\/v2\/product_cat?post=36887"},{"taxonomy":"product_tag","embeddable":true,"href":"https:\/\/keluvo.com\/no\/wp-json\/wp\/v2\/product_tag?post=36887"}],"curies":[{"name":"wp","href":"https:\/\/api.w.org\/{rel}","templated":true}]}}