{"id":36851,"date":"2025-08-08T11:38:51","date_gmt":"2025-08-08T09:38:51","guid":{"rendered":"https:\/\/keluvo.com\/no\/produkt\/minilommelykt\/"},"modified":"2025-08-08T15:45:29","modified_gmt":"2025-08-08T13:45:29","slug":"minilommelykt","status":"publish","type":"product","link":"https:\/\/keluvo.com\/no\/produkt\/minilommelykt\/","title":{"rendered":"Minilommelykt"},"content":{"rendered":"<p style=\"text-align: center;\" data-start=\"108\" data-end=\"171\"><strong>Ikke La M\u00f8rket Stoppe Deg \u2014 Lys Opp Med Kraft \ud83d\udca1\ud83d\udcaa<\/strong><\/p>\n<p style=\"text-align: center;\" data-start=\"172\" data-end=\"410\">Denne minilommelykten i lommeformat har en skikkelig punch. Med tre ultraskarpe LED-linser, et innebygd oppladbart batteri og et vanntett, robust hus &#8211; denne minilommelykten er det perfekte verkt\u00f8yet for camping, n\u00f8dstilfeller, nattvandringer eller reparasjoner i hjemmet. Liten i st\u00f8rrelse. Monster i lysstyrke.<\/p>\n<p data-start=\"172\" data-end=\"410\"><img decoding=\"async\" class=\"size-full wp-image-31073 aligncenter\" src=\"https:\/\/keluvo.com\/template\/wp-content\/uploads\/sites\/5\/2025\/08\/5_480x480.webp\" alt=\"\" \/><\/p>\n<h2 style=\"text-align: center;\" data-start=\"456\" data-end=\"478\">\ud83d\udca5 Hovedfordeler<\/h2>\n<p data-start=\"481\" data-end=\"537\">\ud83d\udc41\ufe0f Trippel linsedesign for kraftig bredstr\u00e5lebelysning<\/p>\n<p data-start=\"540\" data-end=\"588\">\ud83d\udd0b Oppladbar med lang batterilevetid<\/p>\n<p data-start=\"591\" data-end=\"645\">\ud83d\udca6 Vanntett og st\u00f8tsikker for alle adventure<\/p>\n<p data-start=\"648\" data-end=\"708\">\ud83d\udd90\ufe0f Lett og passer lett i lommen eller hanskerommet<\/p>\n<p data-start=\"711\" data-end=\"739\">\u26a1 USB Type-C hurtiglading<\/p>\n<p data-start=\"711\" data-end=\"739\"><img decoding=\"async\" class=\"size-full wp-image-31072 aligncenter\" src=\"https:\/\/keluvo.com\/template\/wp-content\/uploads\/sites\/5\/2025\/08\/4_480x480.webp\" alt=\"\" \/><\/p>\n<h2 style=\"text-align: center;\" data-start=\"746\" data-end=\"765\">\ud83e\uddfc Slik Bruker Du Den<\/h2>\n<ol data-start=\"766\" data-end=\"996\">\n<li data-start=\"766\" data-end=\"829\">\n<p data-start=\"769\" data-end=\"829\">Trykk p\u00e5 av\/p\u00e5-knappen for \u00e5 sl\u00e5 den p\u00e5 og bla gjennom modusene.<\/p>\n<\/li>\n<li data-start=\"830\" data-end=\"889\">\n<p data-start=\"833\" data-end=\"889\">Lad med den medf\u00f8lgende USB Type-C-kabelen ved behov.<\/p>\n<\/li>\n<li data-start=\"890\" data-end=\"939\">\n<p data-start=\"893\" data-end=\"939\">Oppbevares p\u00e5 et trygt, t\u00f8rt sted for rask tilgang.<\/p>\n<\/li>\n<li data-start=\"940\" data-end=\"996\">\n<p data-start=\"943\" data-end=\"996\">Rengj\u00f8r linsen av og til for optimal lysstyrke.<\/p>\n<\/li>\n<\/ol>\n<h2 style=\"text-align: center;\" data-start=\"1003\" data-end=\"1027\">\ud83d\udccf Produktdetaljer<\/h2>\n<ul data-start=\"1028\" data-end=\"1253\">\n<li data-start=\"1028\" data-end=\"1062\">\n<p data-start=\"1030\" data-end=\"1062\">St\u00f8rrelse: 8,1 cm x 2,8 cm x 3 cm<\/p>\n<\/li>\n<li data-start=\"1063\" data-end=\"1098\">\n<p data-start=\"1065\" data-end=\"1098\">Batteri: Innebygd 18650 litium<\/p>\n<\/li>\n<li data-start=\"1099\" data-end=\"1113\">\n<p data-start=\"1101\" data-end=\"1113\">Effekt: 20W<\/p>\n<\/li>\n<li data-start=\"1114\" data-end=\"1138\">\n<p data-start=\"1116\" data-end=\"1138\">Lading: USB Type-C<\/p>\n<\/li>\n<li data-start=\"1139\" data-end=\"1178\">\n<p data-start=\"1141\" data-end=\"1178\">Vanntett: Daglig vanntett klassifisering<\/p>\n<\/li>\n<li data-start=\"1179\" data-end=\"1227\">\n<p data-start=\"1181\" data-end=\"1227\">Materiale: Slitesterk, st\u00f8tsikker aluminiumslegering<\/p>\n<\/li>\n<li data-start=\"1228\" data-end=\"1253\">\n<p data-start=\"1230\" data-end=\"1253\">Farger: Svart og s\u00f8lv<\/p>\n<\/li>\n<\/ul>\n<h2 style=\"text-align: center;\" data-start=\"1260\" data-end=\"1285\">\ud83d\udce6 Pakken Inkluderer<\/h2>\n<ul data-start=\"1286\" data-end=\"1365\">\n<li data-start=\"1286\" data-end=\"1332\">\n<p data-start=\"1288\" data-end=\"1332\">1x minilommelykt<\/p>\n<\/li>\n<li data-start=\"1333\" data-end=\"1365\">\n<p data-start=\"1335\" data-end=\"1365\">1x USB Type-C ladekabel.<\/p>\n<\/li>\n<\/ul>\n","protected":false},"excerpt":{"rendered":"<p>Ikke La M\u00f8rket Stoppe Deg \u2014 Lys Opp Med Kraft \ud83d\udca1\ud83d\udcaa Denne minilommelykten i lommeformat har en skikkelig punch. Med [&hellip;]<\/p>\n","protected":false},"featured_media":36847,"comment_status":"open","ping_status":"closed","template":"","meta":{"site-sidebar-layout":"default","site-content-layout":"","ast-site-content-layout":"default","site-content-style":"default","site-sidebar-style":"default","ast-global-header-display":"","ast-banner-title-visibility":"","ast-main-header-display":"","ast-hfb-above-header-display":"","ast-hfb-below-header-display":"","ast-hfb-mobile-header-display":"","site-post-title":"","ast-breadcrumbs-content":"","ast-featured-img":"","footer-sml-layout":"","theme-transparent-header-meta":"default","adv-header-id-meta":"","stick-header-meta":"","header-above-stick-meta":"","header-main-stick-meta":"","header-below-stick-meta":"","astra-migrate-meta-layouts":"set","ast-page-background-enabled":"default","ast-page-background-meta":{"desktop":{"background-color":"var(--ast-global-color-4)","background-image":"","background-repeat":"repeat","background-position":"center center","background-size":"auto","background-attachment":"scroll","background-type":"","background-media":"","overlay-type":"","overlay-color":"","overlay-opacity":"","overlay-gradient":""},"tablet":{"background-color":"","background-image":"","background-repeat":"repeat","background-position":"center center","background-size":"auto","background-attachment":"scroll","background-type":"","background-media":"","overlay-type":"","overlay-color":"","overlay-opacity":"","overlay-gradient":""},"mobile":{"background-color":"","background-image":"","background-repeat":"repeat","background-position":"center center","background-size":"auto","background-attachment":"scroll","background-type":"","background-media":"","overlay-type":"","overlay-color":"","overlay-opacity":"","overlay-gradient":""}},"ast-content-background-meta":{"desktop":{"background-color":"var(--ast-global-color-5)","background-image":"","background-repeat":"repeat","background-position":"center center","background-size":"auto","background-attachment":"scroll","background-type":"","background-media":"","overlay-type":"","overlay-color":"","overlay-opacity":"","overlay-gradient":""},"tablet":{"background-color":"var(--ast-global-color-5)","background-image":"","background-repeat":"repeat","background-position":"center center","background-size":"auto","background-attachment":"scroll","background-type":"","background-media":"","overlay-type":"","overlay-color":"","overlay-opacity":"","overlay-gradient":""},"mobile":{"background-color":"var(--ast-global-color-5)","background-image":"","background-repeat":"repeat","background-position":"center center","background-size":"auto","background-attachment":"scroll","background-type":"","background-media":"","overlay-type":"","overlay-color":"","overlay-opacity":"","overlay-gradient":""}}},"product_brand":[],"product_cat":[1000],"product_tag":[],"class_list":{"0":"post-36851","1":"product","2":"type-product","3":"status-publish","4":"has-post-thumbnail","6":"product_cat-tur-camping-og-fritidsutstyr","7":"pa_29932_eey2ywns-solv","8":"pa_29932_eey2ywns-svart","9":"desktop-align-left","10":"tablet-align-left","11":"mobile-align-left","13":"first","14":"instock","15":"shipping-taxable","16":"purchasable","17":"product-type-variable"},"_links":{"self":[{"href":"https:\/\/keluvo.com\/no\/wp-json\/wp\/v2\/product\/36851","targetHints":{"allow":["GET"]}}],"collection":[{"href":"https:\/\/keluvo.com\/no\/wp-json\/wp\/v2\/product"}],"about":[{"href":"https:\/\/keluvo.com\/no\/wp-json\/wp\/v2\/types\/product"}],"replies":[{"embeddable":true,"href":"https:\/\/keluvo.com\/no\/wp-json\/wp\/v2\/comments?post=36851"}],"wp:featuredmedia":[{"embeddable":true,"href":"https:\/\/keluvo.com\/no\/wp-json\/wp\/v2\/media\/36847"}],"wp:attachment":[{"href":"https:\/\/keluvo.com\/no\/wp-json\/wp\/v2\/media?parent=36851"}],"wp:term":[{"taxonomy":"product_brand","embeddable":true,"href":"https:\/\/keluvo.com\/no\/wp-json\/wp\/v2\/product_brand?post=36851"},{"taxonomy":"product_cat","embeddable":true,"href":"https:\/\/keluvo.com\/no\/wp-json\/wp\/v2\/product_cat?post=36851"},{"taxonomy":"product_tag","embeddable":true,"href":"https:\/\/keluvo.com\/no\/wp-json\/wp\/v2\/product_tag?post=36851"}],"curies":[{"name":"wp","href":"https:\/\/api.w.org\/{rel}","templated":true}]}}