{"id":36780,"date":"2025-08-08T11:35:02","date_gmt":"2025-08-08T09:35:02","guid":{"rendered":"https:\/\/keluvo.com\/no\/produkt\/oppbevaringsboks\/"},"modified":"2025-08-08T15:40:49","modified_gmt":"2025-08-08T13:40:49","slug":"oppbevaringsboks","status":"publish","type":"product","link":"https:\/\/keluvo.com\/no\/produkt\/oppbevaringsboks\/","title":{"rendered":"Oppbevaringsboks"},"content":{"rendered":"<p style=\"text-align: center;\" data-start=\"106\" data-end=\"158\"><strong>N\u00e5 Slipper Du \u00c5 Miste Ting Mellom Bilsetene \ud83d\ude97\ud83e\uddfc<\/strong><\/p>\n<p style=\"text-align: center;\" data-start=\"159\" data-end=\"410\">Hold det viktigste organisert og alltid innen rekkevidde med denne elegante oppbevaringsboksen for bilsetegap. Den er laget av f\u00f8rsteklasses italiensk l\u00e6r og tilf\u00f8rer luksus og funksjon til ethvert bilinteri\u00f8r &#8211; samtidig som den forhindrer at sm\u00e5ting faller ned i vanskelig tilgjengelige \u00e5pninger. Ideell for telefoner, lommeb\u00f8ker, kort, mynter, n\u00f8kler, drikke og mye mer.<\/p>\n<p data-start=\"159\" data-end=\"410\"><img decoding=\"async\" class=\"size-full wp-image-30956 aligncenter\" src=\"https:\/\/keluvo.com\/template\/wp-content\/uploads\/sites\/5\/2025\/08\/3f42fd701a9371750b7837d7d057d730.gif\" alt=\"\" \/><\/p>\n<h2 style=\"text-align: center;\" data-start=\"483\" data-end=\"505\">Hovedfordeler<\/h2>\n<p data-start=\"508\" data-end=\"575\">\ud83d\udc5c Gir \u00f8yeblikkelig ekstra oppbevaring mellom bilsetet og midtkonsollen<\/p>\n<p data-start=\"578\" data-end=\"636\">\ud83e\uddf4 Inkluderer koppholder for flasker, drikke eller desinfeksjonsmiddel<\/p>\n<p data-start=\"639\" data-end=\"686\">\ud83e\ude84 Forhindrer at gjenstander faller ned i setehullene<\/p>\n<p data-start=\"689\" data-end=\"740\">\ud83e\uddf5 Laget av italiensk kuskinn av h\u00f8y kvalitet<\/p>\n<p data-start=\"743\" data-end=\"804\">\ud83c\udfa8 Finnes i 4 elegante farger som passer til bilinteri\u00f8ret ditt<\/p>\n<p data-start=\"743\" data-end=\"804\"><img decoding=\"async\" class=\"size-full wp-image-30957 aligncenter\" src=\"https:\/\/keluvo.com\/template\/wp-content\/uploads\/sites\/5\/2025\/08\/f62046a1379ff12d96b2c7b02f3fc7b5.gif\" alt=\"\" \/><\/p>\n<h2 style=\"text-align: center;\" data-start=\"811\" data-end=\"830\">Slik Bruker Du Oppbevaringsboksen<\/h2>\n<ol data-start=\"831\" data-end=\"1048\">\n<li data-start=\"831\" data-end=\"899\">\n<p data-start=\"834\" data-end=\"899\">Skyv den inn mellom bilsetet og midtkonsollen.<\/p>\n<\/li>\n<li data-start=\"900\" data-end=\"957\">\n<p data-start=\"903\" data-end=\"957\">Juster til den sitter godt &#8211; ingen verkt\u00f8y eller installasjon er n\u00f8dvendig.<\/p>\n<\/li>\n<li data-start=\"958\" data-end=\"1010\">\n<p data-start=\"961\" data-end=\"1010\">Oppbevar gjenstandene dine og nyt en rotefri kj\u00f8retur.<\/p>\n<\/li>\n<li data-start=\"1011\" data-end=\"1048\">\n<p data-start=\"1014\" data-end=\"1048\">Ta ut og t\u00f8rk av etter behov.<\/p>\n<\/li>\n<\/ol>\n<h2 style=\"text-align: center;\" data-start=\"1055\" data-end=\"1079\">Produktdetaljer<\/h2>\n<ul data-start=\"1080\" data-end=\"1298\">\n<li data-start=\"1080\" data-end=\"1109\">\n<p data-start=\"1082\" data-end=\"1109\">Materiale: F\u00f8rsteklasses skinn<\/p>\n<\/li>\n<li data-start=\"1141\" data-end=\"1198\">\n<p data-start=\"1143\" data-end=\"1198\">Passer til de fleste biler med standard avstand mellom sete og konsoll<\/p>\n<\/li>\n<li data-start=\"1199\" data-end=\"1241\">\n<p data-start=\"1201\" data-end=\"1241\">Farger: Svart, r\u00f8d, brun og beige<\/p>\n<\/li>\n<li data-start=\"1242\" data-end=\"1298\">\n<p data-start=\"1244\" data-end=\"1298\">Funksjoner: Fyller seteavstanden og gir organisert oppbevaring<\/p>\n<\/li>\n<\/ul>\n<h2 style=\"text-align: center;\" data-start=\"1305\" data-end=\"1330\">Pakken Inkluderer<\/h2>\n<ul data-start=\"1331\" data-end=\"1370\">\n<li data-start=\"1331\" data-end=\"1370\">\n<p data-start=\"1333\" data-end=\"1370\">1x oppbevaringsboks.<\/p>\n<\/li>\n<\/ul>\n","protected":false},"excerpt":{"rendered":"<p>N\u00e5 Slipper Du \u00c5 Miste Ting Mellom Bilsetene \ud83d\ude97\ud83e\uddfc Hold det viktigste organisert og alltid innen rekkevidde med denne elegante [&hellip;]<\/p>\n","protected":false},"featured_media":36776,"comment_status":"open","ping_status":"closed","template":"","meta":{"site-sidebar-layout":"default","site-content-layout":"","ast-site-content-layout":"default","site-content-style":"default","site-sidebar-style":"default","ast-global-header-display":"","ast-banner-title-visibility":"","ast-main-header-display":"","ast-hfb-above-header-display":"","ast-hfb-below-header-display":"","ast-hfb-mobile-header-display":"","site-post-title":"","ast-breadcrumbs-content":"","ast-featured-img":"","footer-sml-layout":"","theme-transparent-header-meta":"default","adv-header-id-meta":"","stick-header-meta":"","header-above-stick-meta":"","header-main-stick-meta":"","header-below-stick-meta":"","astra-migrate-meta-layouts":"set","ast-page-background-enabled":"default","ast-page-background-meta":{"desktop":{"background-color":"var(--ast-global-color-4)","background-image":"","background-repeat":"repeat","background-position":"center center","background-size":"auto","background-attachment":"scroll","background-type":"","background-media":"","overlay-type":"","overlay-color":"","overlay-opacity":"","overlay-gradient":""},"tablet":{"background-color":"","background-image":"","background-repeat":"repeat","background-position":"center center","background-size":"auto","background-attachment":"scroll","background-type":"","background-media":"","overlay-type":"","overlay-color":"","overlay-opacity":"","overlay-gradient":""},"mobile":{"background-color":"","background-image":"","background-repeat":"repeat","background-position":"center center","background-size":"auto","background-attachment":"scroll","background-type":"","background-media":"","overlay-type":"","overlay-color":"","overlay-opacity":"","overlay-gradient":""}},"ast-content-background-meta":{"desktop":{"background-color":"var(--ast-global-color-5)","background-image":"","background-repeat":"repeat","background-position":"center center","background-size":"auto","background-attachment":"scroll","background-type":"","background-media":"","overlay-type":"","overlay-color":"","overlay-opacity":"","overlay-gradient":""},"tablet":{"background-color":"var(--ast-global-color-5)","background-image":"","background-repeat":"repeat","background-position":"center center","background-size":"auto","background-attachment":"scroll","background-type":"","background-media":"","overlay-type":"","overlay-color":"","overlay-opacity":"","overlay-gradient":""},"mobile":{"background-color":"var(--ast-global-color-5)","background-image":"","background-repeat":"repeat","background-position":"center center","background-size":"auto","background-attachment":"scroll","background-type":"","background-media":"","overlay-type":"","overlay-color":"","overlay-opacity":"","overlay-gradient":""}}},"product_brand":[],"product_cat":[998],"product_tag":[],"class_list":{"0":"post-36780","1":"product","2":"type-product","3":"status-publish","4":"has-post-thumbnail","6":"product_cat-bilprodukter","7":"pa_29756_4a5g4mb5-a","8":"pa_29756_4a5g4mb5-b","9":"pa_29756_r9t7yn5s-beige","10":"pa_29756_r9t7yn5s-brun","11":"pa_29756_r9t7yn5s-rod","12":"pa_29756_r9t7yn5s-svart","13":"desktop-align-left","14":"tablet-align-left","15":"mobile-align-left","17":"first","18":"instock","19":"shipping-taxable","20":"purchasable","21":"product-type-variable","22":"has-default-attributes"},"_links":{"self":[{"href":"https:\/\/keluvo.com\/no\/wp-json\/wp\/v2\/product\/36780","targetHints":{"allow":["GET"]}}],"collection":[{"href":"https:\/\/keluvo.com\/no\/wp-json\/wp\/v2\/product"}],"about":[{"href":"https:\/\/keluvo.com\/no\/wp-json\/wp\/v2\/types\/product"}],"replies":[{"embeddable":true,"href":"https:\/\/keluvo.com\/no\/wp-json\/wp\/v2\/comments?post=36780"}],"wp:featuredmedia":[{"embeddable":true,"href":"https:\/\/keluvo.com\/no\/wp-json\/wp\/v2\/media\/36776"}],"wp:attachment":[{"href":"https:\/\/keluvo.com\/no\/wp-json\/wp\/v2\/media?parent=36780"}],"wp:term":[{"taxonomy":"product_brand","embeddable":true,"href":"https:\/\/keluvo.com\/no\/wp-json\/wp\/v2\/product_brand?post=36780"},{"taxonomy":"product_cat","embeddable":true,"href":"https:\/\/keluvo.com\/no\/wp-json\/wp\/v2\/product_cat?post=36780"},{"taxonomy":"product_tag","embeddable":true,"href":"https:\/\/keluvo.com\/no\/wp-json\/wp\/v2\/product_tag?post=36780"}],"curies":[{"name":"wp","href":"https:\/\/api.w.org\/{rel}","templated":true}]}}