{"id":36739,"date":"2025-08-08T11:32:32","date_gmt":"2025-08-08T09:32:32","guid":{"rendered":"https:\/\/keluvo.com\/no\/produkt\/mater-til-kjaeledyr\/"},"modified":"2025-08-08T15:36:33","modified_gmt":"2025-08-08T13:36:33","slug":"mater-til-kjaeledyr","status":"publish","type":"product","link":"https:\/\/keluvo.com\/no\/produkt\/mater-til-kjaeledyr\/","title":{"rendered":"Mater til kj\u00e6ledyr"},"content":{"rendered":"<p style=\"text-align: center;\" data-start=\"85\" data-end=\"143\"><strong>Friskt Vann, Alltid Klart For Din Pelskledde Venn \ud83d\udc36\ud83d\udca7<\/strong><\/p>\n<p style=\"text-align: center;\" data-start=\"144\" data-end=\"358\">Denne smarte, automatiske vannautomaten holder kj\u00e6ledyrets vann rent, kj\u00f8lig og flytende &#8211; uten behov for str\u00f8m eller komplisert oppsett. Perfekt for travle kj\u00e6ledyrforeldre som \u00f8nsker \u00e5 holde hydrering enkelt og stressfritt. Perfekt for b\u00e5de hunder og katter hjemme.<\/p>\n<p data-start=\"144\" data-end=\"358\"><img decoding=\"async\" class=\"size-full wp-image-30909 aligncenter\" src=\"https:\/\/keluvo.com\/template\/wp-content\/uploads\/sites\/5\/2025\/08\/wCHfCats-Double-Bowls-Water-Automatic-Feeder-Raised-Stand-For-Cats-Pet-Drinking-Fountain-Food-Dispenser-Bowl.webp\" alt=\"\" \/><\/p>\n<h2 style=\"text-align: center;\" data-start=\"404\" data-end=\"426\">\ud83d\udca5 Hovedfordeler<\/h2>\n<p data-start=\"429\" data-end=\"481\">\ud83d\udca7 Fyller sk\u00e5len automatisk med friskt vann<\/p>\n<p data-start=\"484\" data-end=\"525\">\ud83d\udc3e Oppmuntrer kj\u00e6ledyret ditt til \u00e5 holde seg hydrert<\/p>\n<p data-start=\"528\" data-end=\"567\">\ud83d\udd01 Ingen str\u00f8m eller batterier trengs<\/p>\n<p data-start=\"528\" data-end=\"567\">\ud83e\uddfc Enkel \u00e5 rengj\u00f8re og montere<\/p>\n<p data-start=\"604\" data-end=\"658\">\ud83d\udc31\ud83d\udc36 Passer for b\u00e5de katter og sm\u00e5 til mellomstore hunder<\/p>\n<p data-start=\"604\" data-end=\"658\"><img decoding=\"async\" class=\"size-full wp-image-30911 aligncenter\" src=\"https:\/\/keluvo.com\/template\/wp-content\/uploads\/sites\/5\/2025\/08\/JMY4Cats-Double-Bowls-Water-Automatic-Feeder-Raised-Stand-For-Cats-Pet-Drinking-Fountain-Food-Dispenser-Bowl.webp\" alt=\"\" \/><\/p>\n<h2 style=\"text-align: center;\" data-start=\"665\" data-end=\"684\">\ud83e\uddfc Slik Bruker Du Den<\/h2>\n<ol data-start=\"685\" data-end=\"885\">\n<li data-start=\"685\" data-end=\"760\">\n<p data-start=\"688\" data-end=\"760\">Fyll en flaske med rent vann og plasser den opp ned i holderen.<\/p>\n<\/li>\n<li data-start=\"761\" data-end=\"811\">\n<p data-start=\"764\" data-end=\"811\">Sk\u00e5len fylles automatisk etter hvert som kj\u00e6ledyret ditt drikker.<\/p>\n<\/li>\n<li data-start=\"812\" data-end=\"847\">\n<p data-start=\"815\" data-end=\"847\">Fyll p\u00e5 flasken ved behov.<\/p>\n<\/li>\n<li data-start=\"848\" data-end=\"885\">\n<p data-start=\"851\" data-end=\"885\">Vask regelmessig for best mulig hygiene.<\/p>\n<\/li>\n<\/ol>\n<h2 style=\"text-align: center;\" data-start=\"892\" data-end=\"916\">\ud83d\udccf Produktdetaljer<\/h2>\n<ul data-start=\"917\" data-end=\"1071\">\n<li data-start=\"917\" data-end=\"947\">\n<p data-start=\"919\" data-end=\"947\">Materiale: BPA-fri plast<\/p>\n<\/li>\n<li data-start=\"948\" data-end=\"975\">\n<p data-start=\"950\" data-end=\"975\">Flaskekapasitet: 500 ml<\/p>\n<\/li>\n<li data-start=\"976\" data-end=\"1002\">\n<p data-start=\"978\" data-end=\"1002\">St\u00f8rrelse: 28,5 \u00d7 14 \u00d7 8 cm<\/p>\n<\/li>\n<li data-start=\"1003\" data-end=\"1047\">\n<p data-start=\"1005\" data-end=\"1047\">Farger: Flere fargealternativer tilgjengelig<\/p>\n<\/li>\n<li data-start=\"1048\" data-end=\"1071\">\n<p data-start=\"1050\" data-end=\"1071\">Bare til innend\u00f8rs bruk<\/p>\n<\/li>\n<\/ul>\n<h2 style=\"text-align: center;\" data-start=\"1078\" data-end=\"1103\">\ud83d\udce6 Pakken Inkluderer<\/h2>\n<ul data-start=\"1104\" data-end=\"1151\">\n<li data-start=\"1104\" data-end=\"1131\">\n<p data-start=\"1106\" data-end=\"1131\">1x automatisk vannmater<\/p>\n<\/li>\n<li data-start=\"1132\" data-end=\"1151\">\n<p data-start=\"1134\" data-end=\"1151\">1x vannflaske.<\/p>\n<\/li>\n<\/ul>\n","protected":false},"excerpt":{"rendered":"<p>Friskt Vann, Alltid Klart For Din Pelskledde Venn \ud83d\udc36\ud83d\udca7 Denne smarte, automatiske vannautomaten holder kj\u00e6ledyrets vann rent, kj\u00f8lig og flytende [&hellip;]<\/p>\n","protected":false},"featured_media":36735,"comment_status":"open","ping_status":"closed","template":"","meta":{"site-sidebar-layout":"default","site-content-layout":"","ast-site-content-layout":"default","site-content-style":"default","site-sidebar-style":"default","ast-global-header-display":"","ast-banner-title-visibility":"","ast-main-header-display":"","ast-hfb-above-header-display":"","ast-hfb-below-header-display":"","ast-hfb-mobile-header-display":"","site-post-title":"","ast-breadcrumbs-content":"","ast-featured-img":"","footer-sml-layout":"","theme-transparent-header-meta":"default","adv-header-id-meta":"","stick-header-meta":"","header-above-stick-meta":"","header-main-stick-meta":"","header-below-stick-meta":"","astra-migrate-meta-layouts":"set","ast-page-background-enabled":"default","ast-page-background-meta":{"desktop":{"background-color":"var(--ast-global-color-4)","background-image":"","background-repeat":"repeat","background-position":"center center","background-size":"auto","background-attachment":"scroll","background-type":"","background-media":"","overlay-type":"","overlay-color":"","overlay-opacity":"","overlay-gradient":""},"tablet":{"background-color":"","background-image":"","background-repeat":"repeat","background-position":"center center","background-size":"auto","background-attachment":"scroll","background-type":"","background-media":"","overlay-type":"","overlay-color":"","overlay-opacity":"","overlay-gradient":""},"mobile":{"background-color":"","background-image":"","background-repeat":"repeat","background-position":"center center","background-size":"auto","background-attachment":"scroll","background-type":"","background-media":"","overlay-type":"","overlay-color":"","overlay-opacity":"","overlay-gradient":""}},"ast-content-background-meta":{"desktop":{"background-color":"var(--ast-global-color-5)","background-image":"","background-repeat":"repeat","background-position":"center center","background-size":"auto","background-attachment":"scroll","background-type":"","background-media":"","overlay-type":"","overlay-color":"","overlay-opacity":"","overlay-gradient":""},"tablet":{"background-color":"var(--ast-global-color-5)","background-image":"","background-repeat":"repeat","background-position":"center center","background-size":"auto","background-attachment":"scroll","background-type":"","background-media":"","overlay-type":"","overlay-color":"","overlay-opacity":"","overlay-gradient":""},"mobile":{"background-color":"var(--ast-global-color-5)","background-image":"","background-repeat":"repeat","background-position":"center center","background-size":"auto","background-attachment":"scroll","background-type":"","background-media":"","overlay-type":"","overlay-color":"","overlay-opacity":"","overlay-gradient":""}}},"product_brand":[],"product_cat":[997],"product_tag":[],"class_list":{"0":"post-36739","1":"product","2":"type-product","3":"status-publish","4":"has-post-thumbnail","6":"product_cat-husdyrprodukter","7":"pa_23669_0sczvhld-bla","8":"pa_23669_0sczvhld-gra","9":"pa_23669_0sczvhld-gronn","10":"pa_23669_0sczvhld-hvit","11":"pa_23669_0sczvhld-rosa","12":"desktop-align-left","13":"tablet-align-left","14":"mobile-align-left","16":"first","17":"instock","18":"shipping-taxable","19":"purchasable","20":"product-type-variable"},"_links":{"self":[{"href":"https:\/\/keluvo.com\/no\/wp-json\/wp\/v2\/product\/36739","targetHints":{"allow":["GET"]}}],"collection":[{"href":"https:\/\/keluvo.com\/no\/wp-json\/wp\/v2\/product"}],"about":[{"href":"https:\/\/keluvo.com\/no\/wp-json\/wp\/v2\/types\/product"}],"replies":[{"embeddable":true,"href":"https:\/\/keluvo.com\/no\/wp-json\/wp\/v2\/comments?post=36739"}],"wp:featuredmedia":[{"embeddable":true,"href":"https:\/\/keluvo.com\/no\/wp-json\/wp\/v2\/media\/36735"}],"wp:attachment":[{"href":"https:\/\/keluvo.com\/no\/wp-json\/wp\/v2\/media?parent=36739"}],"wp:term":[{"taxonomy":"product_brand","embeddable":true,"href":"https:\/\/keluvo.com\/no\/wp-json\/wp\/v2\/product_brand?post=36739"},{"taxonomy":"product_cat","embeddable":true,"href":"https:\/\/keluvo.com\/no\/wp-json\/wp\/v2\/product_cat?post=36739"},{"taxonomy":"product_tag","embeddable":true,"href":"https:\/\/keluvo.com\/no\/wp-json\/wp\/v2\/product_tag?post=36739"}],"curies":[{"name":"wp","href":"https:\/\/api.w.org\/{rel}","templated":true}]}}