{"id":3672,"date":"2024-10-30T17:03:45","date_gmt":"2024-10-30T15:03:45","guid":{"rendered":"https:\/\/keluvo.com\/no\/produkt\/sofaovertrekk-i-chenille\/"},"modified":"2025-09-04T17:36:28","modified_gmt":"2025-09-04T14:36:28","slug":"sofaovertrekk-i-chenille","status":"publish","type":"product","link":"https:\/\/keluvo.com\/no\/produkt\/sofaovertrekk-i-chenille\/","title":{"rendered":"Sofaovertrekk i chenille"},"content":{"rendered":"<h2 style=\"text-align: center\"><strong> Elegant og allsidig design<\/strong><\/h2>\n<p style=\"text-align: center\">Sofaovertrekket i chenille tilf\u00f8rer et snev av eleganse til enhver stue med sitt myke, ensfargede chenillestoff. Det universelle designet passer til ulike sofastiler og gir varme og stil til rommet ditt samtidig som det beskytter m\u00f8blene dine.<\/p>\n<p><img decoding=\"async\" class=\"alignnone size-medium wp-image-1851 aligncenter\" src=\"https:\/\/keluvo.com\/template\/wp-content\/uploads\/sites\/5\/2024\/10\/6339001f-01cb-478b-aadf-8e9f49ed3427.webp\" alt=\"\" \/><\/p>\n<h2 style=\"text-align: center\"><strong> Komfortabelt hel\u00e5rsstoff<\/strong><\/h2>\n<p style=\"text-align: center\">Laget for bruk \u00e5ret rundt, Chenille-sofatrekket gir koselig komfort i alle \u00e5rstider. Det myke chenille-materialet puster, men er samtidig varmt, noe som gj\u00f8r det til det perfekte valget for alle \u00e5rstider.<\/p>\n<p><img decoding=\"async\" class=\"alignnone size-medium wp-image-1856 aligncenter\" src=\"https:\/\/keluvo.com\/template\/wp-content\/uploads\/sites\/5\/2024\/10\/154748c7-be38-49d4-894b-372f4d8d26f5.webp\" alt=\"\" \/><\/p>\n<h2 style=\"text-align: center\"><strong> Enkelt \u00e5 tilpasse og montere<\/strong><\/h2>\n<p style=\"text-align: center\">Finnes i flere st\u00f8rrelser for rygglener, armlener og seter, og Chenille Sofa Cover kan skreddersys til sofaens spesifikke m\u00e5l. Denne fleksibiliteten gj\u00f8r at du kan finne den perfekte passformen for et sammenhengende og polert utseende.<\/p>\n<p><img decoding=\"async\" class=\"alignnone size-medium wp-image-1853 aligncenter\" src=\"https:\/\/keluvo.com\/template\/wp-content\/uploads\/sites\/5\/2024\/10\/e64385c4-9496-48dd-a4b1-88739b319ead.webp\" alt=\"\" \/><\/p>\n","protected":false},"excerpt":{"rendered":"<p>Elegant og allsidig design Sofaovertrekket i chenille tilf\u00f8rer et snev av eleganse til enhver stue med sitt myke, ensfargede chenillestoff. [&hellip;]<\/p>\n","protected":false},"featured_media":3668,"comment_status":"open","ping_status":"closed","template":"","meta":{"site-sidebar-layout":"default","site-content-layout":"","ast-site-content-layout":"default","site-content-style":"default","site-sidebar-style":"default","ast-global-header-display":"","ast-banner-title-visibility":"","ast-main-header-display":"","ast-hfb-above-header-display":"","ast-hfb-below-header-display":"","ast-hfb-mobile-header-display":"","site-post-title":"","ast-breadcrumbs-content":"","ast-featured-img":"","footer-sml-layout":"","theme-transparent-header-meta":"default","adv-header-id-meta":"","stick-header-meta":"","header-above-stick-meta":"","header-main-stick-meta":"","header-below-stick-meta":"","astra-migrate-meta-layouts":"set","ast-page-background-enabled":"default","ast-page-background-meta":{"desktop":{"background-color":"var(--ast-global-color-4)","background-image":"","background-repeat":"repeat","background-position":"center center","background-size":"auto","background-attachment":"scroll","background-type":"","background-media":"","overlay-type":"","overlay-color":"","overlay-opacity":"","overlay-gradient":""},"tablet":{"background-color":"","background-image":"","background-repeat":"repeat","background-position":"center center","background-size":"auto","background-attachment":"scroll","background-type":"","background-media":"","overlay-type":"","overlay-color":"","overlay-opacity":"","overlay-gradient":""},"mobile":{"background-color":"","background-image":"","background-repeat":"repeat","background-position":"center center","background-size":"auto","background-attachment":"scroll","background-type":"","background-media":"","overlay-type":"","overlay-color":"","overlay-opacity":"","overlay-gradient":""}},"ast-content-background-meta":{"desktop":{"background-color":"var(--ast-global-color-5)","background-image":"","background-repeat":"repeat","background-position":"center center","background-size":"auto","background-attachment":"scroll","background-type":"","background-media":"","overlay-type":"","overlay-color":"","overlay-opacity":"","overlay-gradient":""},"tablet":{"background-color":"var(--ast-global-color-5)","background-image":"","background-repeat":"repeat","background-position":"center center","background-size":"auto","background-attachment":"scroll","background-type":"","background-media":"","overlay-type":"","overlay-color":"","overlay-opacity":"","overlay-gradient":""},"mobile":{"background-color":"var(--ast-global-color-5)","background-image":"","background-repeat":"repeat","background-position":"center center","background-size":"auto","background-attachment":"scroll","background-type":"","background-media":"","overlay-type":"","overlay-color":"","overlay-opacity":"","overlay-gradient":""}}},"product_brand":[],"product_cat":[1001],"product_tag":[],"class_list":{"0":"post-3672","1":"product","2":"type-product","3":"status-publish","4":"has-post-thumbnail","6":"product_cat-husholdningsartikler","7":"pa_45v53jt2-110x240cm-1-stk","8":"pa_45v53jt2-70x150cm-1-stk","9":"pa_45v53jt2-70x180cm-1-stk","10":"pa_45v53jt2-70x70cm-1-stk","11":"pa_45v53jt2-90x120cm-1-stk","12":"pa_45v53jt2-90x160cm-1-stk","13":"pa_45v53jt2-90x180cm-1-stk","14":"pa_45v53jt2-90x210cm-1-stk","15":"pa_45v53jt2-90x240cm-1-stk","16":"pa_45v53jt2-90x70cm-1-stk","17":"pa_jx90bbgv-beige","18":"pa_jx90bbgv-bla","19":"pa_jx90bbgv-gra","20":"pa_jx90bbgv-gronn","21":"pa_jx90bbgv-marinen","22":"pa_jx90bbgv-oransje","23":"desktop-align-left","24":"tablet-align-left","25":"mobile-align-left","27":"first","28":"instock","29":"shipping-taxable","30":"purchasable","31":"product-type-variable","32":"has-default-attributes"},"_links":{"self":[{"href":"https:\/\/keluvo.com\/no\/wp-json\/wp\/v2\/product\/3672","targetHints":{"allow":["GET"]}}],"collection":[{"href":"https:\/\/keluvo.com\/no\/wp-json\/wp\/v2\/product"}],"about":[{"href":"https:\/\/keluvo.com\/no\/wp-json\/wp\/v2\/types\/product"}],"replies":[{"embeddable":true,"href":"https:\/\/keluvo.com\/no\/wp-json\/wp\/v2\/comments?post=3672"}],"wp:featuredmedia":[{"embeddable":true,"href":"https:\/\/keluvo.com\/no\/wp-json\/wp\/v2\/media\/3668"}],"wp:attachment":[{"href":"https:\/\/keluvo.com\/no\/wp-json\/wp\/v2\/media?parent=3672"}],"wp:term":[{"taxonomy":"product_brand","embeddable":true,"href":"https:\/\/keluvo.com\/no\/wp-json\/wp\/v2\/product_brand?post=3672"},{"taxonomy":"product_cat","embeddable":true,"href":"https:\/\/keluvo.com\/no\/wp-json\/wp\/v2\/product_cat?post=3672"},{"taxonomy":"product_tag","embeddable":true,"href":"https:\/\/keluvo.com\/no\/wp-json\/wp\/v2\/product_tag?post=3672"}],"curies":[{"name":"wp","href":"https:\/\/api.w.org\/{rel}","templated":true}]}}