{"id":36549,"date":"2025-08-08T11:24:50","date_gmt":"2025-08-08T09:24:50","guid":{"rendered":"https:\/\/keluvo.com\/no\/produkt\/hundesele-2\/"},"modified":"2025-08-08T15:29:07","modified_gmt":"2025-08-08T13:29:07","slug":"hundesele-2","status":"publish","type":"product","link":"https:\/\/keluvo.com\/no\/produkt\/hundesele-2\/","title":{"rendered":"Hundesele"},"content":{"rendered":"<p style=\"text-align: center;\" data-start=\"110\" data-end=\"151\"><strong>Turer Ble Nettopp Tryggere Og S\u00f8tere \ud83d\udc3e\ud83d\udc9b<\/strong><\/p>\n<p style=\"text-align: center;\" data-start=\"152\" data-end=\"297\">Denne s\u00f8te hundeselen holder hunden din sikker, komfortabel og stilig under hver tur. Slutt p\u00e5 \u00e5 trekke, kveles eller ubehagelige stropper! Designet for daglig bruk &#8211; perfekt for g\u00e5turer, fotturer eller raske pottepauser.<\/p>\n<p data-start=\"152\" data-end=\"297\"><img decoding=\"async\" class=\"size-full wp-image-30540 aligncenter\" src=\"https:\/\/keluvo.com\/template\/wp-content\/uploads\/sites\/5\/2025\/08\/S4d271bc78fbe4a2fab38942b2078a2979.jpg_960x960q75.jpg_.png\" alt=\"\" \/><\/p>\n<h2 style=\"text-align: center;\" data-start=\"454\" data-end=\"476\">Hovedfordeler \ud83d\udc15\u200d\ud83e\uddba<\/h2>\n<p data-start=\"404\" data-end=\"462\">\ud83d\udc15\u200d\ud83e\uddba Design uten trekk reduserer trykket p\u00e5 hundens nakke<\/p>\n<p data-start=\"465\" data-end=\"512\">\ud83c\udf6c S\u00f8tt gummim\u00f8nster for et morsomt, lekent utseende<\/p>\n<p data-start=\"515\" data-end=\"565\">\u2728 Mykt, pustende materiale holder hunden din comfy<\/p>\n<p data-start=\"568\" data-end=\"620\">\ud83d\udd90\ufe0f Lett \u00e5 ta av og p\u00e5 med sikker buckle<\/p>\n<p data-start=\"623\" data-end=\"662\">\ud83d\udeb6\u200d\u2642\ufe0f Perfekt for sm\u00e5 til store hunder<\/p>\n<p data-start=\"623\" data-end=\"662\"><img decoding=\"async\" class=\"size-full wp-image-30544 aligncenter\" src=\"https:\/\/keluvo.com\/template\/wp-content\/uploads\/sites\/5\/2025\/08\/FunnyFuzyy_gummy1_6bbcf8e0-21dc-4112-a32c-e0592c73e781.webp\" alt=\"\" \/><\/p>\n<h2 style=\"text-align: center;\" data-start=\"669\" data-end=\"688\">Slik Bruker Du Selen<\/h2>\n<ol data-start=\"689\" data-end=\"868\">\n<li data-start=\"689\" data-end=\"733\">\n<p data-start=\"692\" data-end=\"733\">Skjul selen over hundens hode.<\/p>\n<\/li>\n<li data-start=\"734\" data-end=\"787\">\n<p data-start=\"737\" data-end=\"787\">Juster stroppene slik at de sitter godt, men komfortabelt.<\/p>\n<\/li>\n<li data-start=\"788\" data-end=\"831\">\n<p data-start=\"791\" data-end=\"831\">Fest spennen og fest b\u00e5ndet.<\/p>\n<\/li>\n<li data-start=\"832\" data-end=\"868\">\n<p data-start=\"835\" data-end=\"868\">Nyt en jevn og sikker tur!<\/p>\n<\/li>\n<\/ol>\n<h2 style=\"text-align: center;\" data-start=\"875\" data-end=\"899\">Produktdetaljer<\/h2>\n<ul data-start=\"900\" data-end=\"1080\">\n<li data-start=\"900\" data-end=\"949\">\n<p data-start=\"902\" data-end=\"949\">Materiale: Myk polyester med pustende netting<\/p>\n<\/li>\n<li data-start=\"950\" data-end=\"989\">\n<p data-start=\"952\" data-end=\"989\">Justerbare stropper for perfekt passform<\/p>\n<\/li>\n<li data-start=\"990\" data-end=\"1040\">\n<p data-start=\"992\" data-end=\"1040\">F\u00e5s i flere st\u00f8rrelser (XS, S, M, L)<\/p>\n<\/li>\n<li data-start=\"1041\" data-end=\"1080\">\n<p data-start=\"1043\" data-end=\"1080\">Ideell for daglig bruk og aktive hunder<\/p>\n<\/li>\n<\/ul>\n<h2 style=\"text-align: center;\" data-start=\"1087\" data-end=\"1112\">Pakken Inkluderer<\/h2>\n<ul data-start=\"1113\" data-end=\"1143\">\n<li data-start=\"1113\" data-end=\"1143\">\n<p data-start=\"1115\" data-end=\"1143\">1x hundesele.<\/p>\n<\/li>\n<\/ul>\n","protected":false},"excerpt":{"rendered":"<p>Turer Ble Nettopp Tryggere Og S\u00f8tere \ud83d\udc3e\ud83d\udc9b Denne s\u00f8te hundeselen holder hunden din sikker, komfortabel og stilig under hver tur. [&hellip;]<\/p>\n","protected":false},"featured_media":36545,"comment_status":"open","ping_status":"closed","template":"","meta":{"site-sidebar-layout":"default","site-content-layout":"","ast-site-content-layout":"default","site-content-style":"default","site-sidebar-style":"default","ast-global-header-display":"","ast-banner-title-visibility":"","ast-main-header-display":"","ast-hfb-above-header-display":"","ast-hfb-below-header-display":"","ast-hfb-mobile-header-display":"","site-post-title":"","ast-breadcrumbs-content":"","ast-featured-img":"","footer-sml-layout":"","theme-transparent-header-meta":"default","adv-header-id-meta":"","stick-header-meta":"","header-above-stick-meta":"","header-main-stick-meta":"","header-below-stick-meta":"","astra-migrate-meta-layouts":"set","ast-page-background-enabled":"default","ast-page-background-meta":{"desktop":{"background-color":"var(--ast-global-color-4)","background-image":"","background-repeat":"repeat","background-position":"center center","background-size":"auto","background-attachment":"scroll","background-type":"","background-media":"","overlay-type":"","overlay-color":"","overlay-opacity":"","overlay-gradient":""},"tablet":{"background-color":"","background-image":"","background-repeat":"repeat","background-position":"center center","background-size":"auto","background-attachment":"scroll","background-type":"","background-media":"","overlay-type":"","overlay-color":"","overlay-opacity":"","overlay-gradient":""},"mobile":{"background-color":"","background-image":"","background-repeat":"repeat","background-position":"center center","background-size":"auto","background-attachment":"scroll","background-type":"","background-media":"","overlay-type":"","overlay-color":"","overlay-opacity":"","overlay-gradient":""}},"ast-content-background-meta":{"desktop":{"background-color":"var(--ast-global-color-5)","background-image":"","background-repeat":"repeat","background-position":"center center","background-size":"auto","background-attachment":"scroll","background-type":"","background-media":"","overlay-type":"","overlay-color":"","overlay-opacity":"","overlay-gradient":""},"tablet":{"background-color":"var(--ast-global-color-5)","background-image":"","background-repeat":"repeat","background-position":"center center","background-size":"auto","background-attachment":"scroll","background-type":"","background-media":"","overlay-type":"","overlay-color":"","overlay-opacity":"","overlay-gradient":""},"mobile":{"background-color":"var(--ast-global-color-5)","background-image":"","background-repeat":"repeat","background-position":"center center","background-size":"auto","background-attachment":"scroll","background-type":"","background-media":"","overlay-type":"","overlay-color":"","overlay-opacity":"","overlay-gradient":""}}},"product_brand":[],"product_cat":[997],"product_tag":[],"class_list":{"0":"post-36549","1":"product","2":"type-product","3":"status-publish","4":"has-post-thumbnail","6":"product_cat-husdyrprodukter","7":"pa_34683_duzj43od-beige","8":"pa_34683_duzj43od-bla","9":"pa_34683_duzj43od-brun","10":"pa_34683_duzj43od-gronn","11":"pa_34683_duzj43od-gul","12":"pa_34683_duzj43od-lilla","13":"pa_34683_duzj43od-morkebla","14":"pa_34683_duzj43od-rod","15":"pa_34683_duzj43od-rosa","16":"pa_34683_duzj43od-svart","17":"pa_34683_v6f1ip5b-xs","18":"pa_34683_v6f1ip5b-s","19":"pa_34683_v6f1ip5b-m","20":"pa_34683_v6f1ip5b-l","21":"desktop-align-left","22":"tablet-align-left","23":"mobile-align-left","25":"first","26":"instock","27":"shipping-taxable","28":"purchasable","29":"product-type-variable","30":"has-default-attributes"},"_links":{"self":[{"href":"https:\/\/keluvo.com\/no\/wp-json\/wp\/v2\/product\/36549","targetHints":{"allow":["GET"]}}],"collection":[{"href":"https:\/\/keluvo.com\/no\/wp-json\/wp\/v2\/product"}],"about":[{"href":"https:\/\/keluvo.com\/no\/wp-json\/wp\/v2\/types\/product"}],"replies":[{"embeddable":true,"href":"https:\/\/keluvo.com\/no\/wp-json\/wp\/v2\/comments?post=36549"}],"wp:featuredmedia":[{"embeddable":true,"href":"https:\/\/keluvo.com\/no\/wp-json\/wp\/v2\/media\/36545"}],"wp:attachment":[{"href":"https:\/\/keluvo.com\/no\/wp-json\/wp\/v2\/media?parent=36549"}],"wp:term":[{"taxonomy":"product_brand","embeddable":true,"href":"https:\/\/keluvo.com\/no\/wp-json\/wp\/v2\/product_brand?post=36549"},{"taxonomy":"product_cat","embeddable":true,"href":"https:\/\/keluvo.com\/no\/wp-json\/wp\/v2\/product_cat?post=36549"},{"taxonomy":"product_tag","embeddable":true,"href":"https:\/\/keluvo.com\/no\/wp-json\/wp\/v2\/product_tag?post=36549"}],"curies":[{"name":"wp","href":"https:\/\/api.w.org\/{rel}","templated":true}]}}