{"id":3651,"date":"2024-10-30T17:02:13","date_gmt":"2024-10-30T15:02:13","guid":{"rendered":"https:\/\/keluvo.com\/no\/produkt\/bor-for-kloyving-av-ved\/"},"modified":"2025-09-04T17:35:47","modified_gmt":"2025-09-04T14:35:47","slug":"bor-for-kloyving-av-ved","status":"publish","type":"product","link":"https:\/\/keluvo.com\/no\/produkt\/bor-for-kloyving-av-ved\/","title":{"rendered":"Bor for kl\u00f8yving av ved"},"content":{"rendered":"<h2 style=\"text-align: center\"><strong> Effektiv vedkl\u00f8yving<\/strong><\/h2>\n<p style=\"text-align: center\">Vedkl\u00f8yvingsboret er designet for \u00e5 kutte og kl\u00f8yve ved raskt, slik at du sparer tid og krefter. Skruekjegleutformingen sikrer effektiv kl\u00f8yving av en rekke ulike tresorter, noe som gj\u00f8r det til et ideelt verkt\u00f8y for klargj\u00f8ring av ved.<\/p>\n<p style=\"text-align: center\"><img decoding=\"async\" class=\"alignnone size-medium wp-image-1942\" src=\"https:\/\/keluvo.com\/template\/wp-content\/uploads\/sites\/5\/2024\/10\/fdbf43b0-c474-45e7-80b6-a60a92138688.webp\" alt=\"\" \/><\/p>\n<h2 style=\"text-align: center\"><strong> Slitesterkt h\u00f8ykvalitetsmateriale<\/strong><\/h2>\n<p style=\"text-align: center\">Laget av h\u00f8ykarbonst\u00e5l, Vedkl\u00f8yvingsboret er laget for langvarig bruk. Dette kraftige materialet er st\u00f8t- og slitesterkt, noe som sikrer p\u00e5litelig ytelse selv ved hyppig bruk p\u00e5 hardt trevirke.<\/p>\n<p><img decoding=\"async\" class=\"alignnone size-medium wp-image-1937 aligncenter\" src=\"https:\/\/keluvo.com\/template\/wp-content\/uploads\/sites\/5\/2024\/10\/095776af-e10d-4c5c-a26f-f50a41c76a5e.webp\" alt=\"\" \/><\/p>\n","protected":false},"excerpt":{"rendered":"<p>Effektiv vedkl\u00f8yving Vedkl\u00f8yvingsboret er designet for \u00e5 kutte og kl\u00f8yve ved raskt, slik at du sparer tid og krefter. Skruekjegleutformingen [&hellip;]<\/p>\n","protected":false},"featured_media":3647,"comment_status":"open","ping_status":"closed","template":"","meta":{"site-sidebar-layout":"default","site-content-layout":"","ast-site-content-layout":"default","site-content-style":"default","site-sidebar-style":"default","ast-global-header-display":"","ast-banner-title-visibility":"","ast-main-header-display":"","ast-hfb-above-header-display":"","ast-hfb-below-header-display":"","ast-hfb-mobile-header-display":"","site-post-title":"","ast-breadcrumbs-content":"","ast-featured-img":"","footer-sml-layout":"","theme-transparent-header-meta":"default","adv-header-id-meta":"","stick-header-meta":"","header-above-stick-meta":"","header-main-stick-meta":"","header-below-stick-meta":"","astra-migrate-meta-layouts":"set","ast-page-background-enabled":"default","ast-page-background-meta":{"desktop":{"background-color":"var(--ast-global-color-4)","background-image":"","background-repeat":"repeat","background-position":"center center","background-size":"auto","background-attachment":"scroll","background-type":"","background-media":"","overlay-type":"","overlay-color":"","overlay-opacity":"","overlay-gradient":""},"tablet":{"background-color":"","background-image":"","background-repeat":"repeat","background-position":"center center","background-size":"auto","background-attachment":"scroll","background-type":"","background-media":"","overlay-type":"","overlay-color":"","overlay-opacity":"","overlay-gradient":""},"mobile":{"background-color":"","background-image":"","background-repeat":"repeat","background-position":"center center","background-size":"auto","background-attachment":"scroll","background-type":"","background-media":"","overlay-type":"","overlay-color":"","overlay-opacity":"","overlay-gradient":""}},"ast-content-background-meta":{"desktop":{"background-color":"var(--ast-global-color-5)","background-image":"","background-repeat":"repeat","background-position":"center center","background-size":"auto","background-attachment":"scroll","background-type":"","background-media":"","overlay-type":"","overlay-color":"","overlay-opacity":"","overlay-gradient":""},"tablet":{"background-color":"var(--ast-global-color-5)","background-image":"","background-repeat":"repeat","background-position":"center center","background-size":"auto","background-attachment":"scroll","background-type":"","background-media":"","overlay-type":"","overlay-color":"","overlay-opacity":"","overlay-gradient":""},"mobile":{"background-color":"var(--ast-global-color-5)","background-image":"","background-repeat":"repeat","background-position":"center center","background-size":"auto","background-attachment":"scroll","background-type":"","background-media":"","overlay-type":"","overlay-color":"","overlay-opacity":"","overlay-gradient":""}}},"product_brand":[],"product_cat":[1000],"product_tag":[],"class_list":{"0":"post-3651","1":"product","2":"type-product","3":"status-publish","4":"has-post-thumbnail","6":"product_cat-tur-camping-og-fritidsutstyr","7":"pa_g41qv9zt-32-mm-firkantet-skaft","8":"pa_g41qv9zt-32-mm-rundt-skaft","9":"pa_g41qv9zt-32-mm-sekskantet-skaft","10":"pa_g41qv9zt-42-mm-firkantet-skaft","11":"pa_g41qv9zt-42-mm-rundt-skaft","12":"pa_g41qv9zt-42-mm-sekskantet-skaft","13":"desktop-align-left","14":"tablet-align-left","15":"mobile-align-left","17":"first","18":"instock","19":"shipping-taxable","20":"purchasable","21":"product-type-variable"},"_links":{"self":[{"href":"https:\/\/keluvo.com\/no\/wp-json\/wp\/v2\/product\/3651","targetHints":{"allow":["GET"]}}],"collection":[{"href":"https:\/\/keluvo.com\/no\/wp-json\/wp\/v2\/product"}],"about":[{"href":"https:\/\/keluvo.com\/no\/wp-json\/wp\/v2\/types\/product"}],"replies":[{"embeddable":true,"href":"https:\/\/keluvo.com\/no\/wp-json\/wp\/v2\/comments?post=3651"}],"wp:featuredmedia":[{"embeddable":true,"href":"https:\/\/keluvo.com\/no\/wp-json\/wp\/v2\/media\/3647"}],"wp:attachment":[{"href":"https:\/\/keluvo.com\/no\/wp-json\/wp\/v2\/media?parent=3651"}],"wp:term":[{"taxonomy":"product_brand","embeddable":true,"href":"https:\/\/keluvo.com\/no\/wp-json\/wp\/v2\/product_brand?post=3651"},{"taxonomy":"product_cat","embeddable":true,"href":"https:\/\/keluvo.com\/no\/wp-json\/wp\/v2\/product_cat?post=3651"},{"taxonomy":"product_tag","embeddable":true,"href":"https:\/\/keluvo.com\/no\/wp-json\/wp\/v2\/product_tag?post=3651"}],"curies":[{"name":"wp","href":"https:\/\/api.w.org\/{rel}","templated":true}]}}