{"id":36458,"date":"2025-08-08T11:19:18","date_gmt":"2025-08-08T09:19:18","guid":{"rendered":"https:\/\/keluvo.com\/no\/produkt\/katteleketoy\/"},"modified":"2025-08-08T15:17:42","modified_gmt":"2025-08-08T13:17:42","slug":"katteleketoy","status":"publish","type":"product","link":"https:\/\/keluvo.com\/no\/produkt\/katteleketoy\/","title":{"rendered":"Katteleket\u00f8y"},"content":{"rendered":"<p style=\"text-align: center;\" data-start=\"185\" data-end=\"229\"><strong data-start=\"185\" data-end=\"227\">Unn Katten Din Ren Glede Og Ro \ud83d\udc31<\/strong><\/p>\n<p style=\"text-align: center;\" data-start=\"231\" data-end=\"453\">Denne slikkbare katteleken er en morsom m\u00e5te \u00e5 underholde katten din p\u00e5, samtidig som den fremmer avslapning og velv\u00e6re. Bare fest den p\u00e5 en hvilken som helst overflate og la din pelskledde venn slikke, leke og nyte kattemyntens naturlige velsignelser.<\/p>\n<p data-start=\"231\" data-end=\"453\"><img decoding=\"async\" class=\"size-full wp-image-30427 aligncenter\" src=\"https:\/\/keluvo.com\/template\/wp-content\/uploads\/sites\/5\/2025\/08\/2-1.gif\" alt=\"\" \/><\/p>\n<h2 style=\"text-align: center;\" data-start=\"455\" data-end=\"474\">Hovedfordeler \ud83d\udc31<\/h2>\n<p data-start=\"477\" data-end=\"533\">\ud83d\ude3a Holder katten aktiv, leken og mentalt stimulert<\/p>\n<p data-start=\"536\" data-end=\"588\">\ud83c\udf43 Laget av 100 % naturlig, trygg og spiselig kattemynte<\/p>\n<p data-start=\"591\" data-end=\"646\">\ud83e\uddf2 Klistremerke for enkel montering p\u00e5 vegger eller gulv<\/p>\n<p data-start=\"649\" data-end=\"699\">\ud83d\udc3e Fremmer sunn ford\u00f8yelse og reduserer stress<\/p>\n<p data-start=\"702\" data-end=\"751\">\ud83e\uddfc Rent, s\u00f8lefritt alternativ til l\u00f8s kattemynte<\/p>\n<p data-start=\"702\" data-end=\"751\"><img decoding=\"async\" class=\"size-full wp-image-30428 aligncenter\" src=\"https:\/\/keluvo.com\/template\/wp-content\/uploads\/sites\/5\/2025\/08\/3.gif\" alt=\"\" \/><\/p>\n<h2 style=\"text-align: center;\" data-start=\"753\" data-end=\"771\">Slik Bruker Du Den \u2728<\/h2>\n<ol data-start=\"772\" data-end=\"921\">\n<li data-start=\"772\" data-end=\"805\">\n<p data-start=\"775\" data-end=\"805\">Trekk av klistremerket p\u00e5 baksiden.<\/p>\n<\/li>\n<li data-start=\"806\" data-end=\"873\">\n<p data-start=\"809\" data-end=\"873\">Fest ballen p\u00e5 en glatt overflate (vegg, gulv, vindu osv.).<\/p>\n<\/li>\n<li data-start=\"874\" data-end=\"921\">\n<p data-start=\"877\" data-end=\"921\">La katten slikke, snuse og nyte fritt.<\/p>\n<\/li>\n<\/ol>\n<h2 style=\"text-align: center;\" data-start=\"923\" data-end=\"947\">Produktdetaljer \ud83d\udccb<\/h2>\n<ul data-start=\"948\" data-end=\"1151\">\n<li data-start=\"948\" data-end=\"998\">\n<p data-start=\"950\" data-end=\"998\">Materiale: Naturlig kattemynteball + plastholder<\/p>\n<\/li>\n<li data-start=\"1070\" data-end=\"1102\">\n<p data-start=\"1072\" data-end=\"1102\">Bruk: Innend\u00f8rs katter i alle aldre<\/p>\n<\/li>\n<li data-start=\"1103\" data-end=\"1151\">\n<p data-start=\"1105\" data-end=\"1151\">Sikkerhet: Giftfri og trygg for daglig slikking<\/p>\n<\/li>\n<li data-start=\"1103\" data-end=\"1151\">Farge: Rosa, bl\u00e5 og gr\u00f8nn.<\/li>\n<\/ul>\n<h2 style=\"text-align: center;\" data-start=\"1153\" data-end=\"1178\">Pakken Inkluderer \ud83d\udce6<\/h2>\n<ul data-start=\"1179\" data-end=\"1229\">\n<li style=\"list-style-type: none;\">\n<ul data-start=\"1179\" data-end=\"1229\">\n<li data-start=\"1179\" data-end=\"1229\">\n<p data-start=\"1181\" data-end=\"1229\">1, 2, 3x slikkbart katteleke.<\/p>\n<\/li>\n<\/ul>\n<\/li>\n<\/ul>\n","protected":false},"excerpt":{"rendered":"<p>Unn Katten Din Ren Glede Og Ro \ud83d\udc31 Denne slikkbare katteleken er en morsom m\u00e5te \u00e5 underholde katten din p\u00e5, [&hellip;]<\/p>\n","protected":false},"featured_media":36454,"comment_status":"open","ping_status":"closed","template":"","meta":{"site-sidebar-layout":"default","site-content-layout":"","ast-site-content-layout":"default","site-content-style":"default","site-sidebar-style":"default","ast-global-header-display":"","ast-banner-title-visibility":"","ast-main-header-display":"","ast-hfb-above-header-display":"","ast-hfb-below-header-display":"","ast-hfb-mobile-header-display":"","site-post-title":"","ast-breadcrumbs-content":"","ast-featured-img":"","footer-sml-layout":"","theme-transparent-header-meta":"default","adv-header-id-meta":"","stick-header-meta":"","header-above-stick-meta":"","header-main-stick-meta":"","header-below-stick-meta":"","astra-migrate-meta-layouts":"set","ast-page-background-enabled":"default","ast-page-background-meta":{"desktop":{"background-color":"var(--ast-global-color-4)","background-image":"","background-repeat":"repeat","background-position":"center center","background-size":"auto","background-attachment":"scroll","background-type":"","background-media":"","overlay-type":"","overlay-color":"","overlay-opacity":"","overlay-gradient":""},"tablet":{"background-color":"","background-image":"","background-repeat":"repeat","background-position":"center center","background-size":"auto","background-attachment":"scroll","background-type":"","background-media":"","overlay-type":"","overlay-color":"","overlay-opacity":"","overlay-gradient":""},"mobile":{"background-color":"","background-image":"","background-repeat":"repeat","background-position":"center center","background-size":"auto","background-attachment":"scroll","background-type":"","background-media":"","overlay-type":"","overlay-color":"","overlay-opacity":"","overlay-gradient":""}},"ast-content-background-meta":{"desktop":{"background-color":"var(--ast-global-color-5)","background-image":"","background-repeat":"repeat","background-position":"center center","background-size":"auto","background-attachment":"scroll","background-type":"","background-media":"","overlay-type":"","overlay-color":"","overlay-opacity":"","overlay-gradient":""},"tablet":{"background-color":"var(--ast-global-color-5)","background-image":"","background-repeat":"repeat","background-position":"center center","background-size":"auto","background-attachment":"scroll","background-type":"","background-media":"","overlay-type":"","overlay-color":"","overlay-opacity":"","overlay-gradient":""},"mobile":{"background-color":"var(--ast-global-color-5)","background-image":"","background-repeat":"repeat","background-position":"center center","background-size":"auto","background-attachment":"scroll","background-type":"","background-media":"","overlay-type":"","overlay-color":"","overlay-opacity":"","overlay-gradient":""}}},"product_brand":[],"product_cat":[997],"product_tag":[],"class_list":{"0":"post-36458","1":"product","2":"type-product","3":"status-publish","4":"has-post-thumbnail","6":"product_cat-husdyrprodukter","7":"pa_31838_a93ewyqy-bla","8":"pa_31838_a93ewyqy-gronn","9":"pa_31838_a93ewyqy-rosa","10":"pa_31838_xrsgsu6q-1-stk","11":"pa_31838_xrsgsu6q-2-stk","12":"pa_31838_xrsgsu6q-3-stk","13":"desktop-align-left","14":"tablet-align-left","15":"mobile-align-left","17":"first","18":"instock","19":"shipping-taxable","20":"purchasable","21":"product-type-variable","22":"has-default-attributes"},"_links":{"self":[{"href":"https:\/\/keluvo.com\/no\/wp-json\/wp\/v2\/product\/36458","targetHints":{"allow":["GET"]}}],"collection":[{"href":"https:\/\/keluvo.com\/no\/wp-json\/wp\/v2\/product"}],"about":[{"href":"https:\/\/keluvo.com\/no\/wp-json\/wp\/v2\/types\/product"}],"replies":[{"embeddable":true,"href":"https:\/\/keluvo.com\/no\/wp-json\/wp\/v2\/comments?post=36458"}],"wp:featuredmedia":[{"embeddable":true,"href":"https:\/\/keluvo.com\/no\/wp-json\/wp\/v2\/media\/36454"}],"wp:attachment":[{"href":"https:\/\/keluvo.com\/no\/wp-json\/wp\/v2\/media?parent=36458"}],"wp:term":[{"taxonomy":"product_brand","embeddable":true,"href":"https:\/\/keluvo.com\/no\/wp-json\/wp\/v2\/product_brand?post=36458"},{"taxonomy":"product_cat","embeddable":true,"href":"https:\/\/keluvo.com\/no\/wp-json\/wp\/v2\/product_cat?post=36458"},{"taxonomy":"product_tag","embeddable":true,"href":"https:\/\/keluvo.com\/no\/wp-json\/wp\/v2\/product_tag?post=36458"}],"curies":[{"name":"wp","href":"https:\/\/api.w.org\/{rel}","templated":true}]}}