{"id":36405,"date":"2025-08-08T11:15:06","date_gmt":"2025-08-08T09:15:06","guid":{"rendered":"https:\/\/keluvo.com\/no\/produkt\/rensesett-for-avlop\/"},"modified":"2025-09-15T12:52:55","modified_gmt":"2025-09-15T09:52:55","slug":"rensesett-for-avlop","status":"publish","type":"product","link":"https:\/\/keluvo.com\/no\/produkt\/rensesett-for-avlop\/","title":{"rendered":"Rensesett for avl\u00f8p"},"content":{"rendered":"<p style=\"text-align: center\" data-start=\"136\" data-end=\"192\"><strong data-start=\"136\" data-end=\"192\">Tett Kj\u00f8leskapet Raskt \u2014 Ingen Flere Lekkasjer Eller Lukter \ud83e\uddca<\/strong><\/p>\n<p style=\"text-align: center\" data-start=\"194\" data-end=\"419\">Dette avl\u00f8ps- og rengj\u00f8ringssettet for kj\u00f8leskap hjelper deg med \u00e5 fjerne blokkerte dreneringshull og opphopninger p\u00e5 sekunder. Forhindre lekkasjer, lukt og muggdannelse i kj\u00f8leskapet eller fryseren med dette enkle og gjenbrukbare verkt\u00f8yet.<\/p>\n<p data-start=\"194\" data-end=\"419\"><img decoding=\"async\" class=\"size-full wp-image-30361 aligncenter\" src=\"https:\/\/keluvo.com\/template\/wp-content\/uploads\/sites\/5\/2025\/08\/23e2ccf8c08a812525af243c34ec3551.webp\" alt=\"\" \/><\/p>\n<h2 style=\"text-align: center\" data-start=\"421\" data-end=\"440\">Hovedfordeler \ud83e\uddfc<\/h2>\n<p data-start=\"443\" data-end=\"495\">\ud83d\udca6 Fjerner raskt blokkerte avl\u00f8psr\u00f8r i kj\u00f8leskapet<\/p>\n<p data-start=\"498\" data-end=\"554\">\ud83e\uddfc Forhindrer vannansamlinger, mugg og ubehagelig lukt<\/p>\n<p data-start=\"557\" data-end=\"611\">\ud83c\udf00 Fleksibel og lang nok til \u00e5 n\u00e5 dypt inn i r\u00f8rene<\/p>\n<p data-start=\"614\" data-end=\"660\">\ud83d\udd01 Gjenbrukbar og enkel \u00e5 rengj\u00f8re etter hver gang du har brukt den<\/p>\n<p data-start=\"663\" data-end=\"730\">\ud83d\udee0\ufe0f Kan ogs\u00e5 brukes til \u00e5 rengj\u00f8re akvarieslanger, vasker\u00f8r og mer<\/p>\n<p data-start=\"663\" data-end=\"730\"><img decoding=\"async\" class=\"size-full wp-image-30362 aligncenter\" src=\"https:\/\/keluvo.com\/template\/wp-content\/uploads\/sites\/5\/2025\/08\/818c50def539e4d88eedd78c3b31efff_a08bd075-c8d8-475f-8269-a01b3b97455a.webp\" alt=\"\" \/><\/p>\n<h2 style=\"text-align: center\" data-start=\"732\" data-end=\"750\">Slik Bruker Du Den \u2728<\/h2>\n<ol data-start=\"751\" data-end=\"909\">\n<li data-start=\"751\" data-end=\"808\">\n<p data-start=\"754\" data-end=\"808\">Sett b\u00f8rsten eller slangen inn i det tette avl\u00f8pshullet.<\/p>\n<\/li>\n<li data-start=\"809\" data-end=\"859\">\n<p data-start=\"812\" data-end=\"859\">Roter eller spyl forsiktig ved hjelp av spr\u00f8yteverkt\u00f8yet.<\/p>\n<\/li>\n<li data-start=\"860\" data-end=\"909\">\n<p data-start=\"863\" data-end=\"909\">Ta av og skyll etter bruk &#8211; gjort p\u00e5 sekunder.<\/p>\n<\/li>\n<\/ol>\n<h2 style=\"text-align: center\" data-start=\"911\" data-end=\"935\">Produktdetaljer \ud83d\udccb<\/h2>\n<ul data-start=\"936\" data-end=\"1158\">\n<li data-start=\"936\" data-end=\"989\">\n<p data-start=\"938\" data-end=\"989\">Materialer: Fleksibel st\u00e5ltr\u00e5d + plast + gummi<\/p>\n<\/li>\n<li data-start=\"990\" data-end=\"1039\">\n<p data-start=\"992\" data-end=\"1039\">Lengde: Ca. 1,5 m fleksibel rengj\u00f8ringsb\u00f8rste<\/p>\n<\/li>\n<li data-start=\"1040\" data-end=\"1086\">\n<p data-start=\"1042\" data-end=\"1086\">Ekstra: Inkluderer spr\u00f8yteverkt\u00f8y for spyling<\/p>\n<\/li>\n<li data-start=\"1087\" data-end=\"1158\">\n<p data-start=\"1089\" data-end=\"1158\">Multibruk: Fungerer for kj\u00f8leskap, klimaanlegg, akvarier og mer<\/p>\n<\/li>\n<\/ul>\n<h2 style=\"text-align: center\" data-start=\"1160\" data-end=\"1185\">Pakken Inkluderer \ud83d\udce6<\/h2>\n<ul data-start=\"1186\" data-end=\"1268\">\n<li data-start=\"1186\" data-end=\"1213\">1x avl\u00f8psrengj\u00f8ringssett.<\/li>\n<\/ul>\n","protected":false},"excerpt":{"rendered":"<p>Tett Kj\u00f8leskapet Raskt \u2014 Ingen Flere Lekkasjer Eller Lukter \ud83e\uddca Dette avl\u00f8ps- og rengj\u00f8ringssettet for kj\u00f8leskap hjelper deg med \u00e5 [&hellip;]<\/p>\n","protected":false},"featured_media":36401,"comment_status":"open","ping_status":"closed","template":"","meta":{"site-sidebar-layout":"default","site-content-layout":"","ast-site-content-layout":"default","site-content-style":"default","site-sidebar-style":"default","ast-global-header-display":"","ast-banner-title-visibility":"","ast-main-header-display":"","ast-hfb-above-header-display":"","ast-hfb-below-header-display":"","ast-hfb-mobile-header-display":"","site-post-title":"","ast-breadcrumbs-content":"","ast-featured-img":"","footer-sml-layout":"","theme-transparent-header-meta":"default","adv-header-id-meta":"","stick-header-meta":"","header-above-stick-meta":"","header-main-stick-meta":"","header-below-stick-meta":"","astra-migrate-meta-layouts":"set","ast-page-background-enabled":"default","ast-page-background-meta":{"desktop":{"background-color":"var(--ast-global-color-4)","background-image":"","background-repeat":"repeat","background-position":"center center","background-size":"auto","background-attachment":"scroll","background-type":"","background-media":"","overlay-type":"","overlay-color":"","overlay-opacity":"","overlay-gradient":""},"tablet":{"background-color":"","background-image":"","background-repeat":"repeat","background-position":"center center","background-size":"auto","background-attachment":"scroll","background-type":"","background-media":"","overlay-type":"","overlay-color":"","overlay-opacity":"","overlay-gradient":""},"mobile":{"background-color":"","background-image":"","background-repeat":"repeat","background-position":"center center","background-size":"auto","background-attachment":"scroll","background-type":"","background-media":"","overlay-type":"","overlay-color":"","overlay-opacity":"","overlay-gradient":""}},"ast-content-background-meta":{"desktop":{"background-color":"var(--ast-global-color-5)","background-image":"","background-repeat":"repeat","background-position":"center center","background-size":"auto","background-attachment":"scroll","background-type":"","background-media":"","overlay-type":"","overlay-color":"","overlay-opacity":"","overlay-gradient":""},"tablet":{"background-color":"var(--ast-global-color-5)","background-image":"","background-repeat":"repeat","background-position":"center center","background-size":"auto","background-attachment":"scroll","background-type":"","background-media":"","overlay-type":"","overlay-color":"","overlay-opacity":"","overlay-gradient":""},"mobile":{"background-color":"var(--ast-global-color-5)","background-image":"","background-repeat":"repeat","background-position":"center center","background-size":"auto","background-attachment":"scroll","background-type":"","background-media":"","overlay-type":"","overlay-color":"","overlay-opacity":"","overlay-gradient":""}}},"product_brand":[],"product_cat":[1001],"product_tag":[],"class_list":{"0":"post-36405","1":"product","2":"type-product","3":"status-publish","4":"has-post-thumbnail","6":"product_cat-husholdningsartikler","7":"desktop-align-left","8":"tablet-align-left","9":"mobile-align-left","11":"first","12":"instock","13":"shipping-taxable","14":"purchasable","15":"product-type-simple"},"_links":{"self":[{"href":"https:\/\/keluvo.com\/no\/wp-json\/wp\/v2\/product\/36405","targetHints":{"allow":["GET"]}}],"collection":[{"href":"https:\/\/keluvo.com\/no\/wp-json\/wp\/v2\/product"}],"about":[{"href":"https:\/\/keluvo.com\/no\/wp-json\/wp\/v2\/types\/product"}],"replies":[{"embeddable":true,"href":"https:\/\/keluvo.com\/no\/wp-json\/wp\/v2\/comments?post=36405"}],"wp:featuredmedia":[{"embeddable":true,"href":"https:\/\/keluvo.com\/no\/wp-json\/wp\/v2\/media\/36401"}],"wp:attachment":[{"href":"https:\/\/keluvo.com\/no\/wp-json\/wp\/v2\/media?parent=36405"}],"wp:term":[{"taxonomy":"product_brand","embeddable":true,"href":"https:\/\/keluvo.com\/no\/wp-json\/wp\/v2\/product_brand?post=36405"},{"taxonomy":"product_cat","embeddable":true,"href":"https:\/\/keluvo.com\/no\/wp-json\/wp\/v2\/product_cat?post=36405"},{"taxonomy":"product_tag","embeddable":true,"href":"https:\/\/keluvo.com\/no\/wp-json\/wp\/v2\/product_tag?post=36405"}],"curies":[{"name":"wp","href":"https:\/\/api.w.org\/{rel}","templated":true}]}}