{"id":3638,"date":"2024-10-30T17:00:57","date_gmt":"2024-10-30T15:00:57","guid":{"rendered":"https:\/\/keluvo.com\/no\/produkt\/sklisikker-telefonholder-for-bilmatte\/"},"modified":"2025-06-19T09:13:12","modified_gmt":"2025-06-19T07:13:12","slug":"telefonholder-for-bilmatte","status":"publish","type":"product","link":"https:\/\/keluvo.com\/no\/produkt\/telefonholder-for-bilmatte\/","title":{"rendered":"Sklisikker telefonholder for bilmatte"},"content":{"rendered":"<h2 style=\"text-align: center;\"><strong> Sikker, sklisikker overflate<\/strong><\/h2>\n<p style=\"text-align: center;\">Anti-Slip Car Mat gir en stabil, sklisikker overflate for gjenstander p\u00e5 dashbordet, slik at telefoner og sm\u00e5 gjenstander ikke glir. Uten magneter eller sugekopper kan denne matten plasseres direkte p\u00e5 dashbordet og er klar til bruk.<\/p>\n<p><img decoding=\"async\" class=\"alignnone size-medium wp-image-2058 aligncenter\" src=\"https:\/\/keluvo.com\/template\/wp-content\/uploads\/sites\/5\/2024\/10\/Car-Anti-Slip-Mat-Auto-Phone-Holder-Non-Slip-Anti-Slide-Mat-Dashboard-Phone-Mount-Silicone.jpg_-1.png\" alt=\"\" \/><\/p>\n<h2 style=\"text-align: center;\"><strong> 360\u00b0 roterende telefonholder<\/strong><\/h2>\n<p style=\"text-align: center;\">Denne sklisikre bilmatten inkluderer en telefonholder som kan roteres 360 grader, slik at du kan justere telefonen til alle visningsvinkler. Enten du vil se horisontalt eller vertikalt, gir den enkel tilgang til skjermen og holder telefonen sikker mens du kj\u00f8rer.<\/p>\n<p><img decoding=\"async\" class=\"alignnone size-medium wp-image-2063 aligncenter\" src=\"https:\/\/keluvo.com\/template\/wp-content\/uploads\/sites\/5\/2024\/10\/For-Wear-Vehicles-Mat-Pad-Phone-Holder-Mobile-Anti-slip-Multifunctional-NON-SLIP-For-Automotive-Led.jpg_-2.png\" alt=\"\" \/><\/p>\n","protected":false},"excerpt":{"rendered":"<p>Sikker, sklisikker overflate Anti-Slip Car Mat gir en stabil, sklisikker overflate for gjenstander p\u00e5 dashbordet, slik at telefoner og sm\u00e5 [&hellip;]<\/p>\n","protected":false},"featured_media":3634,"comment_status":"open","ping_status":"closed","template":"","meta":{"site-sidebar-layout":"default","site-content-layout":"","ast-site-content-layout":"default","site-content-style":"default","site-sidebar-style":"default","ast-global-header-display":"","ast-banner-title-visibility":"","ast-main-header-display":"","ast-hfb-above-header-display":"","ast-hfb-below-header-display":"","ast-hfb-mobile-header-display":"","site-post-title":"","ast-breadcrumbs-content":"","ast-featured-img":"","footer-sml-layout":"","theme-transparent-header-meta":"default","adv-header-id-meta":"","stick-header-meta":"","header-above-stick-meta":"","header-main-stick-meta":"","header-below-stick-meta":"","astra-migrate-meta-layouts":"set","ast-page-background-enabled":"default","ast-page-background-meta":{"desktop":{"background-color":"var(--ast-global-color-4)","background-image":"","background-repeat":"repeat","background-position":"center center","background-size":"auto","background-attachment":"scroll","background-type":"","background-media":"","overlay-type":"","overlay-color":"","overlay-opacity":"","overlay-gradient":""},"tablet":{"background-color":"","background-image":"","background-repeat":"repeat","background-position":"center center","background-size":"auto","background-attachment":"scroll","background-type":"","background-media":"","overlay-type":"","overlay-color":"","overlay-opacity":"","overlay-gradient":""},"mobile":{"background-color":"","background-image":"","background-repeat":"repeat","background-position":"center center","background-size":"auto","background-attachment":"scroll","background-type":"","background-media":"","overlay-type":"","overlay-color":"","overlay-opacity":"","overlay-gradient":""}},"ast-content-background-meta":{"desktop":{"background-color":"var(--ast-global-color-5)","background-image":"","background-repeat":"repeat","background-position":"center center","background-size":"auto","background-attachment":"scroll","background-type":"","background-media":"","overlay-type":"","overlay-color":"","overlay-opacity":"","overlay-gradient":""},"tablet":{"background-color":"var(--ast-global-color-5)","background-image":"","background-repeat":"repeat","background-position":"center center","background-size":"auto","background-attachment":"scroll","background-type":"","background-media":"","overlay-type":"","overlay-color":"","overlay-opacity":"","overlay-gradient":""},"mobile":{"background-color":"var(--ast-global-color-5)","background-image":"","background-repeat":"repeat","background-position":"center center","background-size":"auto","background-attachment":"scroll","background-type":"","background-media":"","overlay-type":"","overlay-color":"","overlay-opacity":"","overlay-gradient":""}}},"product_brand":[],"product_cat":[998],"product_tag":[],"class_list":{"0":"post-3638","1":"product","2":"type-product","3":"status-publish","4":"has-post-thumbnail","6":"product_cat-bilprodukter","7":"pa_7l5e7uok-bla","8":"pa_7l5e7uok-hvit","9":"pa_7l5e7uok-rod","10":"desktop-align-left","11":"tablet-align-left","12":"mobile-align-left","14":"first","15":"instock","16":"shipping-taxable","17":"purchasable","18":"product-type-variable"},"_links":{"self":[{"href":"https:\/\/keluvo.com\/no\/wp-json\/wp\/v2\/product\/3638","targetHints":{"allow":["GET"]}}],"collection":[{"href":"https:\/\/keluvo.com\/no\/wp-json\/wp\/v2\/product"}],"about":[{"href":"https:\/\/keluvo.com\/no\/wp-json\/wp\/v2\/types\/product"}],"replies":[{"embeddable":true,"href":"https:\/\/keluvo.com\/no\/wp-json\/wp\/v2\/comments?post=3638"}],"wp:featuredmedia":[{"embeddable":true,"href":"https:\/\/keluvo.com\/no\/wp-json\/wp\/v2\/media\/3634"}],"wp:attachment":[{"href":"https:\/\/keluvo.com\/no\/wp-json\/wp\/v2\/media?parent=3638"}],"wp:term":[{"taxonomy":"product_brand","embeddable":true,"href":"https:\/\/keluvo.com\/no\/wp-json\/wp\/v2\/product_brand?post=3638"},{"taxonomy":"product_cat","embeddable":true,"href":"https:\/\/keluvo.com\/no\/wp-json\/wp\/v2\/product_cat?post=3638"},{"taxonomy":"product_tag","embeddable":true,"href":"https:\/\/keluvo.com\/no\/wp-json\/wp\/v2\/product_tag?post=3638"}],"curies":[{"name":"wp","href":"https:\/\/api.w.org\/{rel}","templated":true}]}}