{"id":3617,"date":"2024-10-30T16:06:37","date_gmt":"2024-10-30T14:06:37","guid":{"rendered":"https:\/\/keluvo.com\/no\/produkt\/verktoykasse-leker-for-barn\/"},"modified":"2024-10-30T20:11:21","modified_gmt":"2024-10-30T18:11:21","slug":"verktoykasse-leker-for-barn","status":"publish","type":"product","link":"https:\/\/keluvo.com\/no\/produkt\/verktoykasse-leker-for-barn\/","title":{"rendered":"Verkt\u00f8ykasse leker for barn"},"content":{"rendered":"<h2 style=\"text-align: center;\"><strong>Morsom og l\u00e6rerik lek<\/strong><\/h2>\n<p style=\"text-align: center;\">Verkt\u00f8ykasse leker for barn-settet tilbyr praktisk l\u00e6ring som oppmuntrer til kreativitet og probleml\u00f8sing. Med verkt\u00f8y som er utformet for sm\u00e5 hender, kan barna \u00f8ve seg p\u00e5 \u00e5 sette sammen, skru og reparere p\u00e5 en leken m\u00e5te, noe som er perfekt for \u00e5 utvikle finmotorikken.<\/p>\n<p><img decoding=\"async\" class=\"alignnone size-medium wp-image-2095 aligncenter\" src=\"https:\/\/keluvo.com\/template\/wp-content\/uploads\/sites\/5\/2024\/10\/e8aff8b1-4d92-4e78-b386-92ec98b1978b.webp\" alt=\"\" \/><\/p>\n<h2 style=\"text-align: center;\"><strong>Batteridrevet drill for realistisk moro<\/strong><\/h2>\n<p style=\"text-align: center;\">Dette settet inneholder en batteridrevet lekeboremaskin som gir leken et realistisk preg. Den er enkel \u00e5 bruke og gir barna f\u00f8lelsen av \u00e5 v\u00e6re ekte byggere, noe som gj\u00f8r settet til en spennende gave til bursdager eller h\u00f8ytider.<\/p>\n<p><img decoding=\"async\" class=\"alignnone size-medium wp-image-2094 aligncenter\" src=\"https:\/\/keluvo.com\/template\/wp-content\/uploads\/sites\/5\/2024\/10\/c17e92ce-5902-47d6-8da7-1012f8f0b1e7.webp\" alt=\"\" \/><\/p>\n","protected":false},"excerpt":{"rendered":"<p>Morsom og l\u00e6rerik lek Verkt\u00f8ykasse leker for barn-settet tilbyr praktisk l\u00e6ring som oppmuntrer til kreativitet og probleml\u00f8sing. Med verkt\u00f8y som [&hellip;]<\/p>\n","protected":false},"featured_media":3613,"comment_status":"open","ping_status":"closed","template":"","meta":{"site-sidebar-layout":"default","site-content-layout":"","ast-site-content-layout":"default","site-content-style":"default","site-sidebar-style":"default","ast-global-header-display":"","ast-banner-title-visibility":"","ast-main-header-display":"","ast-hfb-above-header-display":"","ast-hfb-below-header-display":"","ast-hfb-mobile-header-display":"","site-post-title":"","ast-breadcrumbs-content":"","ast-featured-img":"","footer-sml-layout":"","theme-transparent-header-meta":"default","adv-header-id-meta":"","stick-header-meta":"","header-above-stick-meta":"","header-main-stick-meta":"","header-below-stick-meta":"","astra-migrate-meta-layouts":"set","ast-page-background-enabled":"default","ast-page-background-meta":{"desktop":{"background-color":"var(--ast-global-color-4)","background-image":"","background-repeat":"repeat","background-position":"center center","background-size":"auto","background-attachment":"scroll","background-type":"","background-media":"","overlay-type":"","overlay-color":"","overlay-opacity":"","overlay-gradient":""},"tablet":{"background-color":"","background-image":"","background-repeat":"repeat","background-position":"center center","background-size":"auto","background-attachment":"scroll","background-type":"","background-media":"","overlay-type":"","overlay-color":"","overlay-opacity":"","overlay-gradient":""},"mobile":{"background-color":"","background-image":"","background-repeat":"repeat","background-position":"center center","background-size":"auto","background-attachment":"scroll","background-type":"","background-media":"","overlay-type":"","overlay-color":"","overlay-opacity":"","overlay-gradient":""}},"ast-content-background-meta":{"desktop":{"background-color":"var(--ast-global-color-5)","background-image":"","background-repeat":"repeat","background-position":"center center","background-size":"auto","background-attachment":"scroll","background-type":"","background-media":"","overlay-type":"","overlay-color":"","overlay-opacity":"","overlay-gradient":""},"tablet":{"background-color":"var(--ast-global-color-5)","background-image":"","background-repeat":"repeat","background-position":"center center","background-size":"auto","background-attachment":"scroll","background-type":"","background-media":"","overlay-type":"","overlay-color":"","overlay-opacity":"","overlay-gradient":""},"mobile":{"background-color":"var(--ast-global-color-5)","background-image":"","background-repeat":"repeat","background-position":"center center","background-size":"auto","background-attachment":"scroll","background-type":"","background-media":"","overlay-type":"","overlay-color":"","overlay-opacity":"","overlay-gradient":""}}},"product_brand":[],"product_cat":[990],"product_tag":[],"class_list":{"0":"post-3617","1":"product","2":"type-product","3":"status-publish","4":"has-post-thumbnail","6":"product_cat-leker-barne-og-babyprodukter","7":"pa_mf6x2a9d-bjorn","8":"pa_mf6x2a9d-hund","9":"desktop-align-left","10":"tablet-align-left","11":"mobile-align-left","13":"first","14":"instock","15":"shipping-taxable","16":"purchasable","17":"product-type-variable"},"_links":{"self":[{"href":"https:\/\/keluvo.com\/no\/wp-json\/wp\/v2\/product\/3617","targetHints":{"allow":["GET"]}}],"collection":[{"href":"https:\/\/keluvo.com\/no\/wp-json\/wp\/v2\/product"}],"about":[{"href":"https:\/\/keluvo.com\/no\/wp-json\/wp\/v2\/types\/product"}],"replies":[{"embeddable":true,"href":"https:\/\/keluvo.com\/no\/wp-json\/wp\/v2\/comments?post=3617"}],"wp:featuredmedia":[{"embeddable":true,"href":"https:\/\/keluvo.com\/no\/wp-json\/wp\/v2\/media\/3613"}],"wp:attachment":[{"href":"https:\/\/keluvo.com\/no\/wp-json\/wp\/v2\/media?parent=3617"}],"wp:term":[{"taxonomy":"product_brand","embeddable":true,"href":"https:\/\/keluvo.com\/no\/wp-json\/wp\/v2\/product_brand?post=3617"},{"taxonomy":"product_cat","embeddable":true,"href":"https:\/\/keluvo.com\/no\/wp-json\/wp\/v2\/product_cat?post=3617"},{"taxonomy":"product_tag","embeddable":true,"href":"https:\/\/keluvo.com\/no\/wp-json\/wp\/v2\/product_tag?post=3617"}],"curies":[{"name":"wp","href":"https:\/\/api.w.org\/{rel}","templated":true}]}}