{"id":36137,"date":"2025-08-06T15:55:06","date_gmt":"2025-08-06T13:55:06","guid":{"rendered":"https:\/\/keluvo.com\/no\/produkt\/akvarellsett\/"},"modified":"2025-08-06T15:55:18","modified_gmt":"2025-08-06T13:55:18","slug":"akvarellsett","status":"publish","type":"product","link":"https:\/\/keluvo.com\/no\/produkt\/akvarellsett\/","title":{"rendered":"Akvarellsett"},"content":{"rendered":"<p style=\"text-align: center\" data-start=\"134\" data-end=\"190\"><strong data-start=\"134\" data-end=\"190\">F\u00e5 Kunsten Din Til \u00c5 Skinne Med Levende Akvarellmagi \ud83c\udfa8<\/strong><\/p>\n<p style=\"text-align: center\" data-start=\"192\" data-end=\"440\">Dette akvarellfargesettet er perfekt for kunstnere, hobbymalere eller nybegynnere som \u00f8nsker \u00e5 skape str\u00e5lende kunstverk med metallisk og perlemorskinnende finish. Med rike pigmenter, smidig blanding og elegant innpakning er det et must-have for enhver kreativ sjel.<\/p>\n<p data-start=\"192\" data-end=\"440\"><img decoding=\"async\" class=\"size-full wp-image-30129 aligncenter\" src=\"https:\/\/keluvo.com\/template\/wp-content\/uploads\/sites\/5\/2025\/08\/02e3e04ac0908143076f3695f616447622c93845.webp\" alt=\"\" \/><\/p>\n<h2 style=\"text-align: center\" data-start=\"442\" data-end=\"461\">Hovedfordeler \ud83c\udf08<\/h2>\n<p data-start=\"464\" data-end=\"517\">\ud83c\udf08 Inkluderer livlige metallic- og perlemorfarger colors<\/p>\n<p data-start=\"520\" data-end=\"577\">\ud83d\udd8c\ufe0f Blander jevnt for profesjonelle akvarelleffekter<\/p>\n<p data-start=\"580\" data-end=\"632\">\ud83e\uddfc Enkel \u00e5 aktivere med vann &#8211; ikke noe s\u00f8l, ikke noe avfall<\/p>\n<p data-start=\"635\" data-end=\"677\">\ud83e\uddf3 Kompakt og b\u00e6rbar &#8211; mal hvor som helst<\/p>\n<p data-start=\"680\" data-end=\"732\">\ud83c\udf81 Vakker gave til kreative venner eller deg selv<\/p>\n<p data-start=\"680\" data-end=\"732\"><img decoding=\"async\" class=\"size-full wp-image-30130 aligncenter\" src=\"https:\/\/keluvo.com\/template\/wp-content\/uploads\/sites\/5\/2025\/08\/9d06592710a17a394a081c4b6be15171feb1c5c1.webp\" alt=\"\" \/><\/p>\n<h2 style=\"text-align: center\" data-start=\"734\" data-end=\"752\">Slik Bruker Du Den \u2728<\/h2>\n<ol data-start=\"753\" data-end=\"917\">\n<li data-start=\"753\" data-end=\"807\">\n<p data-start=\"756\" data-end=\"807\">V\u00e5t penselen og ta forsiktig p\u00e5 malingsflaten.<\/p>\n<\/li>\n<li data-start=\"808\" data-end=\"859\">\n<p data-start=\"811\" data-end=\"859\">P\u00e5f\u00f8r p\u00e5 akvarellpapiret og bland etter \u00f8nske.<\/p>\n<\/li>\n<li data-start=\"860\" data-end=\"917\">\n<p data-start=\"863\" data-end=\"917\">la kunsten t\u00f8rke naturlig for \u00e5 f\u00e5 en skinnende, levende finish.<\/p>\n<\/li>\n<\/ol>\n<h2 style=\"text-align: center\" data-start=\"919\" data-end=\"943\">Produktdetaljer \ud83d\udccb<\/h2>\n<ul data-start=\"944\" data-end=\"1246\">\n<li data-start=\"944\" data-end=\"1014\">\n<p data-start=\"946\" data-end=\"1014\">Palettalternativer: 20 eller 24 farger (ulike fargeskjemaer tilgjengelig)<\/p>\n<\/li>\n<li data-start=\"1015\" data-end=\"1066\">\n<p data-start=\"1017\" data-end=\"1066\">Pigment: Vannl\u00f8selige, giftfrie pigmenter av h\u00f8y kvalitet<\/p>\n<\/li>\n<li data-start=\"1067\" data-end=\"1121\">\n<p data-start=\"1069\" data-end=\"1121\">Etui: Slitesterk plastpalett med gjennomsiktig lokk<\/p>\n<\/li>\n<li data-start=\"1173\" data-end=\"1246\">\n<p data-start=\"1175\" data-end=\"1246\">Ideal for: Gratulasjonskort, dagbokskriving, kunst eller nybegynner\u00f8velser<\/p>\n<\/li>\n<\/ul>\n<h2 style=\"text-align: center\" data-start=\"1248\" data-end=\"1273\">Pakken Inkluderer \ud83d\udce6<\/h2>\n<ul data-start=\"1274\" data-end=\"1390\">\n<li data-start=\"1274\" data-end=\"1345\">\n<p data-start=\"1276\" data-end=\"1345\">1x akvarellfargesett<\/p>\n<\/li>\n<li data-start=\"1346\" data-end=\"1390\">\n<p data-start=\"1348\" data-end=\"1390\">1x pensel.<\/p>\n<\/li>\n<\/ul>\n","protected":false},"excerpt":{"rendered":"<p>F\u00e5 Kunsten Din Til \u00c5 Skinne Med Levende Akvarellmagi \ud83c\udfa8 Dette akvarellfargesettet er perfekt for kunstnere, hobbymalere eller nybegynnere som [&hellip;]<\/p>\n","protected":false},"featured_media":36133,"comment_status":"open","ping_status":"closed","template":"","meta":{"site-sidebar-layout":"default","site-content-layout":"","ast-site-content-layout":"default","site-content-style":"default","site-sidebar-style":"default","ast-global-header-display":"","ast-banner-title-visibility":"","ast-main-header-display":"","ast-hfb-above-header-display":"","ast-hfb-below-header-display":"","ast-hfb-mobile-header-display":"","site-post-title":"","ast-breadcrumbs-content":"","ast-featured-img":"","footer-sml-layout":"","theme-transparent-header-meta":"default","adv-header-id-meta":"","stick-header-meta":"","header-above-stick-meta":"","header-main-stick-meta":"","header-below-stick-meta":"","astra-migrate-meta-layouts":"set","ast-page-background-enabled":"default","ast-page-background-meta":{"desktop":{"background-color":"var(--ast-global-color-4)","background-image":"","background-repeat":"repeat","background-position":"center center","background-size":"auto","background-attachment":"scroll","background-type":"","background-media":"","overlay-type":"","overlay-color":"","overlay-opacity":"","overlay-gradient":""},"tablet":{"background-color":"","background-image":"","background-repeat":"repeat","background-position":"center center","background-size":"auto","background-attachment":"scroll","background-type":"","background-media":"","overlay-type":"","overlay-color":"","overlay-opacity":"","overlay-gradient":""},"mobile":{"background-color":"","background-image":"","background-repeat":"repeat","background-position":"center center","background-size":"auto","background-attachment":"scroll","background-type":"","background-media":"","overlay-type":"","overlay-color":"","overlay-opacity":"","overlay-gradient":""}},"ast-content-background-meta":{"desktop":{"background-color":"var(--ast-global-color-5)","background-image":"","background-repeat":"repeat","background-position":"center center","background-size":"auto","background-attachment":"scroll","background-type":"","background-media":"","overlay-type":"","overlay-color":"","overlay-opacity":"","overlay-gradient":""},"tablet":{"background-color":"var(--ast-global-color-5)","background-image":"","background-repeat":"repeat","background-position":"center center","background-size":"auto","background-attachment":"scroll","background-type":"","background-media":"","overlay-type":"","overlay-color":"","overlay-opacity":"","overlay-gradient":""},"mobile":{"background-color":"var(--ast-global-color-5)","background-image":"","background-repeat":"repeat","background-position":"center center","background-size":"auto","background-attachment":"scroll","background-type":"","background-media":"","overlay-type":"","overlay-color":"","overlay-opacity":"","overlay-gradient":""}}},"product_brand":[],"product_cat":[990],"product_tag":[],"class_list":{"0":"post-36137","1":"product","2":"type-product","3":"status-publish","4":"has-post-thumbnail","6":"product_cat-leker-barne-og-babyprodukter","7":"pa_18734_dhl41d0i-a","8":"pa_18734_dhl41d0i-b","9":"pa_18734_dhl41d0i-c","10":"pa_18734_dhl41d0i-d","11":"desktop-align-left","12":"tablet-align-left","13":"mobile-align-left","15":"first","16":"instock","17":"shipping-taxable","18":"purchasable","19":"product-type-variable"},"_links":{"self":[{"href":"https:\/\/keluvo.com\/no\/wp-json\/wp\/v2\/product\/36137","targetHints":{"allow":["GET"]}}],"collection":[{"href":"https:\/\/keluvo.com\/no\/wp-json\/wp\/v2\/product"}],"about":[{"href":"https:\/\/keluvo.com\/no\/wp-json\/wp\/v2\/types\/product"}],"replies":[{"embeddable":true,"href":"https:\/\/keluvo.com\/no\/wp-json\/wp\/v2\/comments?post=36137"}],"wp:featuredmedia":[{"embeddable":true,"href":"https:\/\/keluvo.com\/no\/wp-json\/wp\/v2\/media\/36133"}],"wp:attachment":[{"href":"https:\/\/keluvo.com\/no\/wp-json\/wp\/v2\/media?parent=36137"}],"wp:term":[{"taxonomy":"product_brand","embeddable":true,"href":"https:\/\/keluvo.com\/no\/wp-json\/wp\/v2\/product_brand?post=36137"},{"taxonomy":"product_cat","embeddable":true,"href":"https:\/\/keluvo.com\/no\/wp-json\/wp\/v2\/product_cat?post=36137"},{"taxonomy":"product_tag","embeddable":true,"href":"https:\/\/keluvo.com\/no\/wp-json\/wp\/v2\/product_tag?post=36137"}],"curies":[{"name":"wp","href":"https:\/\/api.w.org\/{rel}","templated":true}]}}