{"id":35948,"date":"2025-08-06T15:45:28","date_gmt":"2025-08-06T13:45:28","guid":{"rendered":"https:\/\/keluvo.com\/no\/produkt\/pute\/"},"modified":"2025-08-06T15:45:37","modified_gmt":"2025-08-06T13:45:37","slug":"pute","status":"publish","type":"product","link":"https:\/\/keluvo.com\/no\/produkt\/pute\/","title":{"rendered":"Pute"},"content":{"rendered":"<p style=\"text-align: center\" data-start=\"126\" data-end=\"164\"><strong data-start=\"126\" data-end=\"164\">V\u00e5kn Opp Uthvilt Og Smertefri \ud83d\ude34<\/strong><\/p>\n<p style=\"text-align: center\" data-start=\"166\" data-end=\"402\">3D-puten er designet for \u00e5 st\u00f8tte hodet, nakken og skuldrene mens du sover &#8211; noe som bidrar til \u00e5 redusere smerte og forbedre s\u00f8vnkvaliteten. Den ergonomiske utformingen tilpasser seg alle s\u00f8vnposisjoner, noe som gir deg dyp hvile og varig komfort.<\/p>\n<p data-start=\"166\" data-end=\"402\"><img decoding=\"async\" class=\"size-full wp-image-29960 aligncenter\" src=\"https:\/\/keluvo.com\/template\/wp-content\/uploads\/sites\/5\/2025\/08\/33d7329a3d27b4e20c77df117efbef2237c56a46.gif\" alt=\"\" \/><\/p>\n<h2 style=\"text-align: center\" data-start=\"404\" data-end=\"423\">Hovedfordeler \ud83d\udca4<\/h2>\n<p data-start=\"426\" data-end=\"476\">\ud83d\udca4 Reduserer nakke- og skuldersmerter mens du sover<\/p>\n<p data-start=\"479\" data-end=\"527\">\ud83c\udf19 St\u00f8tter riktig justering av ryggraden og hodet<\/p>\n<p data-start=\"530\" data-end=\"577\">\ud83d\udd04 Fungerer for side-, rygg- og magesv\u00f8mmere<\/p>\n<p data-start=\"580\" data-end=\"628\">\ud83d\udca8 Pustende og myke materialer holder deg kj\u00f8lig<\/p>\n<p data-start=\"631\" data-end=\"666\">\ud83e\uddfa Kan vaskes i maskin for enkel pleie<\/p>\n<p data-start=\"631\" data-end=\"666\"><img decoding=\"async\" class=\"size-full wp-image-29959 aligncenter\" src=\"https:\/\/keluvo.com\/template\/wp-content\/uploads\/sites\/5\/2025\/08\/254d754d3cc47fe83c0431e54b51a75723d116e1.webp\" alt=\"\" \/><\/p>\n<h2 style=\"text-align: center\" data-start=\"668\" data-end=\"686\">Slik Bruker Du Den \u2728<\/h2>\n<ol data-start=\"687\" data-end=\"879\">\n<li data-start=\"687\" data-end=\"756\">\n<p data-start=\"690\" data-end=\"756\">Plasser puten p\u00e5 sengen med den midterste fordypningen under hodet ditt.<\/p>\n<\/li>\n<li data-start=\"757\" data-end=\"837\">\n<p data-start=\"760\" data-end=\"837\">Juster posisjonen din &#8211; puten tilpasser seg til \u00e5 sove p\u00e5 siden, ryggen eller magen.<\/p>\n<\/li>\n<li data-start=\"838\" data-end=\"879\">\n<p data-start=\"841\" data-end=\"879\">Nyt bedre holdning og dypere hvile.<\/p>\n<\/li>\n<\/ol>\n<h2 style=\"text-align: center\" data-start=\"881\" data-end=\"905\">Produktdetaljer \ud83d\udccb<\/h2>\n<ul data-start=\"906\" data-end=\"1099\">\n<li data-start=\"906\" data-end=\"944\">\n<p data-start=\"908\" data-end=\"944\">Materiale: Sakte tilbakevendende minneskum<\/p>\n<\/li>\n<li data-start=\"945\" data-end=\"989\">\n<p data-start=\"947\" data-end=\"989\">Ytre trekk: Pustende, vaskbart stoff<\/p>\n<\/li>\n<li data-start=\"990\" data-end=\"1022\">\n<p data-start=\"992\" data-end=\"1022\">St\u00f8rrelse: Passer til alle standardsenger<\/p>\n<\/li>\n<li data-start=\"1023\" data-end=\"1078\">\n<p data-start=\"1025\" data-end=\"1078\">Bruk: Daglig s\u00f8vnst\u00f8tte for alle s\u00f8vnposisjoner<\/p>\n<\/li>\n<\/ul>\n<h2 style=\"text-align: center\" data-start=\"1101\" data-end=\"1126\">Pakken Inkluderer \ud83d\udce6<\/h2>\n<ul data-start=\"1127\" data-end=\"1154\">\n<li data-start=\"1127\" data-end=\"1154\">\n<p data-start=\"1129\" data-end=\"1154\">1x 3D-pute.<\/p>\n<\/li>\n<\/ul>\n","protected":false},"excerpt":{"rendered":"<p>V\u00e5kn Opp Uthvilt Og Smertefri \ud83d\ude34 3D-puten er designet for \u00e5 st\u00f8tte hodet, nakken og skuldrene mens du sover &#8211; [&hellip;]<\/p>\n","protected":false},"featured_media":35944,"comment_status":"open","ping_status":"closed","template":"","meta":{"site-sidebar-layout":"default","site-content-layout":"","ast-site-content-layout":"default","site-content-style":"default","site-sidebar-style":"default","ast-global-header-display":"","ast-banner-title-visibility":"","ast-main-header-display":"","ast-hfb-above-header-display":"","ast-hfb-below-header-display":"","ast-hfb-mobile-header-display":"","site-post-title":"","ast-breadcrumbs-content":"","ast-featured-img":"","footer-sml-layout":"","theme-transparent-header-meta":"default","adv-header-id-meta":"","stick-header-meta":"","header-above-stick-meta":"","header-main-stick-meta":"","header-below-stick-meta":"","astra-migrate-meta-layouts":"set","ast-page-background-enabled":"default","ast-page-background-meta":{"desktop":{"background-color":"var(--ast-global-color-4)","background-image":"","background-repeat":"repeat","background-position":"center center","background-size":"auto","background-attachment":"scroll","background-type":"","background-media":"","overlay-type":"","overlay-color":"","overlay-opacity":"","overlay-gradient":""},"tablet":{"background-color":"","background-image":"","background-repeat":"repeat","background-position":"center center","background-size":"auto","background-attachment":"scroll","background-type":"","background-media":"","overlay-type":"","overlay-color":"","overlay-opacity":"","overlay-gradient":""},"mobile":{"background-color":"","background-image":"","background-repeat":"repeat","background-position":"center center","background-size":"auto","background-attachment":"scroll","background-type":"","background-media":"","overlay-type":"","overlay-color":"","overlay-opacity":"","overlay-gradient":""}},"ast-content-background-meta":{"desktop":{"background-color":"var(--ast-global-color-5)","background-image":"","background-repeat":"repeat","background-position":"center center","background-size":"auto","background-attachment":"scroll","background-type":"","background-media":"","overlay-type":"","overlay-color":"","overlay-opacity":"","overlay-gradient":""},"tablet":{"background-color":"var(--ast-global-color-5)","background-image":"","background-repeat":"repeat","background-position":"center center","background-size":"auto","background-attachment":"scroll","background-type":"","background-media":"","overlay-type":"","overlay-color":"","overlay-opacity":"","overlay-gradient":""},"mobile":{"background-color":"var(--ast-global-color-5)","background-image":"","background-repeat":"repeat","background-position":"center center","background-size":"auto","background-attachment":"scroll","background-type":"","background-media":"","overlay-type":"","overlay-color":"","overlay-opacity":"","overlay-gradient":""}}},"product_brand":[],"product_cat":[991,1001],"product_tag":[],"class_list":{"0":"post-35948","1":"product","2":"type-product","3":"status-publish","4":"has-post-thumbnail","6":"product_cat-helseprodukter","7":"product_cat-husholdningsartikler","8":"pa_27537_4cg2juob-bla","9":"pa_27537_4cg2juob-gra","10":"pa_27537_4cg2juob-hvit","11":"desktop-align-left","12":"tablet-align-left","13":"mobile-align-left","15":"first","16":"instock","17":"shipping-taxable","18":"purchasable","19":"product-type-variable"},"_links":{"self":[{"href":"https:\/\/keluvo.com\/no\/wp-json\/wp\/v2\/product\/35948","targetHints":{"allow":["GET"]}}],"collection":[{"href":"https:\/\/keluvo.com\/no\/wp-json\/wp\/v2\/product"}],"about":[{"href":"https:\/\/keluvo.com\/no\/wp-json\/wp\/v2\/types\/product"}],"replies":[{"embeddable":true,"href":"https:\/\/keluvo.com\/no\/wp-json\/wp\/v2\/comments?post=35948"}],"wp:featuredmedia":[{"embeddable":true,"href":"https:\/\/keluvo.com\/no\/wp-json\/wp\/v2\/media\/35944"}],"wp:attachment":[{"href":"https:\/\/keluvo.com\/no\/wp-json\/wp\/v2\/media?parent=35948"}],"wp:term":[{"taxonomy":"product_brand","embeddable":true,"href":"https:\/\/keluvo.com\/no\/wp-json\/wp\/v2\/product_brand?post=35948"},{"taxonomy":"product_cat","embeddable":true,"href":"https:\/\/keluvo.com\/no\/wp-json\/wp\/v2\/product_cat?post=35948"},{"taxonomy":"product_tag","embeddable":true,"href":"https:\/\/keluvo.com\/no\/wp-json\/wp\/v2\/product_tag?post=35948"}],"curies":[{"name":"wp","href":"https:\/\/api.w.org\/{rel}","templated":true}]}}