{"id":3587,"date":"2024-10-30T16:04:06","date_gmt":"2024-10-30T14:04:06","guid":{"rendered":"https:\/\/keluvo.com\/no\/produkt\/rengjoring-med-gulvmopp\/"},"modified":"2025-09-04T17:30:01","modified_gmt":"2025-09-04T14:30:01","slug":"rengjoring-med-gulvmopp","status":"publish","type":"product","link":"https:\/\/keluvo.com\/no\/produkt\/rengjoring-med-gulvmopp\/","title":{"rendered":"Rengj\u00f8ring med gulvmopp"},"content":{"rendered":"<h2 style=\"text-align: center\"><strong> 360\u00b0 fleksibel rengj\u00f8ring<\/strong><\/h2>\n<p style=\"text-align: center\">Gulvmoppen Cleaning er designet med et 360\u00b0 roterende hode, noe som gj\u00f8r det enkelt \u00e5 komme til under m\u00f8bler og p\u00e5 trange plasser. Den fleksible designen sikrer en fullstendig rengj\u00f8ring ved \u00e5 n\u00e5 omr\u00e5der der st\u00f8v har en tendens til \u00e5 samle seg, og gir hjemmet ditt en skinnende ren finish uten \u00e5 g\u00e5 glipp av noen hj\u00f8rner.<\/p>\n<p><img decoding=\"async\" class=\"alignnone size-medium wp-image-1998 aligncenter\" src=\"https:\/\/keluvo.com\/template\/wp-content\/uploads\/sites\/5\/2024\/10\/2378570c-b83f-4333-aa1c-ab0e4a8a8463.webp\" alt=\"\" \/><\/p>\n<h2 style=\"text-align: center\"><strong> Lang stang som er enkel \u00e5 h\u00e5ndtere<\/strong><\/h2>\n<p style=\"text-align: center\">Utstyrt med et langt, solid skaft, robust skaft reduserer behovet for \u00e5 b\u00f8ye seg og sitte p\u00e5 huk, noe som gj\u00f8r rengj\u00f8ringen mer komfortabel. H\u00e5ndtaket er sterkt og slitesterkt, slik at du kan v\u00e6re sikker p\u00e5 at det ikke knekker under bruk, og at du kan rengj\u00f8re over lengre tid uten anstrengelse.<\/p>\n<p><img decoding=\"async\" class=\"alignnone size-medium wp-image-1997 aligncenter\" src=\"https:\/\/keluvo.com\/template\/wp-content\/uploads\/sites\/5\/2024\/10\/50705257-3598-4a38-8347-6e42f00f26ec.webp\" alt=\"\" \/><\/p>\n","protected":false},"excerpt":{"rendered":"<p>360\u00b0 fleksibel rengj\u00f8ring Gulvmoppen Cleaning er designet med et 360\u00b0 roterende hode, noe som gj\u00f8r det enkelt \u00e5 komme til [&hellip;]<\/p>\n","protected":false},"featured_media":3583,"comment_status":"open","ping_status":"closed","template":"","meta":{"site-sidebar-layout":"default","site-content-layout":"","ast-site-content-layout":"default","site-content-style":"default","site-sidebar-style":"default","ast-global-header-display":"","ast-banner-title-visibility":"","ast-main-header-display":"","ast-hfb-above-header-display":"","ast-hfb-below-header-display":"","ast-hfb-mobile-header-display":"","site-post-title":"","ast-breadcrumbs-content":"","ast-featured-img":"","footer-sml-layout":"","theme-transparent-header-meta":"default","adv-header-id-meta":"","stick-header-meta":"","header-above-stick-meta":"","header-main-stick-meta":"","header-below-stick-meta":"","astra-migrate-meta-layouts":"set","ast-page-background-enabled":"default","ast-page-background-meta":{"desktop":{"background-color":"var(--ast-global-color-4)","background-image":"","background-repeat":"repeat","background-position":"center center","background-size":"auto","background-attachment":"scroll","background-type":"","background-media":"","overlay-type":"","overlay-color":"","overlay-opacity":"","overlay-gradient":""},"tablet":{"background-color":"","background-image":"","background-repeat":"repeat","background-position":"center center","background-size":"auto","background-attachment":"scroll","background-type":"","background-media":"","overlay-type":"","overlay-color":"","overlay-opacity":"","overlay-gradient":""},"mobile":{"background-color":"","background-image":"","background-repeat":"repeat","background-position":"center center","background-size":"auto","background-attachment":"scroll","background-type":"","background-media":"","overlay-type":"","overlay-color":"","overlay-opacity":"","overlay-gradient":""}},"ast-content-background-meta":{"desktop":{"background-color":"var(--ast-global-color-5)","background-image":"","background-repeat":"repeat","background-position":"center center","background-size":"auto","background-attachment":"scroll","background-type":"","background-media":"","overlay-type":"","overlay-color":"","overlay-opacity":"","overlay-gradient":""},"tablet":{"background-color":"var(--ast-global-color-5)","background-image":"","background-repeat":"repeat","background-position":"center center","background-size":"auto","background-attachment":"scroll","background-type":"","background-media":"","overlay-type":"","overlay-color":"","overlay-opacity":"","overlay-gradient":""},"mobile":{"background-color":"var(--ast-global-color-5)","background-image":"","background-repeat":"repeat","background-position":"center center","background-size":"auto","background-attachment":"scroll","background-type":"","background-media":"","overlay-type":"","overlay-color":"","overlay-opacity":"","overlay-gradient":""}}},"product_brand":[],"product_cat":[1001],"product_tag":[],"class_list":{"0":"post-3587","1":"product","2":"type-product","3":"status-publish","4":"has-post-thumbnail","6":"product_cat-husholdningsartikler","7":"pa_7b5bqf7s-6-rag","8":"pa_oj388k3s-bla","9":"pa_oj388k3s-hvit","10":"desktop-align-left","11":"tablet-align-left","12":"mobile-align-left","14":"first","15":"instock","16":"shipping-taxable","17":"purchasable","18":"product-type-variable","19":"has-default-attributes"},"_links":{"self":[{"href":"https:\/\/keluvo.com\/no\/wp-json\/wp\/v2\/product\/3587","targetHints":{"allow":["GET"]}}],"collection":[{"href":"https:\/\/keluvo.com\/no\/wp-json\/wp\/v2\/product"}],"about":[{"href":"https:\/\/keluvo.com\/no\/wp-json\/wp\/v2\/types\/product"}],"replies":[{"embeddable":true,"href":"https:\/\/keluvo.com\/no\/wp-json\/wp\/v2\/comments?post=3587"}],"wp:featuredmedia":[{"embeddable":true,"href":"https:\/\/keluvo.com\/no\/wp-json\/wp\/v2\/media\/3583"}],"wp:attachment":[{"href":"https:\/\/keluvo.com\/no\/wp-json\/wp\/v2\/media?parent=3587"}],"wp:term":[{"taxonomy":"product_brand","embeddable":true,"href":"https:\/\/keluvo.com\/no\/wp-json\/wp\/v2\/product_brand?post=3587"},{"taxonomy":"product_cat","embeddable":true,"href":"https:\/\/keluvo.com\/no\/wp-json\/wp\/v2\/product_cat?post=3587"},{"taxonomy":"product_tag","embeddable":true,"href":"https:\/\/keluvo.com\/no\/wp-json\/wp\/v2\/product_tag?post=3587"}],"curies":[{"name":"wp","href":"https:\/\/api.w.org\/{rel}","templated":true}]}}