{"id":3556,"date":"2024-10-30T13:51:06","date_gmt":"2024-10-30T11:51:06","guid":{"rendered":"https:\/\/keluvo.com\/no\/produkt\/dobbelt-hjerte-ankelfeste\/"},"modified":"2025-09-12T16:37:39","modified_gmt":"2025-09-12T13:37:39","slug":"dobbelt-hjerte-ankelfeste","status":"publish","type":"product","link":"https:\/\/keluvo.com\/no\/produkt\/dobbelt-hjerte-ankelfeste\/","title":{"rendered":"Dobbelt hjerte-ankelfeste"},"content":{"rendered":"<h2 style=\"text-align: center\"><strong>Elegant design med to sammenflettede hjerter<\/strong><\/h2>\n<p style=\"text-align: center\">Dobbel hjerteankel har et delikat design med to sammenflettede hjerter, som symboliserer kj\u00e6rlighet og tilknytning. Dette tidl\u00f8se tilbeh\u00f8ret tilf\u00f8rer et snev av eleganse til ethvert antrekk, og er perfekt til b\u00e5de hverdagslige og spesielle anledninger.<\/p>\n<p><img decoding=\"async\" class=\"alignnone size-medium wp-image-2046 aligncenter\" src=\"https:\/\/keluvo.com\/template\/wp-content\/uploads\/sites\/5\/2024\/10\/6758fa58-47b5-4795-9862-06284e81778a.webp\" alt=\"\" \/><\/p>\n<h2 style=\"text-align: center\"><strong>Komfortabel og justerbar passform<\/strong><\/h2>\n<p style=\"text-align: center\">Laget for komfort, Dobbel hjerteankel er designet for \u00e5 sitte sikkert uten \u00e5 g\u00e5 p\u00e5 kompromiss med stilen. Den justerbare l\u00e5sen sikrer perfekt passform, slik at du enkelt kan bruke det hele dagen.<\/p>\n<p><img decoding=\"async\" class=\"alignnone size-medium wp-image-2053 aligncenter\" src=\"https:\/\/keluvo.com\/template\/wp-content\/uploads\/sites\/5\/2024\/10\/ddde903e-00ad-44ce-a048-315ddeff9c76.webp\" alt=\"\" \/><\/p>\n","protected":false},"excerpt":{"rendered":"<p>Elegant design med to sammenflettede hjerter Dobbel hjerteankel har et delikat design med to sammenflettede hjerter, som symboliserer kj\u00e6rlighet og [&hellip;]<\/p>\n","protected":false},"featured_media":3552,"comment_status":"open","ping_status":"closed","template":"","meta":{"site-sidebar-layout":"default","site-content-layout":"","ast-site-content-layout":"default","site-content-style":"default","site-sidebar-style":"default","ast-global-header-display":"","ast-banner-title-visibility":"","ast-main-header-display":"","ast-hfb-above-header-display":"","ast-hfb-below-header-display":"","ast-hfb-mobile-header-display":"","site-post-title":"","ast-breadcrumbs-content":"","ast-featured-img":"","footer-sml-layout":"","theme-transparent-header-meta":"default","adv-header-id-meta":"","stick-header-meta":"","header-above-stick-meta":"","header-main-stick-meta":"","header-below-stick-meta":"","astra-migrate-meta-layouts":"set","ast-page-background-enabled":"default","ast-page-background-meta":{"desktop":{"background-color":"var(--ast-global-color-4)","background-image":"","background-repeat":"repeat","background-position":"center center","background-size":"auto","background-attachment":"scroll","background-type":"","background-media":"","overlay-type":"","overlay-color":"","overlay-opacity":"","overlay-gradient":""},"tablet":{"background-color":"","background-image":"","background-repeat":"repeat","background-position":"center center","background-size":"auto","background-attachment":"scroll","background-type":"","background-media":"","overlay-type":"","overlay-color":"","overlay-opacity":"","overlay-gradient":""},"mobile":{"background-color":"","background-image":"","background-repeat":"repeat","background-position":"center center","background-size":"auto","background-attachment":"scroll","background-type":"","background-media":"","overlay-type":"","overlay-color":"","overlay-opacity":"","overlay-gradient":""}},"ast-content-background-meta":{"desktop":{"background-color":"var(--ast-global-color-5)","background-image":"","background-repeat":"repeat","background-position":"center center","background-size":"auto","background-attachment":"scroll","background-type":"","background-media":"","overlay-type":"","overlay-color":"","overlay-opacity":"","overlay-gradient":""},"tablet":{"background-color":"var(--ast-global-color-5)","background-image":"","background-repeat":"repeat","background-position":"center center","background-size":"auto","background-attachment":"scroll","background-type":"","background-media":"","overlay-type":"","overlay-color":"","overlay-opacity":"","overlay-gradient":""},"mobile":{"background-color":"var(--ast-global-color-5)","background-image":"","background-repeat":"repeat","background-position":"center center","background-size":"auto","background-attachment":"scroll","background-type":"","background-media":"","overlay-type":"","overlay-color":"","overlay-opacity":"","overlay-gradient":""}}},"product_brand":[],"product_cat":[994],"product_tag":[],"class_list":{"0":"post-3556","1":"product","2":"type-product","3":"status-publish","4":"has-post-thumbnail","6":"product_cat-klaer-til-kvinner","7":"pa_emn5hqof-gull","8":"pa_emn5hqof-solv","9":"desktop-align-left","10":"tablet-align-left","11":"mobile-align-left","13":"first","14":"instock","15":"shipping-taxable","16":"purchasable","17":"product-type-variable"},"_links":{"self":[{"href":"https:\/\/keluvo.com\/no\/wp-json\/wp\/v2\/product\/3556","targetHints":{"allow":["GET"]}}],"collection":[{"href":"https:\/\/keluvo.com\/no\/wp-json\/wp\/v2\/product"}],"about":[{"href":"https:\/\/keluvo.com\/no\/wp-json\/wp\/v2\/types\/product"}],"replies":[{"embeddable":true,"href":"https:\/\/keluvo.com\/no\/wp-json\/wp\/v2\/comments?post=3556"}],"wp:featuredmedia":[{"embeddable":true,"href":"https:\/\/keluvo.com\/no\/wp-json\/wp\/v2\/media\/3552"}],"wp:attachment":[{"href":"https:\/\/keluvo.com\/no\/wp-json\/wp\/v2\/media?parent=3556"}],"wp:term":[{"taxonomy":"product_brand","embeddable":true,"href":"https:\/\/keluvo.com\/no\/wp-json\/wp\/v2\/product_brand?post=3556"},{"taxonomy":"product_cat","embeddable":true,"href":"https:\/\/keluvo.com\/no\/wp-json\/wp\/v2\/product_cat?post=3556"},{"taxonomy":"product_tag","embeddable":true,"href":"https:\/\/keluvo.com\/no\/wp-json\/wp\/v2\/product_tag?post=3556"}],"curies":[{"name":"wp","href":"https:\/\/api.w.org\/{rel}","templated":true}]}}