{"id":35001,"date":"2025-07-30T18:58:05","date_gmt":"2025-07-30T16:58:05","guid":{"rendered":"https:\/\/keluvo.com\/no\/produkt\/5-i-1-hoytytende-harfoner\/"},"modified":"2025-09-12T12:17:56","modified_gmt":"2025-09-12T09:17:56","slug":"5-i-1-hoytytende-harfoner","status":"publish","type":"product","link":"https:\/\/keluvo.com\/no\/produkt\/5-i-1-hoytytende-harfoner\/","title":{"rendered":"5 i 1 h\u00f8ytytende h\u00e5rf\u00f8ner"},"content":{"rendered":"<p style=\"text-align: center\" data-start=\"289\" data-end=\"577\"><strong data-start=\"289\" data-end=\"351\">Kraftig luftstr\u00f8m. Ingen varmeskader. Bare feilfritt h\u00e5r. \ud83d\udc9c<\/strong><\/p>\n<p style=\"text-align: center\" data-start=\"289\" data-end=\"577\">H\u00e5rf\u00f8neren 5 i 1 med h\u00f8y ytelse er laget for kvinner som vil ha flotte resultater uten \u00e5 steke h\u00e5ret. Med sin hurtigt\u00f8rkende motor, smarte varmekontroll og elegante, stilleg\u00e5ende design er den det beste alternativet til dyre h\u00e5rf\u00f8nere. Fra kruskontroll til presisjonsstyling, dette er h\u00e5rf\u00f8neren h\u00e5ret (og morgenene) fortjener.<\/p>\n<p data-start=\"289\" data-end=\"577\"><img decoding=\"async\" class=\"size-full wp-image-29426 aligncenter\" src=\"https:\/\/keluvo.com\/template\/wp-content\/uploads\/sites\/5\/2025\/07\/S84005b96faaf4c8482f83488c759b73fk.png_960x960.png_.avif\" alt=\"\" \/><\/p>\n<h2 style=\"text-align: center\" data-section-id=\"1yxd79z\" data-start=\"678\" data-end=\"701\">Hovedfordeler \ud83d\udc81\u200d\u2640\ufe0f<\/h2>\n<p data-start=\"703\" data-end=\"1192\">\ud83d\udca8 <strong data-start=\"706\" data-end=\"726\">Hurtigt\u00f8rkende Teknologi<\/strong> \u2013 Luftstr\u00f8m med h\u00f8y hastighet reduserer t\u00f8rketiden dramatisk.<\/p>\n<p data-start=\"703\" data-end=\"1192\">\ud83d\udd25 <strong data-start=\"792\" data-end=\"814\">Beskytter H\u00e5ret Ditt<\/strong> \u2013 Intelligent varmekontroll reduserer skader og brudd.<\/p>\n<p data-start=\"703\" data-end=\"1192\">\ud83e\uddf2 <strong data-start=\"876\" data-end=\"900\">Magnetisk Tilbeh\u00f8r<\/strong> \u2013 Style enkelt ved hjelp av 3 hurtigknipsemunnstykker.<\/p>\n<p data-start=\"703\" data-end=\"1192\">\ud83d\udd07 <strong data-start=\"952\" data-end=\"971\">Stille Drift<\/strong> \u2013 Designet for \u00e5 redusere st\u00f8y uten \u00e5 redusere effekten.<\/p>\n<p data-start=\"703\" data-end=\"1192\">\ud83d\udca1 <strong data-start=\"1028\" data-end=\"1050\">Salongverdig Glans<\/strong> \u2013 etterlater h\u00e5ret glattere, mykere og blankere.<\/p>\n<p data-start=\"703\" data-end=\"1192\">\ud83c\udf0d <strong data-start=\"1106\" data-end=\"1129\">For Alle H\u00e5rtyper<\/strong> \u2013 fungerer perfekt p\u00e5 kr\u00f8llete, glatt, tykt eller fint h\u00e5r.<\/p>\n<p data-start=\"703\" data-end=\"1192\"><img decoding=\"async\" class=\"size-full wp-image-29423 aligncenter\" src=\"https:\/\/keluvo.com\/template\/wp-content\/uploads\/sites\/5\/2025\/07\/S0d03c9a17dc64873986ae67c72f4449dF.png_960x960.png_.jpg\" alt=\"\" \/><\/p>\n<h2 style=\"text-align: center\" data-section-id=\"f9p1ie\" data-start=\"1199\" data-end=\"1215\">Hvordan Bruke \u2728<\/h2>\n<ol data-start=\"1217\" data-end=\"1416\">\n<li data-start=\"1217\" data-end=\"1270\">\n<p data-start=\"1220\" data-end=\"1270\">Velg \u00f8nsket varme- og luftmengdeinnstilling.<\/p>\n<\/li>\n<li data-start=\"1271\" data-end=\"1311\">\n<p data-start=\"1274\" data-end=\"1311\">Fest et av de magnetiske munnstykkene.<\/p>\n<\/li>\n<li data-start=\"1312\" data-end=\"1360\">\n<p data-start=\"1315\" data-end=\"1360\">T\u00f8rk og style h\u00e5ret seksjon for seksjon.<\/p>\n<\/li>\n<li data-start=\"1361\" data-end=\"1416\">\n<p data-start=\"1364\" data-end=\"1416\">Avslutt med cool shot for \u00e5 sikre glans og hold.<\/p>\n<\/li>\n<\/ol>\n<h2 style=\"text-align: center\" data-section-id=\"1uoa4iq\" data-start=\"1423\" data-end=\"1445\">Produktdetaljer \ud83d\udcd0<\/h2>\n<ul data-start=\"1447\" data-end=\"1698\">\n<li data-start=\"1447\" data-end=\"1480\">\n<p data-start=\"1449\" data-end=\"1480\">Motor: Avansert digital motor<\/p>\n<\/li>\n<li data-start=\"1481\" data-end=\"1512\">\n<p data-start=\"1483\" data-end=\"1512\">Varme-\/hastighetsinnstillinger: 3 hver<\/p>\n<\/li>\n<li data-start=\"1576\" data-end=\"1613\">\n<p data-start=\"1578\" data-end=\"1613\">Vekt: Lett og ergonomisk<\/p>\n<\/li>\n<li data-start=\"1614\" data-end=\"1660\">\n<p data-start=\"1616\" data-end=\"1660\">Farge: Flere stilige utf\u00f8relser tilgjengelig<\/p>\n<\/li>\n<li data-start=\"1661\" data-end=\"1698\">\n<p data-start=\"1663\" data-end=\"1698\">Ledning: Ekstra lang for fleksibel bruk<\/p>\n<\/li>\n<\/ul>\n<h2 style=\"text-align: center\" data-section-id=\"168ap4\" data-start=\"1705\" data-end=\"1728\">Pakken Inkluderer \ud83d\udce6<\/h2>\n<ul data-start=\"1730\" data-end=\"1826\">\n<li data-start=\"1730\" data-end=\"1773\">\n<p data-start=\"1732\" data-end=\"1773\">1x 5 i 1 h\u00f8ytytende h\u00e5rf\u00f8ner<\/p>\n<\/li>\n<li data-start=\"1774\" data-end=\"1809\">\n<p data-start=\"1776\" data-end=\"1809\">5x magnetiske stylingtilbeh\u00f8r<\/p>\n<\/li>\n<li data-start=\"1810\" data-end=\"1826\">\n<p data-start=\"1812\" data-end=\"1826\">1x brukerh\u00e5ndbok<\/p>\n<\/li>\n<\/ul>\n","protected":false},"excerpt":{"rendered":"<p>Kraftig luftstr\u00f8m. Ingen varmeskader. Bare feilfritt h\u00e5r. \ud83d\udc9c H\u00e5rf\u00f8neren 5 i 1 med h\u00f8y ytelse er laget for kvinner som [&hellip;]<\/p>\n","protected":false},"featured_media":34997,"comment_status":"open","ping_status":"closed","template":"","meta":{"site-sidebar-layout":"default","site-content-layout":"","ast-site-content-layout":"default","site-content-style":"default","site-sidebar-style":"default","ast-global-header-display":"","ast-banner-title-visibility":"","ast-main-header-display":"","ast-hfb-above-header-display":"","ast-hfb-below-header-display":"","ast-hfb-mobile-header-display":"","site-post-title":"","ast-breadcrumbs-content":"","ast-featured-img":"","footer-sml-layout":"","theme-transparent-header-meta":"default","adv-header-id-meta":"","stick-header-meta":"","header-above-stick-meta":"","header-main-stick-meta":"","header-below-stick-meta":"","astra-migrate-meta-layouts":"set","ast-page-background-enabled":"default","ast-page-background-meta":{"desktop":{"background-color":"var(--ast-global-color-4)","background-image":"","background-repeat":"repeat","background-position":"center center","background-size":"auto","background-attachment":"scroll","background-type":"","background-media":"","overlay-type":"","overlay-color":"","overlay-opacity":"","overlay-gradient":""},"tablet":{"background-color":"","background-image":"","background-repeat":"repeat","background-position":"center center","background-size":"auto","background-attachment":"scroll","background-type":"","background-media":"","overlay-type":"","overlay-color":"","overlay-opacity":"","overlay-gradient":""},"mobile":{"background-color":"","background-image":"","background-repeat":"repeat","background-position":"center center","background-size":"auto","background-attachment":"scroll","background-type":"","background-media":"","overlay-type":"","overlay-color":"","overlay-opacity":"","overlay-gradient":""}},"ast-content-background-meta":{"desktop":{"background-color":"var(--ast-global-color-5)","background-image":"","background-repeat":"repeat","background-position":"center center","background-size":"auto","background-attachment":"scroll","background-type":"","background-media":"","overlay-type":"","overlay-color":"","overlay-opacity":"","overlay-gradient":""},"tablet":{"background-color":"var(--ast-global-color-5)","background-image":"","background-repeat":"repeat","background-position":"center center","background-size":"auto","background-attachment":"scroll","background-type":"","background-media":"","overlay-type":"","overlay-color":"","overlay-opacity":"","overlay-gradient":""},"mobile":{"background-color":"var(--ast-global-color-5)","background-image":"","background-repeat":"repeat","background-position":"center center","background-size":"auto","background-attachment":"scroll","background-type":"","background-media":"","overlay-type":"","overlay-color":"","overlay-opacity":"","overlay-gradient":""}}},"product_brand":[],"product_cat":[992],"product_tag":[],"class_list":{"0":"post-35001","1":"product","2":"type-product","3":"status-publish","4":"has-post-thumbnail","6":"product_cat-skjonnhets-og-hygieneprodukter","7":"pa_48243_l2bqoe4u-blue-rose","8":"pa_48243_l2bqoe4u-bubble-gum","9":"pa_48243_l2bqoe4u-gra","10":"pa_48243_l2bqoe4u-hvit-gull","11":"pa_48243_l2bqoe4u-lilla","12":"pa_48243_l2bqoe4u-lys-lilla","13":"pa_48243_l2bqoe4u-rod","14":"pa_48243_l2bqoe4u-rosa","15":"pa_48243_l2bqoe4u-rose-cream","16":"desktop-align-left","17":"tablet-align-left","18":"mobile-align-left","20":"first","21":"instock","22":"shipping-taxable","23":"purchasable","24":"product-type-variable"},"_links":{"self":[{"href":"https:\/\/keluvo.com\/no\/wp-json\/wp\/v2\/product\/35001","targetHints":{"allow":["GET"]}}],"collection":[{"href":"https:\/\/keluvo.com\/no\/wp-json\/wp\/v2\/product"}],"about":[{"href":"https:\/\/keluvo.com\/no\/wp-json\/wp\/v2\/types\/product"}],"replies":[{"embeddable":true,"href":"https:\/\/keluvo.com\/no\/wp-json\/wp\/v2\/comments?post=35001"}],"wp:featuredmedia":[{"embeddable":true,"href":"https:\/\/keluvo.com\/no\/wp-json\/wp\/v2\/media\/34997"}],"wp:attachment":[{"href":"https:\/\/keluvo.com\/no\/wp-json\/wp\/v2\/media?parent=35001"}],"wp:term":[{"taxonomy":"product_brand","embeddable":true,"href":"https:\/\/keluvo.com\/no\/wp-json\/wp\/v2\/product_brand?post=35001"},{"taxonomy":"product_cat","embeddable":true,"href":"https:\/\/keluvo.com\/no\/wp-json\/wp\/v2\/product_cat?post=35001"},{"taxonomy":"product_tag","embeddable":true,"href":"https:\/\/keluvo.com\/no\/wp-json\/wp\/v2\/product_tag?post=35001"}],"curies":[{"name":"wp","href":"https:\/\/api.w.org\/{rel}","templated":true}]}}