{"id":34909,"date":"2025-07-30T18:52:27","date_gmt":"2025-07-30T16:52:27","guid":{"rendered":"https:\/\/keluvo.com\/no\/produkt\/kazoo\/"},"modified":"2025-11-11T11:24:23","modified_gmt":"2025-11-11T09:24:23","slug":"kazoo","status":"publish","type":"product","link":"https:\/\/keluvo.com\/no\/produkt\/kazoo\/","title":{"rendered":"Kazoo"},"content":{"rendered":"<p style=\"text-align: center;\" data-start=\"132\" data-end=\"328\"><strong>Lag musikk p\u00e5 sekunder &#8211; ingen erfaring trengs! \ud83c\udfb5<\/strong><\/p>\n<p style=\"text-align: center;\" data-start=\"132\" data-end=\"328\">Denne kazooen er det enkleste instrumentet du noensinne kommer til \u00e5 spille. Bare nynne p\u00e5 den, s\u00e5 forvandler den stemmen din til en morsom, summende melodi! Perfekt for barn, nybegynnere, musikere eller alle som vil jamme uten \u00e5 l\u00e6re seg kompliserte noter.<\/p>\n<p data-start=\"132\" data-end=\"328\"><img decoding=\"async\" class=\"size-full wp-image-29324 aligncenter\" src=\"https:\/\/keluvo.com\/template\/wp-content\/uploads\/sites\/5\/2025\/07\/daab30dc690d7fe87829648f33977414e907b4bd.webp\" alt=\"\" \/><\/p>\n<h2 style=\"text-align: center;\" data-section-id=\"1unko33\" data-start=\"439\" data-end=\"459\">Hovedfordeler \ud83c\udfba<\/h2>\n<p data-start=\"461\" data-end=\"924\">\ud83c\udfb6 Enkel \u00e5 bruke \u2013 Bare nynne for \u00e5 spille. Ingen musikalske kunnskaper kreves.<\/p>\n<p data-start=\"461\" data-end=\"924\">\ud83e\ude88 Flott lyd \u2013 Produserer en summende, trompetlignende tone som er morsom og unik.<\/p>\n<p data-start=\"461\" data-end=\"924\">\ud83c\udf92 Lommeformat \u2013 Liten, lett og leveres med en snor for enkel b\u00e6ring.<\/p>\n<p data-start=\"461\" data-end=\"924\">\ud83c\udf81 Perfekt gave \u2013 En morsom overraskelse for barn, venner eller musikkelskere.<\/p>\n<p data-start=\"461\" data-end=\"924\">\ud83c\udfb8 Flott for jamsessions \u2013 Bruk den solo eller sammen med gitaren eller bandet ditt.<\/p>\n<p data-start=\"461\" data-end=\"924\">\ud83e\uddfc Demonterbart design \u2013 Enkel \u00e5 rengj\u00f8re og trygg for gjentatt bruk.<\/p>\n<p data-start=\"461\" data-end=\"924\"><img decoding=\"async\" class=\"size-full wp-image-29323 aligncenter\" src=\"https:\/\/keluvo.com\/template\/wp-content\/uploads\/sites\/5\/2025\/07\/6025c76285d54d8c918e678c71a22bda68a3c8f1.webp\" alt=\"\" \/><\/p>\n<h2 style=\"text-align: center;\" data-section-id=\"6p6jkm\" data-start=\"931\" data-end=\"948\">Hvordan du bruker den \ud83c\udfa4<\/h2>\n<ol data-start=\"950\" data-end=\"1144\">\n<li data-start=\"950\" data-end=\"986\">Hold kazooen n\u00e6r munnen.<\/li>\n<li data-start=\"950\" data-end=\"986\">Nynn (ikke bl\u00e5s) i munnstykket.<\/li>\n<li data-start=\"950\" data-end=\"986\">Endre toneh\u00f8yde eller nynn en melodi &#8211; det vil summe og h\u00f8res musikalsk ut!<\/li>\n<li data-start=\"950\" data-end=\"986\">Bruk snoren til \u00e5 b\u00e6re den hvor enn du g\u00e5r.<\/li>\n<\/ol>\n<h2 style=\"text-align: center;\" data-section-id=\"1uoa4jh\" data-start=\"1151\" data-end=\"1173\">Produktdetaljer \ud83d\udccf<\/h2>\n<ul data-start=\"1175\" data-end=\"1287\">\n<li data-start=\"1175\" data-end=\"1199\">\n<p data-start=\"1177\" data-end=\"1199\">St\u00f8rrelse: 13,5 cm x 3,5 cm<\/p>\n<\/li>\n<li data-start=\"1200\" data-end=\"1221\">\n<p data-start=\"1202\" data-end=\"1221\">Materiale: Plast<\/p>\n<\/li>\n<li data-start=\"1259\" data-end=\"1287\">\n<p data-start=\"1261\" data-end=\"1287\">Lett og b\u00e6rbar<\/p>\n<\/li>\n<\/ul>\n<h2 style=\"text-align: center;\" data-section-id=\"168ap4\" data-start=\"1294\" data-end=\"1317\">Pakken inkluderer \ud83d\udce6<\/h2>\n<ul data-start=\"1319\" data-end=\"1417\">\n<li data-start=\"1319\" data-end=\"1349\">\n<p data-start=\"1321\" data-end=\"1349\">1x kazoo med snor.<\/p>\n<\/li>\n<\/ul>\n","protected":false},"excerpt":{"rendered":"<p>Lag musikk p\u00e5 sekunder &#8211; ingen erfaring trengs! \ud83c\udfb5 Denne kazooen er det enkleste instrumentet du noensinne kommer til \u00e5 [&hellip;]<\/p>\n","protected":false},"featured_media":34905,"comment_status":"open","ping_status":"closed","template":"","meta":{"site-sidebar-layout":"default","site-content-layout":"","ast-site-content-layout":"default","site-content-style":"default","site-sidebar-style":"default","ast-global-header-display":"","ast-banner-title-visibility":"","ast-main-header-display":"","ast-hfb-above-header-display":"","ast-hfb-below-header-display":"","ast-hfb-mobile-header-display":"","site-post-title":"","ast-breadcrumbs-content":"","ast-featured-img":"","footer-sml-layout":"","theme-transparent-header-meta":"default","adv-header-id-meta":"","stick-header-meta":"","header-above-stick-meta":"","header-main-stick-meta":"","header-below-stick-meta":"","astra-migrate-meta-layouts":"set","ast-page-background-enabled":"default","ast-page-background-meta":{"desktop":{"background-color":"var(--ast-global-color-4)","background-image":"","background-repeat":"repeat","background-position":"center center","background-size":"auto","background-attachment":"scroll","background-type":"","background-media":"","overlay-type":"","overlay-color":"","overlay-opacity":"","overlay-gradient":""},"tablet":{"background-color":"","background-image":"","background-repeat":"repeat","background-position":"center center","background-size":"auto","background-attachment":"scroll","background-type":"","background-media":"","overlay-type":"","overlay-color":"","overlay-opacity":"","overlay-gradient":""},"mobile":{"background-color":"","background-image":"","background-repeat":"repeat","background-position":"center center","background-size":"auto","background-attachment":"scroll","background-type":"","background-media":"","overlay-type":"","overlay-color":"","overlay-opacity":"","overlay-gradient":""}},"ast-content-background-meta":{"desktop":{"background-color":"var(--ast-global-color-5)","background-image":"","background-repeat":"repeat","background-position":"center center","background-size":"auto","background-attachment":"scroll","background-type":"","background-media":"","overlay-type":"","overlay-color":"","overlay-opacity":"","overlay-gradient":""},"tablet":{"background-color":"var(--ast-global-color-5)","background-image":"","background-repeat":"repeat","background-position":"center center","background-size":"auto","background-attachment":"scroll","background-type":"","background-media":"","overlay-type":"","overlay-color":"","overlay-opacity":"","overlay-gradient":""},"mobile":{"background-color":"var(--ast-global-color-5)","background-image":"","background-repeat":"repeat","background-position":"center center","background-size":"auto","background-attachment":"scroll","background-type":"","background-media":"","overlay-type":"","overlay-color":"","overlay-opacity":"","overlay-gradient":""}}},"product_brand":[],"product_cat":[990],"product_tag":[],"class_list":{"0":"post-34909","1":"product","2":"type-product","3":"status-publish","4":"has-post-thumbnail","6":"product_cat-leker-barne-og-babyprodukter","7":"pa_48240_q5asvfrt-bla","8":"pa_48240_q5asvfrt-hvit","9":"pa_48240_q5asvfrt-rod","10":"pa_48240_q5asvfrt-rosa","11":"pa_48240_q5asvfrt-svart","12":"desktop-align-left","13":"tablet-align-left","14":"mobile-align-left","16":"first","17":"instock","18":"shipping-taxable","19":"purchasable","20":"product-type-variable"},"_links":{"self":[{"href":"https:\/\/keluvo.com\/no\/wp-json\/wp\/v2\/product\/34909","targetHints":{"allow":["GET"]}}],"collection":[{"href":"https:\/\/keluvo.com\/no\/wp-json\/wp\/v2\/product"}],"about":[{"href":"https:\/\/keluvo.com\/no\/wp-json\/wp\/v2\/types\/product"}],"replies":[{"embeddable":true,"href":"https:\/\/keluvo.com\/no\/wp-json\/wp\/v2\/comments?post=34909"}],"wp:featuredmedia":[{"embeddable":true,"href":"https:\/\/keluvo.com\/no\/wp-json\/wp\/v2\/media\/34905"}],"wp:attachment":[{"href":"https:\/\/keluvo.com\/no\/wp-json\/wp\/v2\/media?parent=34909"}],"wp:term":[{"taxonomy":"product_brand","embeddable":true,"href":"https:\/\/keluvo.com\/no\/wp-json\/wp\/v2\/product_brand?post=34909"},{"taxonomy":"product_cat","embeddable":true,"href":"https:\/\/keluvo.com\/no\/wp-json\/wp\/v2\/product_cat?post=34909"},{"taxonomy":"product_tag","embeddable":true,"href":"https:\/\/keluvo.com\/no\/wp-json\/wp\/v2\/product_tag?post=34909"}],"curies":[{"name":"wp","href":"https:\/\/api.w.org\/{rel}","templated":true}]}}