{"id":34678,"date":"2025-07-30T16:01:14","date_gmt":"2025-07-30T14:01:14","guid":{"rendered":"https:\/\/keluvo.com\/no\/produkt\/ryggsekk-3\/"},"modified":"2025-07-30T16:36:52","modified_gmt":"2025-07-30T14:36:52","slug":"ryggsekk-3","status":"publish","type":"product","link":"https:\/\/keluvo.com\/no\/produkt\/ryggsekk-3\/","title":{"rendered":"Ryggsekk"},"content":{"rendered":"<p style=\"text-align: center;\" data-start=\"157\" data-end=\"479\"><strong data-start=\"157\" data-end=\"205\">Ett Stilig Sett\u2014Tre Hverdagsl\u00f8sninger! \ud83e\uddf3<\/strong><\/p>\n<p style=\"text-align: center;\" data-start=\"157\" data-end=\"479\">Dette 3-i-1-ryggsekkesettet inneholder en romslig hovedryggsekk, en kompakt skulderveske og en praktisk pose &#8211; alle perfekt matchet i design og farge. Enten du skal p\u00e5 jobb, skole eller reise, holder dette settet deg organisert og stilig p\u00e5 samme tid.<\/p>\n<p data-start=\"157\" data-end=\"479\"><img decoding=\"async\" class=\"size-full wp-image-29638 aligncenter\" src=\"https:\/\/keluvo.com\/template\/wp-content\/uploads\/sites\/5\/2025\/07\/072113-ezgif.com-video-to-webp-converter-1.webp\" alt=\"\" \/><\/p>\n<h2 style=\"text-align: center;\" data-start=\"486\" data-end=\"506\">Hovedfordeler \ud83c\udfaf<\/h2>\n<p data-start=\"508\" data-end=\"966\">\ud83c\udf92 3-i-1-komfort &#8211; Inkluderer en ryggsekk, crossbody-veske og lomme.<\/p>\n<p data-start=\"508\" data-end=\"966\">\ud83e\uddf5 Slitesterkt stoff &#8211; Laget av tykt, slitesterkt materiale som varer.<\/p>\n<p data-start=\"508\" data-end=\"966\">\ud83d\udcda Romslig design &#8211; Ryggsekken har plass til b\u00f8ker, b\u00e6rbare datamaskiner, kl\u00e6r og mer.<\/p>\n<p data-start=\"508\" data-end=\"966\">\ud83c\udfa8 Flere fargealternativer &#8211; Velg mellom svart, gr\u00e5, bl\u00e5 eller r\u00f8d.<\/p>\n<p data-start=\"508\" data-end=\"966\">\ud83e\uddf3 Perfekt for alle aldre &#8211; Passer perfekt til skole, college, reise eller fritidsbruk.<\/p>\n<p data-start=\"508\" data-end=\"966\">\ud83d\udcd0 Smarte rom &#8211; Hold orden p\u00e5 tingene dine og gj\u00f8r det enkelt \u00e5 finne dem.<\/p>\n<p data-start=\"508\" data-end=\"966\"><img decoding=\"async\" class=\"size-full wp-image-29636 aligncenter\" src=\"https:\/\/keluvo.com\/template\/wp-content\/uploads\/sites\/5\/2025\/07\/c11c2f33-faaa-45a9-bf38-d8e160920363.webp\" alt=\"\" \/><\/p>\n<h2 style=\"text-align: center;\" data-start=\"973\" data-end=\"991\">Hvordan bruke\ud83d\udee0\ufe0f<\/h2>\n<ol data-start=\"993\" data-end=\"1248\">\n<li data-start=\"993\" data-end=\"1074\">\n<p data-start=\"996\" data-end=\"1074\">Bruk den store sekken til hverdagsartikler som b\u00f8ker, teknologi eller kl\u00e6r.<\/p>\n<\/li>\n<li data-start=\"1075\" data-end=\"1152\">\n<p data-start=\"1078\" data-end=\"1152\">B\u00e6r den lille crossbody-vesken for ting du trenger p\u00e5 farten, som telefon eller lommebok.<\/p>\n<\/li>\n<li data-start=\"1153\" data-end=\"1208\">\n<p data-start=\"1156\" data-end=\"1208\">Oppbevar penner, n\u00f8kler eller sminke i den matchende vesken.<\/p>\n<\/li>\n<li data-start=\"1209\" data-end=\"1248\">\n<p data-start=\"1212\" data-end=\"1248\">Miks og match avhengig av hva du har lyst til \u00e5 ha med deg i l\u00f8pet av dagen!<\/p>\n<\/li>\n<\/ol>\n<h2 style=\"text-align: center;\" data-start=\"1255\" data-end=\"1277\">Produktdetaljer \ud83d\udccf<\/h2>\n<ul data-start=\"1279\" data-end=\"1491\">\n<li data-start=\"1279\" data-end=\"1311\">\n<p data-start=\"1281\" data-end=\"1311\">Ryggsekk: 42 cm x 28 cm x 12 cm<\/p>\n<\/li>\n<li data-start=\"1312\" data-end=\"1348\">\n<p data-start=\"1314\" data-end=\"1348\">Tverrveske: 23 cm x 20 cm x 5 cm<\/p>\n<\/li>\n<li data-start=\"1349\" data-end=\"1371\">\n<p data-start=\"1351\" data-end=\"1371\">Pose: 18 cm x 11 cm<\/p>\n<\/li>\n<li data-start=\"1372\" data-end=\"1412\">\n<p data-start=\"1374\" data-end=\"1412\">Materiale: Slitesterkt lerretlignende stoff<\/p>\n<\/li>\n<li data-start=\"1413\" data-end=\"1453\">\n<p data-start=\"1415\" data-end=\"1453\">Lukkinger: Glidel\u00e5ser med sikre stropper<\/p>\n<\/li>\n<\/ul>\n<h2 style=\"text-align: center;\" data-start=\"1498\" data-end=\"1521\">Pakken Inkluderer \ud83d\udce6<\/h2>\n<ul data-start=\"1523\" data-end=\"1590\">\n<li data-start=\"1523\" data-end=\"1544\">\n<p data-start=\"1525\" data-end=\"1544\">1x stor ryggsekk<\/p>\n<\/li>\n<li data-start=\"1545\" data-end=\"1570\">\n<p data-start=\"1547\" data-end=\"1570\">1x liten skulderveske<\/p>\n<\/li>\n<li data-start=\"1571\" data-end=\"1590\">\n<p data-start=\"1573\" data-end=\"1590\">1x matchende pose.<\/p>\n<\/li>\n<\/ul>\n","protected":false},"excerpt":{"rendered":"<p>Ett Stilig Sett\u2014Tre Hverdagsl\u00f8sninger! \ud83e\uddf3 Dette 3-i-1-ryggsekkesettet inneholder en romslig hovedryggsekk, en kompakt skulderveske og en praktisk pose &#8211; alle [&hellip;]<\/p>\n","protected":false},"featured_media":34674,"comment_status":"open","ping_status":"closed","template":"","meta":{"site-sidebar-layout":"default","site-content-layout":"","ast-site-content-layout":"default","site-content-style":"default","site-sidebar-style":"default","ast-global-header-display":"","ast-banner-title-visibility":"","ast-main-header-display":"","ast-hfb-above-header-display":"","ast-hfb-below-header-display":"","ast-hfb-mobile-header-display":"","site-post-title":"","ast-breadcrumbs-content":"","ast-featured-img":"","footer-sml-layout":"","theme-transparent-header-meta":"default","adv-header-id-meta":"","stick-header-meta":"","header-above-stick-meta":"","header-main-stick-meta":"","header-below-stick-meta":"","astra-migrate-meta-layouts":"set","ast-page-background-enabled":"default","ast-page-background-meta":{"desktop":{"background-color":"var(--ast-global-color-4)","background-image":"","background-repeat":"repeat","background-position":"center center","background-size":"auto","background-attachment":"scroll","background-type":"","background-media":"","overlay-type":"","overlay-color":"","overlay-opacity":"","overlay-gradient":""},"tablet":{"background-color":"","background-image":"","background-repeat":"repeat","background-position":"center center","background-size":"auto","background-attachment":"scroll","background-type":"","background-media":"","overlay-type":"","overlay-color":"","overlay-opacity":"","overlay-gradient":""},"mobile":{"background-color":"","background-image":"","background-repeat":"repeat","background-position":"center center","background-size":"auto","background-attachment":"scroll","background-type":"","background-media":"","overlay-type":"","overlay-color":"","overlay-opacity":"","overlay-gradient":""}},"ast-content-background-meta":{"desktop":{"background-color":"var(--ast-global-color-5)","background-image":"","background-repeat":"repeat","background-position":"center center","background-size":"auto","background-attachment":"scroll","background-type":"","background-media":"","overlay-type":"","overlay-color":"","overlay-opacity":"","overlay-gradient":""},"tablet":{"background-color":"var(--ast-global-color-5)","background-image":"","background-repeat":"repeat","background-position":"center center","background-size":"auto","background-attachment":"scroll","background-type":"","background-media":"","overlay-type":"","overlay-color":"","overlay-opacity":"","overlay-gradient":""},"mobile":{"background-color":"var(--ast-global-color-5)","background-image":"","background-repeat":"repeat","background-position":"center center","background-size":"auto","background-attachment":"scroll","background-type":"","background-media":"","overlay-type":"","overlay-color":"","overlay-opacity":"","overlay-gradient":""}}},"product_brand":[],"product_cat":[993],"product_tag":[],"class_list":{"0":"post-34678","1":"product","2":"type-product","3":"status-publish","4":"has-post-thumbnail","6":"product_cat-skotoy-tilbehor","7":"pa_32428_nhqfbsqc-bla","8":"pa_32428_nhqfbsqc-gra","9":"pa_32428_nhqfbsqc-rod","10":"pa_32428_nhqfbsqc-svart","11":"desktop-align-left","12":"tablet-align-left","13":"mobile-align-left","15":"first","16":"instock","17":"shipping-taxable","18":"purchasable","19":"product-type-variable"},"_links":{"self":[{"href":"https:\/\/keluvo.com\/no\/wp-json\/wp\/v2\/product\/34678","targetHints":{"allow":["GET"]}}],"collection":[{"href":"https:\/\/keluvo.com\/no\/wp-json\/wp\/v2\/product"}],"about":[{"href":"https:\/\/keluvo.com\/no\/wp-json\/wp\/v2\/types\/product"}],"replies":[{"embeddable":true,"href":"https:\/\/keluvo.com\/no\/wp-json\/wp\/v2\/comments?post=34678"}],"wp:featuredmedia":[{"embeddable":true,"href":"https:\/\/keluvo.com\/no\/wp-json\/wp\/v2\/media\/34674"}],"wp:attachment":[{"href":"https:\/\/keluvo.com\/no\/wp-json\/wp\/v2\/media?parent=34678"}],"wp:term":[{"taxonomy":"product_brand","embeddable":true,"href":"https:\/\/keluvo.com\/no\/wp-json\/wp\/v2\/product_brand?post=34678"},{"taxonomy":"product_cat","embeddable":true,"href":"https:\/\/keluvo.com\/no\/wp-json\/wp\/v2\/product_cat?post=34678"},{"taxonomy":"product_tag","embeddable":true,"href":"https:\/\/keluvo.com\/no\/wp-json\/wp\/v2\/product_tag?post=34678"}],"curies":[{"name":"wp","href":"https:\/\/api.w.org\/{rel}","templated":true}]}}