{"id":34622,"date":"2025-07-30T15:58:39","date_gmt":"2025-07-30T13:58:39","guid":{"rendered":"https:\/\/keluvo.com\/no\/produkt\/neglelakkpenn\/"},"modified":"2025-07-30T15:59:14","modified_gmt":"2025-07-30T13:59:14","slug":"neglelakkpenn","status":"publish","type":"product","link":"https:\/\/keluvo.com\/no\/produkt\/neglelakkpenn\/","title":{"rendered":"Neglelakkpenn"},"content":{"rendered":"<p style=\"text-align: center\" data-start=\"0\" data-end=\"89\"><strong data-start=\"0\" data-end=\"89\">\ud83d\udc85 F\u00e5 negler av salongkvalitet n\u00e5r som helst og hvor som helst med denne brukervennlige neon-neglelakkpennen!<\/strong><\/p>\n<p style=\"text-align: center\" data-start=\"91\" data-end=\"436\">Denne neglelakkpennen er perfekt for dristige, langvarige manikyreringer hjemme. Den har livlige farger, lite lukt og en glatt geltekstur, herder raskt under UV- eller LED-lamper og holder neglene skinnende i opptil 30 dager. Enten du forbereder deg til fest eller bare elsker flotte negler, gj\u00f8r denne pennen feilfri p\u00e5f\u00f8ring raskt og enkelt.<\/p>\n<p data-start=\"91\" data-end=\"436\"><img decoding=\"async\" class=\"size-full wp-image-29573 aligncenter\" src=\"https:\/\/keluvo.com\/template\/wp-content\/uploads\/sites\/5\/2025\/07\/2_63374424-6e2c-47cd-b327-50375f8e0663_480x480.webp\" alt=\"\" \/><\/p>\n<h2 style=\"text-align: center\" data-start=\"443\" data-end=\"465\">\ud83c\udf1f Hovedfordeler<\/h2>\n<p data-start=\"468\" data-end=\"530\">\ud83c\udfa8 14 dristige neonfarger &#8211; perfekt for enhver \u00e5rstid eller begivenhet<\/p>\n<p data-start=\"533\" data-end=\"594\">\ud83d\udc85 Penndesign &#8211; rask, presis og enkel \u00e5 p\u00e5f\u00f8re<\/p>\n<p data-start=\"597\" data-end=\"649\">\u2728 Opptil 30 dagers glans &#8211; ingen flis, ingen falming<\/p>\n<p data-start=\"652\" data-end=\"718\">\ud83c\udf31 Organisk formel med lav lukt &#8211; trygg for negler og hud<\/p>\n<p data-start=\"721\" data-end=\"775\">\ud83d\udd25 Herder raskt &#8211; fungerer med b\u00e5de UV- og LED-lamper<\/p>\n<p data-start=\"721\" data-end=\"775\"><img decoding=\"async\" class=\"size-full wp-image-29572 aligncenter\" src=\"https:\/\/keluvo.com\/template\/wp-content\/uploads\/sites\/5\/2025\/07\/2_d33537d4-3812-4d59-97e2-985c8dc33101_480x480.webp\" alt=\"\" \/><\/p>\n<h2 style=\"text-align: center\" data-start=\"782\" data-end=\"801\">\ud83e\udded Slik bruker du den<\/h2>\n<ol data-start=\"802\" data-end=\"1173\">\n<li data-start=\"802\" data-end=\"864\">\n<p data-start=\"805\" data-end=\"864\">Forbered neglene &#8211; form, poler og rengj\u00f8r overflaten.<\/p>\n<\/li>\n<li data-start=\"865\" data-end=\"920\">\n<p data-start=\"868\" data-end=\"920\">P\u00e5f\u00f8r underlakk og herd (10s LED eller 2min UV).<\/p>\n<\/li>\n<li data-start=\"921\" data-end=\"1002\">\n<p data-start=\"924\" data-end=\"1002\">P\u00e5f\u00f8r et tynt lag med gelfarge ved hjelp av pennen. Herd (30s LED \/ 2min UV).<\/p>\n<\/li>\n<li data-start=\"1003\" data-end=\"1060\">\n<p data-start=\"1006\" data-end=\"1060\">Gjenta et andre str\u00f8k for full farge. Herd igjen.<\/p>\n<\/li>\n<li data-start=\"1061\" data-end=\"1104\">\n<p data-start=\"1064\" data-end=\"1104\">P\u00e5f\u00f8r topplakk og herd (30s LED).<\/p>\n<\/li>\n<li data-start=\"1105\" data-end=\"1173\">\n<p data-start=\"1108\" data-end=\"1173\">T\u00f8rk av rester med rensemiddel og avslutt med negleb\u00e5ndsolje.<\/p>\n<\/li>\n<\/ol>\n<p data-start=\"1175\" data-end=\"1187\">Fjerning:<\/p>\n<ol data-start=\"1188\" data-end=\"1276\">\n<li data-start=\"1188\" data-end=\"1243\">\n<p data-start=\"1191\" data-end=\"1243\">Legg neglene i bl\u00f8t i akrylfjerner i ca. 5 minutter.<\/p>\n<\/li>\n<li data-start=\"1244\" data-end=\"1276\">\n<p data-start=\"1247\" data-end=\"1276\">Trekk forsiktig av lakken.<\/p>\n<\/li>\n<\/ol>\n<h2 style=\"text-align: center\" data-start=\"1283\" data-end=\"1307\">\ud83d\udccf Produktdetaljer<\/h2>\n<ul data-start=\"1308\" data-end=\"1518\">\n<li data-start=\"1364\" data-end=\"1412\">\n<p data-start=\"1366\" data-end=\"1412\">Volum: 5 ml<\/p>\n<\/li>\n<li data-start=\"1448\" data-end=\"1479\">\n<p data-start=\"1450\" data-end=\"1479\">H\u00e6rder med: UV- eller LED-lamper<\/p>\n<\/li>\n<li data-start=\"1480\" data-end=\"1518\">\n<p data-start=\"1482\" data-end=\"1518\">Anvendelse: Hjemme eller profesjonell neglelakk<\/p>\n<\/li>\n<\/ul>\n<h2 style=\"text-align: center\" data-start=\"1525\" data-end=\"1550\">\ud83d\udce6 Pakken inkluderer<\/h2>\n<ul data-start=\"1551\" data-end=\"1607\">\n<li data-start=\"1551\" data-end=\"1607\">\n<p data-start=\"1553\" data-end=\"1607\">1x neglelakkpenn.<\/p>\n<\/li>\n<\/ul>\n","protected":false},"excerpt":{"rendered":"<p>\ud83d\udc85 F\u00e5 negler av salongkvalitet n\u00e5r som helst og hvor som helst med denne brukervennlige neon-neglelakkpennen! Denne neglelakkpennen er perfekt [&hellip;]<\/p>\n","protected":false},"featured_media":34618,"comment_status":"open","ping_status":"closed","template":"","meta":{"site-sidebar-layout":"default","site-content-layout":"","ast-site-content-layout":"default","site-content-style":"default","site-sidebar-style":"default","ast-global-header-display":"","ast-banner-title-visibility":"","ast-main-header-display":"","ast-hfb-above-header-display":"","ast-hfb-below-header-display":"","ast-hfb-mobile-header-display":"","site-post-title":"","ast-breadcrumbs-content":"","ast-featured-img":"","footer-sml-layout":"","theme-transparent-header-meta":"default","adv-header-id-meta":"","stick-header-meta":"","header-above-stick-meta":"","header-main-stick-meta":"","header-below-stick-meta":"","astra-migrate-meta-layouts":"set","ast-page-background-enabled":"default","ast-page-background-meta":{"desktop":{"background-color":"var(--ast-global-color-4)","background-image":"","background-repeat":"repeat","background-position":"center center","background-size":"auto","background-attachment":"scroll","background-type":"","background-media":"","overlay-type":"","overlay-color":"","overlay-opacity":"","overlay-gradient":""},"tablet":{"background-color":"","background-image":"","background-repeat":"repeat","background-position":"center center","background-size":"auto","background-attachment":"scroll","background-type":"","background-media":"","overlay-type":"","overlay-color":"","overlay-opacity":"","overlay-gradient":""},"mobile":{"background-color":"","background-image":"","background-repeat":"repeat","background-position":"center center","background-size":"auto","background-attachment":"scroll","background-type":"","background-media":"","overlay-type":"","overlay-color":"","overlay-opacity":"","overlay-gradient":""}},"ast-content-background-meta":{"desktop":{"background-color":"var(--ast-global-color-5)","background-image":"","background-repeat":"repeat","background-position":"center center","background-size":"auto","background-attachment":"scroll","background-type":"","background-media":"","overlay-type":"","overlay-color":"","overlay-opacity":"","overlay-gradient":""},"tablet":{"background-color":"var(--ast-global-color-5)","background-image":"","background-repeat":"repeat","background-position":"center center","background-size":"auto","background-attachment":"scroll","background-type":"","background-media":"","overlay-type":"","overlay-color":"","overlay-opacity":"","overlay-gradient":""},"mobile":{"background-color":"var(--ast-global-color-5)","background-image":"","background-repeat":"repeat","background-position":"center center","background-size":"auto","background-attachment":"scroll","background-type":"","background-media":"","overlay-type":"","overlay-color":"","overlay-opacity":"","overlay-gradient":""}}},"product_brand":[],"product_cat":[992],"product_tag":[],"class_list":{"0":"post-34622","1":"product","2":"type-product","3":"status-publish","4":"has-post-thumbnail","6":"product_cat-skjonnhets-og-hygieneprodukter","7":"pa_41413_lol05cpu-a","8":"pa_41413_lol05cpu-b","9":"pa_41413_lol05cpu-c","10":"pa_41413_lol05cpu-d","11":"pa_41413_lol05cpu-e","12":"pa_41413_lol05cpu-f","13":"pa_41413_lol05cpu-g","14":"pa_41413_lol05cpu-h","15":"pa_41413_lol05cpu-i","16":"pa_41413_lol05cpu-j","17":"pa_41413_lol05cpu-k","18":"pa_41413_lol05cpu-l","19":"pa_41413_lol05cpu-m","20":"pa_41413_lol05cpu-n","21":"desktop-align-left","22":"tablet-align-left","23":"mobile-align-left","25":"first","26":"instock","27":"shipping-taxable","28":"purchasable","29":"product-type-variable"},"_links":{"self":[{"href":"https:\/\/keluvo.com\/no\/wp-json\/wp\/v2\/product\/34622","targetHints":{"allow":["GET"]}}],"collection":[{"href":"https:\/\/keluvo.com\/no\/wp-json\/wp\/v2\/product"}],"about":[{"href":"https:\/\/keluvo.com\/no\/wp-json\/wp\/v2\/types\/product"}],"replies":[{"embeddable":true,"href":"https:\/\/keluvo.com\/no\/wp-json\/wp\/v2\/comments?post=34622"}],"wp:featuredmedia":[{"embeddable":true,"href":"https:\/\/keluvo.com\/no\/wp-json\/wp\/v2\/media\/34618"}],"wp:attachment":[{"href":"https:\/\/keluvo.com\/no\/wp-json\/wp\/v2\/media?parent=34622"}],"wp:term":[{"taxonomy":"product_brand","embeddable":true,"href":"https:\/\/keluvo.com\/no\/wp-json\/wp\/v2\/product_brand?post=34622"},{"taxonomy":"product_cat","embeddable":true,"href":"https:\/\/keluvo.com\/no\/wp-json\/wp\/v2\/product_cat?post=34622"},{"taxonomy":"product_tag","embeddable":true,"href":"https:\/\/keluvo.com\/no\/wp-json\/wp\/v2\/product_tag?post=34622"}],"curies":[{"name":"wp","href":"https:\/\/api.w.org\/{rel}","templated":true}]}}