{"id":34553,"date":"2025-07-30T15:52:59","date_gmt":"2025-07-30T13:52:59","guid":{"rendered":"https:\/\/keluvo.com\/no\/produkt\/ripefjerner\/"},"modified":"2025-07-30T16:21:54","modified_gmt":"2025-07-30T14:21:54","slug":"ripefjerner","status":"publish","type":"product","link":"https:\/\/keluvo.com\/no\/produkt\/ripefjerner\/","title":{"rendered":"Ripefjerner"},"content":{"rendered":"<p style=\"text-align: center;\" data-start=\"122\" data-end=\"379\"><strong data-start=\"122\" data-end=\"190\">Fiks Riper I Bilen P\u00e5 Sekunder &#8211; Uten En Tur Til Verkstedet! \ud83d\udd27<\/strong><\/p>\n<p style=\"text-align: center;\" data-start=\"122\" data-end=\"379\">Ripefjerner er den raske og enkle m\u00e5ten \u00e5 f\u00e5 bilen din til \u00e5 se helt ny ut igjen. Den fjerner lette riper, skrammer og merker umiddelbart med bare noen f\u00e5 sveip &#8211; uten behov for dyre reparasjoner. Den er formulert med nanobeleggteknologi og reparerer ikke bare riper, men legger ogs\u00e5 til et beskyttende lag for \u00e5 forhindre nye skader.<\/p>\n<p data-start=\"122\" data-end=\"379\"><img decoding=\"async\" class=\"size-full wp-image-29494 aligncenter\" src=\"https:\/\/keluvo.com\/template\/wp-content\/uploads\/sites\/5\/2025\/07\/072110-ezgif.com-video-to-webp-converter-1.webp\" alt=\"\" \/><\/p>\n<h2 style=\"text-align: center;\" data-section-id=\"1wolh0b\" data-start=\"514\" data-end=\"535\">Hovedfordeler \ud83d\udee0\ufe0f<\/h2>\n<p data-start=\"537\" data-end=\"1015\">\ud83d\ude99 Fjerner riper umiddelbart &#8211; bare p\u00e5f\u00f8r, gni og se skaden forsvinne.<\/p>\n<p data-start=\"537\" data-end=\"1015\">\ud83e\uddfc Ingen sterke kjemikalier &#8211; trygt for alle lakkfarger og lakkeringer.<\/p>\n<p data-start=\"537\" data-end=\"1015\">\ud83d\udee1\ufe0f Beskytter mot fremtidige skader &#8211; nanobelegget forsegler og beskytter bilens overflate.<\/p>\n<p data-start=\"537\" data-end=\"1015\">\ud83d\udcb0 Sparer tid og penger &#8211; Unng\u00e5 dyre turer til mekanikeren eller bilverkstedet.<\/p>\n<p data-start=\"537\" data-end=\"1015\">\ud83e\uddfd Enkel \u00e5 bruke &#8211; Ingen verkt\u00f8y eller erfaring er n\u00f8dvendig &#8211; perfekt for reparasjoner hjemme.<\/p>\n<p data-start=\"537\" data-end=\"1015\"><img decoding=\"async\" class=\"size-full wp-image-29497 aligncenter\" src=\"https:\/\/keluvo.com\/template\/wp-content\/uploads\/sites\/5\/2025\/07\/5-4-600x600-1.jpg\" alt=\"\" \/><\/p>\n<h2 style=\"text-align: center;\" data-section-id=\"6p6j9g\" data-start=\"1022\" data-end=\"1039\">Hvordan bruke \ud83e\uddf4<\/h2>\n<ol data-start=\"1041\" data-end=\"1299\">\n<li data-start=\"1041\" data-end=\"1079\">\n<p data-start=\"1044\" data-end=\"1079\">Rengj\u00f8r og t\u00f8rk det ripete omr\u00e5det.<\/p>\n<\/li>\n<li data-start=\"1080\" data-end=\"1143\">\n<p data-start=\"1083\" data-end=\"1143\">P\u00e5f\u00f8r en liten mengde ripefjerner p\u00e5 den medf\u00f8lgende kluten.<\/p>\n<\/li>\n<li data-start=\"1144\" data-end=\"1197\">\n<p data-start=\"1147\" data-end=\"1197\">Gni forsiktig i sirkelbevegelser i 1-2 minutter.<\/p>\n<\/li>\n<li data-start=\"1198\" data-end=\"1254\">\n<p data-start=\"1201\" data-end=\"1254\">T\u00f8rk av eventuelle rester med en ren mikrofiberklut.<\/p>\n<\/li>\n<li data-start=\"1255\" data-end=\"1299\">\n<p data-start=\"1258\" data-end=\"1299\">Gjenta om n\u00f8dvendig for dypere riper.<\/p>\n<\/li>\n<\/ol>\n<h2 style=\"text-align: center;\" data-section-id=\"1uoa4jh\" data-start=\"1306\" data-end=\"1328\">Produktdetaljer \ud83d\udccf<\/h2>\n<ul data-start=\"1330\" data-end=\"1505\">\n<li data-start=\"1330\" data-end=\"1357\">\n<p data-start=\"1332\" data-end=\"1357\">Volum: 20 ml per flaske<\/p>\n<\/li>\n<li data-start=\"1358\" data-end=\"1394\">\n<p data-start=\"1360\" data-end=\"1394\">Formula: Nano-beleggsteknologi<\/p>\n<\/li>\n<li data-start=\"1395\" data-end=\"1442\">\n<p data-start=\"1397\" data-end=\"1442\">Sikker for: Alle bilfarger og lakkfinisher<\/p>\n<\/li>\n<li data-start=\"1443\" data-end=\"1505\">\n<p data-start=\"1445\" data-end=\"1505\">Anvendelse: Utvendige overflater (st\u00f8tfangere, d\u00f8rer, hetter osv.)<\/p>\n<\/li>\n<\/ul>\n<h2 style=\"text-align: center;\" data-section-id=\"168ap4\" data-start=\"1512\" data-end=\"1535\">Pakken inkluderer \ud83d\udce6<\/h2>\n<ul data-start=\"1537\" data-end=\"1600\">\n<li data-start=\"1537\" data-end=\"1574\">\n<p data-start=\"1539\" data-end=\"1574\">1, 2, 4x ripefjerner<\/p>\n<\/li>\n<li data-start=\"1575\" data-end=\"1600\">\n<p data-start=\"1577\" data-end=\"1600\">1, 2, 4x p\u00e5f\u00f8ringssvamp.<\/p>\n<\/li>\n<\/ul>\n","protected":false},"excerpt":{"rendered":"<p>Fiks Riper I Bilen P\u00e5 Sekunder &#8211; Uten En Tur Til Verkstedet! \ud83d\udd27 Ripefjerner er den raske og enkle m\u00e5ten [&hellip;]<\/p>\n","protected":false},"featured_media":34549,"comment_status":"open","ping_status":"closed","template":"","meta":{"site-sidebar-layout":"default","site-content-layout":"","ast-site-content-layout":"default","site-content-style":"default","site-sidebar-style":"default","ast-global-header-display":"","ast-banner-title-visibility":"","ast-main-header-display":"","ast-hfb-above-header-display":"","ast-hfb-below-header-display":"","ast-hfb-mobile-header-display":"","site-post-title":"","ast-breadcrumbs-content":"","ast-featured-img":"","footer-sml-layout":"","theme-transparent-header-meta":"default","adv-header-id-meta":"","stick-header-meta":"","header-above-stick-meta":"","header-main-stick-meta":"","header-below-stick-meta":"","astra-migrate-meta-layouts":"set","ast-page-background-enabled":"default","ast-page-background-meta":{"desktop":{"background-color":"var(--ast-global-color-4)","background-image":"","background-repeat":"repeat","background-position":"center center","background-size":"auto","background-attachment":"scroll","background-type":"","background-media":"","overlay-type":"","overlay-color":"","overlay-opacity":"","overlay-gradient":""},"tablet":{"background-color":"","background-image":"","background-repeat":"repeat","background-position":"center center","background-size":"auto","background-attachment":"scroll","background-type":"","background-media":"","overlay-type":"","overlay-color":"","overlay-opacity":"","overlay-gradient":""},"mobile":{"background-color":"","background-image":"","background-repeat":"repeat","background-position":"center center","background-size":"auto","background-attachment":"scroll","background-type":"","background-media":"","overlay-type":"","overlay-color":"","overlay-opacity":"","overlay-gradient":""}},"ast-content-background-meta":{"desktop":{"background-color":"var(--ast-global-color-5)","background-image":"","background-repeat":"repeat","background-position":"center center","background-size":"auto","background-attachment":"scroll","background-type":"","background-media":"","overlay-type":"","overlay-color":"","overlay-opacity":"","overlay-gradient":""},"tablet":{"background-color":"var(--ast-global-color-5)","background-image":"","background-repeat":"repeat","background-position":"center center","background-size":"auto","background-attachment":"scroll","background-type":"","background-media":"","overlay-type":"","overlay-color":"","overlay-opacity":"","overlay-gradient":""},"mobile":{"background-color":"var(--ast-global-color-5)","background-image":"","background-repeat":"repeat","background-position":"center center","background-size":"auto","background-attachment":"scroll","background-type":"","background-media":"","overlay-type":"","overlay-color":"","overlay-opacity":"","overlay-gradient":""}}},"product_brand":[],"product_cat":[998],"product_tag":[],"class_list":{"0":"post-34553","1":"product","2":"type-product","3":"status-publish","4":"has-post-thumbnail","6":"product_cat-bilprodukter","7":"pa_46897_bea8ac5y-1-stk","8":"pa_46897_bea8ac5y-2-stk","9":"pa_46897_bea8ac5y-4-stk","10":"desktop-align-left","11":"tablet-align-left","12":"mobile-align-left","14":"first","15":"instock","16":"shipping-taxable","17":"purchasable","18":"product-type-variable"},"_links":{"self":[{"href":"https:\/\/keluvo.com\/no\/wp-json\/wp\/v2\/product\/34553","targetHints":{"allow":["GET"]}}],"collection":[{"href":"https:\/\/keluvo.com\/no\/wp-json\/wp\/v2\/product"}],"about":[{"href":"https:\/\/keluvo.com\/no\/wp-json\/wp\/v2\/types\/product"}],"replies":[{"embeddable":true,"href":"https:\/\/keluvo.com\/no\/wp-json\/wp\/v2\/comments?post=34553"}],"wp:featuredmedia":[{"embeddable":true,"href":"https:\/\/keluvo.com\/no\/wp-json\/wp\/v2\/media\/34549"}],"wp:attachment":[{"href":"https:\/\/keluvo.com\/no\/wp-json\/wp\/v2\/media?parent=34553"}],"wp:term":[{"taxonomy":"product_brand","embeddable":true,"href":"https:\/\/keluvo.com\/no\/wp-json\/wp\/v2\/product_brand?post=34553"},{"taxonomy":"product_cat","embeddable":true,"href":"https:\/\/keluvo.com\/no\/wp-json\/wp\/v2\/product_cat?post=34553"},{"taxonomy":"product_tag","embeddable":true,"href":"https:\/\/keluvo.com\/no\/wp-json\/wp\/v2\/product_tag?post=34553"}],"curies":[{"name":"wp","href":"https:\/\/api.w.org\/{rel}","templated":true}]}}