{"id":34537,"date":"2025-07-30T15:45:41","date_gmt":"2025-07-30T13:45:41","guid":{"rendered":"https:\/\/keluvo.com\/no\/produkt\/luftspiker\/"},"modified":"2025-07-30T16:19:56","modified_gmt":"2025-07-30T14:19:56","slug":"luftspiker","status":"publish","type":"product","link":"https:\/\/keluvo.com\/no\/produkt\/luftspiker\/","title":{"rendered":"Luftspiker"},"content":{"rendered":"<p style=\"text-align: center;\" data-start=\"108\" data-end=\"381\"><strong data-start=\"108\" data-end=\"188\">Sl\u00e5 Inn Spiker Uten Problemer Med \u00c9n H\u00e5nd &#8211; Uten Behov For Str\u00f8m Eller Luftpumpe! \ud83d\udd28<\/strong><\/p>\n<p style=\"text-align: center;\" data-start=\"108\" data-end=\"381\">Denne h\u00e5ndholdte luftspikerpistolen er ditt nye valg for raske reparasjoner, gj\u00f8r-det-selv-prosjekter og reparasjoner i hjemmet. Den er lett, kompakt og kraftig nok til \u00e5 skyte spiker inn i vegger, treverk eller murstein uten problemer. Enten du skal henge opp hyller, feste lister eller jobbe med m\u00f8bler, gir dette verkt\u00f8yet deg full kontroll &#8211; uten at du trenger \u00e5 bruke tradisjonelle verkt\u00f8y.<\/p>\n<p data-start=\"108\" data-end=\"381\"><img decoding=\"async\" class=\"size-full wp-image-29159 aligncenter\" src=\"https:\/\/keluvo.com\/template\/wp-content\/uploads\/sites\/5\/2025\/07\/0db912d5a805c90879d908ed21a1336b62389774.webp\" alt=\"\" \/><\/p>\n<h2 style=\"text-align: center;\" data-start=\"533\" data-end=\"554\">Hovedfordeler \ud83d\udee0\ufe0f<\/h2>\n<p data-start=\"556\" data-end=\"958\">\u2705 Ingen str\u00f8m n\u00f8dvendig &#8211; fungerer uten str\u00f8m, batterier eller lufttrykk<\/p>\n<p data-start=\"556\" data-end=\"958\">\u2705 4-dyp spikerinnstilling &#8211; juster hvor dypt spikeren g\u00e5r med en enkel vri<\/p>\n<p data-start=\"556\" data-end=\"958\">\u2705 Kompakt og b\u00e6rbar &#8211; bare like lang som 2 telefoner<\/p>\n<p data-start=\"556\" data-end=\"958\">\u2705 Slitesterkt st\u00e5lhus &#8211; bygget for \u00e5 takle t\u00f8ffe jobber<\/p>\n<p data-start=\"556\" data-end=\"958\">\u2705 Bredt bruksomr\u00e5de &#8211; perfekt for murvegger, tre, gips, betong og tre, gips, betong og mer<\/p>\n<p data-start=\"556\" data-end=\"958\">\u2705 Enkel \u00e5 bruke &#8211; bare legg i og trykk for \u00e5 spikre<\/p>\n<p data-start=\"556\" data-end=\"958\"><img decoding=\"async\" class=\"size-full wp-image-29156 aligncenter\" src=\"https:\/\/keluvo.com\/template\/wp-content\/uploads\/sites\/5\/2025\/07\/5ac5513096610dfcdba74db5c1fbcb316d2efba3.avif\" alt=\"\" \/><\/p>\n<h2 style=\"text-align: center;\" data-start=\"965\" data-end=\"982\">Slik Bruker Du \u2699\ufe0f<\/h2>\n<ol data-start=\"984\" data-end=\"1162\">\n<li data-start=\"984\" data-end=\"1026\">\n<p data-start=\"987\" data-end=\"1026\">Insert en spiker inn i det fremre kammeret.<\/p>\n<\/li>\n<li data-start=\"1027\" data-end=\"1077\">\n<p data-start=\"1030\" data-end=\"1077\">Juster spikerdybden ved hjelp av 4-trinns-knappen.<\/p>\n<\/li>\n<li data-start=\"1078\" data-end=\"1110\">\n<p data-start=\"1081\" data-end=\"1110\">Sikt p\u00e5 m\u00e5lflaten.<\/p>\n<\/li>\n<li data-start=\"1111\" data-end=\"1162\">\n<p data-start=\"1114\" data-end=\"1162\">Trykk godt ned for \u00e5 skyte spikeren p\u00e5 plass.<\/p>\n<\/li>\n<\/ol>\n<p data-start=\"1164\" data-end=\"1221\"><em data-start=\"1164\" data-end=\"1219\">Bruk alltid vernehansker og vernebriller n\u00e5r du bruker den.<\/em><\/p>\n<h2 style=\"text-align: center;\" data-start=\"1228\" data-end=\"1250\">Produktdetaljer \ud83d\udcd0<\/h2>\n<ul data-start=\"1252\" data-end=\"1426\">\n<li data-start=\"1252\" data-end=\"1291\">\n<p data-start=\"1254\" data-end=\"1291\">Materiale: h\u00f8yfast legert st\u00e5l<\/p>\n<\/li>\n<li data-start=\"1330\" data-end=\"1364\">\n<p data-start=\"1332\" data-end=\"1364\">Spikerst\u00f8rrelse: standard rundt hode<\/p>\n<\/li>\n<li data-start=\"1365\" data-end=\"1400\">\n<p data-start=\"1367\" data-end=\"1400\">Justering av spikerdybde: 4 niv\u00e5er<\/p>\n<\/li>\n<\/ul>\n<h2 style=\"text-align: center;\" data-start=\"1433\" data-end=\"1456\">Pakken Inkluderer \ud83d\udce6<\/h2>\n<ul data-start=\"1458\" data-end=\"1495\">\n<li data-start=\"1458\" data-end=\"1480\">\n<p data-start=\"1460\" data-end=\"1480\">1x luftspikerpistol.<\/p>\n<\/li>\n<\/ul>\n","protected":false},"excerpt":{"rendered":"<p>Sl\u00e5 Inn Spiker Uten Problemer Med \u00c9n H\u00e5nd &#8211; Uten Behov For Str\u00f8m Eller Luftpumpe! \ud83d\udd28 Denne h\u00e5ndholdte luftspikerpistolen er [&hellip;]<\/p>\n","protected":false},"featured_media":34533,"comment_status":"open","ping_status":"closed","template":"","meta":{"site-sidebar-layout":"default","site-content-layout":"","ast-site-content-layout":"default","site-content-style":"default","site-sidebar-style":"default","ast-global-header-display":"","ast-banner-title-visibility":"","ast-main-header-display":"","ast-hfb-above-header-display":"","ast-hfb-below-header-display":"","ast-hfb-mobile-header-display":"","site-post-title":"","ast-breadcrumbs-content":"","ast-featured-img":"","footer-sml-layout":"","theme-transparent-header-meta":"default","adv-header-id-meta":"","stick-header-meta":"","header-above-stick-meta":"","header-main-stick-meta":"","header-below-stick-meta":"","astra-migrate-meta-layouts":"set","ast-page-background-enabled":"default","ast-page-background-meta":{"desktop":{"background-color":"var(--ast-global-color-4)","background-image":"","background-repeat":"repeat","background-position":"center center","background-size":"auto","background-attachment":"scroll","background-type":"","background-media":"","overlay-type":"","overlay-color":"","overlay-opacity":"","overlay-gradient":""},"tablet":{"background-color":"","background-image":"","background-repeat":"repeat","background-position":"center center","background-size":"auto","background-attachment":"scroll","background-type":"","background-media":"","overlay-type":"","overlay-color":"","overlay-opacity":"","overlay-gradient":""},"mobile":{"background-color":"","background-image":"","background-repeat":"repeat","background-position":"center center","background-size":"auto","background-attachment":"scroll","background-type":"","background-media":"","overlay-type":"","overlay-color":"","overlay-opacity":"","overlay-gradient":""}},"ast-content-background-meta":{"desktop":{"background-color":"var(--ast-global-color-5)","background-image":"","background-repeat":"repeat","background-position":"center center","background-size":"auto","background-attachment":"scroll","background-type":"","background-media":"","overlay-type":"","overlay-color":"","overlay-opacity":"","overlay-gradient":""},"tablet":{"background-color":"var(--ast-global-color-5)","background-image":"","background-repeat":"repeat","background-position":"center center","background-size":"auto","background-attachment":"scroll","background-type":"","background-media":"","overlay-type":"","overlay-color":"","overlay-opacity":"","overlay-gradient":""},"mobile":{"background-color":"var(--ast-global-color-5)","background-image":"","background-repeat":"repeat","background-position":"center center","background-size":"auto","background-attachment":"scroll","background-type":"","background-media":"","overlay-type":"","overlay-color":"","overlay-opacity":"","overlay-gradient":""}}},"product_brand":[],"product_cat":[996],"product_tag":[],"class_list":{"0":"post-34537","1":"product","2":"type-product","3":"status-publish","4":"has-post-thumbnail","6":"product_cat-verktoy","7":"pa_46673_2pg3zgh7-bla","8":"pa_46673_2pg3zgh7-gul","9":"desktop-align-left","10":"tablet-align-left","11":"mobile-align-left","13":"first","14":"instock","15":"shipping-taxable","16":"purchasable","17":"product-type-variable"},"_links":{"self":[{"href":"https:\/\/keluvo.com\/no\/wp-json\/wp\/v2\/product\/34537","targetHints":{"allow":["GET"]}}],"collection":[{"href":"https:\/\/keluvo.com\/no\/wp-json\/wp\/v2\/product"}],"about":[{"href":"https:\/\/keluvo.com\/no\/wp-json\/wp\/v2\/types\/product"}],"replies":[{"embeddable":true,"href":"https:\/\/keluvo.com\/no\/wp-json\/wp\/v2\/comments?post=34537"}],"wp:featuredmedia":[{"embeddable":true,"href":"https:\/\/keluvo.com\/no\/wp-json\/wp\/v2\/media\/34533"}],"wp:attachment":[{"href":"https:\/\/keluvo.com\/no\/wp-json\/wp\/v2\/media?parent=34537"}],"wp:term":[{"taxonomy":"product_brand","embeddable":true,"href":"https:\/\/keluvo.com\/no\/wp-json\/wp\/v2\/product_brand?post=34537"},{"taxonomy":"product_cat","embeddable":true,"href":"https:\/\/keluvo.com\/no\/wp-json\/wp\/v2\/product_cat?post=34537"},{"taxonomy":"product_tag","embeddable":true,"href":"https:\/\/keluvo.com\/no\/wp-json\/wp\/v2\/product_tag?post=34537"}],"curies":[{"name":"wp","href":"https:\/\/api.w.org\/{rel}","templated":true}]}}