{"id":34340,"date":"2025-07-28T15:57:59","date_gmt":"2025-07-28T13:57:59","guid":{"rendered":"https:\/\/keluvo.com\/no\/produkt\/ramme-for-fotavtrykk-fra-kjaeledyr\/"},"modified":"2025-07-28T16:00:21","modified_gmt":"2025-07-28T14:00:21","slug":"ramme-for-fotavtrykk-fra-kjaeledyr","status":"publish","type":"product","link":"https:\/\/keluvo.com\/no\/produkt\/ramme-for-fotavtrykk-fra-kjaeledyr\/","title":{"rendered":"Ramme for fotavtrykk fra kj\u00e6ledyr"},"content":{"rendered":"<p style=\"text-align: center\" data-start=\"0\" data-end=\"79\"><strong data-start=\"0\" data-end=\"79\">\ud83d\udc3eFang Dyrebare Minner Med Denne Trygge Og Smussfrie Fotavtrykksrammen For Kj\u00e6ledyr!<\/strong><\/p>\n<p style=\"text-align: center\" data-start=\"81\" data-end=\"388\">Denne brukervennlige fotavtrykksrammen for kj\u00e6ledyr lar deg skape et varig minne av kj\u00e6ledyrets pote uten kontakt med blekk. Den er designet med en spesiell ber\u00f8ringsfri pute som gir et tydelig avtrykk samtidig som huden eller pelsen holdes ren og trygg. Et omtenksomt minne for kj\u00e6ledyrelskere.<\/p>\n<p data-start=\"81\" data-end=\"388\"><img decoding=\"async\" class=\"size-full wp-image-29055 aligncenter\" src=\"https:\/\/keluvo.com\/template\/wp-content\/uploads\/sites\/5\/2025\/07\/f7658b24-e4bb-4a2f-b1f8-35eb865f8000.webp\" alt=\"\" \/><\/p>\n<h2 style=\"text-align: center\" data-start=\"395\" data-end=\"417\">\ud83c\udf1f Hovedfordeler<\/h2>\n<p data-start=\"420\" data-end=\"482\">\ud83d\udc3e Smussfri utskrift &#8211; ingen blekkkontakt med poter eller skin<\/p>\n<p data-start=\"485\" data-end=\"561\">\ud83d\uddbc\ufe0f Perfekt minne &#8211; behold kj\u00e6ledyrets fotavtrykk for alltid<\/p>\n<p data-start=\"635\" data-end=\"695\">\ud83c\udfa8 Klare, holdbare avtrykk &#8211; enkle \u00e5 oppbevare eller ramme inn<\/p>\n<p data-start=\"698\" data-end=\"775\">\ud83c\udf81 Flott gaveid\u00e9 &#8211; ideell for kj\u00e6ledyreiere<\/p>\n<p data-start=\"698\" data-end=\"775\"><img decoding=\"async\" class=\"size-full wp-image-29051 aligncenter\" src=\"https:\/\/keluvo.com\/template\/wp-content\/uploads\/sites\/5\/2025\/07\/727ae828-62ed-4efa-b820-86d684cd8511.webp\" alt=\"\" \/><\/p>\n<h2 style=\"text-align: center\" data-start=\"782\" data-end=\"801\">\ud83e\udded Slik Bruker Du Den<\/h2>\n<ol data-start=\"802\" data-end=\"1021\">\n<li data-start=\"802\" data-end=\"857\">\n<p data-start=\"805\" data-end=\"857\">Plasser blekkputen med forsiden ned p\u00e5 det medf\u00f8lgende papiret.<\/p>\n<\/li>\n<li data-start=\"858\" data-end=\"941\">\n<p data-start=\"861\" data-end=\"941\">Trykk kj\u00e6ledyrets labb forsiktig p\u00e5 baksiden av puten.<\/p>\n<\/li>\n<li data-start=\"942\" data-end=\"976\">\n<p data-start=\"945\" data-end=\"976\">Fjern den og la trykket t\u00f8rke.<\/p>\n<\/li>\n<li data-start=\"977\" data-end=\"1021\">\n<p data-start=\"980\" data-end=\"1021\">Ramm inn eller oppbevar trykket som et minne.<\/p>\n<\/li>\n<\/ol>\n<h2 style=\"text-align: center\" data-start=\"1028\" data-end=\"1052\">\ud83d\udccf Produktdetaljer<\/h2>\n<ul data-start=\"1053\" data-end=\"1266\">\n<li data-start=\"1091\" data-end=\"1136\">\n<p data-start=\"1093\" data-end=\"1136\">Materiale: Stempelputeblekk med ber\u00f8ringsfri pute<\/p>\n<\/li>\n<li data-start=\"1186\" data-end=\"1237\">\n<p data-start=\"1188\" data-end=\"1237\">Sikkerhet: Giftfri, blyfri og kjemikaliefri<\/p>\n<\/li>\n<li data-start=\"1238\" data-end=\"1266\">\n<p data-start=\"1240\" data-end=\"1266\">Bruk: For kj\u00e6ledyr<\/p>\n<\/li>\n<li data-start=\"1238\" data-end=\"1266\">To st\u00f8rrelser: S (8&#215;12,5 cm), M (10,8&#215;15,4 cm).<\/li>\n<\/ul>\n<h2 style=\"text-align: center\" data-start=\"1273\" data-end=\"1298\">\ud83d\udce6 1 Stk Inkluderer:<\/h2>\n<ul data-start=\"1299\" data-end=\"1345\">\n<li data-start=\"1299\" data-end=\"1322\">\n<p data-start=\"1301\" data-end=\"1322\">1x trykkolje<\/p>\n<\/li>\n<li data-start=\"1323\" data-end=\"1345\">\n<p data-start=\"1325\" data-end=\"1345\">2x papirark.<\/p>\n<\/li>\n<\/ul>\n","protected":false},"excerpt":{"rendered":"<p>\ud83d\udc3eFang Dyrebare Minner Med Denne Trygge Og Smussfrie Fotavtrykksrammen For Kj\u00e6ledyr! Denne brukervennlige fotavtrykksrammen for kj\u00e6ledyr lar deg skape et [&hellip;]<\/p>\n","protected":false},"featured_media":34336,"comment_status":"open","ping_status":"closed","template":"","meta":{"site-sidebar-layout":"default","site-content-layout":"","ast-site-content-layout":"default","site-content-style":"default","site-sidebar-style":"default","ast-global-header-display":"","ast-banner-title-visibility":"","ast-main-header-display":"","ast-hfb-above-header-display":"","ast-hfb-below-header-display":"","ast-hfb-mobile-header-display":"","site-post-title":"","ast-breadcrumbs-content":"","ast-featured-img":"","footer-sml-layout":"","theme-transparent-header-meta":"default","adv-header-id-meta":"","stick-header-meta":"","header-above-stick-meta":"","header-main-stick-meta":"","header-below-stick-meta":"","astra-migrate-meta-layouts":"set","ast-page-background-enabled":"default","ast-page-background-meta":{"desktop":{"background-color":"var(--ast-global-color-4)","background-image":"","background-repeat":"repeat","background-position":"center center","background-size":"auto","background-attachment":"scroll","background-type":"","background-media":"","overlay-type":"","overlay-color":"","overlay-opacity":"","overlay-gradient":""},"tablet":{"background-color":"","background-image":"","background-repeat":"repeat","background-position":"center center","background-size":"auto","background-attachment":"scroll","background-type":"","background-media":"","overlay-type":"","overlay-color":"","overlay-opacity":"","overlay-gradient":""},"mobile":{"background-color":"","background-image":"","background-repeat":"repeat","background-position":"center center","background-size":"auto","background-attachment":"scroll","background-type":"","background-media":"","overlay-type":"","overlay-color":"","overlay-opacity":"","overlay-gradient":""}},"ast-content-background-meta":{"desktop":{"background-color":"var(--ast-global-color-5)","background-image":"","background-repeat":"repeat","background-position":"center center","background-size":"auto","background-attachment":"scroll","background-type":"","background-media":"","overlay-type":"","overlay-color":"","overlay-opacity":"","overlay-gradient":""},"tablet":{"background-color":"var(--ast-global-color-5)","background-image":"","background-repeat":"repeat","background-position":"center center","background-size":"auto","background-attachment":"scroll","background-type":"","background-media":"","overlay-type":"","overlay-color":"","overlay-opacity":"","overlay-gradient":""},"mobile":{"background-color":"var(--ast-global-color-5)","background-image":"","background-repeat":"repeat","background-position":"center center","background-size":"auto","background-attachment":"scroll","background-type":"","background-media":"","overlay-type":"","overlay-color":"","overlay-opacity":"","overlay-gradient":""}}},"product_brand":[],"product_cat":[997],"product_tag":[],"class_list":{"0":"post-34340","1":"product","2":"type-product","3":"status-publish","4":"has-post-thumbnail","6":"product_cat-husdyrprodukter","7":"pa_39895_hlpyka8u-m","8":"pa_39895_hlpyka8u-s","9":"pa_39895_oob8h8mo-bla","10":"pa_39895_oob8h8mo-gronn","11":"pa_39895_oob8h8mo-rod","12":"pa_39895_oob8h8mo-rosa","13":"pa_39895_oob8h8mo-svart","14":"pa_39895_rehetcjn-1-stk","15":"pa_39895_rehetcjn-2-stk","16":"pa_39895_rehetcjn-4-stk","17":"desktop-align-left","18":"tablet-align-left","19":"mobile-align-left","21":"first","22":"instock","23":"shipping-taxable","24":"purchasable","25":"product-type-variable"},"_links":{"self":[{"href":"https:\/\/keluvo.com\/no\/wp-json\/wp\/v2\/product\/34340","targetHints":{"allow":["GET"]}}],"collection":[{"href":"https:\/\/keluvo.com\/no\/wp-json\/wp\/v2\/product"}],"about":[{"href":"https:\/\/keluvo.com\/no\/wp-json\/wp\/v2\/types\/product"}],"replies":[{"embeddable":true,"href":"https:\/\/keluvo.com\/no\/wp-json\/wp\/v2\/comments?post=34340"}],"wp:featuredmedia":[{"embeddable":true,"href":"https:\/\/keluvo.com\/no\/wp-json\/wp\/v2\/media\/34336"}],"wp:attachment":[{"href":"https:\/\/keluvo.com\/no\/wp-json\/wp\/v2\/media?parent=34340"}],"wp:term":[{"taxonomy":"product_brand","embeddable":true,"href":"https:\/\/keluvo.com\/no\/wp-json\/wp\/v2\/product_brand?post=34340"},{"taxonomy":"product_cat","embeddable":true,"href":"https:\/\/keluvo.com\/no\/wp-json\/wp\/v2\/product_cat?post=34340"},{"taxonomy":"product_tag","embeddable":true,"href":"https:\/\/keluvo.com\/no\/wp-json\/wp\/v2\/product_tag?post=34340"}],"curies":[{"name":"wp","href":"https:\/\/api.w.org\/{rel}","templated":true}]}}