{"id":34317,"date":"2025-07-28T15:53:11","date_gmt":"2025-07-28T13:53:11","guid":{"rendered":"https:\/\/keluvo.com\/no\/produkt\/slipemaskin-for-motorsag-2\/"},"modified":"2025-10-16T20:31:34","modified_gmt":"2025-10-16T17:31:34","slug":"slipemaskin-for-motorsag-2","status":"publish","type":"product","link":"https:\/\/keluvo.com\/no\/produkt\/slipemaskin-for-motorsag-2\/","title":{"rendered":"Slipemaskin for motorsag"},"content":{"rendered":"<p style=\"text-align: center;\" data-start=\"65\" data-end=\"119\"><strong>Slip motorsagen din som en proff \u2013 p\u00e5 sekunder! \u26d3\ufe0f\u26a1<\/strong><\/p>\n<p style=\"text-align: center;\" data-start=\"121\" data-end=\"323\">Slutt p\u00e5 sl\u00f8ve kjeder eller slurvete manuell filing! Denne motorsagsliperen gj\u00f8r det raskt, enkelt og superpresist \u00e5 slipe motorsagen din &#8211; selv for nybegynnere. Bare fest den til kvernen, s\u00e5 er du klar til \u00e5 sette i gang!<\/p>\n<p data-start=\"121\" data-end=\"323\"><img decoding=\"async\" class=\"size-full wp-image-29020 aligncenter\" src=\"https:\/\/keluvo.com\/template\/wp-content\/uploads\/sites\/5\/2025\/07\/07212-ezgif.com-video-to-webp-converter-1.webp\" alt=\"\" \/><\/p>\n<h2 style=\"text-align: center;\" data-start=\"325\" data-end=\"346\">\ud83d\udd27 Hovedinnhold fordeler<\/h2>\n<p data-start=\"349\" data-end=\"397\">\u2699\ufe0f Slip motorsagblader med perfekte vinkler<\/p>\n<p data-start=\"349\" data-end=\"397\">\u23f1\ufe0f Spar tid med raske, konsistente resultater<\/p>\n<p data-start=\"349\" data-end=\"397\">\ud83d\udd12 Tryggere kutt takket v\u00e6re skarpere kjeder<\/p>\n<p data-start=\"349\" data-end=\"397\">\ud83d\udcaa Fungerer med de fleste vinkelslipere \u2013 plugg inn &amp; slip<\/p>\n<p data-start=\"349\" data-end=\"397\">\ud83e\uddf0 Enkel \u00e5 bruke, selv om du ikke er profesjonell<\/p>\n<p data-start=\"539\" data-end=\"581\"><img decoding=\"async\" class=\"size-full wp-image-29025 aligncenter\" src=\"https:\/\/keluvo.com\/template\/wp-content\/uploads\/sites\/5\/2025\/07\/GRINNEX25478-ezgif.com-video-to-webp-converter.webp\" alt=\"\" \/><\/p>\n<h2 style=\"text-align: center;\" data-start=\"583\" data-end=\"602\">\ud83d\udee0\ufe0f Slik bruker du verkt\u00f8yet<\/h2>\n<ol data-start=\"603\" data-end=\"770\">\n<li data-start=\"603\" data-end=\"645\">Fest verkt\u00f8yet til vinkelsliperen din.<\/li>\n<li data-start=\"603\" data-end=\"645\">F\u00f8lg guiden og slip hver tann jevnt.<\/li>\n<li data-start=\"603\" data-end=\"645\">P\u00e5 f\u00e5 minutter &#8211; uten gjetting!<\/li>\n<\/ol>\n<h2 style=\"text-align: center;\" data-start=\"772\" data-end=\"795\">\ud83d\udccf Produktdetaljer<\/h2>\n<ul data-start=\"796\" data-end=\"937\">\n<li data-start=\"847\" data-end=\"895\">\n<p data-start=\"849\" data-end=\"895\">Kompatibel med de fleste standard vinkelslipere<\/p>\n<\/li>\n<li data-start=\"896\" data-end=\"937\">\n<p data-start=\"898\" data-end=\"937\">Designet for presisjon og holdbarhet<\/p>\n<\/li>\n<\/ul>\n<h2 style=\"text-align: center;\" data-start=\"939\" data-end=\"963\">\ud83d\udce6 Pakken inneholder<\/h2>\n<ul data-start=\"964\" data-end=\"1061\">\n<li data-start=\"964\" data-end=\"993\">\n<p data-start=\"966\" data-end=\"993\">1x spesialverkt\u00f8y for sliping av motorsager<\/p>\n<\/li>\n<li data-start=\"964\" data-end=\"993\">\n<p data-start=\"966\" data-end=\"993\">3x slipepinner<\/p>\n<\/li>\n<li data-start=\"964\" data-end=\"993\">\n<p data-start=\"966\" data-end=\"993\">1x skiften\u00f8kkel + elektrisk vinkelsliper.<\/p>\n<\/li>\n<\/ul>\n","protected":false},"excerpt":{"rendered":"<p>Slip motorsagen din som en proff \u2013 p\u00e5 sekunder! \u26d3\ufe0f\u26a1 Slutt p\u00e5 sl\u00f8ve kjeder eller slurvete manuell filing! Denne motorsagsliperen [&hellip;]<\/p>\n","protected":false},"featured_media":34313,"comment_status":"open","ping_status":"closed","template":"","meta":{"site-sidebar-layout":"default","site-content-layout":"","ast-site-content-layout":"default","site-content-style":"default","site-sidebar-style":"default","ast-global-header-display":"","ast-banner-title-visibility":"","ast-main-header-display":"","ast-hfb-above-header-display":"","ast-hfb-below-header-display":"","ast-hfb-mobile-header-display":"","site-post-title":"","ast-breadcrumbs-content":"","ast-featured-img":"","footer-sml-layout":"","theme-transparent-header-meta":"default","adv-header-id-meta":"","stick-header-meta":"","header-above-stick-meta":"","header-main-stick-meta":"","header-below-stick-meta":"","astra-migrate-meta-layouts":"set","ast-page-background-enabled":"default","ast-page-background-meta":{"desktop":{"background-color":"var(--ast-global-color-4)","background-image":"","background-repeat":"repeat","background-position":"center center","background-size":"auto","background-attachment":"scroll","background-type":"","background-media":"","overlay-type":"","overlay-color":"","overlay-opacity":"","overlay-gradient":""},"tablet":{"background-color":"","background-image":"","background-repeat":"repeat","background-position":"center center","background-size":"auto","background-attachment":"scroll","background-type":"","background-media":"","overlay-type":"","overlay-color":"","overlay-opacity":"","overlay-gradient":""},"mobile":{"background-color":"","background-image":"","background-repeat":"repeat","background-position":"center center","background-size":"auto","background-attachment":"scroll","background-type":"","background-media":"","overlay-type":"","overlay-color":"","overlay-opacity":"","overlay-gradient":""}},"ast-content-background-meta":{"desktop":{"background-color":"var(--ast-global-color-5)","background-image":"","background-repeat":"repeat","background-position":"center center","background-size":"auto","background-attachment":"scroll","background-type":"","background-media":"","overlay-type":"","overlay-color":"","overlay-opacity":"","overlay-gradient":""},"tablet":{"background-color":"var(--ast-global-color-5)","background-image":"","background-repeat":"repeat","background-position":"center center","background-size":"auto","background-attachment":"scroll","background-type":"","background-media":"","overlay-type":"","overlay-color":"","overlay-opacity":"","overlay-gradient":""},"mobile":{"background-color":"var(--ast-global-color-5)","background-image":"","background-repeat":"repeat","background-position":"center center","background-size":"auto","background-attachment":"scroll","background-type":"","background-media":"","overlay-type":"","overlay-color":"","overlay-opacity":"","overlay-gradient":""}}},"product_brand":[],"product_cat":[996],"product_tag":[],"class_list":{"0":"post-34317","1":"product","2":"type-product","3":"status-publish","4":"has-post-thumbnail","6":"product_cat-verktoy","7":"desktop-align-left","8":"tablet-align-left","9":"mobile-align-left","11":"first","12":"instock","13":"shipping-taxable","14":"purchasable","15":"product-type-simple"},"_links":{"self":[{"href":"https:\/\/keluvo.com\/no\/wp-json\/wp\/v2\/product\/34317","targetHints":{"allow":["GET"]}}],"collection":[{"href":"https:\/\/keluvo.com\/no\/wp-json\/wp\/v2\/product"}],"about":[{"href":"https:\/\/keluvo.com\/no\/wp-json\/wp\/v2\/types\/product"}],"replies":[{"embeddable":true,"href":"https:\/\/keluvo.com\/no\/wp-json\/wp\/v2\/comments?post=34317"}],"wp:featuredmedia":[{"embeddable":true,"href":"https:\/\/keluvo.com\/no\/wp-json\/wp\/v2\/media\/34313"}],"wp:attachment":[{"href":"https:\/\/keluvo.com\/no\/wp-json\/wp\/v2\/media?parent=34317"}],"wp:term":[{"taxonomy":"product_brand","embeddable":true,"href":"https:\/\/keluvo.com\/no\/wp-json\/wp\/v2\/product_brand?post=34317"},{"taxonomy":"product_cat","embeddable":true,"href":"https:\/\/keluvo.com\/no\/wp-json\/wp\/v2\/product_cat?post=34317"},{"taxonomy":"product_tag","embeddable":true,"href":"https:\/\/keluvo.com\/no\/wp-json\/wp\/v2\/product_tag?post=34317"}],"curies":[{"name":"wp","href":"https:\/\/api.w.org\/{rel}","templated":true}]}}