{"id":34197,"date":"2025-07-28T15:40:20","date_gmt":"2025-07-28T13:40:20","guid":{"rendered":"https:\/\/keluvo.com\/no\/produkt\/ultralydavvisende-middel\/"},"modified":"2025-07-28T15:40:33","modified_gmt":"2025-07-28T13:40:33","slug":"ultralydavvisende-middel","status":"publish","type":"product","link":"https:\/\/keluvo.com\/no\/produkt\/ultralydavvisende-middel\/","title":{"rendered":"Ultralydavvisende middel"},"content":{"rendered":"<p style=\"text-align: center\" data-start=\"105\" data-end=\"166\"><strong>\ud83d\uded1 Si farvel til skadedyr &#8211; ingen kjemikalier, ingen feller, bare fred!<\/strong><\/p>\n<p style=\"text-align: center\" data-start=\"168\" data-end=\"361\">Ultralydrepelleren holder hjemmet ditt fritt for mus, edderkopper, kakerlakker, maur og mye mer &#8211; helt uten skadelige kjemikalier. Bare plugg den inn og nyt et skadedyrfritt hjem i l\u00f8pet av f\u00e5 dager!<\/p>\n<p data-start=\"168\" data-end=\"361\"><img decoding=\"async\" class=\"size-full wp-image-28875 aligncenter\" src=\"https:\/\/keluvo.com\/template\/wp-content\/uploads\/sites\/5\/2025\/07\/BUGBUSTER_PP_rd8u80-ezgif.com-video-to-webp-converter.webp\" alt=\"\" \/><\/p>\n<h2 style=\"text-align: center\" data-start=\"363\" data-end=\"383\"><strong>\u2705 Hovedfordeler<\/strong><\/h2>\n<p data-start=\"386\" data-end=\"449\">\ud83d\udd0a Sender ut ultralydb\u00f8lger for \u00e5 avvise skadedyr &#8211; ikke mennesker eller kj\u00e6ledyr<\/p>\n<p data-start=\"452\" data-end=\"505\">\ud83e\uddfc 100 % giftfri, luktfri og trygg for familier<\/p>\n<p data-start=\"508\" data-end=\"565\">\ud83d\udc36 Trygg for barn, hunder, katter og alle husstandsmedlemmer<\/p>\n<p data-start=\"568\" data-end=\"624\">\ud83d\udd0c Enkel \u00e5 plugge inn &#8211; fungerer 24\/7 uten vedlikehold<\/p>\n<p data-start=\"627\" data-end=\"687\">\ud83c\udfe1 Dekker opptil 150 m\u00b2 &#8211; perfekt for hjemmet, kontoret eller garage<\/p>\n<p data-start=\"627\" data-end=\"687\"><img decoding=\"async\" class=\"size-full wp-image-28873 aligncenter\" src=\"https:\/\/keluvo.com\/template\/wp-content\/uploads\/sites\/5\/2025\/07\/BUGBUSTER21754__4572098e.webp\" alt=\"\" \/><\/p>\n<h2 style=\"text-align: center\" data-start=\"689\" data-end=\"708\"><strong>\ud83d\udee0\ufe0f Slik bruker du enheten<\/strong><\/h2>\n<ol data-start=\"709\" data-end=\"878\">\n<li data-start=\"709\" data-end=\"760\">\n<p data-start=\"712\" data-end=\"760\">Koble enheten inn i en hvilken som helst standard stikkontakt i veggen.<\/p>\n<\/li>\n<li data-start=\"761\" data-end=\"818\">\n<p data-start=\"764\" data-end=\"818\">S\u00f8rg for at den ikke blokkeres av m\u00f8bler eller gardiner.<\/p>\n<\/li>\n<li data-start=\"819\" data-end=\"878\">\n<p data-start=\"822\" data-end=\"878\">La den g\u00e5 kontinuerlig &#8211; resultatene vises i l\u00f8pet av 3 til 7 dager.<\/p>\n<\/li>\n<\/ol>\n<h2 style=\"text-align: center\" data-start=\"880\" data-end=\"903\"><strong>\ud83d\udccf Produktdetaljer<\/strong><\/h2>\n<ul data-start=\"904\" data-end=\"1051\">\n<li data-start=\"904\" data-end=\"940\">\n<p data-start=\"906\" data-end=\"940\">Teknologi: Ultralyd frast\u00f8tende<\/p>\n<\/li>\n<li data-start=\"941\" data-end=\"962\">\n<p data-start=\"943\" data-end=\"962\">Spenning: 100-240V<\/p>\n<\/li>\n<li data-start=\"963\" data-end=\"985\">\n<p data-start=\"965\" data-end=\"985\">Peffekt: 5-6W<\/p>\n<\/li>\n<li data-start=\"986\" data-end=\"1012\">\n<p data-start=\"988\" data-end=\"1012\">Dekningsomr\u00e5de: Opptil 150 m\u00b2<\/p>\n<\/li>\n<\/ul>\n<h2 style=\"text-align: center\" data-start=\"1053\" data-end=\"1077\"><strong>\ud83d\udce6 Pakken inkluderer<\/strong><\/h2>\n<ul data-start=\"1078\" data-end=\"1118\">\n<li data-start=\"1078\" data-end=\"1118\">\n<p data-start=\"1080\" data-end=\"1118\">1x ultralyd repeller.<\/p>\n<\/li>\n<\/ul>\n","protected":false},"excerpt":{"rendered":"<p>\ud83d\uded1 Si farvel til skadedyr &#8211; ingen kjemikalier, ingen feller, bare fred! Ultralydrepelleren holder hjemmet ditt fritt for mus, edderkopper, [&hellip;]<\/p>\n","protected":false},"featured_media":34193,"comment_status":"open","ping_status":"closed","template":"","meta":{"site-sidebar-layout":"default","site-content-layout":"","ast-site-content-layout":"default","site-content-style":"default","site-sidebar-style":"default","ast-global-header-display":"","ast-banner-title-visibility":"","ast-main-header-display":"","ast-hfb-above-header-display":"","ast-hfb-below-header-display":"","ast-hfb-mobile-header-display":"","site-post-title":"","ast-breadcrumbs-content":"","ast-featured-img":"","footer-sml-layout":"","theme-transparent-header-meta":"default","adv-header-id-meta":"","stick-header-meta":"","header-above-stick-meta":"","header-main-stick-meta":"","header-below-stick-meta":"","astra-migrate-meta-layouts":"set","ast-page-background-enabled":"default","ast-page-background-meta":{"desktop":{"background-color":"var(--ast-global-color-4)","background-image":"","background-repeat":"repeat","background-position":"center center","background-size":"auto","background-attachment":"scroll","background-type":"","background-media":"","overlay-type":"","overlay-color":"","overlay-opacity":"","overlay-gradient":""},"tablet":{"background-color":"","background-image":"","background-repeat":"repeat","background-position":"center center","background-size":"auto","background-attachment":"scroll","background-type":"","background-media":"","overlay-type":"","overlay-color":"","overlay-opacity":"","overlay-gradient":""},"mobile":{"background-color":"","background-image":"","background-repeat":"repeat","background-position":"center center","background-size":"auto","background-attachment":"scroll","background-type":"","background-media":"","overlay-type":"","overlay-color":"","overlay-opacity":"","overlay-gradient":""}},"ast-content-background-meta":{"desktop":{"background-color":"var(--ast-global-color-5)","background-image":"","background-repeat":"repeat","background-position":"center center","background-size":"auto","background-attachment":"scroll","background-type":"","background-media":"","overlay-type":"","overlay-color":"","overlay-opacity":"","overlay-gradient":""},"tablet":{"background-color":"var(--ast-global-color-5)","background-image":"","background-repeat":"repeat","background-position":"center center","background-size":"auto","background-attachment":"scroll","background-type":"","background-media":"","overlay-type":"","overlay-color":"","overlay-opacity":"","overlay-gradient":""},"mobile":{"background-color":"var(--ast-global-color-5)","background-image":"","background-repeat":"repeat","background-position":"center center","background-size":"auto","background-attachment":"scroll","background-type":"","background-media":"","overlay-type":"","overlay-color":"","overlay-opacity":"","overlay-gradient":""}}},"product_brand":[],"product_cat":[1001],"product_tag":[],"class_list":{"0":"post-34197","1":"product","2":"type-product","3":"status-publish","4":"has-post-thumbnail","6":"product_cat-husholdningsartikler","7":"pa_23529_khvsx57v-1-stk","8":"pa_23529_khvsx57v-2-stk","9":"pa_23529_khvsx57v-3-stk","10":"desktop-align-left","11":"tablet-align-left","12":"mobile-align-left","14":"first","15":"instock","16":"shipping-taxable","17":"purchasable","18":"product-type-variable"},"_links":{"self":[{"href":"https:\/\/keluvo.com\/no\/wp-json\/wp\/v2\/product\/34197","targetHints":{"allow":["GET"]}}],"collection":[{"href":"https:\/\/keluvo.com\/no\/wp-json\/wp\/v2\/product"}],"about":[{"href":"https:\/\/keluvo.com\/no\/wp-json\/wp\/v2\/types\/product"}],"replies":[{"embeddable":true,"href":"https:\/\/keluvo.com\/no\/wp-json\/wp\/v2\/comments?post=34197"}],"wp:featuredmedia":[{"embeddable":true,"href":"https:\/\/keluvo.com\/no\/wp-json\/wp\/v2\/media\/34193"}],"wp:attachment":[{"href":"https:\/\/keluvo.com\/no\/wp-json\/wp\/v2\/media?parent=34197"}],"wp:term":[{"taxonomy":"product_brand","embeddable":true,"href":"https:\/\/keluvo.com\/no\/wp-json\/wp\/v2\/product_brand?post=34197"},{"taxonomy":"product_cat","embeddable":true,"href":"https:\/\/keluvo.com\/no\/wp-json\/wp\/v2\/product_cat?post=34197"},{"taxonomy":"product_tag","embeddable":true,"href":"https:\/\/keluvo.com\/no\/wp-json\/wp\/v2\/product_tag?post=34197"}],"curies":[{"name":"wp","href":"https:\/\/api.w.org\/{rel}","templated":true}]}}