{"id":34186,"date":"2025-07-28T15:39:33","date_gmt":"2025-07-28T13:39:33","guid":{"rendered":"https:\/\/keluvo.com\/no\/produkt\/magnetiske-oyevipper\/"},"modified":"2025-07-28T15:39:43","modified_gmt":"2025-07-28T13:39:43","slug":"magnetiske-oyevipper","status":"publish","type":"product","link":"https:\/\/keluvo.com\/no\/produkt\/magnetiske-oyevipper\/","title":{"rendered":"Magnetiske \u00f8yevipper"},"content":{"rendered":"<p style=\"text-align: center\" data-start=\"0\" data-end=\"87\"><strong data-start=\"0\" data-end=\"87\">\ud83e\uddf2F\u00e5 Dristige, Vakre Vipper P\u00e5 Sekunder &#8211; Uten Behov For Lim Med Disse Magnetiske \u00d8yevippene!<\/strong><\/p>\n<p style=\"text-align: center\" data-start=\"89\" data-end=\"421\">Dette magnetiske \u00f8yevippe- og eyeliner-settet gj\u00f8r p\u00e5f\u00f8ring av falske vipper enklere enn noensinne. Den spesielle magnetiske eyelineren holder vippene godt p\u00e5 plass, er vannfast, kladdfri og kan ogs\u00e5 brukes som vanlig eyeliner. Med myke, gjenbrukbare vipper f\u00e5r du et naturlig utseende som varer hele dagen &#8211; perfekt for daglig glam eller spesielle anledninger.<\/p>\n<p data-start=\"89\" data-end=\"421\"><img decoding=\"async\" class=\"size-full wp-image-28858 aligncenter\" src=\"https:\/\/keluvo.com\/template\/wp-content\/uploads\/sites\/5\/2025\/07\/0721-ezgif.com-video-to-webp-converter-1.webp\" alt=\"\" \/><\/p>\n<h2 style=\"text-align: center\" data-start=\"428\" data-end=\"450\">\ud83c\udf1f Hovedfordeler<\/h2>\n<p data-start=\"453\" data-end=\"516\">\ud83e\uddf2 Magnetisk eyeliner &#8211; holder vippene sikkert p\u00e5 plass uten lim<\/p>\n<p data-start=\"519\" data-end=\"576\">\u2728 Vanntett og flekksikker &#8211; holder seg perfekt hele dagen<\/p>\n<p data-start=\"579\" data-end=\"628\">\ud83d\udca8 Enkel \u00e5 p\u00e5f\u00f8re &#8211; raskt oppsett uten s\u00f8l<\/p>\n<p data-start=\"631\" data-end=\"702\">\ud83d\udc95 Myke og naturlige vipper &#8211; lette, luftige og behagelige<\/p>\n<p data-start=\"705\" data-end=\"761\">\ud83d\udd01 Kan brukes opptil 10 ganger eller mer &#8211; sparer tid og penger<\/p>\n<p data-start=\"764\" data-end=\"830\">\ud83c\udf81 Flott gaveid\u00e9 &#8211; perfekt for sminkeelskere og nybegynnere<\/p>\n<p data-start=\"764\" data-end=\"830\"><img decoding=\"async\" class=\"size-full wp-image-28859 aligncenter\" src=\"https:\/\/keluvo.com\/template\/wp-content\/uploads\/sites\/5\/2025\/07\/dbd4d6a4-6e18-4352-ac88-9270a87aaf6c.gif\" alt=\"\" \/><\/p>\n<h2 style=\"text-align: center\" data-start=\"837\" data-end=\"856\">\ud83e\udded Slik Bruker Du Den<\/h2>\n<ol data-start=\"857\" data-end=\"1141\">\n<li data-start=\"857\" data-end=\"908\">\n<p data-start=\"860\" data-end=\"908\">Rist den magnetiske eyelinerflasken f\u00f8r bruk.<\/p>\n<\/li>\n<li data-start=\"909\" data-end=\"969\">\n<p data-start=\"912\" data-end=\"969\">P\u00e5f\u00f8r eyelineren som du ville gjort med en vanlig eyeliner.<\/p>\n<\/li>\n<li data-start=\"970\" data-end=\"1016\">\n<p data-start=\"973\" data-end=\"1016\">Vent noen sekunder til den er nesten t\u00f8rr.<\/p>\n<\/li>\n<li data-start=\"1017\" data-end=\"1094\">\n<p data-start=\"1020\" data-end=\"1094\">Plasser de magnetiske vippene p\u00e5 eyelineren med en pinsett eller fingrene.<\/p>\n<\/li>\n<li data-start=\"1095\" data-end=\"1141\">\n<p data-start=\"1098\" data-end=\"1141\">Juster etter behov &#8211; de klikker p\u00e5 plass!<\/p>\n<\/li>\n<\/ol>\n<h2 style=\"text-align: center\" data-start=\"1148\" data-end=\"1172\">\ud83d\udccf Produktdetaljer<\/h2>\n<ul data-start=\"1173\" data-end=\"1368\">\n<li data-start=\"1173\" data-end=\"1226\">\n<p data-start=\"1175\" data-end=\"1226\">Eyeliner type: Magnetisk, vannfast, flekksikker<\/p>\n<\/li>\n<li data-start=\"1227\" data-end=\"1272\">\n<p data-start=\"1229\" data-end=\"1272\">Vipper: Myk syntetisk fiber, lettvekt<\/p>\n<\/li>\n<li data-start=\"1273\" data-end=\"1322\">\n<p data-start=\"1275\" data-end=\"1322\">Brukbarhet: Opptil 10+ ganger med riktig pleie<\/p>\n<\/li>\n<li data-start=\"1323\" data-end=\"1368\">\n<p data-start=\"1325\" data-end=\"1368\">Bruk: Daglig bruk, fest, reise, gave<\/p>\n<\/li>\n<li data-start=\"1323\" data-end=\"1368\">Settet inneholder en blanding av forskjellige vippelengder.<\/li>\n<\/ul>\n<h2 style=\"text-align: center\" data-start=\"1375\" data-end=\"1400\">\ud83d\udce6 Pakken Inneholder<\/h2>\n<ul data-start=\"1401\" data-end=\"1495\">\n<li data-start=\"1401\" data-end=\"1425\">\n<p data-start=\"1403\" data-end=\"1425\">1x magnetisk eyeliner<\/p>\n<\/li>\n<li data-start=\"1426\" data-end=\"1459\">\n<p data-start=\"1428\" data-end=\"1459\">5x pais av magnetiske \u00f8yevipper<\/p>\n<\/li>\n<li data-start=\"1460\" data-end=\"1495\">\n<p data-start=\"1462\" data-end=\"1495\">1x p\u00e5f\u00f8ringsverkt\u00f8y.<\/p>\n<\/li>\n<\/ul>\n","protected":false},"excerpt":{"rendered":"<p>\ud83e\uddf2F\u00e5 Dristige, Vakre Vipper P\u00e5 Sekunder &#8211; Uten Behov For Lim Med Disse Magnetiske \u00d8yevippene! Dette magnetiske \u00f8yevippe- og eyeliner-settet [&hellip;]<\/p>\n","protected":false},"featured_media":34182,"comment_status":"open","ping_status":"closed","template":"","meta":{"site-sidebar-layout":"default","site-content-layout":"","ast-site-content-layout":"default","site-content-style":"default","site-sidebar-style":"default","ast-global-header-display":"","ast-banner-title-visibility":"","ast-main-header-display":"","ast-hfb-above-header-display":"","ast-hfb-below-header-display":"","ast-hfb-mobile-header-display":"","site-post-title":"","ast-breadcrumbs-content":"","ast-featured-img":"","footer-sml-layout":"","theme-transparent-header-meta":"default","adv-header-id-meta":"","stick-header-meta":"","header-above-stick-meta":"","header-main-stick-meta":"","header-below-stick-meta":"","astra-migrate-meta-layouts":"set","ast-page-background-enabled":"default","ast-page-background-meta":{"desktop":{"background-color":"var(--ast-global-color-4)","background-image":"","background-repeat":"repeat","background-position":"center center","background-size":"auto","background-attachment":"scroll","background-type":"","background-media":"","overlay-type":"","overlay-color":"","overlay-opacity":"","overlay-gradient":""},"tablet":{"background-color":"","background-image":"","background-repeat":"repeat","background-position":"center center","background-size":"auto","background-attachment":"scroll","background-type":"","background-media":"","overlay-type":"","overlay-color":"","overlay-opacity":"","overlay-gradient":""},"mobile":{"background-color":"","background-image":"","background-repeat":"repeat","background-position":"center center","background-size":"auto","background-attachment":"scroll","background-type":"","background-media":"","overlay-type":"","overlay-color":"","overlay-opacity":"","overlay-gradient":""}},"ast-content-background-meta":{"desktop":{"background-color":"var(--ast-global-color-5)","background-image":"","background-repeat":"repeat","background-position":"center center","background-size":"auto","background-attachment":"scroll","background-type":"","background-media":"","overlay-type":"","overlay-color":"","overlay-opacity":"","overlay-gradient":""},"tablet":{"background-color":"var(--ast-global-color-5)","background-image":"","background-repeat":"repeat","background-position":"center center","background-size":"auto","background-attachment":"scroll","background-type":"","background-media":"","overlay-type":"","overlay-color":"","overlay-opacity":"","overlay-gradient":""},"mobile":{"background-color":"var(--ast-global-color-5)","background-image":"","background-repeat":"repeat","background-position":"center center","background-size":"auto","background-attachment":"scroll","background-type":"","background-media":"","overlay-type":"","overlay-color":"","overlay-opacity":"","overlay-gradient":""}}},"product_brand":[],"product_cat":[992],"product_tag":[],"class_list":{"0":"post-34186","1":"product","2":"type-product","3":"status-publish","4":"has-post-thumbnail","6":"product_cat-skjonnhets-og-hygieneprodukter","7":"pa_14722_tdhq1bvn-1-stk","8":"pa_14722_tdhq1bvn-2-stk","9":"pa_14722_tdhq1bvn-4-stk","10":"desktop-align-left","11":"tablet-align-left","12":"mobile-align-left","14":"first","15":"instock","16":"shipping-taxable","17":"purchasable","18":"product-type-variable"},"_links":{"self":[{"href":"https:\/\/keluvo.com\/no\/wp-json\/wp\/v2\/product\/34186","targetHints":{"allow":["GET"]}}],"collection":[{"href":"https:\/\/keluvo.com\/no\/wp-json\/wp\/v2\/product"}],"about":[{"href":"https:\/\/keluvo.com\/no\/wp-json\/wp\/v2\/types\/product"}],"replies":[{"embeddable":true,"href":"https:\/\/keluvo.com\/no\/wp-json\/wp\/v2\/comments?post=34186"}],"wp:featuredmedia":[{"embeddable":true,"href":"https:\/\/keluvo.com\/no\/wp-json\/wp\/v2\/media\/34182"}],"wp:attachment":[{"href":"https:\/\/keluvo.com\/no\/wp-json\/wp\/v2\/media?parent=34186"}],"wp:term":[{"taxonomy":"product_brand","embeddable":true,"href":"https:\/\/keluvo.com\/no\/wp-json\/wp\/v2\/product_brand?post=34186"},{"taxonomy":"product_cat","embeddable":true,"href":"https:\/\/keluvo.com\/no\/wp-json\/wp\/v2\/product_cat?post=34186"},{"taxonomy":"product_tag","embeddable":true,"href":"https:\/\/keluvo.com\/no\/wp-json\/wp\/v2\/product_tag?post=34186"}],"curies":[{"name":"wp","href":"https:\/\/api.w.org\/{rel}","templated":true}]}}