{"id":34153,"date":"2025-07-28T11:55:00","date_gmt":"2025-07-28T09:55:00","guid":{"rendered":"https:\/\/keluvo.com\/no\/produkt\/neglefil\/"},"modified":"2025-07-28T11:55:09","modified_gmt":"2025-07-28T09:55:09","slug":"neglefil","status":"publish","type":"product","link":"https:\/\/keluvo.com\/no\/produkt\/neglefil\/","title":{"rendered":"Neglefil"},"content":{"rendered":"<p style=\"text-align: center\" data-start=\"122\" data-end=\"165\"><strong>\ud83d\udc85 Negler i salongkvalitet &#8211; n\u00e5r som helst og hvor som helst!<\/strong><\/p>\n<p style=\"text-align: center\" data-start=\"167\" data-end=\"389\">Denne neglefilen gj\u00f8r det enkelt \u00e5 forme, polere og polere neglene hjemme eller p\u00e5 farten. Med flere hoder, hastighetsinnstillinger og et elegant, ledningsfritt design er den perfekte manikyren alltid innen rekkevidde.<\/p>\n<p data-start=\"167\" data-end=\"389\"><img decoding=\"async\" class=\"size-full wp-image-28834 aligncenter\" src=\"https:\/\/keluvo.com\/template\/wp-content\/uploads\/sites\/5\/2025\/07\/072118-ezgif.com-video-to-webp-converter.webp\" alt=\"\" \/><\/p>\n<h2 style=\"text-align: center\" data-start=\"391\" data-end=\"411\"><strong>\u2705 Hovedfordeler<\/strong><\/h2>\n<p data-start=\"414\" data-end=\"473\">\ud83d\udca8 Justerbare hastigheter og rotasjonsmodi for total kontroll<\/p>\n<p data-start=\"476\" data-end=\"548\">\ud83d\udd01 5 utskiftbare hoder for forming, polering og fjerning av hard hud<\/p>\n<p data-start=\"551\" data-end=\"605\">\ud83d\udc5c Kompakt og USB-oppladbar &#8211; perfekt for reiser<\/p>\n<p data-start=\"608\" data-end=\"662\">\ud83c\udfaf Brukervennlig, ergonomisk grep for presis neglepleie<\/p>\n<p data-start=\"665\" data-end=\"709\">\ud83d\udca1 Profesjonelle resultater uten salong visits<\/p>\n<p data-start=\"665\" data-end=\"709\"><img decoding=\"async\" class=\"size-full wp-image-28830 aligncenter\" src=\"https:\/\/keluvo.com\/template\/wp-content\/uploads\/sites\/5\/2025\/07\/mc-nail3_1024x1024@2x.webp\" alt=\"\" \/><\/p>\n<h2 style=\"text-align: center\" data-start=\"711\" data-end=\"730\"><strong>\ud83d\udee0\ufe0f Slik bruker du den<\/strong><\/h2>\n<ol data-start=\"731\" data-end=\"914\">\n<li data-start=\"731\" data-end=\"767\">\n<p data-start=\"734\" data-end=\"767\">Fest det borehodet du \u00f8nsker.<\/p>\n<\/li>\n<li data-start=\"768\" data-end=\"811\">\n<p data-start=\"771\" data-end=\"811\">Form, glatt eller poler neglene etter behov.<\/p>\n<\/li>\n<li data-start=\"812\" data-end=\"863\">\n<p data-start=\"815\" data-end=\"863\">Lad opp etter bruk med den medf\u00f8lgende USB-kabelen.<\/p>\n<\/li>\n<li data-start=\"864\" data-end=\"914\">\n<p data-start=\"867\" data-end=\"914\">Recharge after use with the included USB cable.<\/p>\n<\/li>\n<\/ol>\n<h2 style=\"text-align: center\" data-start=\"916\" data-end=\"939\"><strong>\ud83d\udccf Produktdetaljer<\/strong><\/h2>\n<ul data-start=\"940\" data-end=\"1002\">\n<li data-start=\"940\" data-end=\"962\">\n<p data-start=\"942\" data-end=\"962\">St\u00f8rrelse: 16 cm x 2 cm<\/p>\n<\/li>\n<li data-start=\"979\" data-end=\"1002\">\n<p data-start=\"981\" data-end=\"1002\">Lading: USB-drevet<\/p>\n<\/li>\n<\/ul>\n<h2 style=\"text-align: center\" data-start=\"1004\" data-end=\"1028\"><strong>\ud83d\udce6 Pakken inkluderer<\/strong><\/h2>\n<ul data-start=\"1029\" data-end=\"1154\">\n<li data-start=\"1029\" data-end=\"1067\">\n<p data-start=\"1031\" data-end=\"1067\">1x elektrisk neglefil<\/p>\n<\/li>\n<li data-start=\"1068\" data-end=\"1092\">\n<p data-start=\"1070\" data-end=\"1092\">1x USB-ladekabel<\/p>\n<\/li>\n<li data-start=\"1093\" data-end=\"1131\">\n<p data-start=\"1095\" data-end=\"1131\">5x utskiftbare negleborhoder<\/p>\n<\/li>\n<li data-start=\"1132\" data-end=\"1154\">\n<p data-start=\"1134\" data-end=\"1154\">1x bruksanvisning.<\/p>\n<\/li>\n<\/ul>\n","protected":false},"excerpt":{"rendered":"<p>\ud83d\udc85 Negler i salongkvalitet &#8211; n\u00e5r som helst og hvor som helst! Denne neglefilen gj\u00f8r det enkelt \u00e5 forme, polere [&hellip;]<\/p>\n","protected":false},"featured_media":34149,"comment_status":"open","ping_status":"closed","template":"","meta":{"site-sidebar-layout":"default","site-content-layout":"","ast-site-content-layout":"default","site-content-style":"default","site-sidebar-style":"default","ast-global-header-display":"","ast-banner-title-visibility":"","ast-main-header-display":"","ast-hfb-above-header-display":"","ast-hfb-below-header-display":"","ast-hfb-mobile-header-display":"","site-post-title":"","ast-breadcrumbs-content":"","ast-featured-img":"","footer-sml-layout":"","theme-transparent-header-meta":"default","adv-header-id-meta":"","stick-header-meta":"","header-above-stick-meta":"","header-main-stick-meta":"","header-below-stick-meta":"","astra-migrate-meta-layouts":"set","ast-page-background-enabled":"default","ast-page-background-meta":{"desktop":{"background-color":"var(--ast-global-color-4)","background-image":"","background-repeat":"repeat","background-position":"center center","background-size":"auto","background-attachment":"scroll","background-type":"","background-media":"","overlay-type":"","overlay-color":"","overlay-opacity":"","overlay-gradient":""},"tablet":{"background-color":"","background-image":"","background-repeat":"repeat","background-position":"center center","background-size":"auto","background-attachment":"scroll","background-type":"","background-media":"","overlay-type":"","overlay-color":"","overlay-opacity":"","overlay-gradient":""},"mobile":{"background-color":"","background-image":"","background-repeat":"repeat","background-position":"center center","background-size":"auto","background-attachment":"scroll","background-type":"","background-media":"","overlay-type":"","overlay-color":"","overlay-opacity":"","overlay-gradient":""}},"ast-content-background-meta":{"desktop":{"background-color":"var(--ast-global-color-5)","background-image":"","background-repeat":"repeat","background-position":"center center","background-size":"auto","background-attachment":"scroll","background-type":"","background-media":"","overlay-type":"","overlay-color":"","overlay-opacity":"","overlay-gradient":""},"tablet":{"background-color":"var(--ast-global-color-5)","background-image":"","background-repeat":"repeat","background-position":"center center","background-size":"auto","background-attachment":"scroll","background-type":"","background-media":"","overlay-type":"","overlay-color":"","overlay-opacity":"","overlay-gradient":""},"mobile":{"background-color":"var(--ast-global-color-5)","background-image":"","background-repeat":"repeat","background-position":"center center","background-size":"auto","background-attachment":"scroll","background-type":"","background-media":"","overlay-type":"","overlay-color":"","overlay-opacity":"","overlay-gradient":""}}},"product_brand":[],"product_cat":[992],"product_tag":[],"class_list":{"0":"post-34153","1":"product","2":"type-product","3":"status-publish","4":"has-post-thumbnail","6":"product_cat-skjonnhets-og-hygieneprodukter","7":"pa_16305_ecxommpg-hvit","8":"pa_16305_ecxommpg-rosa","9":"desktop-align-left","10":"tablet-align-left","11":"mobile-align-left","13":"first","14":"instock","15":"shipping-taxable","16":"purchasable","17":"product-type-variable"},"_links":{"self":[{"href":"https:\/\/keluvo.com\/no\/wp-json\/wp\/v2\/product\/34153","targetHints":{"allow":["GET"]}}],"collection":[{"href":"https:\/\/keluvo.com\/no\/wp-json\/wp\/v2\/product"}],"about":[{"href":"https:\/\/keluvo.com\/no\/wp-json\/wp\/v2\/types\/product"}],"replies":[{"embeddable":true,"href":"https:\/\/keluvo.com\/no\/wp-json\/wp\/v2\/comments?post=34153"}],"wp:featuredmedia":[{"embeddable":true,"href":"https:\/\/keluvo.com\/no\/wp-json\/wp\/v2\/media\/34149"}],"wp:attachment":[{"href":"https:\/\/keluvo.com\/no\/wp-json\/wp\/v2\/media?parent=34153"}],"wp:term":[{"taxonomy":"product_brand","embeddable":true,"href":"https:\/\/keluvo.com\/no\/wp-json\/wp\/v2\/product_brand?post=34153"},{"taxonomy":"product_cat","embeddable":true,"href":"https:\/\/keluvo.com\/no\/wp-json\/wp\/v2\/product_cat?post=34153"},{"taxonomy":"product_tag","embeddable":true,"href":"https:\/\/keluvo.com\/no\/wp-json\/wp\/v2\/product_tag?post=34153"}],"curies":[{"name":"wp","href":"https:\/\/api.w.org\/{rel}","templated":true}]}}