{"id":34107,"date":"2025-07-28T11:52:47","date_gmt":"2025-07-28T09:52:47","guid":{"rendered":"https:\/\/keluvo.com\/no\/produkt\/arrangor-5\/"},"modified":"2025-09-18T23:55:05","modified_gmt":"2025-09-18T20:55:05","slug":"arrangor-5","status":"publish","type":"product","link":"https:\/\/keluvo.com\/no\/produkt\/arrangor-5\/","title":{"rendered":"Arrang\u00f8r"},"content":{"rendered":"<p style=\"text-align: center\" data-start=\"110\" data-end=\"163\"><strong>\ud83e\uddfa Hold skapet ditt ryddig, organisert og stressfritt!<\/strong><\/p>\n<p style=\"text-align: center\" data-start=\"165\" data-end=\"322\">Denne sammenleggbare organisatoren hjelper deg med \u00e5 oppbevare jeans, bukser, T-skjorter eller hettegensere p\u00e5 en ryddig m\u00e5te &#8211; slik at det er enkelt \u00e5 se og ta tak i det du trenger, uten rotete stabler.<\/p>\n<p data-start=\"165\" data-end=\"322\"><img decoding=\"async\" class=\"size-full wp-image-28780 aligncenter\" src=\"https:\/\/keluvo.com\/template\/wp-content\/uploads\/sites\/5\/2025\/07\/5c748a57dbb03f2ab3a82b8e8e9dfc328eedf42e_480x480.webp\" alt=\"\" \/><\/p>\n<h2 style=\"text-align: center\" data-start=\"324\" data-end=\"344\"><strong>\u2705 Hovedfordeler<\/strong><\/h2>\n<p data-start=\"347\" data-end=\"399\">\ud83e\uddfc Holder kl\u00e6rne oppreist, ryddige og lett tilgjengelige<\/p>\n<p data-start=\"402\" data-end=\"453\">\ud83d\udce6 Stor kapasitet med plass til flere ting per seksjon<\/p>\n<p data-start=\"456\" data-end=\"513\">\ud83d\udcaa Forsterket med h\u00e5ndtak som gj\u00f8r det enkelt \u00e5 trekke og l\u00f8fte<\/p>\n<p data-start=\"516\" data-end=\"574\">\ud83e\uddf3 Kan brettes flatt n\u00e5r den ikke er i bruk &#8211; perfekt for sm\u00e5 rom<\/p>\n<p data-start=\"577\" data-end=\"631\">\ud83e\uddf5 Laget av slitesterkt, ikke-vevd stoff som holder shape<\/p>\n<p data-start=\"577\" data-end=\"631\"><img decoding=\"async\" class=\"size-full wp-image-28779 aligncenter\" src=\"https:\/\/keluvo.com\/template\/wp-content\/uploads\/sites\/5\/2025\/07\/1_d22c490e-e287-4789-b787-257a2aae8771_480x480.webp\" alt=\"\" \/><\/p>\n<h2 style=\"text-align: center\" data-start=\"633\" data-end=\"652\"><strong>\ud83d\udee0\ufe0f Slik bruker du den<\/strong><\/h2>\n<ol data-start=\"653\" data-end=\"800\">\n<li data-start=\"653\" data-end=\"692\">\n<p data-start=\"656\" data-end=\"692\">\u00c5pne og brett ut organiseringsboksen.<\/p>\n<\/li>\n<li data-start=\"693\" data-end=\"752\">\n<p data-start=\"696\" data-end=\"752\">Place clothing items vertically into the compartments.<\/p>\n<\/li>\n<li data-start=\"753\" data-end=\"800\">\n<p data-start=\"756\" data-end=\"800\">Skyv den inn i skuffen, hyllen eller skapet.<\/p>\n<\/li>\n<\/ol>\n<h2 style=\"text-align: center\" data-start=\"802\" data-end=\"825\"><strong>\ud83d\udccf Produktdetaljer<\/strong><\/h2>\n<ul data-start=\"826\" data-end=\"976\">\n<li data-start=\"826\" data-end=\"878\">\n<p data-start=\"828\" data-end=\"878\">Forskjellige st\u00f8rrelser (vist p\u00e5 bildene)<\/p>\n<\/li>\n<li data-start=\"879\" data-end=\"896\">\n<p data-start=\"881\" data-end=\"896\">Kapasitet: 20L<\/p>\n<\/li>\n<li data-start=\"897\" data-end=\"939\">\n<p data-start=\"899\" data-end=\"939\">Materiale: Nonwoven stoff + OPP-f\u00f4r<\/p>\n<\/li>\n<li data-start=\"940\" data-end=\"976\">\n<p data-start=\"942\" data-end=\"976\">M\u00f8nster: Stilig houndstooth-trykk<\/p>\n<\/li>\n<\/ul>\n<h2 style=\"text-align: center\" data-start=\"978\" data-end=\"1002\"><strong>\ud83d\udce6 Pakken inkluderer<\/strong><\/h2>\n<ul data-start=\"1003\" data-end=\"1040\">\n<li data-start=\"1003\" data-end=\"1040\">\n<p data-start=\"1005\" data-end=\"1040\">1, 2, 4x arrang\u00f8r.<\/p>\n<\/li>\n<\/ul>\n","protected":false},"excerpt":{"rendered":"<p>\ud83e\uddfa Hold skapet ditt ryddig, organisert og stressfritt! Denne sammenleggbare organisatoren hjelper deg med \u00e5 oppbevare jeans, bukser, T-skjorter eller [&hellip;]<\/p>\n","protected":false},"featured_media":34103,"comment_status":"open","ping_status":"closed","template":"","meta":{"site-sidebar-layout":"default","site-content-layout":"","ast-site-content-layout":"default","site-content-style":"default","site-sidebar-style":"default","ast-global-header-display":"","ast-banner-title-visibility":"","ast-main-header-display":"","ast-hfb-above-header-display":"","ast-hfb-below-header-display":"","ast-hfb-mobile-header-display":"","site-post-title":"","ast-breadcrumbs-content":"","ast-featured-img":"","footer-sml-layout":"","theme-transparent-header-meta":"default","adv-header-id-meta":"","stick-header-meta":"","header-above-stick-meta":"","header-main-stick-meta":"","header-below-stick-meta":"","astra-migrate-meta-layouts":"set","ast-page-background-enabled":"default","ast-page-background-meta":{"desktop":{"background-color":"var(--ast-global-color-4)","background-image":"","background-repeat":"repeat","background-position":"center center","background-size":"auto","background-attachment":"scroll","background-type":"","background-media":"","overlay-type":"","overlay-color":"","overlay-opacity":"","overlay-gradient":""},"tablet":{"background-color":"","background-image":"","background-repeat":"repeat","background-position":"center center","background-size":"auto","background-attachment":"scroll","background-type":"","background-media":"","overlay-type":"","overlay-color":"","overlay-opacity":"","overlay-gradient":""},"mobile":{"background-color":"","background-image":"","background-repeat":"repeat","background-position":"center center","background-size":"auto","background-attachment":"scroll","background-type":"","background-media":"","overlay-type":"","overlay-color":"","overlay-opacity":"","overlay-gradient":""}},"ast-content-background-meta":{"desktop":{"background-color":"var(--ast-global-color-5)","background-image":"","background-repeat":"repeat","background-position":"center center","background-size":"auto","background-attachment":"scroll","background-type":"","background-media":"","overlay-type":"","overlay-color":"","overlay-opacity":"","overlay-gradient":""},"tablet":{"background-color":"var(--ast-global-color-5)","background-image":"","background-repeat":"repeat","background-position":"center center","background-size":"auto","background-attachment":"scroll","background-type":"","background-media":"","overlay-type":"","overlay-color":"","overlay-opacity":"","overlay-gradient":""},"mobile":{"background-color":"var(--ast-global-color-5)","background-image":"","background-repeat":"repeat","background-position":"center center","background-size":"auto","background-attachment":"scroll","background-type":"","background-media":"","overlay-type":"","overlay-color":"","overlay-opacity":"","overlay-gradient":""}}},"product_brand":[],"product_cat":[1001],"product_tag":[],"class_list":{"0":"post-34107","1":"product","2":"type-product","3":"status-publish","4":"has-post-thumbnail","6":"product_cat-husholdningsartikler","7":"pa_33406_5tgke018-1-stk","8":"pa_33406_5tgke018-2-stk","9":"pa_33406_5tgke018-4-stk","10":"pa_33406_px1u7p93-a","11":"pa_33406_px1u7p93-b","12":"pa_33406_px1u7p93-c","13":"pa_33406_px1u7p93-d","14":"desktop-align-left","15":"tablet-align-left","16":"mobile-align-left","18":"first","19":"instock","20":"shipping-taxable","21":"purchasable","22":"product-type-variable","23":"has-default-attributes"},"_links":{"self":[{"href":"https:\/\/keluvo.com\/no\/wp-json\/wp\/v2\/product\/34107","targetHints":{"allow":["GET"]}}],"collection":[{"href":"https:\/\/keluvo.com\/no\/wp-json\/wp\/v2\/product"}],"about":[{"href":"https:\/\/keluvo.com\/no\/wp-json\/wp\/v2\/types\/product"}],"replies":[{"embeddable":true,"href":"https:\/\/keluvo.com\/no\/wp-json\/wp\/v2\/comments?post=34107"}],"wp:featuredmedia":[{"embeddable":true,"href":"https:\/\/keluvo.com\/no\/wp-json\/wp\/v2\/media\/34103"}],"wp:attachment":[{"href":"https:\/\/keluvo.com\/no\/wp-json\/wp\/v2\/media?parent=34107"}],"wp:term":[{"taxonomy":"product_brand","embeddable":true,"href":"https:\/\/keluvo.com\/no\/wp-json\/wp\/v2\/product_brand?post=34107"},{"taxonomy":"product_cat","embeddable":true,"href":"https:\/\/keluvo.com\/no\/wp-json\/wp\/v2\/product_cat?post=34107"},{"taxonomy":"product_tag","embeddable":true,"href":"https:\/\/keluvo.com\/no\/wp-json\/wp\/v2\/product_tag?post=34107"}],"curies":[{"name":"wp","href":"https:\/\/api.w.org\/{rel}","templated":true}]}}