{"id":34102,"date":"2025-07-28T11:52:06","date_gmt":"2025-07-28T09:52:06","guid":{"rendered":"https:\/\/keluvo.com\/no\/produkt\/luftfrisker-for-bil\/"},"modified":"2025-07-28T11:52:06","modified_gmt":"2025-07-28T09:52:06","slug":"luftfrisker-for-bil","status":"publish","type":"product","link":"https:\/\/keluvo.com\/no\/produkt\/luftfrisker-for-bil\/","title":{"rendered":"Luftfrisker for bil"},"content":{"rendered":"<p style=\"text-align: center\" data-start=\"0\" data-end=\"78\"><strong data-start=\"0\" data-end=\"78\">\ud83d\ude97Hold bilen din luktende frisk med denne smarte ultralydluftfriskeren!<\/strong><\/p>\n<p style=\"text-align: center\" data-start=\"80\" data-end=\"354\">Denne stilige og kompakte luftfriskeren bruker ultralydforst\u00f8vning for \u00e5 synliggj\u00f8re duften og rense luften i bilen din. Med sin automatiske av\/p\u00e5-funksjon starter den n\u00e5r du g\u00e5r inn i bilen og stopper n\u00e5r du forlater den, slik at bilen alltid lukter rent uten at du trenger \u00e5 l\u00f8fte en finger.<\/p>\n<p data-start=\"80\" data-end=\"354\"><img decoding=\"async\" class=\"size-full wp-image-28770 aligncenter\" src=\"https:\/\/keluvo.com\/template\/wp-content\/uploads\/sites\/5\/2025\/07\/072117-ezgif.com-video-to-webp-converter.webp\" alt=\"\" \/><\/p>\n<h2 style=\"text-align: center\" data-start=\"361\" data-end=\"383\"><strong>Hovedinnhold Benefits<\/strong><\/h2>\n<p data-start=\"386\" data-end=\"453\">\ud83c\udf2b\ufe0f Ultrasonisk misting sprer duften jevnt og synlig<\/p>\n<p data-start=\"456\" data-end=\"517\">\ud83d\ude97 Smart automatisk av\/p\u00e5-funksjon &#8211; kj\u00f8rer bare n\u00e5r du er i car<\/p>\n<p data-start=\"520\" data-end=\"579\">\ud83c\udf2c\ufe0f Justerbar duftstyrke med enknappskontrollknappekontroll<\/p>\n<p data-start=\"582\" data-end=\"637\">\u2728 Elegant metalldesign &#8211; ser moderne og luksuri\u00f8s ut<\/p>\n<p data-start=\"640\" data-end=\"691\">\ud83c\udf43 Renser luften og fjerner d\u00e5rlig lukt raskt<\/p>\n<p data-start=\"694\" data-end=\"746\">\ud83d\udcce Luftventilklips &#8211; kompakt og enkel \u00e5 montere<\/p>\n<p data-start=\"694\" data-end=\"746\"><img decoding=\"async\" class=\"size-full wp-image-28776 aligncenter\" src=\"https:\/\/keluvo.com\/template\/wp-content\/uploads\/sites\/5\/2025\/07\/S43b8ae5dbcb1487e8a5514bd9a2eed50q.jpg_960x960q75.jpg_.avif\" alt=\"\" \/><\/p>\n<h2 style=\"text-align: center\" data-start=\"753\" data-end=\"772\"><strong>Slik Bruker Du Luftfriskeren<\/strong><\/h2>\n<ol data-start=\"773\" data-end=\"1052\">\n<li data-start=\"773\" data-end=\"826\">\n<p data-start=\"776\" data-end=\"826\">Klipp den fast p\u00e5 bilens luftventil.<\/p>\n<\/li>\n<li data-start=\"827\" data-end=\"876\">\n<p data-start=\"830\" data-end=\"876\">Tilsett 10 ml parfymeolje i p\u00e5fyllingstanken.<\/p>\n<\/li>\n<li data-start=\"877\" data-end=\"936\">\n<p data-start=\"880\" data-end=\"936\">enheten sl\u00e5s p\u00e5 automatisk n\u00e5r bilen starter.<\/p>\n<\/li>\n<li data-start=\"937\" data-end=\"1004\">\n<p data-start=\"940\" data-end=\"1004\">trykk p\u00e5 knappen for \u00e5 veksle mellom duftintensitetsniv\u00e5ene.<\/p>\n<\/li>\n<li data-start=\"1005\" data-end=\"1052\">\n<p data-start=\"1008\" data-end=\"1052\">enheten sl\u00e5s av n\u00e5r bilen sl\u00e5s av.<\/p>\n<\/li>\n<\/ol>\n<h2 style=\"text-align: center\" data-start=\"1059\" data-end=\"1083\"><strong>Produktdetaljer<\/strong><\/h2>\n<ul data-start=\"1084\" data-end=\"1297\">\n<li data-start=\"1084\" data-end=\"1122\">\n<p data-start=\"1086\" data-end=\"1122\">Materiale: Aluminiumslegering + PC + PP<\/p>\n<\/li>\n<li data-start=\"1123\" data-end=\"1169\">\n<p data-start=\"1125\" data-end=\"1169\">Size: 60 x 53 x 44 mm<\/p>\n<\/li>\n<li data-start=\"1170\" data-end=\"1189\">\n<p data-start=\"1172\" data-end=\"1189\">Nettovekt: 35g<\/p>\n<\/li>\n<li data-start=\"1190\" data-end=\"1218\">\n<p data-start=\"1192\" data-end=\"1218\">Batterikapasitet: 116mAh<\/p>\n<\/li>\n<li data-start=\"1219\" data-end=\"1232\">\n<p data-start=\"1221\" data-end=\"1232\">Power: 1W<\/p>\n<\/li>\n<li data-start=\"1233\" data-end=\"1265\">\n<p data-start=\"1235\" data-end=\"1265\">Essential oljekapasitet: 10ml<\/p>\n<\/li>\n<li data-start=\"1266\" data-end=\"1297\">\n<p data-start=\"1268\" data-end=\"1297\">Installasjon: Luftventilklips<\/p>\n<\/li>\n<\/ul>\n<h2 style=\"text-align: center\" data-start=\"1304\" data-end=\"1329\"><strong>Pakken Inkluderer<\/strong><\/h2>\n<ul data-start=\"1330\" data-end=\"1384\">\n<li data-start=\"1330\" data-end=\"1360\">\n<p data-start=\"1332\" data-end=\"1360\">1x luftfukter for bil<\/p>\n<\/li>\n<li data-start=\"1361\" data-end=\"1384\">\n<p data-start=\"1363\" data-end=\"1384\">1x 10 ml oljeparfyme.<\/p>\n<\/li>\n<\/ul>\n","protected":false},"excerpt":{"rendered":"<p>\ud83d\ude97Hold bilen din luktende frisk med denne smarte ultralydluftfriskeren! Denne stilige og kompakte luftfriskeren bruker ultralydforst\u00f8vning for \u00e5 synliggj\u00f8re duften [&hellip;]<\/p>\n","protected":false},"featured_media":34098,"comment_status":"open","ping_status":"closed","template":"","meta":{"site-sidebar-layout":"default","site-content-layout":"","ast-site-content-layout":"default","site-content-style":"default","site-sidebar-style":"default","ast-global-header-display":"","ast-banner-title-visibility":"","ast-main-header-display":"","ast-hfb-above-header-display":"","ast-hfb-below-header-display":"","ast-hfb-mobile-header-display":"","site-post-title":"","ast-breadcrumbs-content":"","ast-featured-img":"","footer-sml-layout":"","theme-transparent-header-meta":"default","adv-header-id-meta":"","stick-header-meta":"","header-above-stick-meta":"","header-main-stick-meta":"","header-below-stick-meta":"","astra-migrate-meta-layouts":"set","ast-page-background-enabled":"default","ast-page-background-meta":{"desktop":{"background-color":"var(--ast-global-color-4)","background-image":"","background-repeat":"repeat","background-position":"center center","background-size":"auto","background-attachment":"scroll","background-type":"","background-media":"","overlay-type":"","overlay-color":"","overlay-opacity":"","overlay-gradient":""},"tablet":{"background-color":"","background-image":"","background-repeat":"repeat","background-position":"center center","background-size":"auto","background-attachment":"scroll","background-type":"","background-media":"","overlay-type":"","overlay-color":"","overlay-opacity":"","overlay-gradient":""},"mobile":{"background-color":"","background-image":"","background-repeat":"repeat","background-position":"center center","background-size":"auto","background-attachment":"scroll","background-type":"","background-media":"","overlay-type":"","overlay-color":"","overlay-opacity":"","overlay-gradient":""}},"ast-content-background-meta":{"desktop":{"background-color":"var(--ast-global-color-5)","background-image":"","background-repeat":"repeat","background-position":"center center","background-size":"auto","background-attachment":"scroll","background-type":"","background-media":"","overlay-type":"","overlay-color":"","overlay-opacity":"","overlay-gradient":""},"tablet":{"background-color":"var(--ast-global-color-5)","background-image":"","background-repeat":"repeat","background-position":"center center","background-size":"auto","background-attachment":"scroll","background-type":"","background-media":"","overlay-type":"","overlay-color":"","overlay-opacity":"","overlay-gradient":""},"mobile":{"background-color":"var(--ast-global-color-5)","background-image":"","background-repeat":"repeat","background-position":"center center","background-size":"auto","background-attachment":"scroll","background-type":"","background-media":"","overlay-type":"","overlay-color":"","overlay-opacity":"","overlay-gradient":""}}},"product_brand":[],"product_cat":[998],"product_tag":[],"class_list":{"0":"post-34102","1":"product","2":"type-product","3":"status-publish","4":"has-post-thumbnail","6":"product_cat-bilprodukter","7":"desktop-align-left","8":"tablet-align-left","9":"mobile-align-left","11":"first","12":"instock","13":"shipping-taxable","14":"purchasable","15":"product-type-simple"},"_links":{"self":[{"href":"https:\/\/keluvo.com\/no\/wp-json\/wp\/v2\/product\/34102","targetHints":{"allow":["GET"]}}],"collection":[{"href":"https:\/\/keluvo.com\/no\/wp-json\/wp\/v2\/product"}],"about":[{"href":"https:\/\/keluvo.com\/no\/wp-json\/wp\/v2\/types\/product"}],"replies":[{"embeddable":true,"href":"https:\/\/keluvo.com\/no\/wp-json\/wp\/v2\/comments?post=34102"}],"wp:featuredmedia":[{"embeddable":true,"href":"https:\/\/keluvo.com\/no\/wp-json\/wp\/v2\/media\/34098"}],"wp:attachment":[{"href":"https:\/\/keluvo.com\/no\/wp-json\/wp\/v2\/media?parent=34102"}],"wp:term":[{"taxonomy":"product_brand","embeddable":true,"href":"https:\/\/keluvo.com\/no\/wp-json\/wp\/v2\/product_brand?post=34102"},{"taxonomy":"product_cat","embeddable":true,"href":"https:\/\/keluvo.com\/no\/wp-json\/wp\/v2\/product_cat?post=34102"},{"taxonomy":"product_tag","embeddable":true,"href":"https:\/\/keluvo.com\/no\/wp-json\/wp\/v2\/product_tag?post=34102"}],"curies":[{"name":"wp","href":"https:\/\/api.w.org\/{rel}","templated":true}]}}