{"id":34069,"date":"2025-07-28T11:50:04","date_gmt":"2025-07-28T09:50:04","guid":{"rendered":"https:\/\/keluvo.com\/no\/produkt\/krok-med-sugekopp\/"},"modified":"2025-08-11T15:56:20","modified_gmt":"2025-08-11T13:56:20","slug":"krok-med-sugekopp","status":"publish","type":"product","link":"https:\/\/keluvo.com\/no\/produkt\/krok-med-sugekopp\/","title":{"rendered":"Krok med sugekopp"},"content":{"rendered":"<p style=\"text-align: center\" data-start=\"0\" data-end=\"82\"><strong data-start=\"0\" data-end=\"82\">\ud83c\udfd5\ufe0fEasily Fest Telt, Fortelt Eller Utstyr Med Disse Kraftige Sugekoppkrokene!<\/strong><\/p>\n<p style=\"text-align: center\" data-start=\"84\" data-end=\"400\">Disse sugekoppkrokene er perfekte for camping, bilturer eller hverdagsbruk. De er designet for \u00e5 feste seg godt p\u00e5 alle glatte overflater, og hjelper deg med \u00e5 feste telt, presenninger eller utstyr uten \u00e5 bore eller skade kj\u00f8ret\u00f8yet. De er lette, men likevel sterke, og passer perfekt til utend\u00f8rsoppsett eller til og med innend\u00f8rs bruk p\u00e5 kj\u00f8kkenet eller badet.<\/p>\n<p data-start=\"84\" data-end=\"400\"><img decoding=\"async\" class=\"size-full wp-image-28730 aligncenter\" src=\"https:\/\/keluvo.com\/template\/wp-content\/uploads\/sites\/5\/2025\/07\/072116-ezgif.com-video-to-webp-converter.webp\" alt=\"\" \/><\/p>\n<h2 style=\"text-align: center\" data-start=\"407\" data-end=\"429\">\ud83c\udf1f Hovedfordeler<\/h2>\n<p data-start=\"432\" data-end=\"489\">\ud83e\uddf2 Sterkt sugegrep &#8211; holder godt fast uten \u00e5 skade tools<\/p>\n<p data-start=\"492\" data-end=\"545\">\ud83c\udfd5\ufe0f Perfekt for telt, markiser, presenninger og utstyr<\/p>\n<p data-start=\"548\" data-end=\"602\">\ud83d\udc36 Fungerer ogs\u00e5 som ankerfeste for kj\u00e6ledyrb\u00e5ndet n\u00e5r du g\u00e5r tur<\/p>\n<p data-start=\"605\" data-end=\"660\">\ud83e\uddf0 Enkel \u00e5 montere og fjerne &#8211; ingen skader p\u00e5 overflaten<\/p>\n<p data-start=\"663\" data-end=\"717\">\ud83d\udcaa Slitesterk ABS + nylon &#8211; laget for langvarig bruk<\/p>\n<p data-start=\"663\" data-end=\"717\"><img decoding=\"async\" class=\"size-full wp-image-28735 aligncenter\" src=\"https:\/\/keluvo.com\/template\/wp-content\/uploads\/sites\/5\/2025\/07\/09991123-dfbf-4f6d-8a2e-843006a2a91f.webp\" alt=\"\" \/><\/p>\n<h2 style=\"text-align: center\" data-start=\"724\" data-end=\"743\">\ud83e\udded Slik Bruker Du Dem<\/h2>\n<ol data-start=\"744\" data-end=\"1036\">\n<li data-start=\"744\" data-end=\"797\">\n<p data-start=\"747\" data-end=\"797\">Forsikre deg om at overflaten er ren, t\u00f8rr og glatt.<\/p>\n<\/li>\n<li data-start=\"798\" data-end=\"852\">\n<p data-start=\"801\" data-end=\"852\">Trykk sugekoppen godt mot overflaten.<\/p>\n<\/li>\n<li data-start=\"853\" data-end=\"912\">\n<p data-start=\"856\" data-end=\"912\">trekk spennen ned for \u00e5 l\u00e5se sugekoppen p\u00e5 plass.<\/p>\n<\/li>\n<li data-start=\"913\" data-end=\"969\">\n<p data-start=\"916\" data-end=\"969\">fest tauet, stroppen eller kroken til nylonl\u00f8kken.<\/p>\n<\/li>\n<li data-start=\"970\" data-end=\"1036\">\n<p data-start=\"973\" data-end=\"1036\">for \u00e5 fjerne den, l\u00f8ft spennen og trekk sugekoppen forsiktig av.<\/p>\n<\/li>\n<\/ol>\n<h2 style=\"text-align: center\" data-start=\"1043\" data-end=\"1067\">\ud83d\udccf Produktdetaljer<\/h2>\n<ul data-start=\"1068\" data-end=\"1287\">\n<li data-start=\"1068\" data-end=\"1107\">\n<p data-start=\"1070\" data-end=\"1107\">Materiale: ABS-plast + nylonstropp<\/p>\n<\/li>\n<li data-start=\"1108\" data-end=\"1124\">\n<p data-start=\"1110\" data-end=\"1124\">Farge: Svart<\/p>\n<\/li>\n<li data-start=\"1125\" data-end=\"1146\">\n<p data-start=\"1127\" data-end=\"1146\">St\u00f8rrelse: 15 x 6,5 cm<\/p>\n<\/li>\n<li data-start=\"1147\" data-end=\"1231\">\n<p data-start=\"1149\" data-end=\"1231\">Bruk: Passer til biler, telt, presenninger, solseil, kj\u00f8kken, bad og mye mer<\/p>\n<\/li>\n<li data-start=\"1232\" data-end=\"1287\">\n<p data-start=\"1234\" data-end=\"1287\">Kompatibilitet: Fungerer best p\u00e5 glatte, rene overflater<\/p>\n<\/li>\n<\/ul>\n<h2 style=\"text-align: center\" data-start=\"1294\" data-end=\"1319\">\ud83d\udce6 Pakken Inneholder<\/h2>\n<ul data-start=\"1320\" data-end=\"1369\">\n<li data-start=\"1320\" data-end=\"1369\">\n<p data-start=\"1322\" data-end=\"1369\">2, 4x sugekoppkroker.<\/p>\n<\/li>\n<\/ul>\n","protected":false},"excerpt":{"rendered":"<p>\ud83c\udfd5\ufe0fEasily Fest Telt, Fortelt Eller Utstyr Med Disse Kraftige Sugekoppkrokene! Disse sugekoppkrokene er perfekte for camping, bilturer eller hverdagsbruk. De [&hellip;]<\/p>\n","protected":false},"featured_media":34065,"comment_status":"open","ping_status":"closed","template":"","meta":{"site-sidebar-layout":"default","site-content-layout":"","ast-site-content-layout":"default","site-content-style":"default","site-sidebar-style":"default","ast-global-header-display":"","ast-banner-title-visibility":"","ast-main-header-display":"","ast-hfb-above-header-display":"","ast-hfb-below-header-display":"","ast-hfb-mobile-header-display":"","site-post-title":"","ast-breadcrumbs-content":"","ast-featured-img":"","footer-sml-layout":"","theme-transparent-header-meta":"default","adv-header-id-meta":"","stick-header-meta":"","header-above-stick-meta":"","header-main-stick-meta":"","header-below-stick-meta":"","astra-migrate-meta-layouts":"set","ast-page-background-enabled":"default","ast-page-background-meta":{"desktop":{"background-color":"var(--ast-global-color-4)","background-image":"","background-repeat":"repeat","background-position":"center center","background-size":"auto","background-attachment":"scroll","background-type":"","background-media":"","overlay-type":"","overlay-color":"","overlay-opacity":"","overlay-gradient":""},"tablet":{"background-color":"","background-image":"","background-repeat":"repeat","background-position":"center center","background-size":"auto","background-attachment":"scroll","background-type":"","background-media":"","overlay-type":"","overlay-color":"","overlay-opacity":"","overlay-gradient":""},"mobile":{"background-color":"","background-image":"","background-repeat":"repeat","background-position":"center center","background-size":"auto","background-attachment":"scroll","background-type":"","background-media":"","overlay-type":"","overlay-color":"","overlay-opacity":"","overlay-gradient":""}},"ast-content-background-meta":{"desktop":{"background-color":"var(--ast-global-color-5)","background-image":"","background-repeat":"repeat","background-position":"center center","background-size":"auto","background-attachment":"scroll","background-type":"","background-media":"","overlay-type":"","overlay-color":"","overlay-opacity":"","overlay-gradient":""},"tablet":{"background-color":"var(--ast-global-color-5)","background-image":"","background-repeat":"repeat","background-position":"center center","background-size":"auto","background-attachment":"scroll","background-type":"","background-media":"","overlay-type":"","overlay-color":"","overlay-opacity":"","overlay-gradient":""},"mobile":{"background-color":"var(--ast-global-color-5)","background-image":"","background-repeat":"repeat","background-position":"center center","background-size":"auto","background-attachment":"scroll","background-type":"","background-media":"","overlay-type":"","overlay-color":"","overlay-opacity":"","overlay-gradient":""}}},"product_brand":[],"product_cat":[15],"product_tag":[],"class_list":{"0":"post-34069","1":"product","2":"type-product","3":"status-publish","4":"has-post-thumbnail","6":"product_cat-uncategorized","7":"pa_32246_dr6xm6iv-2-stk","8":"pa_32246_dr6xm6iv-4-stk","9":"desktop-align-left","10":"tablet-align-left","11":"mobile-align-left","13":"first","14":"instock","15":"shipping-taxable","16":"purchasable","17":"product-type-variable"},"_links":{"self":[{"href":"https:\/\/keluvo.com\/no\/wp-json\/wp\/v2\/product\/34069","targetHints":{"allow":["GET"]}}],"collection":[{"href":"https:\/\/keluvo.com\/no\/wp-json\/wp\/v2\/product"}],"about":[{"href":"https:\/\/keluvo.com\/no\/wp-json\/wp\/v2\/types\/product"}],"replies":[{"embeddable":true,"href":"https:\/\/keluvo.com\/no\/wp-json\/wp\/v2\/comments?post=34069"}],"wp:featuredmedia":[{"embeddable":true,"href":"https:\/\/keluvo.com\/no\/wp-json\/wp\/v2\/media\/34065"}],"wp:attachment":[{"href":"https:\/\/keluvo.com\/no\/wp-json\/wp\/v2\/media?parent=34069"}],"wp:term":[{"taxonomy":"product_brand","embeddable":true,"href":"https:\/\/keluvo.com\/no\/wp-json\/wp\/v2\/product_brand?post=34069"},{"taxonomy":"product_cat","embeddable":true,"href":"https:\/\/keluvo.com\/no\/wp-json\/wp\/v2\/product_cat?post=34069"},{"taxonomy":"product_tag","embeddable":true,"href":"https:\/\/keluvo.com\/no\/wp-json\/wp\/v2\/product_tag?post=34069"}],"curies":[{"name":"wp","href":"https:\/\/api.w.org\/{rel}","templated":true}]}}