{"id":34044,"date":"2025-07-28T11:47:35","date_gmt":"2025-07-28T09:47:35","guid":{"rendered":"https:\/\/keluvo.com\/no\/produkt\/platespiller\/"},"modified":"2025-07-28T11:47:47","modified_gmt":"2025-07-28T09:47:47","slug":"platespiller","status":"publish","type":"product","link":"https:\/\/keluvo.com\/no\/produkt\/platespiller\/","title":{"rendered":"Platespiller"},"content":{"rendered":"<p style=\"text-align: center\" data-start=\"124\" data-end=\"187\"><strong>\ud83c\udf0a Retrovibber, Havb\u00f8lger Og Musikk I \u00c9n Magisk Lampe! \ud83c\udfb6\u2728<\/strong><\/p>\n<p style=\"text-align: center\" data-start=\"189\" data-end=\"402\">Denne f\u00f8rsteklasses platebelysningen med Bluetooth-spiller i vinylstil forvandler rommet ditt til et dr\u00f8mmende havlandskap. Med roterende b\u00f8lger, beroligende lys og tr\u00e5dl\u00f8s musikkavspilling er dette den ultimate stemningsboosteren for ethvert rom.<\/p>\n<p data-start=\"189\" data-end=\"402\"><img decoding=\"async\" class=\"size-full wp-image-28702 aligncenter\" src=\"https:\/\/keluvo.com\/template\/wp-content\/uploads\/sites\/5\/2025\/07\/072114-ezgif.com-video-to-webp-converter.webp\" alt=\"\" \/><\/p>\n<h2 style=\"text-align: center\" data-start=\"404\" data-end=\"424\"><strong>\u2705 Hovedfordeler<\/strong><\/h2>\n<p data-start=\"427\" data-end=\"485\">\ud83c\udf08 Projiserer beroligende havb\u00f8lgem\u00f8nstre p\u00e5 veggene<\/p>\n<p data-start=\"488\" data-end=\"545\">\ud83c\udfb5 Innebygd Bluetooth-h\u00f8yttaler spiller av favorittmusikken din<\/p>\n<p data-start=\"548\" data-end=\"600\">\ud83d\udca1 Omgivende nattlys med flere fargealternativer<\/p>\n<p data-start=\"603\" data-end=\"652\">\ud83d\udd04 Rotasjon i vinylplatestil gir retrosjarm<\/p>\n<p data-start=\"655\" data-end=\"708\">\ud83d\udd0b USB-oppladbar og b\u00e6rbar for alle rom eller trip<\/p>\n<p data-start=\"655\" data-end=\"708\"><img decoding=\"async\" class=\"size-full wp-image-28704 aligncenter\" src=\"https:\/\/keluvo.com\/template\/wp-content\/uploads\/sites\/5\/2025\/07\/03_fe7c468a-6c43-4f85-b446-35da7449c9dc.jpg\" alt=\"\" \/><\/p>\n<h2 style=\"text-align: center\" data-start=\"710\" data-end=\"729\"><strong>\ud83d\udee0\ufe0f Slik Bruker Du Den<\/strong><\/h2>\n<ol data-start=\"730\" data-end=\"878\">\n<li data-start=\"730\" data-end=\"782\">\n<p data-start=\"733\" data-end=\"782\">Sl\u00e5 p\u00e5 og koble til enheten din via Bluetooth.<\/p>\n<\/li>\n<li data-start=\"783\" data-end=\"829\">\n<p data-start=\"786\" data-end=\"829\">Velg lysfarge og b\u00f8lgem\u00f8nster.<\/p>\n<\/li>\n<li data-start=\"830\" data-end=\"878\">\n<p data-start=\"833\" data-end=\"878\">Len deg tilbake, slapp av og la vibbene ta over.<\/p>\n<\/li>\n<\/ol>\n<h2 style=\"text-align: center\" data-start=\"880\" data-end=\"903\"><strong>\ud83d\udccf Produktdetaljer<\/strong><\/h2>\n<ul data-start=\"904\" data-end=\"1084\">\n<li data-start=\"904\" data-end=\"937\">\n<p data-start=\"906\" data-end=\"937\">Materiale: Slitesterk ABS-plast<\/p>\n<\/li>\n<li data-start=\"938\" data-end=\"1002\">\n<p data-start=\"940\" data-end=\"1002\">Funksjoner: Bluetooth 5.0, LED-belysning, roterende vinyleffekt<\/p>\n<\/li>\n<li data-start=\"1003\" data-end=\"1040\">\n<p data-start=\"1005\" data-end=\"1040\">USB-oppladbar (kabel inkludert)<\/p>\n<\/li>\n<\/ul>\n<h2 style=\"text-align: center\" data-start=\"1086\" data-end=\"1110\"><strong>\ud83d\udce6 Pakken Inkluderer<\/strong><\/h2>\n<ul data-start=\"1111\" data-end=\"1188\">\n<li data-start=\"1111\" data-end=\"1148\">\n<p data-start=\"1113\" data-end=\"1148\">1x platespillerlys<\/p>\n<\/li>\n<li data-start=\"1149\" data-end=\"1173\">\n<p data-start=\"1151\" data-end=\"1173\">1x USB-ladekabel<\/p>\n<\/li>\n<li data-start=\"1174\" data-end=\"1188\">\n<p data-start=\"1176\" data-end=\"1188\">1x brukerveiledning.<\/p>\n<\/li>\n<\/ul>\n","protected":false},"excerpt":{"rendered":"<p>\ud83c\udf0a Retrovibber, Havb\u00f8lger Og Musikk I \u00c9n Magisk Lampe! \ud83c\udfb6\u2728 Denne f\u00f8rsteklasses platebelysningen med Bluetooth-spiller i vinylstil forvandler rommet ditt [&hellip;]<\/p>\n","protected":false},"featured_media":34040,"comment_status":"open","ping_status":"closed","template":"","meta":{"site-sidebar-layout":"default","site-content-layout":"","ast-site-content-layout":"default","site-content-style":"default","site-sidebar-style":"default","ast-global-header-display":"","ast-banner-title-visibility":"","ast-main-header-display":"","ast-hfb-above-header-display":"","ast-hfb-below-header-display":"","ast-hfb-mobile-header-display":"","site-post-title":"","ast-breadcrumbs-content":"","ast-featured-img":"","footer-sml-layout":"","theme-transparent-header-meta":"default","adv-header-id-meta":"","stick-header-meta":"","header-above-stick-meta":"","header-main-stick-meta":"","header-below-stick-meta":"","astra-migrate-meta-layouts":"set","ast-page-background-enabled":"default","ast-page-background-meta":{"desktop":{"background-color":"var(--ast-global-color-4)","background-image":"","background-repeat":"repeat","background-position":"center center","background-size":"auto","background-attachment":"scroll","background-type":"","background-media":"","overlay-type":"","overlay-color":"","overlay-opacity":"","overlay-gradient":""},"tablet":{"background-color":"","background-image":"","background-repeat":"repeat","background-position":"center center","background-size":"auto","background-attachment":"scroll","background-type":"","background-media":"","overlay-type":"","overlay-color":"","overlay-opacity":"","overlay-gradient":""},"mobile":{"background-color":"","background-image":"","background-repeat":"repeat","background-position":"center center","background-size":"auto","background-attachment":"scroll","background-type":"","background-media":"","overlay-type":"","overlay-color":"","overlay-opacity":"","overlay-gradient":""}},"ast-content-background-meta":{"desktop":{"background-color":"var(--ast-global-color-5)","background-image":"","background-repeat":"repeat","background-position":"center center","background-size":"auto","background-attachment":"scroll","background-type":"","background-media":"","overlay-type":"","overlay-color":"","overlay-opacity":"","overlay-gradient":""},"tablet":{"background-color":"var(--ast-global-color-5)","background-image":"","background-repeat":"repeat","background-position":"center center","background-size":"auto","background-attachment":"scroll","background-type":"","background-media":"","overlay-type":"","overlay-color":"","overlay-opacity":"","overlay-gradient":""},"mobile":{"background-color":"var(--ast-global-color-5)","background-image":"","background-repeat":"repeat","background-position":"center center","background-size":"auto","background-attachment":"scroll","background-type":"","background-media":"","overlay-type":"","overlay-color":"","overlay-opacity":"","overlay-gradient":""}}},"product_brand":[],"product_cat":[1001,993],"product_tag":[],"class_list":{"0":"post-34044","1":"product","2":"type-product","3":"status-publish","4":"has-post-thumbnail","6":"product_cat-husholdningsartikler","7":"product_cat-skotoy-tilbehor","8":"pa_37441_phoupw7h-bla","9":"pa_37441_phoupw7h-gronn","10":"pa_37441_phoupw7h-lilla","11":"pa_37441_phoupw7h-rosa","12":"desktop-align-left","13":"tablet-align-left","14":"mobile-align-left","16":"first","17":"instock","18":"shipping-taxable","19":"purchasable","20":"product-type-variable"},"_links":{"self":[{"href":"https:\/\/keluvo.com\/no\/wp-json\/wp\/v2\/product\/34044","targetHints":{"allow":["GET"]}}],"collection":[{"href":"https:\/\/keluvo.com\/no\/wp-json\/wp\/v2\/product"}],"about":[{"href":"https:\/\/keluvo.com\/no\/wp-json\/wp\/v2\/types\/product"}],"replies":[{"embeddable":true,"href":"https:\/\/keluvo.com\/no\/wp-json\/wp\/v2\/comments?post=34044"}],"wp:featuredmedia":[{"embeddable":true,"href":"https:\/\/keluvo.com\/no\/wp-json\/wp\/v2\/media\/34040"}],"wp:attachment":[{"href":"https:\/\/keluvo.com\/no\/wp-json\/wp\/v2\/media?parent=34044"}],"wp:term":[{"taxonomy":"product_brand","embeddable":true,"href":"https:\/\/keluvo.com\/no\/wp-json\/wp\/v2\/product_brand?post=34044"},{"taxonomy":"product_cat","embeddable":true,"href":"https:\/\/keluvo.com\/no\/wp-json\/wp\/v2\/product_cat?post=34044"},{"taxonomy":"product_tag","embeddable":true,"href":"https:\/\/keluvo.com\/no\/wp-json\/wp\/v2\/product_tag?post=34044"}],"curies":[{"name":"wp","href":"https:\/\/api.w.org\/{rel}","templated":true}]}}