{"id":34027,"date":"2025-07-28T11:46:40","date_gmt":"2025-07-28T09:46:40","guid":{"rendered":"https:\/\/keluvo.com\/no\/produkt\/strombank-2\/"},"modified":"2025-07-28T11:46:56","modified_gmt":"2025-07-28T09:46:56","slug":"strombank-2","status":"publish","type":"product","link":"https:\/\/keluvo.com\/no\/produkt\/strombank-2\/","title":{"rendered":"Str\u00f8mbank"},"content":{"rendered":"<p style=\"text-align: center\" data-start=\"0\" data-end=\"96\"><strong data-start=\"0\" data-end=\"96\">\ud83d\udcf1Lad enheten din raskt og h\u00e5ndfritt med denne magnetiske str\u00f8mbanken og bilbraketten i ett!<\/strong><\/p>\n<p style=\"text-align: center\" data-start=\"98\" data-end=\"383\">Denne h\u00f8ykvalitets str\u00f8mbanken er designet for Magsafe-kompatible iPhone 13 og nyere, og tilbyr sterk magnetisk hurtiglading og en sikker bilbrakett. Den er perfekt for hverdagsbruk og bilturer, og holder telefonen oppladet og synlig uten rotete kabler eller kompliserte oppsett.<\/p>\n<p data-start=\"98\" data-end=\"383\"><img decoding=\"async\" class=\"size-full wp-image-28686 aligncenter\" src=\"https:\/\/keluvo.com\/template\/wp-content\/uploads\/sites\/5\/2025\/07\/53f3c36a-403b-4c9f-a64b-a110994bdb63.gif\" alt=\"\" \/><\/p>\n<h2 style=\"text-align: center\" data-start=\"390\" data-end=\"412\"><strong>Hovedfordeler<\/strong><\/h2>\n<p data-start=\"415\" data-end=\"482\">\u26a1 Magnetisk hurtiglading \u2013 rask og p\u00e5litelig str\u00f8m p\u00e5 farten<\/p>\n<p data-start=\"485\" data-end=\"564\">\ud83d\udcf1 Universell kompatibilitet \u2013 fungerer med iPhone 13 og nyere<\/p>\n<p data-start=\"567\" data-end=\"649\">\ud83d\ude97 Innebygd bilbrakett \u2013 lad samtidig som telefonen er sikker og synlig<\/p>\n<p data-start=\"652\" data-end=\"720\">\ud83e\uddf1 Slitesterke materialer \u2013 langvarig og p\u00e5litelig performance<\/p>\n<p data-start=\"723\" data-end=\"781\">\ud83d\udee0\ufe0f Enkel \u00e5 installere \u2013 ingen verkt\u00f8y eller tekniske ferdigheter er n\u00f8dvendig<\/p>\n<p data-start=\"723\" data-end=\"781\"><img decoding=\"async\" class=\"size-full wp-image-28687 aligncenter\" src=\"https:\/\/keluvo.com\/template\/wp-content\/uploads\/sites\/5\/2025\/07\/f7c4ecec-b149-42f1-9aea-826dc8ec153d.jpg\" alt=\"\" \/><\/p>\n<h2 style=\"text-align: center\" data-start=\"788\" data-end=\"807\"><strong>Slik Bruker Du Den<\/strong><\/h2>\n<ol data-start=\"808\" data-end=\"1064\">\n<li data-start=\"808\" data-end=\"881\">\n<p data-start=\"811\" data-end=\"881\">Fest str\u00f8mbanken p\u00e5 baksiden av din Magsafe-kompatible iPhone.<\/p>\n<\/li>\n<li data-start=\"882\" data-end=\"949\">\n<p data-start=\"885\" data-end=\"949\">Monter den p\u00e5 bilens dashbord ved hjelp av den innebygde braketten.<\/p>\n<\/li>\n<li data-start=\"950\" data-end=\"1011\">\n<p data-start=\"953\" data-end=\"1011\">Nyt magnetisk hurtiglading mens du kj\u00f8rer eller er p\u00e5 farten.<\/p>\n<\/li>\n<li data-start=\"1012\" data-end=\"1064\">\n<p data-start=\"1015\" data-end=\"1064\">Ta av og lad opp str\u00f8mbanken n\u00e5r du trenger det.<\/p>\n<\/li>\n<\/ol>\n<h2 style=\"text-align: center\" data-start=\"1071\" data-end=\"1095\"><strong>Produktdetaljer<\/strong><\/h2>\n<ul data-start=\"1096\" data-end=\"1336\">\n<li data-start=\"1165\" data-end=\"1213\">\n<p data-start=\"1167\" data-end=\"1213\">Materiale: Holdbar konstruksjon av h\u00f8y kvalitet<\/p>\n<\/li>\n<li data-start=\"1214\" data-end=\"1281\">\n<p data-start=\"1216\" data-end=\"1281\">Funksjoner: Magnetisk hurtiglading, bilbrakettfeste, enkelt oppsett<\/p>\n<\/li>\n<li data-start=\"1282\" data-end=\"1336\">\n<p data-start=\"1284\" data-end=\"1336\">Bruk: Ideell for billading og reisekomfort<\/p>\n<\/li>\n<li data-start=\"1282\" data-end=\"1336\">Batterikapasitet(mAh): 5000mAh eller 10000mAh.<\/li>\n<\/ul>\n<h2 style=\"text-align: center\" data-start=\"1343\" data-end=\"1368\"><strong>Pakken Inkluderer<\/strong><\/h2>\n<ul data-start=\"1369\" data-end=\"1412\">\n<li data-start=\"1369\" data-end=\"1412\">\n<p data-start=\"1371\" data-end=\"1412\">1x str\u00f8mbank.<\/p>\n<\/li>\n<\/ul>\n","protected":false},"excerpt":{"rendered":"<p>\ud83d\udcf1Lad enheten din raskt og h\u00e5ndfritt med denne magnetiske str\u00f8mbanken og bilbraketten i ett! Denne h\u00f8ykvalitets str\u00f8mbanken er designet for [&hellip;]<\/p>\n","protected":false},"featured_media":34023,"comment_status":"open","ping_status":"closed","template":"","meta":{"site-sidebar-layout":"default","site-content-layout":"","ast-site-content-layout":"default","site-content-style":"default","site-sidebar-style":"default","ast-global-header-display":"","ast-banner-title-visibility":"","ast-main-header-display":"","ast-hfb-above-header-display":"","ast-hfb-below-header-display":"","ast-hfb-mobile-header-display":"","site-post-title":"","ast-breadcrumbs-content":"","ast-featured-img":"","footer-sml-layout":"","theme-transparent-header-meta":"default","adv-header-id-meta":"","stick-header-meta":"","header-above-stick-meta":"","header-main-stick-meta":"","header-below-stick-meta":"","astra-migrate-meta-layouts":"set","ast-page-background-enabled":"default","ast-page-background-meta":{"desktop":{"background-color":"var(--ast-global-color-4)","background-image":"","background-repeat":"repeat","background-position":"center center","background-size":"auto","background-attachment":"scroll","background-type":"","background-media":"","overlay-type":"","overlay-color":"","overlay-opacity":"","overlay-gradient":""},"tablet":{"background-color":"","background-image":"","background-repeat":"repeat","background-position":"center center","background-size":"auto","background-attachment":"scroll","background-type":"","background-media":"","overlay-type":"","overlay-color":"","overlay-opacity":"","overlay-gradient":""},"mobile":{"background-color":"","background-image":"","background-repeat":"repeat","background-position":"center center","background-size":"auto","background-attachment":"scroll","background-type":"","background-media":"","overlay-type":"","overlay-color":"","overlay-opacity":"","overlay-gradient":""}},"ast-content-background-meta":{"desktop":{"background-color":"var(--ast-global-color-5)","background-image":"","background-repeat":"repeat","background-position":"center center","background-size":"auto","background-attachment":"scroll","background-type":"","background-media":"","overlay-type":"","overlay-color":"","overlay-opacity":"","overlay-gradient":""},"tablet":{"background-color":"var(--ast-global-color-5)","background-image":"","background-repeat":"repeat","background-position":"center center","background-size":"auto","background-attachment":"scroll","background-type":"","background-media":"","overlay-type":"","overlay-color":"","overlay-opacity":"","overlay-gradient":""},"mobile":{"background-color":"var(--ast-global-color-5)","background-image":"","background-repeat":"repeat","background-position":"center center","background-size":"auto","background-attachment":"scroll","background-type":"","background-media":"","overlay-type":"","overlay-color":"","overlay-opacity":"","overlay-gradient":""}}},"product_brand":[],"product_cat":[15],"product_tag":[],"class_list":{"0":"post-34027","1":"product","2":"type-product","3":"status-publish","4":"has-post-thumbnail","6":"product_cat-uncategorized","7":"pa_30975_n05elf3s-bla","8":"pa_30975_n05elf3s-hvit","9":"pa_30975_n05elf3s-rosa","10":"pa_30975_sluet6v3-10000-mah","11":"pa_30975_sluet6v3-5000-mah","12":"desktop-align-left","13":"tablet-align-left","14":"mobile-align-left","16":"first","17":"instock","18":"shipping-taxable","19":"purchasable","20":"product-type-variable","21":"has-default-attributes"},"_links":{"self":[{"href":"https:\/\/keluvo.com\/no\/wp-json\/wp\/v2\/product\/34027","targetHints":{"allow":["GET"]}}],"collection":[{"href":"https:\/\/keluvo.com\/no\/wp-json\/wp\/v2\/product"}],"about":[{"href":"https:\/\/keluvo.com\/no\/wp-json\/wp\/v2\/types\/product"}],"replies":[{"embeddable":true,"href":"https:\/\/keluvo.com\/no\/wp-json\/wp\/v2\/comments?post=34027"}],"wp:featuredmedia":[{"embeddable":true,"href":"https:\/\/keluvo.com\/no\/wp-json\/wp\/v2\/media\/34023"}],"wp:attachment":[{"href":"https:\/\/keluvo.com\/no\/wp-json\/wp\/v2\/media?parent=34027"}],"wp:term":[{"taxonomy":"product_brand","embeddable":true,"href":"https:\/\/keluvo.com\/no\/wp-json\/wp\/v2\/product_brand?post=34027"},{"taxonomy":"product_cat","embeddable":true,"href":"https:\/\/keluvo.com\/no\/wp-json\/wp\/v2\/product_cat?post=34027"},{"taxonomy":"product_tag","embeddable":true,"href":"https:\/\/keluvo.com\/no\/wp-json\/wp\/v2\/product_tag?post=34027"}],"curies":[{"name":"wp","href":"https:\/\/api.w.org\/{rel}","templated":true}]}}